{"id":1506,"date":"2016-11-18T13:11:56","date_gmt":"2016-11-18T13:11:56","guid":{"rendered":"https:\/\/heritage-products.nl\/de\/einzaeunungen\/afzethekken.html"},"modified":"2024-02-09T10:28:05","modified_gmt":"2024-02-09T10:28:05","slug":"afzethekken","status":"publish","type":"page","link":"https:\/\/heritage-products.nl\/de\/einzaeunungen\/afzethekken.html","title":{"rendered":"Mobile Zaune"},"content":{"rendered":"<p>[et_pb_section fb_built=&#8220;1&#8243; fullwidth=&#8220;on&#8220; custom_padding_last_edited=&#8220;on|desktop&#8220; next_background_color=&#8220;#ffffff&#8220; admin_label=&#8220;section&#8220; _builder_version=&#8220;4.16&#8243; background_color=&#8220;rgba(0,0,0,0)&#8220; custom_padding_tablet=&#8220;50px|0|50px|0&#8243; custom_padding_phone=&#8220;&#8220; bottom_divider_style=&#8220;curve2&#8243; transparent_background=&#8220;off&#8220; padding_mobile=&#8220;off&#8220; make_fullwidth=&#8220;off&#8220; use_custom_width=&#8220;off&#8220; width_unit=&#8220;on&#8220; global_colors_info=&#8220;{}&#8220;][et_pb_fullwidth_header title=&#8220;Mobile Z\u00e4une und Freispringzaune&#8220; subhead=&#8220;Zum Teilen Ihres Reitarena bei Wetbewerben oder Training&#8220; text_orientation=&#8220;center&#8220; header_fullscreen=&#8220;on&#8220; header_scroll_down=&#8220;on&#8220; scroll_down_icon=&#8220;%%4%%&#8220; content_max_width=&#8220;none&#8220; admin_label=&#8220;Fullwidth Header&#8220; _builder_version=&#8220;4.23&#8243; title_font=&#8220;Arvo||||&#8220; title_font_size=&#8220;50&#8243; subhead_font_size=&#8220;20px&#8220; background_color=&#8220;rgba(255, 255, 255, 0)&#8220; background_image=&#8220;https:\/\/heritage-products.nl\/wp-content\/uploads\/2024\/02\/Photo.jpg&#8220; parallax=&#8220;on&#8220; hover_enabled=&#8220;0&#8243; background_url=&#8220;https:\/\/heritage-products.nl\/wp-content\/uploads\/2015\/08\/MG_9394-klein.jpg&#8220; button_one_letter_spacing_hover=&#8220;0&#8243; button_two_letter_spacing_hover=&#8220;0&#8243; global_colors_info=&#8220;{}&#8220; button_one_text_size__hover_enabled=&#8220;off&#8220; button_two_text_size__hover_enabled=&#8220;off&#8220; button_one_text_color__hover_enabled=&#8220;off&#8220; button_two_text_color__hover_enabled=&#8220;off&#8220; button_one_border_width__hover_enabled=&#8220;off&#8220; button_two_border_width__hover_enabled=&#8220;off&#8220; button_one_border_color__hover_enabled=&#8220;off&#8220; button_two_border_color__hover_enabled=&#8220;off&#8220; button_one_border_radius__hover_enabled=&#8220;off&#8220; button_two_border_radius__hover_enabled=&#8220;off&#8220; button_one_letter_spacing__hover_enabled=&#8220;on&#8220; button_one_letter_spacing__hover=&#8220;0&#8243; button_two_letter_spacing__hover_enabled=&#8220;on&#8220; button_two_letter_spacing__hover=&#8220;0&#8243; button_one_bg_color__hover_enabled=&#8220;off&#8220; button_two_bg_color__hover_enabled=&#8220;off&#8220; title_text=&#8220;Photo&#8220; sticky_enabled=&#8220;0&#8243;][\/et_pb_fullwidth_header][\/et_pb_section][et_pb_section fb_built=&#8220;1&#8243; custom_padding_last_edited=&#8220;on|desktop&#8220; admin_label=&#8220;section&#8220; _builder_version=&#8220;4.16&#8243; custom_padding_tablet=&#8220;50px|0|50px|0&#8243; custom_padding_phone=&#8220;&#8220; transparent_background=&#8220;off&#8220; padding_mobile=&#8220;off&#8220; make_fullwidth=&#8220;off&#8220; use_custom_width=&#8220;off&#8220; width_unit=&#8220;on&#8220; global_colors_info=&#8220;{}&#8220;][et_pb_row admin_label=&#8220;row&#8220; _builder_version=&#8220;4.16&#8243; background_size=&#8220;initial&#8220; background_position=&#8220;top_left&#8220; background_repeat=&#8220;repeat&#8220; global_colors_info=&#8220;{}&#8220;][et_pb_column type=&#8220;4_4&#8243; _builder_version=&#8220;4.16&#8243; custom_padding=&#8220;|||&#8220; global_colors_info=&#8220;{}&#8220; custom_padding__hover=&#8220;|||&#8220;][et_pb_text admin_label=&#8220;Text&#8220; _builder_version=&#8220;4.23&#8243; background_size=&#8220;initial&#8220; background_position=&#8220;top_left&#8220; background_repeat=&#8220;repeat&#8220; hover_enabled=&#8220;0&#8243; use_border_color=&#8220;off&#8220; border_color=&#8220;#ffffff&#8220; border_style=&#8220;solid&#8220; global_colors_info=&#8220;{}&#8220; sticky_enabled=&#8220;0&#8243;]<\/p>\n<p>Heritage Products liefert mobile- und Freispingzaune f\u00fcr Ihres Betrieb. Diese Z\u00e4une sind hergestelt aus das selbe innovative Material als den Heritage Fence Z\u00e4une. Die Z\u00e4une sind perfekt fur das teilen von Ihre Reitarena bei wetbewerben und Trainingen. Diese Z\u00e4une sind komplett montiert und kan Mann einfach und schnell zu installieren. Es gibt auch specielle Z\u00e4unteilen f\u00fcr Freispringen. Diese leiten den Pferde nach die Sprung. Heritage Products bietet dabei gerade und schr\u00e4ge Zaunelementen. Alle Zaunelementen haben eine sichere Kunststoff Fuss.<\/p>\n<p>Wir produzieren diese Z\u00e4une im eigenen Haus und haben viele M\u00f6glichkeiten f\u00fcr ma\u00dfgeschneiderte Arbeiten. Deshalb freuen wir uns zu sehen, wie wir eine perfekte, ma\u00dfgeschneiderte L\u00f6sung f\u00fcr Ihre Situation finden k\u00f6nnen. Zum Beispiel haben wir niedrigere Z\u00e4une mit kleinen Riegel hergestellt, die auf einer vorhandenen Holzbarriere angebracht werden k\u00f6nnen, und wir haben die 2-m-Z\u00e4une mit L\u00f6chern f\u00fcr Schienen an der Au\u00dfenseite versehen. Mit diesen L\u00f6chern kann der Kunde die Riegel, die er bereits besitzt, verwenden, um weitere Meter provisorischer Z\u00e4une zu bauen.<\/p>\n<p>&nbsp;<\/p>\n<p>[\/et_pb_text][et_pb_gallery gallery_ids=&#8220;1492,5288,5308,1501,1499,1500,5305&#8243; show_title_and_caption=&#8220;off&#8220; admin_label=&#8220;Gallery&#8220; _builder_version=&#8220;4.23&#8243; hover_enabled=&#8220;0&#8243; use_border_color=&#8220;off&#8220; border_color=&#8220;#ffffff&#8220; border_style=&#8220;solid&#8220; global_colors_info=&#8220;{}&#8220; sticky_enabled=&#8220;0&#8243;] [\/et_pb_gallery][et_pb_text admin_label=&#8220;Text&#8220; _builder_version=&#8220;4.16&#8243; background_size=&#8220;initial&#8220; background_position=&#8220;top_left&#8220; background_repeat=&#8220;repeat&#8220; use_border_color=&#8220;off&#8220; border_color=&#8220;#ffffff&#8220; border_style=&#8220;solid&#8220; global_colors_info=&#8220;{}&#8220;] [\/et_pb_text][et_pb_cta button_url=&#8220;\/de\/angebot-anfragen.html&#8220; button_text=&#8220;Angebot anfragen&#8220; admin_label=&#8220;Call To Action&#8220; _builder_version=&#8220;4.23&#8243; use_background_color=&#8220;off&#8220; background_size=&#8220;initial&#8220; background_position=&#8220;top_left&#8220; background_repeat=&#8220;repeat&#8220; text_orientation=&#8220;left&#8220; background_layout=&#8220;light&#8220; hover_enabled=&#8220;0&#8243; use_border_color=&#8220;off&#8220; border_color=&#8220;#ffffff&#8220; border_style=&#8220;solid&#8220; button_letter_spacing_hover=&#8220;0&#8243; global_colors_info=&#8220;{}&#8220; button_text_size__hover_enabled=&#8220;off&#8220; button_one_text_size__hover_enabled=&#8220;off&#8220; button_two_text_size__hover_enabled=&#8220;off&#8220; button_text_color__hover_enabled=&#8220;off&#8220; button_one_text_color__hover_enabled=&#8220;off&#8220; button_two_text_color__hover_enabled=&#8220;off&#8220; button_border_width__hover_enabled=&#8220;off&#8220; button_one_border_width__hover_enabled=&#8220;off&#8220; button_two_border_width__hover_enabled=&#8220;off&#8220; button_border_color__hover_enabled=&#8220;off&#8220; button_one_border_color__hover_enabled=&#8220;off&#8220; button_two_border_color__hover_enabled=&#8220;off&#8220; button_border_radius__hover_enabled=&#8220;off&#8220; button_one_border_radius__hover_enabled=&#8220;off&#8220; button_two_border_radius__hover_enabled=&#8220;off&#8220; button_letter_spacing__hover_enabled=&#8220;on&#8220; button_letter_spacing__hover=&#8220;0&#8243; button_one_letter_spacing__hover_enabled=&#8220;off&#8220; button_two_letter_spacing__hover_enabled=&#8220;off&#8220; button_bg_color__hover_enabled=&#8220;off&#8220; button_one_bg_color__hover_enabled=&#8220;off&#8220; button_two_bg_color__hover_enabled=&#8220;off&#8220; sticky_enabled=&#8220;0&#8243;]<\/p>\n<p><strong>Mobile Zaunelementen:<\/strong><\/p>\n<p>Gerade 2 meter: \u20ac 175,- ohne MwSt.<\/p>\n<p>Schr\u00e4ge 2 meter: \u20ac 195,- ohne MwSt.<\/p>\n<p>4 meter: \u20ac 210,- ohne MwSt.<\/p>\n<p>5 meter: \u20ac 220,- ohne MwSt.<\/p>\n<p>&nbsp;<\/p>\n<p>Artwood ist m\u00f6gelich. Bitte informieren Sie f\u00fcr die Preisen.<\/p>\n<p>&nbsp;<\/p>\n<p>[\/et_pb_cta][\/et_pb_column][\/et_pb_row][\/et_pb_section]<\/p>\n","protected":false},"excerpt":{"rendered":"<p>Heritage Products liefert mobile- und Freispingzaune f\u00fcr Ihres Betrieb. Diese Z\u00e4une sind hergestelt aus das selbe innovative Material als den Heritage Fence Z\u00e4une. Die Z\u00e4une sind perfekt fur das teilen von Ihre Reitarena bei wetbewerben und Trainingen. Diese Z\u00e4une sind komplett montiert und kan Mann einfach und schnell zu installieren. Es gibt auch specielle Z\u00e4unteilen [&hellip;]<\/p>\n","protected":false},"author":2,"featured_media":0,"parent":865,"menu_order":0,"comment_status":"closed","ping_status":"closed","template":"","meta":{"_acf_changed":false,"_et_pb_use_builder":"on","_et_pb_old_content":"","_et_gb_content_width":"","footnotes":""},"class_list":["post-1506","page","type-page","status-publish","hentry"],"acf":[],"yoast_head":"<!-- This site is optimized with the Yoast SEO plugin v26.4 - https:\/\/yoast.com\/wordpress\/plugins\/seo\/ -->\n<title>Mobile Zaune - Heritage Products<\/title>\n<meta name=\"robots\" content=\"index, follow, max-snippet:-1, max-image-preview:large, max-video-preview:-1\" \/>\n<link rel=\"canonical\" href=\"https:\/\/heritage-products.nl\/de\/einzaeunungen\/afzethekken.html\" \/>\n<meta property=\"og:locale\" content=\"de_DE\" \/>\n<meta property=\"og:type\" content=\"article\" \/>\n<meta property=\"og:title\" content=\"Mobile Zaune - Heritage Products\" \/>\n<meta property=\"og:description\" content=\"Heritage Products liefert mobile- und Freispingzaune f\u00fcr Ihres Betrieb. Diese Z\u00e4une sind hergestelt aus das selbe innovative Material als den Heritage Fence Z\u00e4une. Die Z\u00e4une sind perfekt fur das teilen von Ihre Reitarena bei wetbewerben und Trainingen. Diese Z\u00e4une sind komplett montiert und kan Mann einfach und schnell zu installieren. Es gibt auch specielle Z\u00e4unteilen [&hellip;]\" \/>\n<meta property=\"og:url\" content=\"https:\/\/heritage-products.nl\/de\/einzaeunungen\/afzethekken.html\" \/>\n<meta property=\"og:site_name\" content=\"Heritage Products\" \/>\n<meta property=\"article:modified_time\" content=\"2024-02-09T10:28:05+00:00\" \/>\n<meta name=\"twitter:card\" content=\"summary_large_image\" \/>\n<meta name=\"twitter:label1\" content=\"Est. reading time\" \/>\n\t<meta name=\"twitter:data1\" content=\"2 Minuten\" \/>\n<script type=\"application\/ld+json\" class=\"yoast-schema-graph\">{\"@context\":\"https:\/\/schema.org\",\"@graph\":[{\"@type\":\"WebPage\",\"@id\":\"https:\/\/heritage-products.nl\/de\/einzaeunungen\/afzethekken.html\",\"url\":\"https:\/\/heritage-products.nl\/de\/einzaeunungen\/afzethekken.html\",\"name\":\"Mobile Zaune - Heritage Products\",\"isPartOf\":{\"@id\":\"https:\/\/heritage-products.nl\/#website\"},\"datePublished\":\"2016-11-18T13:11:56+00:00\",\"dateModified\":\"2024-02-09T10:28:05+00:00\",\"breadcrumb\":{\"@id\":\"https:\/\/heritage-products.nl\/de\/einzaeunungen\/afzethekken.html#breadcrumb\"},\"inLanguage\":\"de-DE\",\"potentialAction\":[{\"@type\":\"ReadAction\",\"target\":[\"https:\/\/heritage-products.nl\/de\/einzaeunungen\/afzethekken.html\"]}]},{\"@type\":\"BreadcrumbList\",\"@id\":\"https:\/\/heritage-products.nl\/de\/einzaeunungen\/afzethekken.html#breadcrumb\",\"itemListElement\":[{\"@type\":\"ListItem\",\"position\":1,\"name\":\"Home\",\"item\":\"https:\/\/heritage-products.nl\/de\"},{\"@type\":\"ListItem\",\"position\":2,\"name\":\"Z\u00e4une\",\"item\":\"https:\/\/heritage-products.nl\/de\/einzaeunungen.html\"},{\"@type\":\"ListItem\",\"position\":3,\"name\":\"Mobile Zaune\"}]},{\"@type\":\"WebSite\",\"@id\":\"https:\/\/heritage-products.nl\/#website\",\"url\":\"https:\/\/heritage-products.nl\/\",\"name\":\"Heritage Products\",\"description\":\"\",\"potentialAction\":[{\"@type\":\"SearchAction\",\"target\":{\"@type\":\"EntryPoint\",\"urlTemplate\":\"https:\/\/heritage-products.nl\/?s={search_term_string}\"},\"query-input\":{\"@type\":\"PropertyValueSpecification\",\"valueRequired\":true,\"valueName\":\"search_term_string\"}}],\"inLanguage\":\"de-DE\"}]}<\/script>\n<!-- \/ Yoast SEO plugin. -->","yoast_head_json":{"title":"Mobile Zaune - Heritage Products","robots":{"index":"index","follow":"follow","max-snippet":"max-snippet:-1","max-image-preview":"max-image-preview:large","max-video-preview":"max-video-preview:-1"},"canonical":"https:\/\/heritage-products.nl\/de\/einzaeunungen\/afzethekken.html","og_locale":"de_DE","og_type":"article","og_title":"Mobile Zaune - Heritage Products","og_description":"Heritage Products liefert mobile- und Freispingzaune f\u00fcr Ihres Betrieb. Diese Z\u00e4une sind hergestelt aus das selbe innovative Material als den Heritage Fence Z\u00e4une. Die Z\u00e4une sind perfekt fur das teilen von Ihre Reitarena bei wetbewerben und Trainingen. Diese Z\u00e4une sind komplett montiert und kan Mann einfach und schnell zu installieren. Es gibt auch specielle Z\u00e4unteilen [&hellip;]","og_url":"https:\/\/heritage-products.nl\/de\/einzaeunungen\/afzethekken.html","og_site_name":"Heritage Products","article_modified_time":"2024-02-09T10:28:05+00:00","twitter_card":"summary_large_image","twitter_misc":{"Est. reading time":"2 Minuten"},"schema":{"@context":"https:\/\/schema.org","@graph":[{"@type":"WebPage","@id":"https:\/\/heritage-products.nl\/de\/einzaeunungen\/afzethekken.html","url":"https:\/\/heritage-products.nl\/de\/einzaeunungen\/afzethekken.html","name":"Mobile Zaune - Heritage Products","isPartOf":{"@id":"https:\/\/heritage-products.nl\/#website"},"datePublished":"2016-11-18T13:11:56+00:00","dateModified":"2024-02-09T10:28:05+00:00","breadcrumb":{"@id":"https:\/\/heritage-products.nl\/de\/einzaeunungen\/afzethekken.html#breadcrumb"},"inLanguage":"de-DE","potentialAction":[{"@type":"ReadAction","target":["https:\/\/heritage-products.nl\/de\/einzaeunungen\/afzethekken.html"]}]},{"@type":"BreadcrumbList","@id":"https:\/\/heritage-products.nl\/de\/einzaeunungen\/afzethekken.html#breadcrumb","itemListElement":[{"@type":"ListItem","position":1,"name":"Home","item":"https:\/\/heritage-products.nl\/de"},{"@type":"ListItem","position":2,"name":"Z\u00e4une","item":"https:\/\/heritage-products.nl\/de\/einzaeunungen.html"},{"@type":"ListItem","position":3,"name":"Mobile Zaune"}]},{"@type":"WebSite","@id":"https:\/\/heritage-products.nl\/#website","url":"https:\/\/heritage-products.nl\/","name":"Heritage Products","description":"","potentialAction":[{"@type":"SearchAction","target":{"@type":"EntryPoint","urlTemplate":"https:\/\/heritage-products.nl\/?s={search_term_string}"},"query-input":{"@type":"PropertyValueSpecification","valueRequired":true,"valueName":"search_term_string"}}],"inLanguage":"de-DE"}]}},"_links":{"self":[{"href":"https:\/\/heritage-products.nl\/de\/wp-json\/wp\/v2\/pages\/1506","targetHints":{"allow":["GET"]}}],"collection":[{"href":"https:\/\/heritage-products.nl\/de\/wp-json\/wp\/v2\/pages"}],"about":[{"href":"https:\/\/heritage-products.nl\/de\/wp-json\/wp\/v2\/types\/page"}],"author":[{"embeddable":true,"href":"https:\/\/heritage-products.nl\/de\/wp-json\/wp\/v2\/users\/2"}],"replies":[{"embeddable":true,"href":"https:\/\/heritage-products.nl\/de\/wp-json\/wp\/v2\/comments?post=1506"}],"version-history":[{"count":5,"href":"https:\/\/heritage-products.nl\/de\/wp-json\/wp\/v2\/pages\/1506\/revisions"}],"predecessor-version":[{"id":5316,"href":"https:\/\/heritage-products.nl\/de\/wp-json\/wp\/v2\/pages\/1506\/revisions\/5316"}],"up":[{"embeddable":true,"href":"https:\/\/heritage-products.nl\/de\/wp-json\/wp\/v2\/pages\/865"}],"wp:attachment":[{"href":"https:\/\/heritage-products.nl\/de\/wp-json\/wp\/v2\/media?parent=1506"}],"curies":[{"name":"wp","href":"https:\/\/api.w.org\/{rel}","templated":true}]}}