{"id":3650,"date":"2021-11-22T10:22:08","date_gmt":"2021-11-22T10:22:08","guid":{"rendered":"https:\/\/heritage-products.nl\/hindernissen\/hekjes-en-onderzetters.html"},"modified":"2025-12-12T09:25:16","modified_gmt":"2025-12-12T09:25:16","slug":"filler","status":"publish","type":"page","link":"https:\/\/heritage-products.nl\/de\/hindernissen\/filler.html","title":{"rendered":"Filler"},"content":{"rendered":"<p>[et_pb_section fb_built=&#8220;1&#8243; admin_label=&#8220;section&#8220; _builder_version=&#8220;4.16&#8243; width=&#8220;100%&#8220; custom_padding=&#8220;|||7px||&#8220; global_colors_info=&#8220;{}&#8220;][et_pb_row _builder_version=&#8220;4.16&#8243; _module_preset=&#8220;default&#8220; global_colors_info=&#8220;{}&#8220;][et_pb_column type=&#8220;4_4&#8243; _builder_version=&#8220;4.16&#8243; _module_preset=&#8220;default&#8220; global_colors_info=&#8220;{}&#8220;][et_pb_text _builder_version=&#8220;4.16&#8243; _module_preset=&#8220;default&#8220; global_colors_info=&#8220;{}&#8220;]<\/p>\n<h3>Filler<\/h3>\n<p>Wenn Sie einen abwechslungsreichen und abwechslungsreichen Parcours zusammenstellen m\u00f6chten, sind Z\u00e4une, Bretter und Untersetzer unverzichtbar.<\/p>\n<p>Deshalb bieten wir dir verschiedene M\u00f6glichkeiten, dein Hindernis zu vervollst\u00e4ndigen.<br \/>Die Z\u00e4une und Untersetzer sind in den Farben Wei\u00df &#8211; Rot &#8211; Gelb &#8211; Blau &#8211; Gr\u00fcn &#8211; Schwarz erh\u00e4ltlich.<\/p>\n<p>[\/et_pb_text][\/et_pb_column][\/et_pb_row][et_pb_row column_structure=&#8220;1_2,1_2&#8243; admin_label=&#8220;Row&#8220; _builder_version=&#8220;4.16&#8243; background_size=&#8220;initial&#8220; background_position=&#8220;top_left&#8220; background_repeat=&#8220;repeat&#8220; global_colors_info=&#8220;{}&#8220;][et_pb_column type=&#8220;1_2&#8243; _builder_version=&#8220;4.16&#8243; custom_padding=&#8220;|||&#8220; global_colors_info=&#8220;{}&#8220; custom_padding__hover=&#8220;|||&#8220;][et_pb_blurb title=&#8220;Kunststof Hindernisplanke&#8220; image=&#8220;https:\/\/heritage-products.nl\/wp-content\/uploads\/2015\/10\/Witte-plank.jpg&#8220; image_icon_width=&#8220;none&#8220; admin_label=&#8220;Blurb&#8220; _builder_version=&#8220;4.27.0&#8243; background_size=&#8220;initial&#8220; background_position=&#8220;top_left&#8220; background_repeat=&#8220;repeat&#8220; hover_enabled=&#8220;0&#8243; use_border_color=&#8220;off&#8220; border_color=&#8220;#ffffff&#8220; border_style=&#8220;solid&#8220; image_max_width=&#8220;none&#8220; global_colors_info=&#8220;{}&#8220; sticky_enabled=&#8220;0&#8243;]<\/p>\n<p>Kunststoff plank 300x20cm Weiss. Gut f\u00fcr Webadresse oder Tel.nr in Werbesprungen<\/p>\n<p><strong>3m: \u20ac 150,- ohne MwSt.<\/strong><\/p>\n<p>&nbsp;<\/p>\n<p>[\/et_pb_blurb][\/et_pb_column][et_pb_column type=&#8220;1_2&#8243; _builder_version=&#8220;4.16&#8243; custom_padding=&#8220;|||&#8220; global_colors_info=&#8220;{}&#8220; custom_padding__hover=&#8220;|||&#8220;][et_pb_blurb title=&#8220;Kunststoff untersteller klein&#8220; image=&#8220;https:\/\/heritage-products.nl\/wp-content\/uploads\/2021\/11\/Naamloos-4.png&#8220; image_icon_width=&#8220;none&#8220; admin_label=&#8220;Blurb&#8220; _builder_version=&#8220;4.16&#8243; background_size=&#8220;initial&#8220; background_position=&#8220;top_left&#8220; background_repeat=&#8220;repeat&#8220; custom_padding=&#8220;||0px|||&#8220; use_border_color=&#8220;off&#8220; border_color=&#8220;#ffffff&#8220; border_style=&#8220;solid&#8220; image_max_width=&#8220;none&#8220; global_colors_info=&#8220;{}&#8220;]<\/p>\n<p>Kunststoff plank montiert auf zwei Kunststoff f\u00fc\u00dfen. Verschiedene Ausf\u00fchrungen m\u00f6glich. H\u00f6he: 69cm, Breite: 52cm<\/p>\n<p><strong>60,00 \u20ac ohne MwSt. \/ 72,60 \u20ac inkl. MwSt.\u00a0<\/strong><\/p>\n<p>[\/et_pb_blurb][\/et_pb_column][\/et_pb_row][et_pb_row column_structure=&#8220;1_2,1_2&#8243; admin_label=&#8220;Row&#8220; _builder_version=&#8220;4.16&#8243; background_size=&#8220;initial&#8220; background_position=&#8220;top_left&#8220; background_repeat=&#8220;repeat&#8220; global_colors_info=&#8220;{}&#8220;][et_pb_column type=&#8220;1_2&#8243; _builder_version=&#8220;4.16&#8243; custom_padding=&#8220;|||&#8220; global_colors_info=&#8220;{}&#8220; custom_padding__hover=&#8220;|||&#8220;][et_pb_blurb title=&#8220;Kunststoff untersteller klein&#8220; image=&#8220;https:\/\/heritage-products.nl\/wp-content\/uploads\/2015\/10\/MG_8418a.jpg&#8220; image_icon_width=&#8220;none&#8220; admin_label=&#8220;Blurb&#8220; _builder_version=&#8220;4.16&#8243; background_size=&#8220;initial&#8220; background_position=&#8220;top_left&#8220; background_repeat=&#8220;repeat&#8220; custom_padding=&#8220;||0px|||&#8220; use_border_color=&#8220;off&#8220; border_color=&#8220;#ffffff&#8220; border_style=&#8220;solid&#8220; image_max_width=&#8220;none&#8220; global_colors_info=&#8220;{}&#8220;]<\/p>\n<p>Geschwei\u00dft aus voll Farbige Kunststoff teilen. Die Farbe von Latten und Frame k\u00f6nnen Sie separat w\u00e4hlen. 55cm hoch.<\/p>\n<p>Lieferbare Farben: \u00a0Schwarz \u2013 Rot \u2013 Gelb \u2013 Blau \u2013 Gr\u00fcn<\/p>\n<p><strong>95cm breite:\u00a0\u20ac88,27 ohne MwSt.<\/strong><\/p>\n<p>[\/et_pb_blurb][\/et_pb_column][et_pb_column type=&#8220;1_2&#8243; _builder_version=&#8220;4.16&#8243; custom_padding=&#8220;|||&#8220; global_colors_info=&#8220;{}&#8220; custom_padding__hover=&#8220;|||&#8220;][et_pb_blurb title=&#8220;Kunststoff ondersteller Gross&#8220; image=&#8220;https:\/\/heritage-products.nl\/wp-content\/uploads\/2015\/10\/MG_8415a.jpg&#8220; image_icon_width=&#8220;none&#8220; admin_label=&#8220;Blurb&#8220; _builder_version=&#8220;4.16&#8243; background_size=&#8220;initial&#8220; background_position=&#8220;top_left&#8220; background_repeat=&#8220;repeat&#8220; use_border_color=&#8220;off&#8220; border_color=&#8220;#ffffff&#8220; border_style=&#8220;solid&#8220; image_max_width=&#8220;none&#8220; global_colors_info=&#8220;{}&#8220;]<\/p>\n<p>Geschwei\u00dft aus voll Farbige Kunststoff teilen. Die Farbe von Latten und Frame k\u00f6nnen Sie separat w\u00e4hlen. 55cm hoch.<\/p>\n<p>Lieferbare Farben: \u00a0Schwarz \u2013 Rot \u2013 Gelb \u2013 Blau \u2013 Gr\u00fcn<\/p>\n<p><strong>144 cm breite:\u00a0\u20ac 99,86 ohne MwSt.<\/strong><\/p>\n<p>[\/et_pb_blurb][\/et_pb_column][\/et_pb_row][\/et_pb_section]<\/p>\n","protected":false},"excerpt":{"rendered":"<p>Filler Wenn Sie einen abwechslungsreichen und abwechslungsreichen Parcours zusammenstellen m\u00f6chten, sind Z\u00e4une, Bretter und Untersetzer unverzichtbar. Deshalb bieten wir dir verschiedene M\u00f6glichkeiten, dein Hindernis zu vervollst\u00e4ndigen.Die Z\u00e4une und Untersetzer sind in den Farben Wei\u00df &#8211; Rot &#8211; Gelb &#8211; Blau &#8211; Gr\u00fcn &#8211; Schwarz erh\u00e4ltlich.Kunststoff plank 300x20cm Weiss. Gut f\u00fcr Webadresse oder Tel.nr in Werbesprungen [&hellip;]<\/p>\n","protected":false},"author":4,"featured_media":0,"parent":904,"menu_order":0,"comment_status":"closed","ping_status":"closed","template":"","meta":{"_acf_changed":false,"_et_pb_use_builder":"on","_et_pb_old_content":"","_et_gb_content_width":"","footnotes":""},"class_list":["post-3650","page","type-page","status-publish","hentry"],"acf":[],"yoast_head":"<!-- This site is optimized with the Yoast SEO plugin v26.4 - https:\/\/yoast.com\/wordpress\/plugins\/seo\/ -->\n<title>Filler - Heritage Products<\/title>\n<meta name=\"robots\" content=\"index, follow, max-snippet:-1, max-image-preview:large, max-video-preview:-1\" \/>\n<link rel=\"canonical\" href=\"https:\/\/heritage-products.nl\/de\/hindernissen\/filler.html\" \/>\n<meta property=\"og:locale\" content=\"de_DE\" \/>\n<meta property=\"og:type\" content=\"article\" \/>\n<meta property=\"og:title\" content=\"Filler - Heritage Products\" \/>\n<meta property=\"og:description\" content=\"Filler Wenn Sie einen abwechslungsreichen und abwechslungsreichen Parcours zusammenstellen m\u00f6chten, sind Z\u00e4une, Bretter und Untersetzer unverzichtbar. Deshalb bieten wir dir verschiedene M\u00f6glichkeiten, dein Hindernis zu vervollst\u00e4ndigen.Die Z\u00e4une und Untersetzer sind in den Farben Wei\u00df - Rot - Gelb - Blau - Gr\u00fcn - Schwarz erh\u00e4ltlich.Kunststoff plank 300x20cm Weiss. Gut f\u00fcr Webadresse oder Tel.nr in Werbesprungen [&hellip;]\" \/>\n<meta property=\"og:url\" content=\"https:\/\/heritage-products.nl\/de\/hindernissen\/filler.html\" \/>\n<meta property=\"og:site_name\" content=\"Heritage Products\" \/>\n<meta property=\"article:modified_time\" content=\"2025-12-12T09:25:16+00:00\" \/>\n<meta name=\"twitter:card\" content=\"summary_large_image\" \/>\n<meta name=\"twitter:label1\" content=\"Est. reading time\" \/>\n\t<meta name=\"twitter:data1\" content=\"2 Minuten\" \/>\n<script type=\"application\/ld+json\" class=\"yoast-schema-graph\">{\"@context\":\"https:\/\/schema.org\",\"@graph\":[{\"@type\":\"WebPage\",\"@id\":\"https:\/\/heritage-products.nl\/de\/hindernissen\/filler.html\",\"url\":\"https:\/\/heritage-products.nl\/de\/hindernissen\/filler.html\",\"name\":\"Filler - Heritage Products\",\"isPartOf\":{\"@id\":\"https:\/\/heritage-products.nl\/#website\"},\"datePublished\":\"2021-11-22T10:22:08+00:00\",\"dateModified\":\"2025-12-12T09:25:16+00:00\",\"breadcrumb\":{\"@id\":\"https:\/\/heritage-products.nl\/de\/hindernissen\/filler.html#breadcrumb\"},\"inLanguage\":\"de-DE\",\"potentialAction\":[{\"@type\":\"ReadAction\",\"target\":[\"https:\/\/heritage-products.nl\/de\/hindernissen\/filler.html\"]}]},{\"@type\":\"BreadcrumbList\",\"@id\":\"https:\/\/heritage-products.nl\/de\/hindernissen\/filler.html#breadcrumb\",\"itemListElement\":[{\"@type\":\"ListItem\",\"position\":1,\"name\":\"Home\",\"item\":\"https:\/\/heritage-products.nl\/de\"},{\"@type\":\"ListItem\",\"position\":2,\"name\":\"Hindernisse\",\"item\":\"https:\/\/heritage-products.nl\/de\/hindernissen.html\"},{\"@type\":\"ListItem\",\"position\":3,\"name\":\"Filler\"}]},{\"@type\":\"WebSite\",\"@id\":\"https:\/\/heritage-products.nl\/#website\",\"url\":\"https:\/\/heritage-products.nl\/\",\"name\":\"Heritage Products\",\"description\":\"\",\"potentialAction\":[{\"@type\":\"SearchAction\",\"target\":{\"@type\":\"EntryPoint\",\"urlTemplate\":\"https:\/\/heritage-products.nl\/?s={search_term_string}\"},\"query-input\":{\"@type\":\"PropertyValueSpecification\",\"valueRequired\":true,\"valueName\":\"search_term_string\"}}],\"inLanguage\":\"de-DE\"}]}<\/script>\n<!-- \/ Yoast SEO plugin. -->","yoast_head_json":{"title":"Filler - Heritage Products","robots":{"index":"index","follow":"follow","max-snippet":"max-snippet:-1","max-image-preview":"max-image-preview:large","max-video-preview":"max-video-preview:-1"},"canonical":"https:\/\/heritage-products.nl\/de\/hindernissen\/filler.html","og_locale":"de_DE","og_type":"article","og_title":"Filler - Heritage Products","og_description":"Filler Wenn Sie einen abwechslungsreichen und abwechslungsreichen Parcours zusammenstellen m\u00f6chten, sind Z\u00e4une, Bretter und Untersetzer unverzichtbar. Deshalb bieten wir dir verschiedene M\u00f6glichkeiten, dein Hindernis zu vervollst\u00e4ndigen.Die Z\u00e4une und Untersetzer sind in den Farben Wei\u00df - Rot - Gelb - Blau - Gr\u00fcn - Schwarz erh\u00e4ltlich.Kunststoff plank 300x20cm Weiss. Gut f\u00fcr Webadresse oder Tel.nr in Werbesprungen [&hellip;]","og_url":"https:\/\/heritage-products.nl\/de\/hindernissen\/filler.html","og_site_name":"Heritage Products","article_modified_time":"2025-12-12T09:25:16+00:00","twitter_card":"summary_large_image","twitter_misc":{"Est. reading time":"2 Minuten"},"schema":{"@context":"https:\/\/schema.org","@graph":[{"@type":"WebPage","@id":"https:\/\/heritage-products.nl\/de\/hindernissen\/filler.html","url":"https:\/\/heritage-products.nl\/de\/hindernissen\/filler.html","name":"Filler - Heritage Products","isPartOf":{"@id":"https:\/\/heritage-products.nl\/#website"},"datePublished":"2021-11-22T10:22:08+00:00","dateModified":"2025-12-12T09:25:16+00:00","breadcrumb":{"@id":"https:\/\/heritage-products.nl\/de\/hindernissen\/filler.html#breadcrumb"},"inLanguage":"de-DE","potentialAction":[{"@type":"ReadAction","target":["https:\/\/heritage-products.nl\/de\/hindernissen\/filler.html"]}]},{"@type":"BreadcrumbList","@id":"https:\/\/heritage-products.nl\/de\/hindernissen\/filler.html#breadcrumb","itemListElement":[{"@type":"ListItem","position":1,"name":"Home","item":"https:\/\/heritage-products.nl\/de"},{"@type":"ListItem","position":2,"name":"Hindernisse","item":"https:\/\/heritage-products.nl\/de\/hindernissen.html"},{"@type":"ListItem","position":3,"name":"Filler"}]},{"@type":"WebSite","@id":"https:\/\/heritage-products.nl\/#website","url":"https:\/\/heritage-products.nl\/","name":"Heritage Products","description":"","potentialAction":[{"@type":"SearchAction","target":{"@type":"EntryPoint","urlTemplate":"https:\/\/heritage-products.nl\/?s={search_term_string}"},"query-input":{"@type":"PropertyValueSpecification","valueRequired":true,"valueName":"search_term_string"}}],"inLanguage":"de-DE"}]}},"_links":{"self":[{"href":"https:\/\/heritage-products.nl\/de\/wp-json\/wp\/v2\/pages\/3650","targetHints":{"allow":["GET"]}}],"collection":[{"href":"https:\/\/heritage-products.nl\/de\/wp-json\/wp\/v2\/pages"}],"about":[{"href":"https:\/\/heritage-products.nl\/de\/wp-json\/wp\/v2\/types\/page"}],"author":[{"embeddable":true,"href":"https:\/\/heritage-products.nl\/de\/wp-json\/wp\/v2\/users\/4"}],"replies":[{"embeddable":true,"href":"https:\/\/heritage-products.nl\/de\/wp-json\/wp\/v2\/comments?post=3650"}],"version-history":[{"count":5,"href":"https:\/\/heritage-products.nl\/de\/wp-json\/wp\/v2\/pages\/3650\/revisions"}],"predecessor-version":[{"id":5800,"href":"https:\/\/heritage-products.nl\/de\/wp-json\/wp\/v2\/pages\/3650\/revisions\/5800"}],"up":[{"embeddable":true,"href":"https:\/\/heritage-products.nl\/de\/wp-json\/wp\/v2\/pages\/904"}],"wp:attachment":[{"href":"https:\/\/heritage-products.nl\/de\/wp-json\/wp\/v2\/media?parent=3650"}],"curies":[{"name":"wp","href":"https:\/\/api.w.org\/{rel}","templated":true}]}}