{"id":4184,"date":"2022-07-18T10:43:11","date_gmt":"2022-07-18T10:43:11","guid":{"rendered":"https:\/\/heritage-products.nl\/?page_id=4184"},"modified":"2022-07-26T07:03:14","modified_gmt":"2022-07-26T07:03:14","slug":"bahnbuchstaben","status":"publish","type":"page","link":"https:\/\/heritage-products.nl\/de\/bahnbuchstaben.html","title":{"rendered":"Bahnbuchstaben"},"content":{"rendered":"<p>[et_pb_section fb_built=&#8220;1&#8243; fullwidth=&#8220;on&#8220; admin_label=&#8220;Section&#8220; module_class=&#8220;grizzly__section&#8220; _builder_version=&#8220;4.15.0&#8243; _module_preset=&#8220;default&#8220; bottom_divider_style=&#8220;curve2&#8243; bottom_divider_color=&#8220;#ffffff&#8220; global_colors_info=&#8220;{}&#8220;][et_pb_fullwidth_header title=&#8220;Bahnbuchstaben&#8220; subhead=&#8220;Sie interessieren sich f\u00fcr unsere Produkte?&#8220; text_orientation=&#8220;center&#8220; button_one_text=&#8220;Fordern Sie ein Angebot an!&#8220; button_one_url=&#8220;https:\/\/heritage-products.nl\/de\/angebot-anfragen.html&#8220; _builder_version=&#8220;4.15.0&#8243; _module_preset=&#8220;default&#8220; title_font=&#8220;Arvo||||||||&#8220; title_font_size=&#8220;50px&#8220; content_font=&#8220;||||||||&#8220; subhead_font=&#8220;Arvo||||||||&#8220; subhead_text_color=&#8220;#FFFFFF&#8220; subhead_font_size=&#8220;20px&#8220; background_image=&#8220;https:\/\/heritage-products.nl\/wp-content\/uploads\/2022\/07\/Herritage-products-foto-header.jpg&#8220; parallax=&#8220;on&#8220; hover_enabled=&#8220;0&#8243; global_colors_info=&#8220;{}&#8220; alt=&#8220;Longeren | Heritage Producten&#8220; title_text=&#8220;Herritage products foto header&#8220; sticky_enabled=&#8220;0&#8243;][\/et_pb_fullwidth_header][\/et_pb_section][et_pb_section fb_built=&#8220;1&#8243; _builder_version=&#8220;4.15.0&#8243; _module_preset=&#8220;default&#8220; global_colors_info=&#8220;{}&#8220;][et_pb_row column_structure=&#8220;1_3,1_3,1_3&#8243; _builder_version=&#8220;4.15.0&#8243; _module_preset=&#8220;default&#8220; global_colors_info=&#8220;{}&#8220;][et_pb_column type=&#8220;1_3&#8243; _builder_version=&#8220;4.15.0&#8243; _module_preset=&#8220;default&#8220; global_colors_info=&#8220;{}&#8220;][et_pb_text _builder_version=&#8220;4.15.0&#8243; _module_preset=&#8220;default&#8220; text_font_size=&#8220;16px&#8220; global_colors_info=&#8220;{}&#8220;]<\/p>\n<p style=\"text-align: center;\"><strong><span class=\"Y2IQFc\" lang=\"de\">\u2714 pflegeleicht<\/span><\/strong><\/p>\n<p>[\/et_pb_text][\/et_pb_column][et_pb_column type=&#8220;1_3&#8243; _builder_version=&#8220;4.15.0&#8243; _module_preset=&#8220;default&#8220; global_colors_info=&#8220;{}&#8220;][et_pb_text _builder_version=&#8220;4.15.0&#8243; _module_preset=&#8220;default&#8220; text_font_size=&#8220;16px&#8220; global_colors_info=&#8220;{}&#8220;]<\/p>\n<p style=\"text-align: center;\"><strong><span class=\"Y2IQFc\" lang=\"de\">\u2714 autorisierter Fachh\u00e4ndler<\/span><\/strong><\/p>\n<p>[\/et_pb_text][\/et_pb_column][et_pb_column type=&#8220;1_3&#8243; _builder_version=&#8220;4.15.0&#8243; _module_preset=&#8220;default&#8220; global_colors_info=&#8220;{}&#8220;][et_pb_text _builder_version=&#8220;4.15.0&#8243; _module_preset=&#8220;default&#8220; text_font_size=&#8220;16px&#8220; global_colors_info=&#8220;{}&#8220;]<\/p>\n<p style=\"text-align: center;\"><strong><span class=\"Y2IQFc\" lang=\"de\">\u2714 <\/span><span class=\"Y2IQFc\" lang=\"de\">Sicher und nachhaltig<\/span><\/strong><\/p>\n<p>[\/et_pb_text][\/et_pb_column][\/et_pb_row][et_pb_row _builder_version=&#8220;4.15.0&#8243; _module_preset=&#8220;default&#8220; global_colors_info=&#8220;{}&#8220;][et_pb_column type=&#8220;4_4&#8243; _builder_version=&#8220;4.15.0&#8243; _module_preset=&#8220;default&#8220; global_colors_info=&#8220;{}&#8220;][et_pb_text _builder_version=&#8220;4.15.0&#8243; _module_preset=&#8220;default&#8220; global_colors_info=&#8220;{}&#8220;]<\/p>\n<p>Die gesuchten Bahnbuchstaben f\u00fcr Ihr eigenes Dressurviereck oder f\u00fcr einen Turnierplatz erhalten Sie bei dem anerkannten niederl\u00e4ndischen Fachh\u00e4ndler Heritage Products. Wir haben uns im Dressursport einen Namen gemacht, da wir der Reitkunst den richtigen, ansprechenden Rahmen verleihen. Als Fachbetrieb f\u00fcr Reitsportzubeh\u00f6r und Pferdehaltung wissen wir, worauf es ankommt:<\/p>\n<ul>\n<li>Sicherheit des Reitplatzes f\u00fcr Pferd und Reiter<\/li>\n<li>geringer Pflegeaufwand f\u00fcr das Zubeh\u00f6r<\/li>\n<li>repr\u00e4sentative Ausstrahlung<\/li>\n<\/ul>\n<p>[\/et_pb_text][\/et_pb_column][\/et_pb_row][\/et_pb_section][et_pb_section fb_built=&#8220;1&#8243; _builder_version=&#8220;4.15.0&#8243; _module_preset=&#8220;default&#8220; background_color=&#8220;#dd3333&#8243; global_colors_info=&#8220;{}&#8220;][et_pb_row column_structure=&#8220;1_2,1_2&#8243; _builder_version=&#8220;4.15.0&#8243; _module_preset=&#8220;default&#8220; global_colors_info=&#8220;{}&#8220;][et_pb_column type=&#8220;1_2&#8243; _builder_version=&#8220;4.15.0&#8243; _module_preset=&#8220;default&#8220; global_colors_info=&#8220;{}&#8220;][et_pb_text _builder_version=&#8220;4.15.0&#8243; _module_preset=&#8220;default&#8220; text_text_color=&#8220;#FFFFFF&#8220; global_colors_info=&#8220;{}&#8220;]<\/p>\n<h2 style=\"color: #fff;\">Bahnbuchstaben und weiteres Zubeh\u00f6r f\u00fcr anspruchsvolle Reiter<\/h2>\n<p>Speziell f\u00fcr Turnierreiter in den Sparten <a style=\"color: #fff; text-decoration:underline;\" href=\"https:\/\/heritage-products.nl\/de\/dressur.html\">Dressur<\/a>\u00a0und <a style=\"color: #fff; text-decoration:underline;\" href=\"https:\/\/heritage-products.nl\/de\/hindernissen.html\">Springen<\/a>\u00a0verf\u00fcgen wir \u00fcber ein umfassendes Sortiment an Zubeh\u00f6r. Im Hinblick auf das erforderliche Zubeh\u00f6r f\u00fcr ein Dressurviereck, k\u00f6nnen wir Ihnen nicht nur sehr dauerhafte Abgrenzungen bieten, sondern beispielsweise auch die Bahnbuchstaben, die die Bahnpunkte markieren. Die Buchstaben f\u00fcr den Dressurplatz stehen auf sehr stilvollen Dressurkegeln. Die bei uns erh\u00e4ltlichen Bahnbuchstaben sind:<\/p>\n<ul>\n<li>sehr witterungsbest\u00e4ndig<\/li>\n<li>deutlich<\/li>\n<li>pflegeleicht<\/li>\n<li>stilvoll<\/li>\n<\/ul>\n<p>[\/et_pb_text][\/et_pb_column][et_pb_column type=&#8220;1_2&#8243; _builder_version=&#8220;4.15.0&#8243; _module_preset=&#8220;default&#8220; global_colors_info=&#8220;{}&#8220;][et_pb_image src=&#8220;https:\/\/heritage-products.nl\/wp-content\/uploads\/2021\/10\/Letterzuil-2.jpg&#8220; title_text=&#8220;Letterzuil&#8220; align=&#8220;right&#8220; _builder_version=&#8220;4.15.0&#8243; _module_preset=&#8220;default&#8220; global_colors_info=&#8220;{}&#8220;][\/et_pb_image][\/et_pb_column][\/et_pb_row][\/et_pb_section][et_pb_section fb_built=&#8220;1&#8243; _builder_version=&#8220;4.15.0&#8243; _module_preset=&#8220;default&#8220; global_colors_info=&#8220;{}&#8220;][et_pb_row column_structure=&#8220;1_2,1_2&#8243; _builder_version=&#8220;4.15.0&#8243; _module_preset=&#8220;default&#8220; global_colors_info=&#8220;{}&#8220;][et_pb_column type=&#8220;1_2&#8243; _builder_version=&#8220;4.15.0&#8243; _module_preset=&#8220;default&#8220; global_colors_info=&#8220;{}&#8220;][et_pb_image src=&#8220;https:\/\/heritage-products.nl\/wp-content\/uploads\/2016\/03\/DSC_2813fb.jpg&#8220; alt=&#8220;Stal met paard | Heritage Products B.V.&#8220; title_text=&#8220;DSC_2813fb&#8220; _builder_version=&#8220;4.15.0&#8243; _module_preset=&#8220;default&#8220; global_colors_info=&#8220;{}&#8220;][\/et_pb_image][\/et_pb_column][et_pb_column type=&#8220;1_2&#8243; _builder_version=&#8220;4.15.0&#8243; _module_preset=&#8220;default&#8220; global_colors_info=&#8220;{}&#8220;][et_pb_text _builder_version=&#8220;4.15.0&#8243; _module_preset=&#8220;default&#8220; global_colors_info=&#8220;{}&#8220;]<\/p>\n<h3>Fordern Sie ein Preisangebot an<\/h3>\n<p>Fordern Sie doch am besten gleich telefonisch unter <a href=\"tel:0031485575920\" style=\"text-decoration:underline;\">+31 (0)485-575920<\/a> oder per E-Mail ein Preisangebot f\u00fcr die gew\u00fcnschten, dauerhaften Bahnbuchstaben\u00a0an. Zu diesem Zweck k\u00f6nnen Sie selbstverst\u00e4ndlich auch gerne unser Kontaktformular einsetzen. Auf Wunsch k\u00f6nnen Sie sich auch direkt an einen unserer <a href=\"https:\/\/heritage-products.nl\/de\/dealers.html\" style=\"text-decoration:underline;\">Fachh\u00e4ndler<\/a>\u00a0in Deutschland, \u00d6sterreich oder in der Schweiz wenden. Auch sie stehen Ihnen gerne zur Verf\u00fcgung, wenn es darum geht, Ihren Reitplatz mit Buchstaben zu versehen.[\/et_pb_text][\/et_pb_column][\/et_pb_row][\/et_pb_section]<\/p>\n","protected":false},"excerpt":{"rendered":"<p>\u2714 pflegeleicht\u2714 autorisierter Fachh\u00e4ndler\u2714 Sicher und nachhaltigDie gesuchten Bahnbuchstaben f\u00fcr Ihr eigenes Dressurviereck oder f\u00fcr einen Turnierplatz erhalten Sie bei dem anerkannten niederl\u00e4ndischen Fachh\u00e4ndler Heritage Products. Wir haben uns im Dressursport einen Namen gemacht, da wir der Reitkunst den richtigen, ansprechenden Rahmen verleihen. Als Fachbetrieb f\u00fcr Reitsportzubeh\u00f6r und Pferdehaltung wissen wir, worauf es ankommt: Sicherheit [&hellip;]<\/p>\n","protected":false},"author":3,"featured_media":0,"parent":0,"menu_order":0,"comment_status":"closed","ping_status":"closed","template":"","meta":{"_acf_changed":false,"_et_pb_use_builder":"on","_et_pb_old_content":"","_et_gb_content_width":"","footnotes":""},"class_list":["post-4184","page","type-page","status-publish","hentry"],"acf":[],"yoast_head":"<!-- This site is optimized with the Yoast SEO plugin v26.4 - https:\/\/yoast.com\/wordpress\/plugins\/seo\/ -->\n<title>Bahnbuchstaben - Heritage Products<\/title>\n<meta name=\"description\" content=\"Bahnbuchstaben \u2713 auf sehr stilvollen Kegeln \u2713 besonderes Design der Buchstabenkegel \u2713 anerkannter Spezialist f\u00fcr Dressurplatzubeh\u00f6r.\" \/>\n<meta name=\"robots\" content=\"index, follow, max-snippet:-1, max-image-preview:large, max-video-preview:-1\" \/>\n<link rel=\"canonical\" href=\"https:\/\/heritage-products.nl\/de\/bahnbuchstaben.html\" \/>\n<meta property=\"og:locale\" content=\"de_DE\" \/>\n<meta property=\"og:type\" content=\"article\" \/>\n<meta property=\"og:title\" content=\"Bahnbuchstaben - Heritage Products\" \/>\n<meta property=\"og:description\" content=\"Bahnbuchstaben \u2713 auf sehr stilvollen Kegeln \u2713 besonderes Design der Buchstabenkegel \u2713 anerkannter Spezialist f\u00fcr Dressurplatzubeh\u00f6r.\" \/>\n<meta property=\"og:url\" content=\"https:\/\/heritage-products.nl\/de\/bahnbuchstaben.html\" \/>\n<meta property=\"og:site_name\" content=\"Heritage Products\" \/>\n<meta property=\"article:modified_time\" content=\"2022-07-26T07:03:14+00:00\" \/>\n<meta name=\"twitter:card\" content=\"summary_large_image\" \/>\n<meta name=\"twitter:label1\" content=\"Est. reading time\" \/>\n\t<meta name=\"twitter:data1\" content=\"2 Minuten\" \/>\n<script type=\"application\/ld+json\" class=\"yoast-schema-graph\">{\"@context\":\"https:\/\/schema.org\",\"@graph\":[{\"@type\":\"WebPage\",\"@id\":\"https:\/\/heritage-products.nl\/de\/bahnbuchstaben.html\",\"url\":\"https:\/\/heritage-products.nl\/de\/bahnbuchstaben.html\",\"name\":\"Bahnbuchstaben - Heritage Products\",\"isPartOf\":{\"@id\":\"https:\/\/heritage-products.nl\/#website\"},\"datePublished\":\"2022-07-18T10:43:11+00:00\",\"dateModified\":\"2022-07-26T07:03:14+00:00\",\"description\":\"Bahnbuchstaben \u2713 auf sehr stilvollen Kegeln \u2713 besonderes Design der Buchstabenkegel \u2713 anerkannter Spezialist f\u00fcr Dressurplatzubeh\u00f6r.\",\"breadcrumb\":{\"@id\":\"https:\/\/heritage-products.nl\/de\/bahnbuchstaben.html#breadcrumb\"},\"inLanguage\":\"de-DE\",\"potentialAction\":[{\"@type\":\"ReadAction\",\"target\":[\"https:\/\/heritage-products.nl\/de\/bahnbuchstaben.html\"]}]},{\"@type\":\"BreadcrumbList\",\"@id\":\"https:\/\/heritage-products.nl\/de\/bahnbuchstaben.html#breadcrumb\",\"itemListElement\":[{\"@type\":\"ListItem\",\"position\":1,\"name\":\"Home\",\"item\":\"https:\/\/heritage-products.nl\/de\"},{\"@type\":\"ListItem\",\"position\":2,\"name\":\"Bahnbuchstaben\"}]},{\"@type\":\"WebSite\",\"@id\":\"https:\/\/heritage-products.nl\/#website\",\"url\":\"https:\/\/heritage-products.nl\/\",\"name\":\"Heritage Products\",\"description\":\"\",\"potentialAction\":[{\"@type\":\"SearchAction\",\"target\":{\"@type\":\"EntryPoint\",\"urlTemplate\":\"https:\/\/heritage-products.nl\/?s={search_term_string}\"},\"query-input\":{\"@type\":\"PropertyValueSpecification\",\"valueRequired\":true,\"valueName\":\"search_term_string\"}}],\"inLanguage\":\"de-DE\"}]}<\/script>\n<!-- \/ Yoast SEO plugin. -->","yoast_head_json":{"title":"Bahnbuchstaben - Heritage Products","description":"Bahnbuchstaben \u2713 auf sehr stilvollen Kegeln \u2713 besonderes Design der Buchstabenkegel \u2713 anerkannter Spezialist f\u00fcr Dressurplatzubeh\u00f6r.","robots":{"index":"index","follow":"follow","max-snippet":"max-snippet:-1","max-image-preview":"max-image-preview:large","max-video-preview":"max-video-preview:-1"},"canonical":"https:\/\/heritage-products.nl\/de\/bahnbuchstaben.html","og_locale":"de_DE","og_type":"article","og_title":"Bahnbuchstaben - Heritage Products","og_description":"Bahnbuchstaben \u2713 auf sehr stilvollen Kegeln \u2713 besonderes Design der Buchstabenkegel \u2713 anerkannter Spezialist f\u00fcr Dressurplatzubeh\u00f6r.","og_url":"https:\/\/heritage-products.nl\/de\/bahnbuchstaben.html","og_site_name":"Heritage Products","article_modified_time":"2022-07-26T07:03:14+00:00","twitter_card":"summary_large_image","twitter_misc":{"Est. reading time":"2 Minuten"},"schema":{"@context":"https:\/\/schema.org","@graph":[{"@type":"WebPage","@id":"https:\/\/heritage-products.nl\/de\/bahnbuchstaben.html","url":"https:\/\/heritage-products.nl\/de\/bahnbuchstaben.html","name":"Bahnbuchstaben - Heritage Products","isPartOf":{"@id":"https:\/\/heritage-products.nl\/#website"},"datePublished":"2022-07-18T10:43:11+00:00","dateModified":"2022-07-26T07:03:14+00:00","description":"Bahnbuchstaben \u2713 auf sehr stilvollen Kegeln \u2713 besonderes Design der Buchstabenkegel \u2713 anerkannter Spezialist f\u00fcr Dressurplatzubeh\u00f6r.","breadcrumb":{"@id":"https:\/\/heritage-products.nl\/de\/bahnbuchstaben.html#breadcrumb"},"inLanguage":"de-DE","potentialAction":[{"@type":"ReadAction","target":["https:\/\/heritage-products.nl\/de\/bahnbuchstaben.html"]}]},{"@type":"BreadcrumbList","@id":"https:\/\/heritage-products.nl\/de\/bahnbuchstaben.html#breadcrumb","itemListElement":[{"@type":"ListItem","position":1,"name":"Home","item":"https:\/\/heritage-products.nl\/de"},{"@type":"ListItem","position":2,"name":"Bahnbuchstaben"}]},{"@type":"WebSite","@id":"https:\/\/heritage-products.nl\/#website","url":"https:\/\/heritage-products.nl\/","name":"Heritage Products","description":"","potentialAction":[{"@type":"SearchAction","target":{"@type":"EntryPoint","urlTemplate":"https:\/\/heritage-products.nl\/?s={search_term_string}"},"query-input":{"@type":"PropertyValueSpecification","valueRequired":true,"valueName":"search_term_string"}}],"inLanguage":"de-DE"}]}},"_links":{"self":[{"href":"https:\/\/heritage-products.nl\/de\/wp-json\/wp\/v2\/pages\/4184","targetHints":{"allow":["GET"]}}],"collection":[{"href":"https:\/\/heritage-products.nl\/de\/wp-json\/wp\/v2\/pages"}],"about":[{"href":"https:\/\/heritage-products.nl\/de\/wp-json\/wp\/v2\/types\/page"}],"author":[{"embeddable":true,"href":"https:\/\/heritage-products.nl\/de\/wp-json\/wp\/v2\/users\/3"}],"replies":[{"embeddable":true,"href":"https:\/\/heritage-products.nl\/de\/wp-json\/wp\/v2\/comments?post=4184"}],"version-history":[{"count":16,"href":"https:\/\/heritage-products.nl\/de\/wp-json\/wp\/v2\/pages\/4184\/revisions"}],"predecessor-version":[{"id":4555,"href":"https:\/\/heritage-products.nl\/de\/wp-json\/wp\/v2\/pages\/4184\/revisions\/4555"}],"wp:attachment":[{"href":"https:\/\/heritage-products.nl\/de\/wp-json\/wp\/v2\/media?parent=4184"}],"curies":[{"name":"wp","href":"https:\/\/api.w.org\/{rel}","templated":true}]}}