{"id":4203,"date":"2022-07-18T10:51:57","date_gmt":"2022-07-18T10:51:57","guid":{"rendered":"https:\/\/heritage-products.nl\/?page_id=4203"},"modified":"2022-07-25T14:56:55","modified_gmt":"2022-07-25T14:56:55","slug":"dressur-arena-kunststoff","status":"publish","type":"page","link":"https:\/\/heritage-products.nl\/de\/dressur-arena-kunststoff.html","title":{"rendered":"Dressur-Arena Kunststoff"},"content":{"rendered":"<p>[et_pb_section fb_built=&#8220;1&#8243; fullwidth=&#8220;on&#8220; admin_label=&#8220;Section&#8220; module_class=&#8220;grizzly__section&#8220; _builder_version=&#8220;4.15.0&#8243; _module_preset=&#8220;default&#8220; bottom_divider_style=&#8220;curve2&#8243; bottom_divider_color=&#8220;#ffffff&#8220; global_colors_info=&#8220;{}&#8220;][et_pb_fullwidth_header title=&#8220;Dressur-Arena Kunststoff&#8220; subhead=&#8220;Sie interessieren sich f\u00fcr unsere Produkte?&#8220; text_orientation=&#8220;center&#8220; button_one_text=&#8220;Fordern Sie ein Angebot an!&#8220; button_one_url=&#8220;https:\/\/heritage-products.nl\/de\/angebot-anfragen.html&#8220; _builder_version=&#8220;4.15.0&#8243; _module_preset=&#8220;default&#8220; title_font=&#8220;Arvo||||||||&#8220; title_font_size=&#8220;50px&#8220; content_font=&#8220;||||||||&#8220; subhead_font=&#8220;Arvo||||||||&#8220; subhead_text_color=&#8220;#FFFFFF&#8220; subhead_font_size=&#8220;20px&#8220; background_image=&#8220;https:\/\/heritage-products.nl\/wp-content\/uploads\/2015\/09\/HK-2016-2.jpg&#8220; parallax=&#8220;on&#8220; hover_enabled=&#8220;0&#8243; global_colors_info=&#8220;{}&#8220; alt=&#8220;Dressuur | Heritage Products B.V.&#8220; title_text=&#8220;HK-2016-2&#8243; sticky_enabled=&#8220;0&#8243;][\/et_pb_fullwidth_header][\/et_pb_section][et_pb_section fb_built=&#8220;1&#8243; _builder_version=&#8220;4.15.0&#8243; _module_preset=&#8220;default&#8220; global_colors_info=&#8220;{}&#8220;][et_pb_row column_structure=&#8220;1_3,1_3,1_3&#8243; _builder_version=&#8220;4.15.0&#8243; _module_preset=&#8220;default&#8220; global_colors_info=&#8220;{}&#8220;][et_pb_column type=&#8220;1_3&#8243; _builder_version=&#8220;4.15.0&#8243; _module_preset=&#8220;default&#8220; global_colors_info=&#8220;{}&#8220;][et_pb_text _builder_version=&#8220;4.15.0&#8243; _module_preset=&#8220;default&#8220; text_font_size=&#8220;16px&#8220; global_colors_info=&#8220;{}&#8220;]<\/p>\n<p style=\"text-align: center;\"><strong><span class=\"Y2IQFc\" lang=\"de\">\u2714 pflegeleicht<\/span><\/strong><\/p>\n<p>[\/et_pb_text][\/et_pb_column][et_pb_column type=&#8220;1_3&#8243; _builder_version=&#8220;4.15.0&#8243; _module_preset=&#8220;default&#8220; global_colors_info=&#8220;{}&#8220;][et_pb_text _builder_version=&#8220;4.15.0&#8243; _module_preset=&#8220;default&#8220; text_font_size=&#8220;16px&#8220; global_colors_info=&#8220;{}&#8220;]<\/p>\n<p style=\"text-align: center;\"><strong><span class=\"Y2IQFc\" lang=\"de\">\u2714 autorisierter Fachh\u00e4ndler<\/span><\/strong><\/p>\n<p>[\/et_pb_text][\/et_pb_column][et_pb_column type=&#8220;1_3&#8243; _builder_version=&#8220;4.15.0&#8243; _module_preset=&#8220;default&#8220; global_colors_info=&#8220;{}&#8220;][et_pb_text _builder_version=&#8220;4.15.0&#8243; _module_preset=&#8220;default&#8220; text_font_size=&#8220;16px&#8220; global_colors_info=&#8220;{}&#8220;]<\/p>\n<p style=\"text-align: center;\"><strong><span class=\"Y2IQFc\" lang=\"de\">\u2714 <\/span><span class=\"Y2IQFc\" lang=\"de\">Sicher und nachhaltig<\/span><\/strong><\/p>\n<p>[\/et_pb_text][\/et_pb_column][\/et_pb_row][et_pb_row _builder_version=&#8220;4.15.0&#8243; _module_preset=&#8220;default&#8220; global_colors_info=&#8220;{}&#8220;][et_pb_column type=&#8220;4_4&#8243; _builder_version=&#8220;4.15.0&#8243; _module_preset=&#8220;default&#8220; global_colors_info=&#8220;{}&#8220;][et_pb_text _builder_version=&#8220;4.15.0&#8243; _module_preset=&#8220;default&#8220; global_colors_info=&#8220;{}&#8220;]<\/p>\n<p>Eine Dressur-Arena aus Kunststoff, wie sie bei dem niederl\u00e4ndischen Reitsport-Spezialisten Heritage Products erh\u00e4ltlich ist, wird auch den h\u00f6chsten Anspr\u00fcchen von Reitsportlern und Turnierveranstaltern im Hinblick auf Funktionalit\u00e4t und \u00c4sthetik gerecht. Bei Heritage Products erhalten Sie feste Dressurplatzeinfassungen wie auch Turniereinfassungen mit Kegeln. Aus gutem Grund verleihen die Dressur-Arenen aus Kunststoff von Heritage Products auch zahlreichen internationalen Dressurdarbietungen den angemessenen Rahmen.<\/p>\n<p>[\/et_pb_text][\/et_pb_column][\/et_pb_row][\/et_pb_section][et_pb_section fb_built=&#8220;1&#8243; _builder_version=&#8220;4.15.0&#8243; _module_preset=&#8220;default&#8220; background_color=&#8220;#dd3333&#8243; global_colors_info=&#8220;{}&#8220;][et_pb_row column_structure=&#8220;1_2,1_2&#8243; _builder_version=&#8220;4.15.0&#8243; _module_preset=&#8220;default&#8220; global_colors_info=&#8220;{}&#8220;][et_pb_column type=&#8220;1_2&#8243; _builder_version=&#8220;4.15.0&#8243; _module_preset=&#8220;default&#8220; global_colors_info=&#8220;{}&#8220;][et_pb_text _builder_version=&#8220;4.15.0&#8243; _module_preset=&#8220;default&#8220; text_text_color=&#8220;#FFFFFF&#8220; global_colors_info=&#8220;{}&#8220;]<\/p>\n<h2 style=\"color: #fff;\">Unsere Dressur-Arena aus Kunststoff bietet einen passender Rahmen f\u00fcr den edlen Sport<\/h2>\n<p>Eine Dressur-Arena aus Kunststoff, wie sie bei Heritage Products erh\u00e4tlich ist, ist \u00e4u\u00dferst witterungsbest\u00e4ndig und sie beh\u00e4lt auch nach langj\u00e4hriger Nutzung ihre kennzeichnende makellose Ausstrahlung. Deshalb gew\u00e4hrt Heritage Products eine 20-j\u00e4hrige Garantie auf die Haltbarkeit des Materials.<\/p>\n<p>[\/et_pb_text][\/et_pb_column][et_pb_column type=&#8220;1_2&#8243; _builder_version=&#8220;4.15.0&#8243; _module_preset=&#8220;default&#8220; global_colors_info=&#8220;{}&#8220;][et_pb_image src=&#8220;https:\/\/heritage-products.nl\/wp-content\/uploads\/2021\/10\/DSC1139-1-4.jpg&#8220; alt=&#8220;Dressuur-arena | Heritage Products B.V.&#8220; title_text=&#8220;_DSC1139-1&#8243; align=&#8220;right&#8220; _builder_version=&#8220;4.15.0&#8243; _module_preset=&#8220;default&#8220; global_colors_info=&#8220;{}&#8220;][\/et_pb_image][\/et_pb_column][\/et_pb_row][\/et_pb_section][et_pb_section fb_built=&#8220;1&#8243; _builder_version=&#8220;4.15.0&#8243; _module_preset=&#8220;default&#8220; global_colors_info=&#8220;{}&#8220;][et_pb_row column_structure=&#8220;1_2,1_2&#8243; _builder_version=&#8220;4.15.0&#8243; _module_preset=&#8220;default&#8220; global_colors_info=&#8220;{}&#8220;][et_pb_column type=&#8220;1_2&#8243; _builder_version=&#8220;4.15.0&#8243; _module_preset=&#8220;default&#8220; global_colors_info=&#8220;{}&#8220;][et_pb_image src=&#8220;https:\/\/heritage-products.nl\/wp-content\/uploads\/2020\/12\/TIM_1046.jpg&#8220; alt=&#8220;Dressuur-arena | Heritage Products B.V.&#8220; title_text=&#8220;TIM_1046&#8243; _builder_version=&#8220;4.15.0&#8243; _module_preset=&#8220;default&#8220; global_colors_info=&#8220;{}&#8220;][\/et_pb_image][\/et_pb_column][et_pb_column type=&#8220;1_2&#8243; _builder_version=&#8220;4.15.0&#8243; _module_preset=&#8220;default&#8220; global_colors_info=&#8220;{}&#8220;][et_pb_text _builder_version=&#8220;4.15.0&#8243; _module_preset=&#8220;default&#8220; global_colors_info=&#8220;{}&#8220;]<\/p>\n<h2>Die Vorteile einer Dressur-Kunststoffarena im \u00dcberblick:<\/h2>\n<ul>\n<li>pflegeleicht<\/li>\n<li>stilvolle Ausstrahlung<\/li>\n<li>lange Lebensdauer<\/li>\n<\/ul>\n<p>Die hochwertigen <a href=\"https:\/\/heritage-products.nl\/de\/dressur.html\" style=\"text-decoration:underline;\">Dressurplatzeinfassungen<\/a>\u00a0von Heritage Products werden Ihnen deshalb bestimmt \u00fcber viele Jahre hinweg Freude bereiten.[\/et_pb_text][\/et_pb_column][\/et_pb_row][\/et_pb_section][et_pb_section fb_built=&#8220;1&#8243; _builder_version=&#8220;4.15.0&#8243; _module_preset=&#8220;default&#8220; background_color=&#8220;#dd3333&#8243; global_colors_info=&#8220;{}&#8220;][et_pb_row column_structure=&#8220;1_2,1_2&#8243; _builder_version=&#8220;4.15.0&#8243; _module_preset=&#8220;default&#8220; global_colors_info=&#8220;{}&#8220;][et_pb_column type=&#8220;1_2&#8243; _builder_version=&#8220;4.15.0&#8243; _module_preset=&#8220;default&#8220; global_colors_info=&#8220;{}&#8220;][et_pb_text _builder_version=&#8220;4.15.0&#8243; _module_preset=&#8220;default&#8220; text_text_color=&#8220;#FFFFFF&#8220; global_colors_info=&#8220;{}&#8220;]<\/p>\n<h3 style=\"color: #fff;\">Lassen Sie sich fachkundig beraten<\/h3>\n<p>Am besten nehmen Sie gleich Kontakt zu einem unserer <a href=\"https:\/\/heritage-products.nl\/de\/dealers.html\" style=\"color:#fff; text-decoration:underline;\">Fachh\u00e4ndler<\/a>\u00a0auf. Sie stellen Ihnen gerne unser Sortiment vor, das aus<\/p>\n<ul>\n<li><a href=\"https:\/\/heritage-products.nl\/de\/dressur\/feste-dressurabgrenzung.html\" style=\"color:#fff; text-decoration:underline;\">festen Abgrenzungen f\u00fcr Dressurvierecke<\/a><\/li>\n<li><a href=\"https:\/\/heritage-products.nl\/de\/dressur\/kegelpiste.html\" style=\"color:#fff; text-decoration:underline;\">mobilen Einfassungen f\u00fcr Dressurpl\u00e4tze<\/a><\/li>\n<\/ul>\n<p>besteht. Sie beraten au\u00dferdem auch gerne im Hinblick auf die spezifischen Produkteigenschaften und die Montage einer Dressur-Arena aus Kunststoff.<\/p>\n<p>Selbstverst\u00e4ndlich d\u00fcrfen Sie sich auch gerne telefonisch unter <a href=\"tel:0031485575920\" style=\"color:#fff; text-decoration:underline;\">+31 (0)485-575920<\/a> oder per E-Mail direkt an Heritage Products wenden. Wir freuen uns auf Ihre Nachricht![\/et_pb_text][\/et_pb_column][et_pb_column type=&#8220;1_2&#8243; _builder_version=&#8220;4.15.0&#8243; _module_preset=&#8220;default&#8220; global_colors_info=&#8220;{}&#8220;][et_pb_image src=&#8220;https:\/\/heritage-products.nl\/wp-content\/uploads\/2016\/03\/DSC_2813fb.jpg&#8220; alt=&#8220;Stal met paard | Heritage Products B.V.&#8220; title_text=&#8220;DSC_2813fb&#8220; _builder_version=&#8220;4.15.0&#8243; _module_preset=&#8220;default&#8220; global_colors_info=&#8220;{}&#8220;][\/et_pb_image][\/et_pb_column][\/et_pb_row][\/et_pb_section]<\/p>\n","protected":false},"excerpt":{"rendered":"<p>\u2714 pflegeleicht\u2714 autorisierter Fachh\u00e4ndler\u2714 Sicher und nachhaltigEine Dressur-Arena aus Kunststoff, wie sie bei dem niederl\u00e4ndischen Reitsport-Spezialisten Heritage Products erh\u00e4ltlich ist, wird auch den h\u00f6chsten Anspr\u00fcchen von Reitsportlern und Turnierveranstaltern im Hinblick auf Funktionalit\u00e4t und \u00c4sthetik gerecht. Bei Heritage Products erhalten Sie feste Dressurplatzeinfassungen wie auch Turniereinfassungen mit Kegeln. Aus gutem Grund verleihen die Dressur-Arenen aus [&hellip;]<\/p>\n","protected":false},"author":3,"featured_media":0,"parent":0,"menu_order":0,"comment_status":"closed","ping_status":"closed","template":"","meta":{"_acf_changed":false,"_et_pb_use_builder":"on","_et_pb_old_content":"","_et_gb_content_width":"","footnotes":""},"class_list":["post-4203","page","type-page","status-publish","hentry"],"acf":[],"yoast_head":"<!-- This site is optimized with the Yoast SEO plugin v26.4 - https:\/\/yoast.com\/wordpress\/plugins\/seo\/ -->\n<title>Dressur-Arena Kunststoff - Heritage Products<\/title>\n<meta name=\"description\" content=\"Dressur-Arena Kunststoff \u2713 pflegeleicht &amp; sehr repr\u00e4sentativ \u2713 mobile &amp; feste Dressurplatzeinfassung \u2713 stilvolle Buchstabenkegel.\" \/>\n<meta name=\"robots\" content=\"index, follow, max-snippet:-1, max-image-preview:large, max-video-preview:-1\" \/>\n<link rel=\"canonical\" href=\"https:\/\/heritage-products.nl\/de\/dressur-arena-kunststoff.html\" \/>\n<meta property=\"og:locale\" content=\"de_DE\" \/>\n<meta property=\"og:type\" content=\"article\" \/>\n<meta property=\"og:title\" content=\"Dressur-Arena Kunststoff - Heritage Products\" \/>\n<meta property=\"og:description\" content=\"Dressur-Arena Kunststoff \u2713 pflegeleicht &amp; sehr repr\u00e4sentativ \u2713 mobile &amp; feste Dressurplatzeinfassung \u2713 stilvolle Buchstabenkegel.\" \/>\n<meta property=\"og:url\" content=\"https:\/\/heritage-products.nl\/de\/dressur-arena-kunststoff.html\" \/>\n<meta property=\"og:site_name\" content=\"Heritage Products\" \/>\n<meta property=\"article:modified_time\" content=\"2022-07-25T14:56:55+00:00\" \/>\n<meta name=\"twitter:card\" content=\"summary_large_image\" \/>\n<meta name=\"twitter:label1\" content=\"Est. reading time\" \/>\n\t<meta name=\"twitter:data1\" content=\"2 Minuten\" \/>\n<script type=\"application\/ld+json\" class=\"yoast-schema-graph\">{\"@context\":\"https:\/\/schema.org\",\"@graph\":[{\"@type\":\"WebPage\",\"@id\":\"https:\/\/heritage-products.nl\/de\/dressur-arena-kunststoff.html\",\"url\":\"https:\/\/heritage-products.nl\/de\/dressur-arena-kunststoff.html\",\"name\":\"Dressur-Arena Kunststoff - Heritage Products\",\"isPartOf\":{\"@id\":\"https:\/\/heritage-products.nl\/#website\"},\"datePublished\":\"2022-07-18T10:51:57+00:00\",\"dateModified\":\"2022-07-25T14:56:55+00:00\",\"description\":\"Dressur-Arena Kunststoff \u2713 pflegeleicht & sehr repr\u00e4sentativ \u2713 mobile & feste Dressurplatzeinfassung \u2713 stilvolle Buchstabenkegel.\",\"breadcrumb\":{\"@id\":\"https:\/\/heritage-products.nl\/de\/dressur-arena-kunststoff.html#breadcrumb\"},\"inLanguage\":\"de-DE\",\"potentialAction\":[{\"@type\":\"ReadAction\",\"target\":[\"https:\/\/heritage-products.nl\/de\/dressur-arena-kunststoff.html\"]}]},{\"@type\":\"BreadcrumbList\",\"@id\":\"https:\/\/heritage-products.nl\/de\/dressur-arena-kunststoff.html#breadcrumb\",\"itemListElement\":[{\"@type\":\"ListItem\",\"position\":1,\"name\":\"Home\",\"item\":\"https:\/\/heritage-products.nl\/de\"},{\"@type\":\"ListItem\",\"position\":2,\"name\":\"Dressur-Arena Kunststoff\"}]},{\"@type\":\"WebSite\",\"@id\":\"https:\/\/heritage-products.nl\/#website\",\"url\":\"https:\/\/heritage-products.nl\/\",\"name\":\"Heritage Products\",\"description\":\"\",\"potentialAction\":[{\"@type\":\"SearchAction\",\"target\":{\"@type\":\"EntryPoint\",\"urlTemplate\":\"https:\/\/heritage-products.nl\/?s={search_term_string}\"},\"query-input\":{\"@type\":\"PropertyValueSpecification\",\"valueRequired\":true,\"valueName\":\"search_term_string\"}}],\"inLanguage\":\"de-DE\"}]}<\/script>\n<!-- \/ Yoast SEO plugin. -->","yoast_head_json":{"title":"Dressur-Arena Kunststoff - Heritage Products","description":"Dressur-Arena Kunststoff \u2713 pflegeleicht & sehr repr\u00e4sentativ \u2713 mobile & feste Dressurplatzeinfassung \u2713 stilvolle Buchstabenkegel.","robots":{"index":"index","follow":"follow","max-snippet":"max-snippet:-1","max-image-preview":"max-image-preview:large","max-video-preview":"max-video-preview:-1"},"canonical":"https:\/\/heritage-products.nl\/de\/dressur-arena-kunststoff.html","og_locale":"de_DE","og_type":"article","og_title":"Dressur-Arena Kunststoff - Heritage Products","og_description":"Dressur-Arena Kunststoff \u2713 pflegeleicht & sehr repr\u00e4sentativ \u2713 mobile & feste Dressurplatzeinfassung \u2713 stilvolle Buchstabenkegel.","og_url":"https:\/\/heritage-products.nl\/de\/dressur-arena-kunststoff.html","og_site_name":"Heritage Products","article_modified_time":"2022-07-25T14:56:55+00:00","twitter_card":"summary_large_image","twitter_misc":{"Est. reading time":"2 Minuten"},"schema":{"@context":"https:\/\/schema.org","@graph":[{"@type":"WebPage","@id":"https:\/\/heritage-products.nl\/de\/dressur-arena-kunststoff.html","url":"https:\/\/heritage-products.nl\/de\/dressur-arena-kunststoff.html","name":"Dressur-Arena Kunststoff - Heritage Products","isPartOf":{"@id":"https:\/\/heritage-products.nl\/#website"},"datePublished":"2022-07-18T10:51:57+00:00","dateModified":"2022-07-25T14:56:55+00:00","description":"Dressur-Arena Kunststoff \u2713 pflegeleicht & sehr repr\u00e4sentativ \u2713 mobile & feste Dressurplatzeinfassung \u2713 stilvolle Buchstabenkegel.","breadcrumb":{"@id":"https:\/\/heritage-products.nl\/de\/dressur-arena-kunststoff.html#breadcrumb"},"inLanguage":"de-DE","potentialAction":[{"@type":"ReadAction","target":["https:\/\/heritage-products.nl\/de\/dressur-arena-kunststoff.html"]}]},{"@type":"BreadcrumbList","@id":"https:\/\/heritage-products.nl\/de\/dressur-arena-kunststoff.html#breadcrumb","itemListElement":[{"@type":"ListItem","position":1,"name":"Home","item":"https:\/\/heritage-products.nl\/de"},{"@type":"ListItem","position":2,"name":"Dressur-Arena Kunststoff"}]},{"@type":"WebSite","@id":"https:\/\/heritage-products.nl\/#website","url":"https:\/\/heritage-products.nl\/","name":"Heritage Products","description":"","potentialAction":[{"@type":"SearchAction","target":{"@type":"EntryPoint","urlTemplate":"https:\/\/heritage-products.nl\/?s={search_term_string}"},"query-input":{"@type":"PropertyValueSpecification","valueRequired":true,"valueName":"search_term_string"}}],"inLanguage":"de-DE"}]}},"_links":{"self":[{"href":"https:\/\/heritage-products.nl\/de\/wp-json\/wp\/v2\/pages\/4203","targetHints":{"allow":["GET"]}}],"collection":[{"href":"https:\/\/heritage-products.nl\/de\/wp-json\/wp\/v2\/pages"}],"about":[{"href":"https:\/\/heritage-products.nl\/de\/wp-json\/wp\/v2\/types\/page"}],"author":[{"embeddable":true,"href":"https:\/\/heritage-products.nl\/de\/wp-json\/wp\/v2\/users\/3"}],"replies":[{"embeddable":true,"href":"https:\/\/heritage-products.nl\/de\/wp-json\/wp\/v2\/comments?post=4203"}],"version-history":[{"count":7,"href":"https:\/\/heritage-products.nl\/de\/wp-json\/wp\/v2\/pages\/4203\/revisions"}],"predecessor-version":[{"id":4551,"href":"https:\/\/heritage-products.nl\/de\/wp-json\/wp\/v2\/pages\/4203\/revisions\/4551"}],"wp:attachment":[{"href":"https:\/\/heritage-products.nl\/de\/wp-json\/wp\/v2\/media?parent=4203"}],"curies":[{"name":"wp","href":"https:\/\/api.w.org\/{rel}","templated":true}]}}