{"id":4228,"date":"2022-07-18T11:47:18","date_gmt":"2022-07-18T11:47:18","guid":{"rendered":"https:\/\/heritage-products.nl\/?page_id=4228"},"modified":"2022-07-25T14:54:54","modified_gmt":"2022-07-25T14:54:54","slug":"dressurkegel-kunststoff","status":"publish","type":"page","link":"https:\/\/heritage-products.nl\/de\/dressurkegel-kunststoff.html","title":{"rendered":"Dressurkegel Kunststoff"},"content":{"rendered":"<p>[et_pb_section fb_built=&#8220;1&#8243; fullwidth=&#8220;on&#8220; admin_label=&#8220;Section&#8220; module_class=&#8220;grizzly__section&#8220; _builder_version=&#8220;4.15.0&#8243; _module_preset=&#8220;default&#8220; bottom_divider_style=&#8220;curve2&#8243; bottom_divider_color=&#8220;#ffffff&#8220; global_colors_info=&#8220;{}&#8220;][et_pb_fullwidth_header title=&#8220;Dressurkegel Kunststoff&#8220; subhead=&#8220;Sie interessieren sich f\u00fcr unsere Produkte?&#8220; text_orientation=&#8220;center&#8220; button_one_text=&#8220;Fordern Sie ein Angebot an!&#8220; button_one_url=&#8220;https:\/\/heritage-products.nl\/de\/angebot-anfragen.html&#8220; _builder_version=&#8220;4.15.0&#8243; _module_preset=&#8220;default&#8220; title_font=&#8220;Arvo||||||||&#8220; title_font_size=&#8220;50px&#8220; content_font=&#8220;||||||||&#8220; subhead_font=&#8220;Arvo||||||||&#8220; subhead_text_color=&#8220;#FFFFFF&#8220; subhead_font_size=&#8220;20px&#8220; background_image=&#8220;https:\/\/heritage-products.nl\/wp-content\/uploads\/2015\/09\/HK-2016-2.jpg&#8220; parallax=&#8220;on&#8220; hover_enabled=&#8220;0&#8243; global_colors_info=&#8220;{}&#8220; alt=&#8220;Dressuur | Heritage Products B.V.&#8220; title_text=&#8220;HK-2016-2&#8243; sticky_enabled=&#8220;0&#8243;][\/et_pb_fullwidth_header][\/et_pb_section][et_pb_section fb_built=&#8220;1&#8243; _builder_version=&#8220;4.15.0&#8243; _module_preset=&#8220;default&#8220; global_colors_info=&#8220;{}&#8220;][et_pb_row column_structure=&#8220;1_3,1_3,1_3&#8243; _builder_version=&#8220;4.15.0&#8243; _module_preset=&#8220;default&#8220; global_colors_info=&#8220;{}&#8220;][et_pb_column type=&#8220;1_3&#8243; _builder_version=&#8220;4.15.0&#8243; _module_preset=&#8220;default&#8220; global_colors_info=&#8220;{}&#8220;][et_pb_text _builder_version=&#8220;4.15.0&#8243; _module_preset=&#8220;default&#8220; text_font_size=&#8220;16px&#8220; global_colors_info=&#8220;{}&#8220;]<\/p>\n<p style=\"text-align: center;\"><strong><span class=\"Y2IQFc\" lang=\"de\">\u2714 pflegeleicht<\/span><\/strong><\/p>\n<p>[\/et_pb_text][\/et_pb_column][et_pb_column type=&#8220;1_3&#8243; _builder_version=&#8220;4.15.0&#8243; _module_preset=&#8220;default&#8220; global_colors_info=&#8220;{}&#8220;][et_pb_text _builder_version=&#8220;4.15.0&#8243; _module_preset=&#8220;default&#8220; text_font_size=&#8220;16px&#8220; global_colors_info=&#8220;{}&#8220;]<\/p>\n<p style=\"text-align: center;\"><strong><span class=\"Y2IQFc\" lang=\"de\">\u2714 autorisierter Fachh\u00e4ndler<\/span><\/strong><\/p>\n<p>[\/et_pb_text][\/et_pb_column][et_pb_column type=&#8220;1_3&#8243; _builder_version=&#8220;4.15.0&#8243; _module_preset=&#8220;default&#8220; global_colors_info=&#8220;{}&#8220;][et_pb_text _builder_version=&#8220;4.15.0&#8243; _module_preset=&#8220;default&#8220; text_font_size=&#8220;16px&#8220; global_colors_info=&#8220;{}&#8220;]<\/p>\n<p style=\"text-align: center;\"><strong><span class=\"Y2IQFc\" lang=\"de\">\u2714 <\/span><span class=\"Y2IQFc\" lang=\"de\">Sicher und nachhaltig<\/span><\/strong><\/p>\n<p>[\/et_pb_text][\/et_pb_column][\/et_pb_row][et_pb_row _builder_version=&#8220;4.15.0&#8243; _module_preset=&#8220;default&#8220; global_colors_info=&#8220;{}&#8220;][et_pb_column type=&#8220;4_4&#8243; _builder_version=&#8220;4.15.0&#8243; _module_preset=&#8220;default&#8220; global_colors_info=&#8220;{}&#8220;][et_pb_text _builder_version=&#8220;4.15.0&#8243; _module_preset=&#8220;default&#8220; global_colors_info=&#8220;{}&#8220;]<\/p>\n<p>Die hochwertigen Dressurkegel aus Kunststoff, wie sie von dem niederl\u00e4ndischen Spezialisten f\u00fcr den Reitsport und die Pferdehaltung Heritage Products zu sehr erschwinglichen Preisen angeboten werden, bilden eine \u00e4u\u00dferst stilvolle Dressurplatzeinfassung und sie lassen sich gleichzeitig m\u00fchelos auf- und abbauen. Aus gutem Grund verleihen diese Kegel auch internationalen Dressurpr\u00fcfungen den richtigen Rahmen.<\/p>\n<p>[\/et_pb_text][\/et_pb_column][\/et_pb_row][\/et_pb_section][et_pb_section fb_built=&#8220;1&#8243; _builder_version=&#8220;4.15.0&#8243; _module_preset=&#8220;default&#8220; background_color=&#8220;#dd3333&#8243; global_colors_info=&#8220;{}&#8220;][et_pb_row column_structure=&#8220;1_2,1_2&#8243; _builder_version=&#8220;4.15.0&#8243; _module_preset=&#8220;default&#8220; global_colors_info=&#8220;{}&#8220;][et_pb_column type=&#8220;1_2&#8243; _builder_version=&#8220;4.15.0&#8243; _module_preset=&#8220;default&#8220; global_colors_info=&#8220;{}&#8220;][et_pb_text _builder_version=&#8220;4.15.0&#8243; _module_preset=&#8220;default&#8220; text_text_color=&#8220;#FFFFFF&#8220; global_colors_info=&#8220;{}&#8220;]<\/p>\n<h2 style=\"color: #fff;\">Repr\u00e4sentative Ausstrahlung &amp; m\u00fchelose Handhabung der Dressurkegel aus Kunststoff<\/h2>\n<p>Die Dressurkegel aus Kunststoff werden in der Regel mit 4 Meter langen Querriegeln kombiniert, die ganz einfach auf den Boden gestellt werden. Die Kunststoff-Dressurkegel wie auch die Querriegel bestehen aus dauerhaftem, glattem Material, das weder fault noch bl\u00e4ttert und sich sehr leicht reinigen l\u00e4sst.<\/p>\n<p>Bei Heritage Products haben Sie die Wahl aus verschiedenen Dressurplatzeinfassungen f\u00fcr unterschiedliche Zwecke:<\/p>\n<ul>\n<li><a href=\"https:\/\/heritage-products.nl\/de\/dressur\/feste-dressurabgrenzung.html\" style=\"color: #fff; text-decoration:underline;\">feste Dressurplatzeinfassung<\/a><\/li>\n<li><a href=\"https:\/\/heritage-products.nl\/de\/dressur\/kegelpiste.html\"  style=\"color: #fff; text-decoration:underline;\">mobile Dressurplatzeinfassung<\/a><\/li>\n<li>Turnierabgrenzung<\/li>\n<li><a href=\"https:\/\/heritage-products.nl\/de\/dressur\/zubehoer-dressur.html\" style=\"color: #fff; text-decoration:underline;\">Buchstabenkegel<\/a><\/li>\n<\/ul>\n<p>Aus allen M\u00f6glichkeiten spricht die Leidenschaft f\u00fcr Pferde, wie sie bei dem innovativen Fachunternehmen Heritage Products vorhanden ist.[\/et_pb_text][\/et_pb_column][et_pb_column type=&#8220;1_2&#8243; _builder_version=&#8220;4.15.0&#8243; _module_preset=&#8220;default&#8220; global_colors_info=&#8220;{}&#8220;][et_pb_image src=&#8220;https:\/\/heritage-products.nl\/wp-content\/uploads\/2021\/10\/VDK.jpg&#8220; alt=&#8220;Dressuur kegel kunstoff | Heritage Products B.V.&#8220; title_text=&#8220;VDK&#8220; align=&#8220;right&#8220; _builder_version=&#8220;4.15.0&#8243; _module_preset=&#8220;default&#8220; global_colors_info=&#8220;{}&#8220;][\/et_pb_image][\/et_pb_column][\/et_pb_row][\/et_pb_section][et_pb_section fb_built=&#8220;1&#8243; _builder_version=&#8220;4.15.0&#8243; _module_preset=&#8220;default&#8220; global_colors_info=&#8220;{}&#8220;][et_pb_row column_structure=&#8220;1_2,1_2&#8243; _builder_version=&#8220;4.15.0&#8243; _module_preset=&#8220;default&#8220; global_colors_info=&#8220;{}&#8220;][et_pb_column type=&#8220;1_2&#8243; _builder_version=&#8220;4.15.0&#8243; _module_preset=&#8220;default&#8220; global_colors_info=&#8220;{}&#8220;][et_pb_image src=&#8220;https:\/\/heritage-products.nl\/wp-content\/uploads\/2016\/03\/DSC_2813fb.jpg&#8220; alt=&#8220;Stal met paard | Heritage Products B.V.&#8220; title_text=&#8220;DSC_2813fb&#8220; _builder_version=&#8220;4.15.0&#8243; _module_preset=&#8220;default&#8220; global_colors_info=&#8220;{}&#8220;][\/et_pb_image][\/et_pb_column][et_pb_column type=&#8220;1_2&#8243; _builder_version=&#8220;4.15.0&#8243; _module_preset=&#8220;default&#8220; global_colors_info=&#8220;{}&#8220;][et_pb_text _builder_version=&#8220;4.15.0&#8243; _module_preset=&#8220;default&#8220; global_colors_info=&#8220;{}&#8220;]<\/p>\n<h3>Lassen Sie sich von einem unserer Fachh\u00e4ndler beraten<\/h3>\n<p>Am besten setzen Sie sich gleich mit einem unserer <a href=\"https:\/\/heritage-products.nl\/de\/dealers.html\" style=\"text-decoration:underline;\">Fachh\u00e4ndler<\/a> in Verbindung, damit er Sie im Hinblick auf unser <a href=\"https:\/\/heritage-products.nl\/de\/dressur.html\"  style=\"text-decoration:underline;\">Dressursportzubeh\u00f6r<\/a>, wie die Dressurkegel aus Kunststoff oder eines unserer anderen Produkte kompetent und ausf\u00fchrlich beraten kann. Selbstverst\u00e4ndlich stehen Ihnen auch die Mitarbeiter von Heritage Products selbst gerne telefonisch unter <a href=\"tel:0031485575920\"  style=\"text-decoration:underline;\">+31 (0)485-575920<\/a> oder per E-Mail zur Verf\u00fcgung.[\/et_pb_text][\/et_pb_column][\/et_pb_row][\/et_pb_section]<\/p>\n","protected":false},"excerpt":{"rendered":"<p>\u2714 pflegeleicht\u2714 autorisierter Fachh\u00e4ndler\u2714 Sicher und nachhaltigDie hochwertigen Dressurkegel aus Kunststoff, wie sie von dem niederl\u00e4ndischen Spezialisten f\u00fcr den Reitsport und die Pferdehaltung Heritage Products zu sehr erschwinglichen Preisen angeboten werden, bilden eine \u00e4u\u00dferst stilvolle Dressurplatzeinfassung und sie lassen sich gleichzeitig m\u00fchelos auf- und abbauen. Aus gutem Grund verleihen diese Kegel auch internationalen Dressurpr\u00fcfungen den [&hellip;]<\/p>\n","protected":false},"author":3,"featured_media":0,"parent":0,"menu_order":0,"comment_status":"closed","ping_status":"closed","template":"","meta":{"_acf_changed":false,"_et_pb_use_builder":"on","_et_pb_old_content":"","_et_gb_content_width":"","footnotes":""},"class_list":["post-4228","page","type-page","status-publish","hentry"],"acf":[],"yoast_head":"<!-- This site is optimized with the Yoast SEO plugin v26.4 - https:\/\/yoast.com\/wordpress\/plugins\/seo\/ -->\n<title>Dressurkegel Kunststoff - Heritage Products<\/title>\n<meta name=\"description\" content=\"Dressurkegel Kunststoff \u2713 geringer Aufwand gro\u00dfe Wirkung \u2713 stilvolle Dressurplatzeinfassung \u2713 Buchstabenkegel in sch\u00f6nem Design.\" \/>\n<meta name=\"robots\" content=\"index, follow, max-snippet:-1, max-image-preview:large, max-video-preview:-1\" \/>\n<link rel=\"canonical\" href=\"https:\/\/heritage-products.nl\/de\/dressurkegel-kunststoff.html\" \/>\n<meta property=\"og:locale\" content=\"de_DE\" \/>\n<meta property=\"og:type\" content=\"article\" \/>\n<meta property=\"og:title\" content=\"Dressurkegel Kunststoff - Heritage Products\" \/>\n<meta property=\"og:description\" content=\"Dressurkegel Kunststoff \u2713 geringer Aufwand gro\u00dfe Wirkung \u2713 stilvolle Dressurplatzeinfassung \u2713 Buchstabenkegel in sch\u00f6nem Design.\" \/>\n<meta property=\"og:url\" content=\"https:\/\/heritage-products.nl\/de\/dressurkegel-kunststoff.html\" \/>\n<meta property=\"og:site_name\" content=\"Heritage Products\" \/>\n<meta property=\"article:modified_time\" content=\"2022-07-25T14:54:54+00:00\" \/>\n<meta name=\"twitter:card\" content=\"summary_large_image\" \/>\n<meta name=\"twitter:label1\" content=\"Est. reading time\" \/>\n\t<meta name=\"twitter:data1\" content=\"2 Minuten\" \/>\n<script type=\"application\/ld+json\" class=\"yoast-schema-graph\">{\"@context\":\"https:\/\/schema.org\",\"@graph\":[{\"@type\":\"WebPage\",\"@id\":\"https:\/\/heritage-products.nl\/de\/dressurkegel-kunststoff.html\",\"url\":\"https:\/\/heritage-products.nl\/de\/dressurkegel-kunststoff.html\",\"name\":\"Dressurkegel Kunststoff - Heritage Products\",\"isPartOf\":{\"@id\":\"https:\/\/heritage-products.nl\/#website\"},\"datePublished\":\"2022-07-18T11:47:18+00:00\",\"dateModified\":\"2022-07-25T14:54:54+00:00\",\"description\":\"Dressurkegel Kunststoff \u2713 geringer Aufwand gro\u00dfe Wirkung \u2713 stilvolle Dressurplatzeinfassung \u2713 Buchstabenkegel in sch\u00f6nem Design.\",\"breadcrumb\":{\"@id\":\"https:\/\/heritage-products.nl\/de\/dressurkegel-kunststoff.html#breadcrumb\"},\"inLanguage\":\"de-DE\",\"potentialAction\":[{\"@type\":\"ReadAction\",\"target\":[\"https:\/\/heritage-products.nl\/de\/dressurkegel-kunststoff.html\"]}]},{\"@type\":\"BreadcrumbList\",\"@id\":\"https:\/\/heritage-products.nl\/de\/dressurkegel-kunststoff.html#breadcrumb\",\"itemListElement\":[{\"@type\":\"ListItem\",\"position\":1,\"name\":\"Home\",\"item\":\"https:\/\/heritage-products.nl\/de\"},{\"@type\":\"ListItem\",\"position\":2,\"name\":\"Dressurkegel Kunststoff\"}]},{\"@type\":\"WebSite\",\"@id\":\"https:\/\/heritage-products.nl\/#website\",\"url\":\"https:\/\/heritage-products.nl\/\",\"name\":\"Heritage Products\",\"description\":\"\",\"potentialAction\":[{\"@type\":\"SearchAction\",\"target\":{\"@type\":\"EntryPoint\",\"urlTemplate\":\"https:\/\/heritage-products.nl\/?s={search_term_string}\"},\"query-input\":{\"@type\":\"PropertyValueSpecification\",\"valueRequired\":true,\"valueName\":\"search_term_string\"}}],\"inLanguage\":\"de-DE\"}]}<\/script>\n<!-- \/ Yoast SEO plugin. -->","yoast_head_json":{"title":"Dressurkegel Kunststoff - Heritage Products","description":"Dressurkegel Kunststoff \u2713 geringer Aufwand gro\u00dfe Wirkung \u2713 stilvolle Dressurplatzeinfassung \u2713 Buchstabenkegel in sch\u00f6nem Design.","robots":{"index":"index","follow":"follow","max-snippet":"max-snippet:-1","max-image-preview":"max-image-preview:large","max-video-preview":"max-video-preview:-1"},"canonical":"https:\/\/heritage-products.nl\/de\/dressurkegel-kunststoff.html","og_locale":"de_DE","og_type":"article","og_title":"Dressurkegel Kunststoff - Heritage Products","og_description":"Dressurkegel Kunststoff \u2713 geringer Aufwand gro\u00dfe Wirkung \u2713 stilvolle Dressurplatzeinfassung \u2713 Buchstabenkegel in sch\u00f6nem Design.","og_url":"https:\/\/heritage-products.nl\/de\/dressurkegel-kunststoff.html","og_site_name":"Heritage Products","article_modified_time":"2022-07-25T14:54:54+00:00","twitter_card":"summary_large_image","twitter_misc":{"Est. reading time":"2 Minuten"},"schema":{"@context":"https:\/\/schema.org","@graph":[{"@type":"WebPage","@id":"https:\/\/heritage-products.nl\/de\/dressurkegel-kunststoff.html","url":"https:\/\/heritage-products.nl\/de\/dressurkegel-kunststoff.html","name":"Dressurkegel Kunststoff - Heritage Products","isPartOf":{"@id":"https:\/\/heritage-products.nl\/#website"},"datePublished":"2022-07-18T11:47:18+00:00","dateModified":"2022-07-25T14:54:54+00:00","description":"Dressurkegel Kunststoff \u2713 geringer Aufwand gro\u00dfe Wirkung \u2713 stilvolle Dressurplatzeinfassung \u2713 Buchstabenkegel in sch\u00f6nem Design.","breadcrumb":{"@id":"https:\/\/heritage-products.nl\/de\/dressurkegel-kunststoff.html#breadcrumb"},"inLanguage":"de-DE","potentialAction":[{"@type":"ReadAction","target":["https:\/\/heritage-products.nl\/de\/dressurkegel-kunststoff.html"]}]},{"@type":"BreadcrumbList","@id":"https:\/\/heritage-products.nl\/de\/dressurkegel-kunststoff.html#breadcrumb","itemListElement":[{"@type":"ListItem","position":1,"name":"Home","item":"https:\/\/heritage-products.nl\/de"},{"@type":"ListItem","position":2,"name":"Dressurkegel Kunststoff"}]},{"@type":"WebSite","@id":"https:\/\/heritage-products.nl\/#website","url":"https:\/\/heritage-products.nl\/","name":"Heritage Products","description":"","potentialAction":[{"@type":"SearchAction","target":{"@type":"EntryPoint","urlTemplate":"https:\/\/heritage-products.nl\/?s={search_term_string}"},"query-input":{"@type":"PropertyValueSpecification","valueRequired":true,"valueName":"search_term_string"}}],"inLanguage":"de-DE"}]}},"_links":{"self":[{"href":"https:\/\/heritage-products.nl\/de\/wp-json\/wp\/v2\/pages\/4228","targetHints":{"allow":["GET"]}}],"collection":[{"href":"https:\/\/heritage-products.nl\/de\/wp-json\/wp\/v2\/pages"}],"about":[{"href":"https:\/\/heritage-products.nl\/de\/wp-json\/wp\/v2\/types\/page"}],"author":[{"embeddable":true,"href":"https:\/\/heritage-products.nl\/de\/wp-json\/wp\/v2\/users\/3"}],"replies":[{"embeddable":true,"href":"https:\/\/heritage-products.nl\/de\/wp-json\/wp\/v2\/comments?post=4228"}],"version-history":[{"count":4,"href":"https:\/\/heritage-products.nl\/de\/wp-json\/wp\/v2\/pages\/4228\/revisions"}],"predecessor-version":[{"id":4549,"href":"https:\/\/heritage-products.nl\/de\/wp-json\/wp\/v2\/pages\/4228\/revisions\/4549"}],"wp:attachment":[{"href":"https:\/\/heritage-products.nl\/de\/wp-json\/wp\/v2\/media?parent=4228"}],"curies":[{"name":"wp","href":"https:\/\/api.w.org\/{rel}","templated":true}]}}