{"id":4236,"date":"2022-07-18T11:57:29","date_gmt":"2022-07-18T11:57:29","guid":{"rendered":"https:\/\/heritage-products.nl\/?page_id=4236"},"modified":"2022-07-25T14:53:18","modified_gmt":"2022-07-25T14:53:18","slug":"dressurplatz-umrandung","status":"publish","type":"page","link":"https:\/\/heritage-products.nl\/de\/dressurplatz-umrandung.html","title":{"rendered":"Dressurplatz Umrandung"},"content":{"rendered":"<p>[et_pb_section fb_built=&#8220;1&#8243; fullwidth=&#8220;on&#8220; admin_label=&#8220;Section&#8220; module_class=&#8220;grizzly__section&#8220; _builder_version=&#8220;4.15.0&#8243; _module_preset=&#8220;default&#8220; bottom_divider_style=&#8220;curve2&#8243; bottom_divider_color=&#8220;#ffffff&#8220; global_colors_info=&#8220;{}&#8220;][et_pb_fullwidth_header title=&#8220;Dressurplatz Umrandung&#8220; subhead=&#8220;Sie interessieren sich f\u00fcr unsere Produkte?&#8220; text_orientation=&#8220;center&#8220; button_one_text=&#8220;Fordern Sie ein Angebot an!&#8220; button_one_url=&#8220;https:\/\/heritage-products.nl\/de\/angebot-anfragen.html&#8220; _builder_version=&#8220;4.15.0&#8243; _module_preset=&#8220;default&#8220; title_font=&#8220;Arvo||||||||&#8220; title_font_size=&#8220;50px&#8220; content_font=&#8220;||||||||&#8220; subhead_font=&#8220;Arvo||||||||&#8220; subhead_text_color=&#8220;#FFFFFF&#8220; subhead_font_size=&#8220;20px&#8220; background_image=&#8220;https:\/\/heritage-products.nl\/wp-content\/uploads\/2015\/09\/HK-2016-2.jpg&#8220; parallax=&#8220;on&#8220; hover_enabled=&#8220;0&#8243; global_colors_info=&#8220;{}&#8220; alt=&#8220;Dressuur | Heritage Products B.V.&#8220; title_text=&#8220;HK-2016-2&#8243; sticky_enabled=&#8220;0&#8243;][\/et_pb_fullwidth_header][\/et_pb_section][et_pb_section fb_built=&#8220;1&#8243; _builder_version=&#8220;4.15.0&#8243; _module_preset=&#8220;default&#8220; global_colors_info=&#8220;{}&#8220;][et_pb_row column_structure=&#8220;1_3,1_3,1_3&#8243; _builder_version=&#8220;4.15.0&#8243; _module_preset=&#8220;default&#8220; global_colors_info=&#8220;{}&#8220;][et_pb_column type=&#8220;1_3&#8243; _builder_version=&#8220;4.15.0&#8243; _module_preset=&#8220;default&#8220; global_colors_info=&#8220;{}&#8220;][et_pb_text _builder_version=&#8220;4.15.0&#8243; _module_preset=&#8220;default&#8220; text_font_size=&#8220;16px&#8220; global_colors_info=&#8220;{}&#8220;]<\/p>\n<p style=\"text-align: center;\"><strong><span class=\"Y2IQFc\" lang=\"de\">\u2714 pflegeleicht<\/span><\/strong><\/p>\n<p>[\/et_pb_text][\/et_pb_column][et_pb_column type=&#8220;1_3&#8243; _builder_version=&#8220;4.15.0&#8243; _module_preset=&#8220;default&#8220; global_colors_info=&#8220;{}&#8220;][et_pb_text _builder_version=&#8220;4.15.0&#8243; _module_preset=&#8220;default&#8220; text_font_size=&#8220;16px&#8220; global_colors_info=&#8220;{}&#8220;]<\/p>\n<p style=\"text-align: center;\"><strong><span class=\"Y2IQFc\" lang=\"de\">\u2714 autorisierter Fachh\u00e4ndler<\/span><\/strong><\/p>\n<p>[\/et_pb_text][\/et_pb_column][et_pb_column type=&#8220;1_3&#8243; _builder_version=&#8220;4.15.0&#8243; _module_preset=&#8220;default&#8220; global_colors_info=&#8220;{}&#8220;][et_pb_text _builder_version=&#8220;4.15.0&#8243; _module_preset=&#8220;default&#8220; text_font_size=&#8220;16px&#8220; global_colors_info=&#8220;{}&#8220;]<\/p>\n<p style=\"text-align: center;\"><strong><span class=\"Y2IQFc\" lang=\"de\">\u2714 <\/span><span class=\"Y2IQFc\" lang=\"de\">Sicher und nachhaltig<\/span><\/strong><\/p>\n<p>[\/et_pb_text][\/et_pb_column][\/et_pb_row][et_pb_row _builder_version=&#8220;4.15.0&#8243; _module_preset=&#8220;default&#8220; global_colors_info=&#8220;{}&#8220;][et_pb_column type=&#8220;4_4&#8243; _builder_version=&#8220;4.15.0&#8243; _module_preset=&#8220;default&#8220; global_colors_info=&#8220;{}&#8220;][et_pb_text _builder_version=&#8220;4.15.0&#8243; _module_preset=&#8220;default&#8220; global_colors_info=&#8220;{}&#8220;]<\/p>\n<p>Ein ansprechender Dressurplatz samt Umrandung, wie er von Heritage Products zur Verf\u00fcgung gestellt werden kann, ist das gl\u00e4nzende Herzst\u00fcck einer Reitanlage. Das Dressurviereck bildet schlie\u00dflich die B\u00fchne auf der die Dressurreiter und -amazonen und ihre Dressurpferde ihre Leistungen vollbringen. Deshalb sollten die Dressurpl\u00e4tze einen ansprechenden Rahmen bilden innerhalb dessen die Pr\u00fcfungen auf optimale Weise zur Geltung kommen. Die Zuschauer und die Sportler werden es Ihnen danken.<\/p>\n<p>Der niederl\u00e4ndische Spezialist f\u00fcr Dressurplatzeinfassungen, Heritage Products, ist Ihnen gerne dabei behilflich, die richtige Plattform f\u00fcr die hohe Reitkunst zu schaffen. Die von uns gefertigten Dressurplatz-Umrandungen tragen s\u00e4mtlichen Aspekten, die im Dressursport eine Rolle spielen, Rechnung.<\/p>\n<p>[\/et_pb_text][\/et_pb_column][\/et_pb_row][\/et_pb_section][et_pb_section fb_built=&#8220;1&#8243; _builder_version=&#8220;4.15.0&#8243; _module_preset=&#8220;default&#8220; background_color=&#8220;#dd3333&#8243; global_colors_info=&#8220;{}&#8220;][et_pb_row column_structure=&#8220;1_2,1_2&#8243; _builder_version=&#8220;4.15.0&#8243; _module_preset=&#8220;default&#8220; global_colors_info=&#8220;{}&#8220;][et_pb_column type=&#8220;1_2&#8243; _builder_version=&#8220;4.15.0&#8243; _module_preset=&#8220;default&#8220; global_colors_info=&#8220;{}&#8220;][et_pb_text _builder_version=&#8220;4.15.0&#8243; _module_preset=&#8220;default&#8220; text_text_color=&#8220;#FFFFFF&#8220; global_colors_info=&#8220;{}&#8220;]<\/p>\n<h2 style=\"color: #fff;\">Hochwertiger Dressurplatz mit entsprechender Umrandung f\u00fcr die gew\u00fcnschte Ausstrahlung<\/h2>\n<p>Beim Dressurreiten geht es um sportliche H\u00f6chstleistungen und gleichzeitig auch um die richtige Ausstrahlung. Dazu geh\u00f6rt selbstverst\u00e4ndlich auch ein tadelloser Dressurplatz, dessen Umrandung keinerlei M\u00e4ngel oder Unsch\u00f6nheiten aufweist. Gleichzeitig sollte das Material <a style=\"color: #fff; text-decoration: underline;\" href=\"https:\/\/heritage-products.nl\/de\/dressur\/feste-dressurabgrenzung.html\">der festen Platzeinfassung<\/a>\u00a0wie auch <a style=\"color: #fff; text-decoration: underline;\" href=\"https:\/\/heritage-products.nl\/de\/dressur\/kegelpiste.html\">einer mobilen Umrandung des Dressurplatzes<\/a>\u00a0eine elegante Ausstrahlung aufweisen und gegen\u00fcber allen Witterungsbedingungen best\u00e4ndig sein. Dressurpl\u00e4tze, die mit den Umrandungen von Heritage Products ausgestattet sind, entsprechen den h\u00f6chsten Anforderungen in puncto:<\/p>\n<ul>\n<li>Lebensdauer<\/li>\n<li>\u00c4sthetik<\/li>\n<li>Funktionalit\u00e4t<\/li>\n<\/ul>\n<p>[\/et_pb_text][\/et_pb_column][et_pb_column type=&#8220;1_2&#8243; _builder_version=&#8220;4.15.0&#8243; _module_preset=&#8220;default&#8220; global_colors_info=&#8220;{}&#8220;][et_pb_image src=&#8220;https:\/\/heritage-products.nl\/wp-content\/uploads\/2021\/10\/DSC1139-1-4.jpg&#8220; alt=&#8220;Dressuur-arena | Heritage Products B.V.&#8220; title_text=&#8220;_DSC1139-1&#8243; align=&#8220;right&#8220; _builder_version=&#8220;4.15.0&#8243; _module_preset=&#8220;default&#8220; global_colors_info=&#8220;{}&#8220;][\/et_pb_image][\/et_pb_column][\/et_pb_row][\/et_pb_section][et_pb_section fb_built=&#8220;1&#8243; _builder_version=&#8220;4.15.0&#8243; _module_preset=&#8220;default&#8220; global_colors_info=&#8220;{}&#8220;][et_pb_row column_structure=&#8220;1_2,1_2&#8243; _builder_version=&#8220;4.15.0&#8243; _module_preset=&#8220;default&#8220; global_colors_info=&#8220;{}&#8220;][et_pb_column type=&#8220;1_2&#8243; _builder_version=&#8220;4.15.0&#8243; _module_preset=&#8220;default&#8220; global_colors_info=&#8220;{}&#8220;][et_pb_image src=&#8220;https:\/\/heritage-products.nl\/wp-content\/uploads\/2016\/03\/DSC_2813fb.jpg&#8220; alt=&#8220;Stal met paard | Heritage Products B.V.&#8220; title_text=&#8220;DSC_2813fb&#8220; _builder_version=&#8220;4.15.0&#8243; _module_preset=&#8220;default&#8220; global_colors_info=&#8220;{}&#8220;][\/et_pb_image][\/et_pb_column][et_pb_column type=&#8220;1_2&#8243; _builder_version=&#8220;4.15.0&#8243; _module_preset=&#8220;default&#8220; global_colors_info=&#8220;{}&#8220;][et_pb_text _builder_version=&#8220;4.15.0&#8243; _module_preset=&#8220;default&#8220; global_colors_info=&#8220;{}&#8220;]<\/p>\n<h3>\u00dcberzeugen Sie sich selbst<\/h3>\n<p>Die <a href=\"https:\/\/heritage-products.nl\/de\/dressur.html\" style=\"text-decoration:underline;\">Dressurplatzeinfassungen<\/a>\u00a0von Heritage Products muss man gesehen haben. Dann wird vor Ihrem geistigen Auge das Bild erscheinen, wie sich Ihr eigener Dressurplatz mit einer solchen Umrandung machen wird. Wenn Ihnen dieses Bild gef\u00e4llt, erledigen unsere kompetenten Mitarbeiter und <a href=\"https:\/\/heritage-products.nl\/de\/dealers.html\" style=\"text-decoration:underline;\">Fachh\u00e4ndler<\/a>\u00a0den Rest! Bei Fragen k\u00f6nnen Sie uns erreichen unter <a href=\"tel:0031485575920\" style=\"text-decoration:underline;\">+31 (0)485-575920<\/a>.[\/et_pb_text][\/et_pb_column][\/et_pb_row][\/et_pb_section]<\/p>\n","protected":false},"excerpt":{"rendered":"<p>\u2714 pflegeleicht\u2714 autorisierter Fachh\u00e4ndler\u2714 Sicher und nachhaltigEin ansprechender Dressurplatz samt Umrandung, wie er von Heritage Products zur Verf\u00fcgung gestellt werden kann, ist das gl\u00e4nzende Herzst\u00fcck einer Reitanlage. Das Dressurviereck bildet schlie\u00dflich die B\u00fchne auf der die Dressurreiter und -amazonen und ihre Dressurpferde ihre Leistungen vollbringen. Deshalb sollten die Dressurpl\u00e4tze einen ansprechenden Rahmen bilden innerhalb dessen [&hellip;]<\/p>\n","protected":false},"author":3,"featured_media":0,"parent":0,"menu_order":0,"comment_status":"closed","ping_status":"closed","template":"","meta":{"_acf_changed":false,"_et_pb_use_builder":"on","_et_pb_old_content":"","_et_gb_content_width":"","footnotes":""},"class_list":["post-4236","page","type-page","status-publish","hentry"],"acf":[],"yoast_head":"<!-- This site is optimized with the Yoast SEO plugin v26.4 - https:\/\/yoast.com\/wordpress\/plugins\/seo\/ -->\n<title>Dressurplatz Umrandung - Heritage Products<\/title>\n<meta name=\"description\" content=\"Dressurplatz Umrandung \u2713 sehr geringer Pflegeaufwand \u2713 elegante Ausstrahlung \u2713 ma\u00dfgeschneidert \u2713 Dressurvierecke f\u00fcr h\u00f6chste Anspr\u00fcche.\" \/>\n<meta name=\"robots\" content=\"index, follow, max-snippet:-1, max-image-preview:large, max-video-preview:-1\" \/>\n<link rel=\"canonical\" href=\"https:\/\/heritage-products.nl\/de\/dressurplatz-umrandung.html\" \/>\n<meta property=\"og:locale\" content=\"de_DE\" \/>\n<meta property=\"og:type\" content=\"article\" \/>\n<meta property=\"og:title\" content=\"Dressurplatz Umrandung - Heritage Products\" \/>\n<meta property=\"og:description\" content=\"Dressurplatz Umrandung \u2713 sehr geringer Pflegeaufwand \u2713 elegante Ausstrahlung \u2713 ma\u00dfgeschneidert \u2713 Dressurvierecke f\u00fcr h\u00f6chste Anspr\u00fcche.\" \/>\n<meta property=\"og:url\" content=\"https:\/\/heritage-products.nl\/de\/dressurplatz-umrandung.html\" \/>\n<meta property=\"og:site_name\" content=\"Heritage Products\" \/>\n<meta property=\"article:modified_time\" content=\"2022-07-25T14:53:18+00:00\" \/>\n<meta name=\"twitter:card\" content=\"summary_large_image\" \/>\n<meta name=\"twitter:label1\" content=\"Est. reading time\" \/>\n\t<meta name=\"twitter:data1\" content=\"2 Minuten\" \/>\n<script type=\"application\/ld+json\" class=\"yoast-schema-graph\">{\"@context\":\"https:\/\/schema.org\",\"@graph\":[{\"@type\":\"WebPage\",\"@id\":\"https:\/\/heritage-products.nl\/de\/dressurplatz-umrandung.html\",\"url\":\"https:\/\/heritage-products.nl\/de\/dressurplatz-umrandung.html\",\"name\":\"Dressurplatz Umrandung - Heritage Products\",\"isPartOf\":{\"@id\":\"https:\/\/heritage-products.nl\/#website\"},\"datePublished\":\"2022-07-18T11:57:29+00:00\",\"dateModified\":\"2022-07-25T14:53:18+00:00\",\"description\":\"Dressurplatz Umrandung \u2713 sehr geringer Pflegeaufwand \u2713 elegante Ausstrahlung \u2713 ma\u00dfgeschneidert \u2713 Dressurvierecke f\u00fcr h\u00f6chste Anspr\u00fcche.\",\"breadcrumb\":{\"@id\":\"https:\/\/heritage-products.nl\/de\/dressurplatz-umrandung.html#breadcrumb\"},\"inLanguage\":\"de-DE\",\"potentialAction\":[{\"@type\":\"ReadAction\",\"target\":[\"https:\/\/heritage-products.nl\/de\/dressurplatz-umrandung.html\"]}]},{\"@type\":\"BreadcrumbList\",\"@id\":\"https:\/\/heritage-products.nl\/de\/dressurplatz-umrandung.html#breadcrumb\",\"itemListElement\":[{\"@type\":\"ListItem\",\"position\":1,\"name\":\"Home\",\"item\":\"https:\/\/heritage-products.nl\/de\"},{\"@type\":\"ListItem\",\"position\":2,\"name\":\"Dressurplatz Umrandung\"}]},{\"@type\":\"WebSite\",\"@id\":\"https:\/\/heritage-products.nl\/#website\",\"url\":\"https:\/\/heritage-products.nl\/\",\"name\":\"Heritage Products\",\"description\":\"\",\"potentialAction\":[{\"@type\":\"SearchAction\",\"target\":{\"@type\":\"EntryPoint\",\"urlTemplate\":\"https:\/\/heritage-products.nl\/?s={search_term_string}\"},\"query-input\":{\"@type\":\"PropertyValueSpecification\",\"valueRequired\":true,\"valueName\":\"search_term_string\"}}],\"inLanguage\":\"de-DE\"}]}<\/script>\n<!-- \/ Yoast SEO plugin. -->","yoast_head_json":{"title":"Dressurplatz Umrandung - Heritage Products","description":"Dressurplatz Umrandung \u2713 sehr geringer Pflegeaufwand \u2713 elegante Ausstrahlung \u2713 ma\u00dfgeschneidert \u2713 Dressurvierecke f\u00fcr h\u00f6chste Anspr\u00fcche.","robots":{"index":"index","follow":"follow","max-snippet":"max-snippet:-1","max-image-preview":"max-image-preview:large","max-video-preview":"max-video-preview:-1"},"canonical":"https:\/\/heritage-products.nl\/de\/dressurplatz-umrandung.html","og_locale":"de_DE","og_type":"article","og_title":"Dressurplatz Umrandung - Heritage Products","og_description":"Dressurplatz Umrandung \u2713 sehr geringer Pflegeaufwand \u2713 elegante Ausstrahlung \u2713 ma\u00dfgeschneidert \u2713 Dressurvierecke f\u00fcr h\u00f6chste Anspr\u00fcche.","og_url":"https:\/\/heritage-products.nl\/de\/dressurplatz-umrandung.html","og_site_name":"Heritage Products","article_modified_time":"2022-07-25T14:53:18+00:00","twitter_card":"summary_large_image","twitter_misc":{"Est. reading time":"2 Minuten"},"schema":{"@context":"https:\/\/schema.org","@graph":[{"@type":"WebPage","@id":"https:\/\/heritage-products.nl\/de\/dressurplatz-umrandung.html","url":"https:\/\/heritage-products.nl\/de\/dressurplatz-umrandung.html","name":"Dressurplatz Umrandung - Heritage Products","isPartOf":{"@id":"https:\/\/heritage-products.nl\/#website"},"datePublished":"2022-07-18T11:57:29+00:00","dateModified":"2022-07-25T14:53:18+00:00","description":"Dressurplatz Umrandung \u2713 sehr geringer Pflegeaufwand \u2713 elegante Ausstrahlung \u2713 ma\u00dfgeschneidert \u2713 Dressurvierecke f\u00fcr h\u00f6chste Anspr\u00fcche.","breadcrumb":{"@id":"https:\/\/heritage-products.nl\/de\/dressurplatz-umrandung.html#breadcrumb"},"inLanguage":"de-DE","potentialAction":[{"@type":"ReadAction","target":["https:\/\/heritage-products.nl\/de\/dressurplatz-umrandung.html"]}]},{"@type":"BreadcrumbList","@id":"https:\/\/heritage-products.nl\/de\/dressurplatz-umrandung.html#breadcrumb","itemListElement":[{"@type":"ListItem","position":1,"name":"Home","item":"https:\/\/heritage-products.nl\/de"},{"@type":"ListItem","position":2,"name":"Dressurplatz Umrandung"}]},{"@type":"WebSite","@id":"https:\/\/heritage-products.nl\/#website","url":"https:\/\/heritage-products.nl\/","name":"Heritage Products","description":"","potentialAction":[{"@type":"SearchAction","target":{"@type":"EntryPoint","urlTemplate":"https:\/\/heritage-products.nl\/?s={search_term_string}"},"query-input":{"@type":"PropertyValueSpecification","valueRequired":true,"valueName":"search_term_string"}}],"inLanguage":"de-DE"}]}},"_links":{"self":[{"href":"https:\/\/heritage-products.nl\/de\/wp-json\/wp\/v2\/pages\/4236","targetHints":{"allow":["GET"]}}],"collection":[{"href":"https:\/\/heritage-products.nl\/de\/wp-json\/wp\/v2\/pages"}],"about":[{"href":"https:\/\/heritage-products.nl\/de\/wp-json\/wp\/v2\/types\/page"}],"author":[{"embeddable":true,"href":"https:\/\/heritage-products.nl\/de\/wp-json\/wp\/v2\/users\/3"}],"replies":[{"embeddable":true,"href":"https:\/\/heritage-products.nl\/de\/wp-json\/wp\/v2\/comments?post=4236"}],"version-history":[{"count":4,"href":"https:\/\/heritage-products.nl\/de\/wp-json\/wp\/v2\/pages\/4236\/revisions"}],"predecessor-version":[{"id":4548,"href":"https:\/\/heritage-products.nl\/de\/wp-json\/wp\/v2\/pages\/4236\/revisions\/4548"}],"wp:attachment":[{"href":"https:\/\/heritage-products.nl\/de\/wp-json\/wp\/v2\/media?parent=4236"}],"curies":[{"name":"wp","href":"https:\/\/api.w.org\/{rel}","templated":true}]}}