{"id":4244,"date":"2022-07-18T12:01:28","date_gmt":"2022-07-18T12:01:28","guid":{"rendered":"https:\/\/heritage-products.nl\/?page_id=4244"},"modified":"2022-07-25T14:52:05","modified_gmt":"2022-07-25T14:52:05","slug":"dressurplatzbegrenzung","status":"publish","type":"page","link":"https:\/\/heritage-products.nl\/de\/dressurplatzbegrenzung.html","title":{"rendered":"Dressurplatzbegrenzung"},"content":{"rendered":"<p>[et_pb_section fb_built=&#8220;1&#8243; fullwidth=&#8220;on&#8220; admin_label=&#8220;Section&#8220; module_class=&#8220;grizzly__section&#8220; _builder_version=&#8220;4.15.0&#8243; _module_preset=&#8220;default&#8220; bottom_divider_style=&#8220;curve2&#8243; bottom_divider_color=&#8220;#ffffff&#8220; global_colors_info=&#8220;{}&#8220;][et_pb_fullwidth_header title=&#8220;Dressurplatzbegrenzung&#8220; subhead=&#8220;Sie interessieren sich f\u00fcr unsere Produkte?&#8220; text_orientation=&#8220;center&#8220; button_one_text=&#8220;Fordern Sie ein Angebot an!&#8220; button_one_url=&#8220;https:\/\/heritage-products.nl\/de\/angebot-anfragen.html&#8220; _builder_version=&#8220;4.15.0&#8243; _module_preset=&#8220;default&#8220; title_font=&#8220;Arvo||||||||&#8220; title_font_size=&#8220;50px&#8220; content_font=&#8220;||||||||&#8220; subhead_font=&#8220;Arvo||||||||&#8220; subhead_text_color=&#8220;#FFFFFF&#8220; subhead_font_size=&#8220;20px&#8220; background_image=&#8220;https:\/\/heritage-products.nl\/wp-content\/uploads\/2015\/09\/HK-2016-2.jpg&#8220; parallax=&#8220;on&#8220; hover_enabled=&#8220;0&#8243; global_colors_info=&#8220;{}&#8220; alt=&#8220;Dressuur | Heritage Products B.V.&#8220; title_text=&#8220;HK-2016-2&#8243; sticky_enabled=&#8220;0&#8243;][\/et_pb_fullwidth_header][\/et_pb_section][et_pb_section fb_built=&#8220;1&#8243; _builder_version=&#8220;4.15.0&#8243; _module_preset=&#8220;default&#8220; global_colors_info=&#8220;{}&#8220;][et_pb_row column_structure=&#8220;1_3,1_3,1_3&#8243; _builder_version=&#8220;4.15.0&#8243; _module_preset=&#8220;default&#8220; global_colors_info=&#8220;{}&#8220;][et_pb_column type=&#8220;1_3&#8243; _builder_version=&#8220;4.15.0&#8243; _module_preset=&#8220;default&#8220; global_colors_info=&#8220;{}&#8220;][et_pb_text _builder_version=&#8220;4.15.0&#8243; _module_preset=&#8220;default&#8220; text_font_size=&#8220;16px&#8220; global_colors_info=&#8220;{}&#8220;]<\/p>\n<p style=\"text-align: center;\"><strong><span class=\"Y2IQFc\" lang=\"de\">\u2714 pflegeleicht<\/span><\/strong><\/p>\n<p>[\/et_pb_text][\/et_pb_column][et_pb_column type=&#8220;1_3&#8243; _builder_version=&#8220;4.15.0&#8243; _module_preset=&#8220;default&#8220; global_colors_info=&#8220;{}&#8220;][et_pb_text _builder_version=&#8220;4.15.0&#8243; _module_preset=&#8220;default&#8220; text_font_size=&#8220;16px&#8220; global_colors_info=&#8220;{}&#8220;]<\/p>\n<p style=\"text-align: center;\"><strong><span class=\"Y2IQFc\" lang=\"de\">\u2714 autorisierter Fachh\u00e4ndler<\/span><\/strong><\/p>\n<p>[\/et_pb_text][\/et_pb_column][et_pb_column type=&#8220;1_3&#8243; _builder_version=&#8220;4.15.0&#8243; _module_preset=&#8220;default&#8220; global_colors_info=&#8220;{}&#8220;][et_pb_text _builder_version=&#8220;4.15.0&#8243; _module_preset=&#8220;default&#8220; text_font_size=&#8220;16px&#8220; global_colors_info=&#8220;{}&#8220;]<\/p>\n<p style=\"text-align: center;\"><strong><span class=\"Y2IQFc\" lang=\"de\">\u2714 <\/span><span class=\"Y2IQFc\" lang=\"de\">Sicher und nachhaltig<\/span><\/strong><\/p>\n<p>[\/et_pb_text][\/et_pb_column][\/et_pb_row][et_pb_row _builder_version=&#8220;4.15.0&#8243; _module_preset=&#8220;default&#8220; global_colors_info=&#8220;{}&#8220;][et_pb_column type=&#8220;4_4&#8243; _builder_version=&#8220;4.15.0&#8243; _module_preset=&#8220;default&#8220; global_colors_info=&#8220;{}&#8220;][et_pb_text _builder_version=&#8220;4.15.0&#8243; _module_preset=&#8220;default&#8220; global_colors_info=&#8220;{}&#8220;]<\/p>\n<p>Die passende Dressurplatzbegrenzung f\u00fcr Ihr eigenes Dressurviereck oder f\u00fcr einen Turnierplatz erhalten Sie bei dem niederl\u00e4ndischen Fachbetrieb f\u00fcr Dressursport-Zubeh\u00f6r Heritage Products. Wir haben uns ganz darauf spezialisiert, der Reitkunst einen angemessenen Rahmen zu verleihen.<\/p>\n<p>Da wir die Bed\u00fcrfnisse von Pferd und Reiter bestens kennen, sind die bei uns erh\u00e4ltlichen Dressurplatzbegrenzungen:<\/p>\n<ul>\n<li>sicher<\/li>\n<li>dauerhaft<\/li>\n<li>pflegeleicht<\/li>\n<li>repr\u00e4sentativ<\/li>\n<\/ul>\n<p>[\/et_pb_text][\/et_pb_column][\/et_pb_row][\/et_pb_section][et_pb_section fb_built=&#8220;1&#8243; _builder_version=&#8220;4.15.0&#8243; _module_preset=&#8220;default&#8220; background_color=&#8220;#dd3333&#8243; global_colors_info=&#8220;{}&#8220;][et_pb_row column_structure=&#8220;1_2,1_2&#8243; _builder_version=&#8220;4.15.0&#8243; _module_preset=&#8220;default&#8220; global_colors_info=&#8220;{}&#8220;][et_pb_column type=&#8220;1_2&#8243; _builder_version=&#8220;4.15.0&#8243; _module_preset=&#8220;default&#8220; global_colors_info=&#8220;{}&#8220;][et_pb_text _builder_version=&#8220;4.15.0&#8243; _module_preset=&#8220;default&#8220; text_text_color=&#8220;#FFFFFF&#8220; global_colors_info=&#8220;{}&#8220;]<\/p>\n<h2 style=\"color: #fff;\">Mobile und feste Dressurplatzbegrenzung<\/h2>\n<p>Wir k\u00f6nnen Ihnen eine kundenspezifische Dressurplatzbegrenzung in Form einer:<\/p>\n<ul>\n<li>festen Dressurabgrenzung<\/li>\n<li>Kegelabgrenzung<\/li>\n<\/ul>\n<p>zur Verf\u00fcgung stellen. Selbstverst\u00e4ndlich richten wir uns ganz nach Ihren W\u00fcnschen und den allgemeinen Anforderungen, die f\u00fcr Ihren Dressurplatz gelten. Wir verf\u00fcgen \u00fcber langj\u00e4hrige Erfahrung, wenn es um die Begrenzung von Dressurpl\u00e4tzen geht und diese Expertise stellen wir gerne in Ihre Dienste.<\/p>\n<p>Abgesehen von der Dressurplatzabgrenzung selbst, k\u00f6nnen wir Ihnen \u00fcbrigens auch gerne das entsprechende Zubeh\u00f6r, wie u.a. Bahnbuchstaben, anbieten.<\/p>\n<p>[\/et_pb_text][\/et_pb_column][et_pb_column type=&#8220;1_2&#8243; _builder_version=&#8220;4.15.0&#8243; _module_preset=&#8220;default&#8220; global_colors_info=&#8220;{}&#8220;][et_pb_image src=&#8220;https:\/\/heritage-products.nl\/wp-content\/uploads\/2021\/10\/DSC1139-1-4.jpg&#8220; alt=&#8220;Dressuur-arena | Heritage Products B.V.&#8220; title_text=&#8220;_DSC1139-1&#8243; align=&#8220;right&#8220; _builder_version=&#8220;4.15.0&#8243; _module_preset=&#8220;default&#8220; global_colors_info=&#8220;{}&#8220;][\/et_pb_image][\/et_pb_column][\/et_pb_row][\/et_pb_section][et_pb_section fb_built=&#8220;1&#8243; _builder_version=&#8220;4.15.0&#8243; _module_preset=&#8220;default&#8220; global_colors_info=&#8220;{}&#8220;][et_pb_row column_structure=&#8220;1_2,1_2&#8243; _builder_version=&#8220;4.15.0&#8243; _module_preset=&#8220;default&#8220; global_colors_info=&#8220;{}&#8220;][et_pb_column type=&#8220;1_2&#8243; _builder_version=&#8220;4.15.0&#8243; _module_preset=&#8220;default&#8220; global_colors_info=&#8220;{}&#8220;][et_pb_image src=&#8220;https:\/\/heritage-products.nl\/wp-content\/uploads\/2016\/03\/DSC_2813fb.jpg&#8220; alt=&#8220;Stal met paard | Heritage Products B.V.&#8220; title_text=&#8220;DSC_2813fb&#8220; _builder_version=&#8220;4.15.0&#8243; _module_preset=&#8220;default&#8220; global_colors_info=&#8220;{}&#8220;][\/et_pb_image][\/et_pb_column][et_pb_column type=&#8220;1_2&#8243; _builder_version=&#8220;4.15.0&#8243; _module_preset=&#8220;default&#8220; global_colors_info=&#8220;{}&#8220;][et_pb_text _builder_version=&#8220;4.15.0&#8243; _module_preset=&#8220;default&#8220; global_colors_info=&#8220;{}&#8220;]<\/p>\n<h3>Lassen Sie sich die M\u00f6glichkeiten aufzeigen<\/h3>\n<p>Wenden Sie sich doch am besten gleich telefonisch unter <a href=\"tel:0031485575920\" style=\"text-decoration:underline;\">+31 (0)485-575920<\/a>, per E-Mail oder Kontaktformular an uns und lassen Sie sich die zahlreichen M\u00f6glichkeiten im Hinblick auf die passende <a href=\"https:\/\/heritage-products.nl\/de\/dressur.html\" style=\"text-decoration:underline;\">Dressurplatzbegrenzung und das weitere Dressur-Zubeh\u00f6r<\/a>\u00a0aufzeigen. Bei uns k\u00f6nnen die Dressurplatzeinfassungen \u00fcbrigens auch gemietet werden.<\/p>\n<p>In uns haben Sie einen erfahrenden Partner gefunden, der daf\u00fcr sorgt, dass Ihr Dressurviereck die geb\u00fchrende Umrandung erh\u00e4lt. Wir freuen uns bereits mit Ihnen, auf ein formvollendetes und dauerhaftes Ergebnis.[\/et_pb_text][\/et_pb_column][\/et_pb_row][\/et_pb_section]<\/p>\n","protected":false},"excerpt":{"rendered":"<p>\u2714 pflegeleicht\u2714 autorisierter Fachh\u00e4ndler\u2714 Sicher und nachhaltigDie passende Dressurplatzbegrenzung f\u00fcr Ihr eigenes Dressurviereck oder f\u00fcr einen Turnierplatz erhalten Sie bei dem niederl\u00e4ndischen Fachbetrieb f\u00fcr Dressursport-Zubeh\u00f6r Heritage Products. Wir haben uns ganz darauf spezialisiert, der Reitkunst einen angemessenen Rahmen zu verleihen. Da wir die Bed\u00fcrfnisse von Pferd und Reiter bestens kennen, sind die bei uns erh\u00e4ltlichen [&hellip;]<\/p>\n","protected":false},"author":3,"featured_media":0,"parent":0,"menu_order":0,"comment_status":"closed","ping_status":"closed","template":"","meta":{"_acf_changed":false,"_et_pb_use_builder":"on","_et_pb_old_content":"","_et_gb_content_width":"","footnotes":""},"class_list":["post-4244","page","type-page","status-publish","hentry"],"acf":[],"yoast_head":"<!-- This site is optimized with the Yoast SEO plugin v26.4 - https:\/\/yoast.com\/wordpress\/plugins\/seo\/ -->\n<title>Dressurplatzbegrenzung - Heritage Products<\/title>\n<meta name=\"description\" content=\"Dressurplatzbegrenzung \u2713 feste und mobile Einfassungen \u2713 stilvolle Ausstrahlung \u2713 leicht aufzustellen und zu pflegen \u2713 sehr dauerhaft.\" \/>\n<meta name=\"robots\" content=\"index, follow, max-snippet:-1, max-image-preview:large, max-video-preview:-1\" \/>\n<link rel=\"canonical\" href=\"https:\/\/heritage-products.nl\/de\/dressurplatzbegrenzung.html\" \/>\n<meta property=\"og:locale\" content=\"de_DE\" \/>\n<meta property=\"og:type\" content=\"article\" \/>\n<meta property=\"og:title\" content=\"Dressurplatzbegrenzung - Heritage Products\" \/>\n<meta property=\"og:description\" content=\"Dressurplatzbegrenzung \u2713 feste und mobile Einfassungen \u2713 stilvolle Ausstrahlung \u2713 leicht aufzustellen und zu pflegen \u2713 sehr dauerhaft.\" \/>\n<meta property=\"og:url\" content=\"https:\/\/heritage-products.nl\/de\/dressurplatzbegrenzung.html\" \/>\n<meta property=\"og:site_name\" content=\"Heritage Products\" \/>\n<meta property=\"article:modified_time\" content=\"2022-07-25T14:52:05+00:00\" \/>\n<meta name=\"twitter:card\" content=\"summary_large_image\" \/>\n<meta name=\"twitter:label1\" content=\"Est. reading time\" \/>\n\t<meta name=\"twitter:data1\" content=\"2 Minuten\" \/>\n<script type=\"application\/ld+json\" class=\"yoast-schema-graph\">{\"@context\":\"https:\/\/schema.org\",\"@graph\":[{\"@type\":\"WebPage\",\"@id\":\"https:\/\/heritage-products.nl\/de\/dressurplatzbegrenzung.html\",\"url\":\"https:\/\/heritage-products.nl\/de\/dressurplatzbegrenzung.html\",\"name\":\"Dressurplatzbegrenzung - Heritage Products\",\"isPartOf\":{\"@id\":\"https:\/\/heritage-products.nl\/#website\"},\"datePublished\":\"2022-07-18T12:01:28+00:00\",\"dateModified\":\"2022-07-25T14:52:05+00:00\",\"description\":\"Dressurplatzbegrenzung \u2713 feste und mobile Einfassungen \u2713 stilvolle Ausstrahlung \u2713 leicht aufzustellen und zu pflegen \u2713 sehr dauerhaft.\",\"breadcrumb\":{\"@id\":\"https:\/\/heritage-products.nl\/de\/dressurplatzbegrenzung.html#breadcrumb\"},\"inLanguage\":\"de-DE\",\"potentialAction\":[{\"@type\":\"ReadAction\",\"target\":[\"https:\/\/heritage-products.nl\/de\/dressurplatzbegrenzung.html\"]}]},{\"@type\":\"BreadcrumbList\",\"@id\":\"https:\/\/heritage-products.nl\/de\/dressurplatzbegrenzung.html#breadcrumb\",\"itemListElement\":[{\"@type\":\"ListItem\",\"position\":1,\"name\":\"Home\",\"item\":\"https:\/\/heritage-products.nl\/de\"},{\"@type\":\"ListItem\",\"position\":2,\"name\":\"Dressurplatzbegrenzung\"}]},{\"@type\":\"WebSite\",\"@id\":\"https:\/\/heritage-products.nl\/#website\",\"url\":\"https:\/\/heritage-products.nl\/\",\"name\":\"Heritage Products\",\"description\":\"\",\"potentialAction\":[{\"@type\":\"SearchAction\",\"target\":{\"@type\":\"EntryPoint\",\"urlTemplate\":\"https:\/\/heritage-products.nl\/?s={search_term_string}\"},\"query-input\":{\"@type\":\"PropertyValueSpecification\",\"valueRequired\":true,\"valueName\":\"search_term_string\"}}],\"inLanguage\":\"de-DE\"}]}<\/script>\n<!-- \/ Yoast SEO plugin. -->","yoast_head_json":{"title":"Dressurplatzbegrenzung - Heritage Products","description":"Dressurplatzbegrenzung \u2713 feste und mobile Einfassungen \u2713 stilvolle Ausstrahlung \u2713 leicht aufzustellen und zu pflegen \u2713 sehr dauerhaft.","robots":{"index":"index","follow":"follow","max-snippet":"max-snippet:-1","max-image-preview":"max-image-preview:large","max-video-preview":"max-video-preview:-1"},"canonical":"https:\/\/heritage-products.nl\/de\/dressurplatzbegrenzung.html","og_locale":"de_DE","og_type":"article","og_title":"Dressurplatzbegrenzung - Heritage Products","og_description":"Dressurplatzbegrenzung \u2713 feste und mobile Einfassungen \u2713 stilvolle Ausstrahlung \u2713 leicht aufzustellen und zu pflegen \u2713 sehr dauerhaft.","og_url":"https:\/\/heritage-products.nl\/de\/dressurplatzbegrenzung.html","og_site_name":"Heritage Products","article_modified_time":"2022-07-25T14:52:05+00:00","twitter_card":"summary_large_image","twitter_misc":{"Est. reading time":"2 Minuten"},"schema":{"@context":"https:\/\/schema.org","@graph":[{"@type":"WebPage","@id":"https:\/\/heritage-products.nl\/de\/dressurplatzbegrenzung.html","url":"https:\/\/heritage-products.nl\/de\/dressurplatzbegrenzung.html","name":"Dressurplatzbegrenzung - Heritage Products","isPartOf":{"@id":"https:\/\/heritage-products.nl\/#website"},"datePublished":"2022-07-18T12:01:28+00:00","dateModified":"2022-07-25T14:52:05+00:00","description":"Dressurplatzbegrenzung \u2713 feste und mobile Einfassungen \u2713 stilvolle Ausstrahlung \u2713 leicht aufzustellen und zu pflegen \u2713 sehr dauerhaft.","breadcrumb":{"@id":"https:\/\/heritage-products.nl\/de\/dressurplatzbegrenzung.html#breadcrumb"},"inLanguage":"de-DE","potentialAction":[{"@type":"ReadAction","target":["https:\/\/heritage-products.nl\/de\/dressurplatzbegrenzung.html"]}]},{"@type":"BreadcrumbList","@id":"https:\/\/heritage-products.nl\/de\/dressurplatzbegrenzung.html#breadcrumb","itemListElement":[{"@type":"ListItem","position":1,"name":"Home","item":"https:\/\/heritage-products.nl\/de"},{"@type":"ListItem","position":2,"name":"Dressurplatzbegrenzung"}]},{"@type":"WebSite","@id":"https:\/\/heritage-products.nl\/#website","url":"https:\/\/heritage-products.nl\/","name":"Heritage Products","description":"","potentialAction":[{"@type":"SearchAction","target":{"@type":"EntryPoint","urlTemplate":"https:\/\/heritage-products.nl\/?s={search_term_string}"},"query-input":{"@type":"PropertyValueSpecification","valueRequired":true,"valueName":"search_term_string"}}],"inLanguage":"de-DE"}]}},"_links":{"self":[{"href":"https:\/\/heritage-products.nl\/de\/wp-json\/wp\/v2\/pages\/4244","targetHints":{"allow":["GET"]}}],"collection":[{"href":"https:\/\/heritage-products.nl\/de\/wp-json\/wp\/v2\/pages"}],"about":[{"href":"https:\/\/heritage-products.nl\/de\/wp-json\/wp\/v2\/types\/page"}],"author":[{"embeddable":true,"href":"https:\/\/heritage-products.nl\/de\/wp-json\/wp\/v2\/users\/3"}],"replies":[{"embeddable":true,"href":"https:\/\/heritage-products.nl\/de\/wp-json\/wp\/v2\/comments?post=4244"}],"version-history":[{"count":4,"href":"https:\/\/heritage-products.nl\/de\/wp-json\/wp\/v2\/pages\/4244\/revisions"}],"predecessor-version":[{"id":4547,"href":"https:\/\/heritage-products.nl\/de\/wp-json\/wp\/v2\/pages\/4244\/revisions\/4547"}],"wp:attachment":[{"href":"https:\/\/heritage-products.nl\/de\/wp-json\/wp\/v2\/media?parent=4244"}],"curies":[{"name":"wp","href":"https:\/\/api.w.org\/{rel}","templated":true}]}}