{"id":4252,"date":"2022-07-18T12:06:01","date_gmt":"2022-07-18T12:06:01","guid":{"rendered":"https:\/\/heritage-products.nl\/?page_id=4252"},"modified":"2022-07-25T14:50:07","modified_gmt":"2022-07-25T14:50:07","slug":"dressurviereck-kaufen","status":"publish","type":"page","link":"https:\/\/heritage-products.nl\/de\/dressurviereck-kaufen.html","title":{"rendered":"Dressurviereck kaufen"},"content":{"rendered":"<p>[et_pb_section fb_built=&#8220;1&#8243; fullwidth=&#8220;on&#8220; admin_label=&#8220;Section&#8220; module_class=&#8220;grizzly__section&#8220; _builder_version=&#8220;4.15.0&#8243; _module_preset=&#8220;default&#8220; bottom_divider_style=&#8220;curve2&#8243; bottom_divider_color=&#8220;#ffffff&#8220; global_colors_info=&#8220;{}&#8220;][et_pb_fullwidth_header title=&#8220;Dressurviereck kaufen&#8220; subhead=&#8220;Sie interessieren sich f\u00fcr unsere Produkte?&#8220; text_orientation=&#8220;center&#8220; button_one_text=&#8220;Fordern Sie ein Angebot an!&#8220; button_one_url=&#8220;https:\/\/heritage-products.nl\/de\/angebot-anfragen.html&#8220; _builder_version=&#8220;4.15.0&#8243; _module_preset=&#8220;default&#8220; title_font=&#8220;Arvo||||||||&#8220; title_font_size=&#8220;50px&#8220; content_font=&#8220;||||||||&#8220; subhead_font=&#8220;Arvo||||||||&#8220; subhead_text_color=&#8220;#FFFFFF&#8220; subhead_font_size=&#8220;20px&#8220; background_image=&#8220;https:\/\/heritage-products.nl\/wp-content\/uploads\/2015\/09\/HK-2016-2.jpg&#8220; parallax=&#8220;on&#8220; hover_enabled=&#8220;0&#8243; global_colors_info=&#8220;{}&#8220; alt=&#8220;Dressuur | Heritage Products B.V.&#8220; title_text=&#8220;HK-2016-2&#8243; sticky_enabled=&#8220;0&#8243;][\/et_pb_fullwidth_header][\/et_pb_section][et_pb_section fb_built=&#8220;1&#8243; _builder_version=&#8220;4.15.0&#8243; _module_preset=&#8220;default&#8220; global_colors_info=&#8220;{}&#8220;][et_pb_row column_structure=&#8220;1_3,1_3,1_3&#8243; _builder_version=&#8220;4.15.0&#8243; _module_preset=&#8220;default&#8220; global_colors_info=&#8220;{}&#8220;][et_pb_column type=&#8220;1_3&#8243; _builder_version=&#8220;4.15.0&#8243; _module_preset=&#8220;default&#8220; global_colors_info=&#8220;{}&#8220;][et_pb_text _builder_version=&#8220;4.15.0&#8243; _module_preset=&#8220;default&#8220; text_font_size=&#8220;16px&#8220; global_colors_info=&#8220;{}&#8220;]<\/p>\n<p style=\"text-align: center;\"><strong><span class=\"Y2IQFc\" lang=\"de\">\u2714 pflegeleicht<\/span><\/strong><\/p>\n<p>[\/et_pb_text][\/et_pb_column][et_pb_column type=&#8220;1_3&#8243; _builder_version=&#8220;4.15.0&#8243; _module_preset=&#8220;default&#8220; global_colors_info=&#8220;{}&#8220;][et_pb_text _builder_version=&#8220;4.15.0&#8243; _module_preset=&#8220;default&#8220; text_font_size=&#8220;16px&#8220; global_colors_info=&#8220;{}&#8220;]<\/p>\n<p style=\"text-align: center;\"><strong><span class=\"Y2IQFc\" lang=\"de\">\u2714 autorisierter Fachh\u00e4ndler<\/span><\/strong><\/p>\n<p>[\/et_pb_text][\/et_pb_column][et_pb_column type=&#8220;1_3&#8243; _builder_version=&#8220;4.15.0&#8243; _module_preset=&#8220;default&#8220; global_colors_info=&#8220;{}&#8220;][et_pb_text _builder_version=&#8220;4.15.0&#8243; _module_preset=&#8220;default&#8220; text_font_size=&#8220;16px&#8220; global_colors_info=&#8220;{}&#8220;]<\/p>\n<p style=\"text-align: center;\"><strong><span class=\"Y2IQFc\" lang=\"de\">\u2714 <\/span><span class=\"Y2IQFc\" lang=\"de\">Sicher und nachhaltig<\/span><\/strong><\/p>\n<p>[\/et_pb_text][\/et_pb_column][\/et_pb_row][et_pb_row _builder_version=&#8220;4.15.0&#8243; _module_preset=&#8220;default&#8220; global_colors_info=&#8220;{}&#8220;][et_pb_column type=&#8220;4_4&#8243; _builder_version=&#8220;4.15.0&#8243; _module_preset=&#8220;default&#8220; global_colors_info=&#8220;{}&#8220;][et_pb_text _builder_version=&#8220;4.15.0&#8243; _module_preset=&#8220;default&#8220; global_colors_info=&#8220;{}&#8220;]<\/p>\n<p>Bei dem renommierten Fachbetrieb f\u00fcr Dressursport-Zubeh\u00f6r, Heritage Products, k\u00f6nnen Sie ein Dressurviereck kaufen, das Ihren W\u00fcnschen in jeder Hinsicht gerecht wird. Wir kennen die Bed\u00fcrfnisse von Pferd und Reiter und deshalb setzen wir in puncto:<\/p>\n<ul>\n<li>Sicherheit<\/li>\n<li>Pflegeleichtigkeit<\/li>\n<li>Ausstrahlung<\/li>\n<\/ul>\n<p>Ma\u00dfst\u00e4be. Mit unserem Zubeh\u00f6r erh\u00e4lt der Dressursport einen angemessenen Rahmen.<\/p>\n<p>[\/et_pb_text][\/et_pb_column][\/et_pb_row][\/et_pb_section][et_pb_section fb_built=&#8220;1&#8243; _builder_version=&#8220;4.15.0&#8243; _module_preset=&#8220;default&#8220; background_color=&#8220;#dd3333&#8243; global_colors_info=&#8220;{}&#8220;][et_pb_row column_structure=&#8220;1_2,1_2&#8243; _builder_version=&#8220;4.15.0&#8243; _module_preset=&#8220;default&#8220; global_colors_info=&#8220;{}&#8220;][et_pb_column type=&#8220;1_2&#8243; _builder_version=&#8220;4.15.0&#8243; _module_preset=&#8220;default&#8220; global_colors_info=&#8220;{}&#8220;][et_pb_text _builder_version=&#8220;4.15.0&#8243; _module_preset=&#8220;default&#8220; text_text_color=&#8220;#FFFFFF&#8220; global_colors_info=&#8220;{}&#8220;]<\/p>\n<h2 style=\"color: #fff;\">Ein sch\u00f6nes und sicheres Dressurviereck kaufen Sie bei Heritage Products<\/h2>\n<p>Bevor Sie zum Kauf eines Dressurviereck \u00fcbergehen, k\u00f6nnen Sie sich bei Heritage Products zuerst einmal ausf\u00fchrlich im Hinblick auf das erforderliche <a href=\"https:\/\/heritage-products.nl\/de\/dressur.html\" style=\"color: #fff; text-decoration:underline;\">Zubeh\u00f6r f\u00fcr den Dressurplatz<\/a>\u00a0informieren lassen. Wir haben die richtige Umrandung f\u00fcr das heimische, feste Dressurviereck, aber auch mobile Dressurplatzbegrenzungen in Form von Kegelabgrenzungen. Diese Dressurviereck-Umrandungen lassen sich m\u00fchelos auf- und abbauen und eignen sich deshalb sehr gut als Turnier-Dressurvierecke.<\/p>\n<p>Insgesamt k\u00f6nnen Sie bei uns deshalb das Dressurviereck kaufen, das optimal f\u00fcr Ihre Situation ausgelegt ist. Aus gutem Grund z\u00e4hlen gerade auch erfahrene Turnierveranstalter, die ihre Dressurvierecke bei uns kaufen, zu unseren zufriedenen Stammkunden.[\/et_pb_text][\/et_pb_column][et_pb_column type=&#8220;1_2&#8243; _builder_version=&#8220;4.15.0&#8243; _module_preset=&#8220;default&#8220; global_colors_info=&#8220;{}&#8220;][et_pb_image src=&#8220;https:\/\/heritage-products.nl\/wp-content\/uploads\/2021\/10\/DSC1139-1-4.jpg&#8220; alt=&#8220;Dressuur-arena | Heritage Products B.V.&#8220; title_text=&#8220;_DSC1139-1&#8243; align=&#8220;right&#8220; _builder_version=&#8220;4.15.0&#8243; _module_preset=&#8220;default&#8220; global_colors_info=&#8220;{}&#8220;][\/et_pb_image][\/et_pb_column][\/et_pb_row][\/et_pb_section][et_pb_section fb_built=&#8220;1&#8243; _builder_version=&#8220;4.15.0&#8243; _module_preset=&#8220;default&#8220; global_colors_info=&#8220;{}&#8220;][et_pb_row column_structure=&#8220;1_2,1_2&#8243; _builder_version=&#8220;4.15.0&#8243; _module_preset=&#8220;default&#8220; global_colors_info=&#8220;{}&#8220;][et_pb_column type=&#8220;1_2&#8243; _builder_version=&#8220;4.15.0&#8243; _module_preset=&#8220;default&#8220; global_colors_info=&#8220;{}&#8220;][et_pb_image src=&#8220;https:\/\/heritage-products.nl\/wp-content\/uploads\/2016\/03\/DSC_2813fb.jpg&#8220; alt=&#8220;Stal met paard | Heritage Products B.V.&#8220; title_text=&#8220;DSC_2813fb&#8220; _builder_version=&#8220;4.15.0&#8243; _module_preset=&#8220;default&#8220; global_colors_info=&#8220;{}&#8220;][\/et_pb_image][\/et_pb_column][et_pb_column type=&#8220;1_2&#8243; _builder_version=&#8220;4.15.0&#8243; _module_preset=&#8220;default&#8220; global_colors_info=&#8220;{}&#8220;][et_pb_text _builder_version=&#8220;4.15.0&#8243; _module_preset=&#8220;default&#8220; global_colors_info=&#8220;{}&#8220;]<\/p>\n<h3>Erkundigen Sie sich nach den M\u00f6glichkeiten<\/h3>\n<p>Sie m\u00f6chten sich auf einen kompetenten Partner verlassen k\u00f6nnen, wenn es darum geht, ein Dressurviereck zu kaufen. Setzen Sie sich in einem solchen Fall am besten gleich telefonisch unter <a href=\"tel:0031485575920\" style=\"text-decoration:underline;\">+31 (0)485-575920<\/a>, per E-Mail oder <a href=\"https:\/\/heritage-products.nl\/de\/contact.html\" style=\"text-decoration:underline;\">Kontaktformular<\/a>\u00a0mit uns in Verbindung.<\/p>\n<p>Wir freuen uns darauf, Ihnen mit Rat und Tat zur Seite zu stehen, wenn es darum geht, die richtige Umrandung f\u00fcr Ihr Dressurviereck zu schaffen. Denn schlie\u00dflich sollte der Kauf eines <a href=\"https:\/\/heritage-products.nl\/de\/dressur\/feste-dressurabgrenzung.html\" style=\"text-decoration:underline;\">festen Dressurvierecks<\/a>\u00a0eine Investition sein, an der Sie sich \u00fcber viele Jahre hinweg erfreuen k\u00f6nnen.[\/et_pb_text][\/et_pb_column][\/et_pb_row][\/et_pb_section]<\/p>\n","protected":false},"excerpt":{"rendered":"<p>\u2714 pflegeleicht\u2714 autorisierter Fachh\u00e4ndler\u2714 Sicher und nachhaltigBei dem renommierten Fachbetrieb f\u00fcr Dressursport-Zubeh\u00f6r, Heritage Products, k\u00f6nnen Sie ein Dressurviereck kaufen, das Ihren W\u00fcnschen in jeder Hinsicht gerecht wird. Wir kennen die Bed\u00fcrfnisse von Pferd und Reiter und deshalb setzen wir in puncto: Sicherheit Pflegeleichtigkeit Ausstrahlung Ma\u00dfst\u00e4be. Mit unserem Zubeh\u00f6r erh\u00e4lt der Dressursport einen angemessenen Rahmen.Ein sch\u00f6nes [&hellip;]<\/p>\n","protected":false},"author":3,"featured_media":0,"parent":0,"menu_order":0,"comment_status":"closed","ping_status":"closed","template":"","meta":{"_acf_changed":false,"_et_pb_use_builder":"on","_et_pb_old_content":"","_et_gb_content_width":"","footnotes":""},"class_list":["post-4252","page","type-page","status-publish","hentry"],"acf":[],"yoast_head":"<!-- This site is optimized with the Yoast SEO plugin v26.4 - https:\/\/yoast.com\/wordpress\/plugins\/seo\/ -->\n<title>Dressurviereck kaufen - Heritage Products<\/title>\n<meta name=\"description\" content=\"Bahnbuchstaben \u2713 auf sehr stilvollen Kegeln \u2713 besonderes Design der Buchstabenkegel \u2713 anerkannter Spezialist f\u00fcr Dressurplatzubeh\u00f6r.\" \/>\n<meta name=\"robots\" content=\"index, follow, max-snippet:-1, max-image-preview:large, max-video-preview:-1\" \/>\n<link rel=\"canonical\" href=\"https:\/\/heritage-products.nl\/de\/dressurviereck-kaufen.html\" \/>\n<meta property=\"og:locale\" content=\"de_DE\" \/>\n<meta property=\"og:type\" content=\"article\" \/>\n<meta property=\"og:title\" content=\"Dressurviereck kaufen - Heritage Products\" \/>\n<meta property=\"og:description\" content=\"Bahnbuchstaben \u2713 auf sehr stilvollen Kegeln \u2713 besonderes Design der Buchstabenkegel \u2713 anerkannter Spezialist f\u00fcr Dressurplatzubeh\u00f6r.\" \/>\n<meta property=\"og:url\" content=\"https:\/\/heritage-products.nl\/de\/dressurviereck-kaufen.html\" \/>\n<meta property=\"og:site_name\" content=\"Heritage Products\" \/>\n<meta property=\"article:modified_time\" content=\"2022-07-25T14:50:07+00:00\" \/>\n<meta name=\"twitter:card\" content=\"summary_large_image\" \/>\n<meta name=\"twitter:label1\" content=\"Est. reading time\" \/>\n\t<meta name=\"twitter:data1\" content=\"2 Minuten\" \/>\n<script type=\"application\/ld+json\" class=\"yoast-schema-graph\">{\"@context\":\"https:\/\/schema.org\",\"@graph\":[{\"@type\":\"WebPage\",\"@id\":\"https:\/\/heritage-products.nl\/de\/dressurviereck-kaufen.html\",\"url\":\"https:\/\/heritage-products.nl\/de\/dressurviereck-kaufen.html\",\"name\":\"Dressurviereck kaufen - Heritage Products\",\"isPartOf\":{\"@id\":\"https:\/\/heritage-products.nl\/#website\"},\"datePublished\":\"2022-07-18T12:06:01+00:00\",\"dateModified\":\"2022-07-25T14:50:07+00:00\",\"description\":\"Bahnbuchstaben \u2713 auf sehr stilvollen Kegeln \u2713 besonderes Design der Buchstabenkegel \u2713 anerkannter Spezialist f\u00fcr Dressurplatzubeh\u00f6r.\",\"breadcrumb\":{\"@id\":\"https:\/\/heritage-products.nl\/de\/dressurviereck-kaufen.html#breadcrumb\"},\"inLanguage\":\"de-DE\",\"potentialAction\":[{\"@type\":\"ReadAction\",\"target\":[\"https:\/\/heritage-products.nl\/de\/dressurviereck-kaufen.html\"]}]},{\"@type\":\"BreadcrumbList\",\"@id\":\"https:\/\/heritage-products.nl\/de\/dressurviereck-kaufen.html#breadcrumb\",\"itemListElement\":[{\"@type\":\"ListItem\",\"position\":1,\"name\":\"Home\",\"item\":\"https:\/\/heritage-products.nl\/de\"},{\"@type\":\"ListItem\",\"position\":2,\"name\":\"Dressurviereck kaufen\"}]},{\"@type\":\"WebSite\",\"@id\":\"https:\/\/heritage-products.nl\/#website\",\"url\":\"https:\/\/heritage-products.nl\/\",\"name\":\"Heritage Products\",\"description\":\"\",\"potentialAction\":[{\"@type\":\"SearchAction\",\"target\":{\"@type\":\"EntryPoint\",\"urlTemplate\":\"https:\/\/heritage-products.nl\/?s={search_term_string}\"},\"query-input\":{\"@type\":\"PropertyValueSpecification\",\"valueRequired\":true,\"valueName\":\"search_term_string\"}}],\"inLanguage\":\"de-DE\"}]}<\/script>\n<!-- \/ Yoast SEO plugin. -->","yoast_head_json":{"title":"Dressurviereck kaufen - Heritage Products","description":"Bahnbuchstaben \u2713 auf sehr stilvollen Kegeln \u2713 besonderes Design der Buchstabenkegel \u2713 anerkannter Spezialist f\u00fcr Dressurplatzubeh\u00f6r.","robots":{"index":"index","follow":"follow","max-snippet":"max-snippet:-1","max-image-preview":"max-image-preview:large","max-video-preview":"max-video-preview:-1"},"canonical":"https:\/\/heritage-products.nl\/de\/dressurviereck-kaufen.html","og_locale":"de_DE","og_type":"article","og_title":"Dressurviereck kaufen - Heritage Products","og_description":"Bahnbuchstaben \u2713 auf sehr stilvollen Kegeln \u2713 besonderes Design der Buchstabenkegel \u2713 anerkannter Spezialist f\u00fcr Dressurplatzubeh\u00f6r.","og_url":"https:\/\/heritage-products.nl\/de\/dressurviereck-kaufen.html","og_site_name":"Heritage Products","article_modified_time":"2022-07-25T14:50:07+00:00","twitter_card":"summary_large_image","twitter_misc":{"Est. reading time":"2 Minuten"},"schema":{"@context":"https:\/\/schema.org","@graph":[{"@type":"WebPage","@id":"https:\/\/heritage-products.nl\/de\/dressurviereck-kaufen.html","url":"https:\/\/heritage-products.nl\/de\/dressurviereck-kaufen.html","name":"Dressurviereck kaufen - Heritage Products","isPartOf":{"@id":"https:\/\/heritage-products.nl\/#website"},"datePublished":"2022-07-18T12:06:01+00:00","dateModified":"2022-07-25T14:50:07+00:00","description":"Bahnbuchstaben \u2713 auf sehr stilvollen Kegeln \u2713 besonderes Design der Buchstabenkegel \u2713 anerkannter Spezialist f\u00fcr Dressurplatzubeh\u00f6r.","breadcrumb":{"@id":"https:\/\/heritage-products.nl\/de\/dressurviereck-kaufen.html#breadcrumb"},"inLanguage":"de-DE","potentialAction":[{"@type":"ReadAction","target":["https:\/\/heritage-products.nl\/de\/dressurviereck-kaufen.html"]}]},{"@type":"BreadcrumbList","@id":"https:\/\/heritage-products.nl\/de\/dressurviereck-kaufen.html#breadcrumb","itemListElement":[{"@type":"ListItem","position":1,"name":"Home","item":"https:\/\/heritage-products.nl\/de"},{"@type":"ListItem","position":2,"name":"Dressurviereck kaufen"}]},{"@type":"WebSite","@id":"https:\/\/heritage-products.nl\/#website","url":"https:\/\/heritage-products.nl\/","name":"Heritage Products","description":"","potentialAction":[{"@type":"SearchAction","target":{"@type":"EntryPoint","urlTemplate":"https:\/\/heritage-products.nl\/?s={search_term_string}"},"query-input":{"@type":"PropertyValueSpecification","valueRequired":true,"valueName":"search_term_string"}}],"inLanguage":"de-DE"}]}},"_links":{"self":[{"href":"https:\/\/heritage-products.nl\/de\/wp-json\/wp\/v2\/pages\/4252","targetHints":{"allow":["GET"]}}],"collection":[{"href":"https:\/\/heritage-products.nl\/de\/wp-json\/wp\/v2\/pages"}],"about":[{"href":"https:\/\/heritage-products.nl\/de\/wp-json\/wp\/v2\/types\/page"}],"author":[{"embeddable":true,"href":"https:\/\/heritage-products.nl\/de\/wp-json\/wp\/v2\/users\/3"}],"replies":[{"embeddable":true,"href":"https:\/\/heritage-products.nl\/de\/wp-json\/wp\/v2\/comments?post=4252"}],"version-history":[{"count":4,"href":"https:\/\/heritage-products.nl\/de\/wp-json\/wp\/v2\/pages\/4252\/revisions"}],"predecessor-version":[{"id":4543,"href":"https:\/\/heritage-products.nl\/de\/wp-json\/wp\/v2\/pages\/4252\/revisions\/4543"}],"wp:attachment":[{"href":"https:\/\/heritage-products.nl\/de\/wp-json\/wp\/v2\/media?parent=4252"}],"curies":[{"name":"wp","href":"https:\/\/api.w.org\/{rel}","templated":true}]}}