{"id":4260,"date":"2022-07-18T12:11:57","date_gmt":"2022-07-18T12:11:57","guid":{"rendered":"https:\/\/heritage-products.nl\/?page_id=4260"},"modified":"2022-07-25T14:51:04","modified_gmt":"2022-07-25T14:51:04","slug":"dressurviereck-kunststoff","status":"publish","type":"page","link":"https:\/\/heritage-products.nl\/de\/dressurviereck-kunststoff.html","title":{"rendered":"Dressurviereck Kunststoff"},"content":{"rendered":"<p>[et_pb_section fb_built=&#8220;1&#8243; fullwidth=&#8220;on&#8220; admin_label=&#8220;Section&#8220; module_class=&#8220;grizzly__section&#8220; _builder_version=&#8220;4.15.0&#8243; _module_preset=&#8220;default&#8220; bottom_divider_style=&#8220;curve2&#8243; bottom_divider_color=&#8220;#ffffff&#8220; global_colors_info=&#8220;{}&#8220;][et_pb_fullwidth_header title=&#8220;Dressurviereck Kunststoff&#8220; subhead=&#8220;Sie interessieren sich f\u00fcr unsere Produkte?&#8220; text_orientation=&#8220;center&#8220; button_one_text=&#8220;Fordern Sie ein Angebot an!&#8220; button_one_url=&#8220;https:\/\/heritage-products.nl\/de\/angebot-anfragen.html&#8220; _builder_version=&#8220;4.15.0&#8243; _module_preset=&#8220;default&#8220; title_font=&#8220;Arvo||||||||&#8220; title_font_size=&#8220;50px&#8220; content_font=&#8220;||||||||&#8220; subhead_font=&#8220;Arvo||||||||&#8220; subhead_text_color=&#8220;#FFFFFF&#8220; subhead_font_size=&#8220;20px&#8220; background_image=&#8220;https:\/\/heritage-products.nl\/wp-content\/uploads\/2015\/09\/HK-2016-2.jpg&#8220; parallax=&#8220;on&#8220; hover_enabled=&#8220;0&#8243; global_colors_info=&#8220;{}&#8220; alt=&#8220;Dressuur | Heritage Products B.V.&#8220; title_text=&#8220;HK-2016-2&#8243; sticky_enabled=&#8220;0&#8243;][\/et_pb_fullwidth_header][\/et_pb_section][et_pb_section fb_built=&#8220;1&#8243; _builder_version=&#8220;4.15.0&#8243; _module_preset=&#8220;default&#8220; global_colors_info=&#8220;{}&#8220;][et_pb_row column_structure=&#8220;1_3,1_3,1_3&#8243; _builder_version=&#8220;4.15.0&#8243; _module_preset=&#8220;default&#8220; global_colors_info=&#8220;{}&#8220;][et_pb_column type=&#8220;1_3&#8243; _builder_version=&#8220;4.15.0&#8243; _module_preset=&#8220;default&#8220; global_colors_info=&#8220;{}&#8220;][et_pb_text _builder_version=&#8220;4.15.0&#8243; _module_preset=&#8220;default&#8220; text_font_size=&#8220;16px&#8220; global_colors_info=&#8220;{}&#8220;]<\/p>\n<p style=\"text-align: center;\"><strong><span class=\"Y2IQFc\" lang=\"de\">\u2714 pflegeleicht<\/span><\/strong><\/p>\n<p>[\/et_pb_text][\/et_pb_column][et_pb_column type=&#8220;1_3&#8243; _builder_version=&#8220;4.15.0&#8243; _module_preset=&#8220;default&#8220; global_colors_info=&#8220;{}&#8220;][et_pb_text _builder_version=&#8220;4.15.0&#8243; _module_preset=&#8220;default&#8220; text_font_size=&#8220;16px&#8220; global_colors_info=&#8220;{}&#8220;]<\/p>\n<p style=\"text-align: center;\"><strong><span class=\"Y2IQFc\" lang=\"de\">\u2714 autorisierter Fachh\u00e4ndler<\/span><\/strong><\/p>\n<p>[\/et_pb_text][\/et_pb_column][et_pb_column type=&#8220;1_3&#8243; _builder_version=&#8220;4.15.0&#8243; _module_preset=&#8220;default&#8220; global_colors_info=&#8220;{}&#8220;][et_pb_text _builder_version=&#8220;4.15.0&#8243; _module_preset=&#8220;default&#8220; text_font_size=&#8220;16px&#8220; global_colors_info=&#8220;{}&#8220;]<\/p>\n<p style=\"text-align: center;\"><strong><span class=\"Y2IQFc\" lang=\"de\">\u2714 <\/span><span class=\"Y2IQFc\" lang=\"de\">Sicher und nachhaltig<\/span><\/strong><\/p>\n<p>[\/et_pb_text][\/et_pb_column][\/et_pb_row][et_pb_row _builder_version=&#8220;4.15.0&#8243; _module_preset=&#8220;default&#8220; global_colors_info=&#8220;{}&#8220;][et_pb_column type=&#8220;4_4&#8243; _builder_version=&#8220;4.15.0&#8243; _module_preset=&#8220;default&#8220; global_colors_info=&#8220;{}&#8220;][et_pb_text _builder_version=&#8220;4.15.0&#8243; _module_preset=&#8220;default&#8220; global_colors_info=&#8220;{}&#8220;]<\/p>\n<p>Auf einem Dressurviereck aus Kunststoff von Heritage Products k\u00f6nnen \u00fcber viele Jahre hinweg sportliche H\u00f6chstleistungen, die Eleganz, Leichtigkeit und Sch\u00f6nheit ausstrahlen, vollbracht werden. Heritage Products, der niederl\u00e4ndische Reitsportspezialist aus dem grenznahen Sambeek, unterstreicht die reitsportlichen Darbietungen mit dezenten, schicken, pflegeleichten und sicheren Dressurplatzumrandungen, die ganz Ihrer Situation und W\u00fcnschen entsprechend entworfen und aufgestellt werden. Selbstverst\u00e4ndlich sollten die Einfassungen nicht von eigentlichen Geschehen ablenken, gleichzeitig k\u00f6nnen sie auf die richtige Weise zur Ausstrahlung eines Turniers beitragen. Bei Heritage Products wei\u00df man, welche Materialien f\u00fcr die Dressurvierecke optimal sind.<\/p>\n<p>[\/et_pb_text][\/et_pb_column][\/et_pb_row][\/et_pb_section][et_pb_section fb_built=&#8220;1&#8243; _builder_version=&#8220;4.15.0&#8243; _module_preset=&#8220;default&#8220; background_color=&#8220;#dd3333&#8243; global_colors_info=&#8220;{}&#8220;][et_pb_row column_structure=&#8220;1_2,1_2&#8243; _builder_version=&#8220;4.15.0&#8243; _module_preset=&#8220;default&#8220; global_colors_info=&#8220;{}&#8220;][et_pb_column type=&#8220;1_2&#8243; _builder_version=&#8220;4.15.0&#8243; _module_preset=&#8220;default&#8220; global_colors_info=&#8220;{}&#8220;][et_pb_text _builder_version=&#8220;4.15.0&#8243; _module_preset=&#8220;default&#8220; text_text_color=&#8220;#FFFFFF&#8220; global_colors_info=&#8220;{}&#8220;]<\/p>\n<h2 style=\"color: #fff;\">Ein Dressurviereck aus Kunststoff kann auch gemietet werden<\/h2>\n<p>F\u00fcr so manchen Veranstalter von Dressurpr\u00fcfungen lohnt sich der Erwerb einer <a href=\"https:\/\/heritage-products.nl\/de\/dressur.html\" style=\"color: #fff; text-decoration:underline;\">Dressurplatzeinfassung<\/a>\u00a0nicht. Bei Heritage Products k\u00f6nnen Sie <a href=\"https:\/\/heritage-products.nl\/de\/einzaunung-pferdeweide.html\" style=\"color: #fff; text-decoration:underline;\">eine solche Einfassung<\/a> f\u00fcr Ihr Dressurviereck aus Kunststoff auch ganz einfach und zu \u00fcberraschend g\u00fcnstigen Preisen mieten. Damit halten sich die Kosten in Grenzen und gleichzeitig haben Sie dieselbe professionelle Ausstrahlung wie die ganz gro\u00dfen Turniere, deren Veranstalter ihre Dressurvierecke <a href=\"https:\/\/heritage-products.nl\/de\/kunststoff-koppelzaun.html\" style=\"color: #fff; text-decoration:underline;\">aus Kunststoff<\/a> in vielen F\u00e4llen auch bei Heritage Products beziehen.[\/et_pb_text][\/et_pb_column][et_pb_column type=&#8220;1_2&#8243; _builder_version=&#8220;4.15.0&#8243; _module_preset=&#8220;default&#8220; global_colors_info=&#8220;{}&#8220;][et_pb_image src=&#8220;https:\/\/heritage-products.nl\/wp-content\/uploads\/2021\/10\/DSC1139-1-4.jpg&#8220; alt=&#8220;Dressuur-arena | Heritage Products B.V.&#8220; title_text=&#8220;_DSC1139-1&#8243; align=&#8220;right&#8220; _builder_version=&#8220;4.15.0&#8243; _module_preset=&#8220;default&#8220; global_colors_info=&#8220;{}&#8220;][\/et_pb_image][\/et_pb_column][\/et_pb_row][\/et_pb_section][et_pb_section fb_built=&#8220;1&#8243; _builder_version=&#8220;4.15.0&#8243; _module_preset=&#8220;default&#8220; global_colors_info=&#8220;{}&#8220;][et_pb_row column_structure=&#8220;1_2,1_2&#8243; _builder_version=&#8220;4.15.0&#8243; _module_preset=&#8220;default&#8220; global_colors_info=&#8220;{}&#8220;][et_pb_column type=&#8220;1_2&#8243; _builder_version=&#8220;4.15.0&#8243; _module_preset=&#8220;default&#8220; global_colors_info=&#8220;{}&#8220;][et_pb_image src=&#8220;https:\/\/heritage-products.nl\/wp-content\/uploads\/2016\/03\/DSC_2813fb.jpg&#8220; alt=&#8220;Stal met paard | Heritage Products B.V.&#8220; title_text=&#8220;DSC_2813fb&#8220; _builder_version=&#8220;4.15.0&#8243; _module_preset=&#8220;default&#8220; global_colors_info=&#8220;{}&#8220;][\/et_pb_image][\/et_pb_column][et_pb_column type=&#8220;1_2&#8243; _builder_version=&#8220;4.15.0&#8243; _module_preset=&#8220;default&#8220; global_colors_info=&#8220;{}&#8220;][et_pb_text _builder_version=&#8220;4.15.0&#8243; _module_preset=&#8220;default&#8220; global_colors_info=&#8220;{}&#8220;]<\/p>\n<h3>Fachkundige Beratung<\/h3>\n<p>Lassen Sie sich von den engagierten Fachkr\u00e4ften von Heritage Products oder einem der <a href=\"https:\/\/heritage-products.nl\/de\/dealers.html\" style=\"text-decoration:underline;\">Fachh\u00e4ndler<\/a>\u00a0in Deutschland oder in der Schweiz beraten. Gemeinsam werden Sie die richtige L\u00f6sung f\u00fcr Ihr <a href=\"https:\/\/heritage-products.nl\/de\/dressur\/feste-dressurabgrenzung.html\" style=\"text-decoration:underline;\">Dressurviereck aus Kunststoff<\/a>\u00a0finden, damit es die optimale B\u00fchne f\u00fcr die hohe Reitkunst bildet. Bei Fragen k\u00f6nnen Sie uns erreichen unter <a href=\"tel:0031485575920\" style=\"text-decoration:underline;\">+31 (0)485-575920<\/a>.[\/et_pb_text][\/et_pb_column][\/et_pb_row][\/et_pb_section]<\/p>\n","protected":false},"excerpt":{"rendered":"<p>\u2714 pflegeleicht\u2714 autorisierter Fachh\u00e4ndler\u2714 Sicher und nachhaltigAuf einem Dressurviereck aus Kunststoff von Heritage Products k\u00f6nnen \u00fcber viele Jahre hinweg sportliche H\u00f6chstleistungen, die Eleganz, Leichtigkeit und Sch\u00f6nheit ausstrahlen, vollbracht werden. Heritage Products, der niederl\u00e4ndische Reitsportspezialist aus dem grenznahen Sambeek, unterstreicht die reitsportlichen Darbietungen mit dezenten, schicken, pflegeleichten und sicheren Dressurplatzumrandungen, die ganz Ihrer Situation und W\u00fcnschen [&hellip;]<\/p>\n","protected":false},"author":3,"featured_media":0,"parent":0,"menu_order":0,"comment_status":"closed","ping_status":"closed","template":"","meta":{"_acf_changed":false,"_et_pb_use_builder":"on","_et_pb_old_content":"","_et_gb_content_width":"","footnotes":""},"class_list":["post-4260","page","type-page","status-publish","hentry"],"acf":[],"yoast_head":"<!-- This site is optimized with the Yoast SEO plugin v26.4 - https:\/\/yoast.com\/wordpress\/plugins\/seo\/ -->\n<title>Dressurviereck Kunststoff - Heritage Products<\/title>\n<meta name=\"description\" content=\"Entscheiden Sie sich f\u00fcr ein Dressurviereck aus Kunststoff, das Eleganz &amp; Sch\u00f6nheit mit einer langen Lebensdauer &amp; einem geringen Pflegeaufwand vereint.\" \/>\n<meta name=\"robots\" content=\"index, follow, max-snippet:-1, max-image-preview:large, max-video-preview:-1\" \/>\n<link rel=\"canonical\" href=\"https:\/\/heritage-products.nl\/de\/dressurviereck-kunststoff.html\" \/>\n<meta property=\"og:locale\" content=\"de_DE\" \/>\n<meta property=\"og:type\" content=\"article\" \/>\n<meta property=\"og:title\" content=\"Dressurviereck Kunststoff - Heritage Products\" \/>\n<meta property=\"og:description\" content=\"Entscheiden Sie sich f\u00fcr ein Dressurviereck aus Kunststoff, das Eleganz &amp; Sch\u00f6nheit mit einer langen Lebensdauer &amp; einem geringen Pflegeaufwand vereint.\" \/>\n<meta property=\"og:url\" content=\"https:\/\/heritage-products.nl\/de\/dressurviereck-kunststoff.html\" \/>\n<meta property=\"og:site_name\" content=\"Heritage Products\" \/>\n<meta property=\"article:modified_time\" content=\"2022-07-25T14:51:04+00:00\" \/>\n<meta name=\"twitter:card\" content=\"summary_large_image\" \/>\n<meta name=\"twitter:label1\" content=\"Est. reading time\" \/>\n\t<meta name=\"twitter:data1\" content=\"2 Minuten\" \/>\n<script type=\"application\/ld+json\" class=\"yoast-schema-graph\">{\"@context\":\"https:\/\/schema.org\",\"@graph\":[{\"@type\":\"WebPage\",\"@id\":\"https:\/\/heritage-products.nl\/de\/dressurviereck-kunststoff.html\",\"url\":\"https:\/\/heritage-products.nl\/de\/dressurviereck-kunststoff.html\",\"name\":\"Dressurviereck Kunststoff - Heritage Products\",\"isPartOf\":{\"@id\":\"https:\/\/heritage-products.nl\/#website\"},\"datePublished\":\"2022-07-18T12:11:57+00:00\",\"dateModified\":\"2022-07-25T14:51:04+00:00\",\"description\":\"Entscheiden Sie sich f\u00fcr ein Dressurviereck aus Kunststoff, das Eleganz & Sch\u00f6nheit mit einer langen Lebensdauer & einem geringen Pflegeaufwand vereint.\",\"breadcrumb\":{\"@id\":\"https:\/\/heritage-products.nl\/de\/dressurviereck-kunststoff.html#breadcrumb\"},\"inLanguage\":\"de-DE\",\"potentialAction\":[{\"@type\":\"ReadAction\",\"target\":[\"https:\/\/heritage-products.nl\/de\/dressurviereck-kunststoff.html\"]}]},{\"@type\":\"BreadcrumbList\",\"@id\":\"https:\/\/heritage-products.nl\/de\/dressurviereck-kunststoff.html#breadcrumb\",\"itemListElement\":[{\"@type\":\"ListItem\",\"position\":1,\"name\":\"Home\",\"item\":\"https:\/\/heritage-products.nl\/de\"},{\"@type\":\"ListItem\",\"position\":2,\"name\":\"Dressurviereck Kunststoff\"}]},{\"@type\":\"WebSite\",\"@id\":\"https:\/\/heritage-products.nl\/#website\",\"url\":\"https:\/\/heritage-products.nl\/\",\"name\":\"Heritage Products\",\"description\":\"\",\"potentialAction\":[{\"@type\":\"SearchAction\",\"target\":{\"@type\":\"EntryPoint\",\"urlTemplate\":\"https:\/\/heritage-products.nl\/?s={search_term_string}\"},\"query-input\":{\"@type\":\"PropertyValueSpecification\",\"valueRequired\":true,\"valueName\":\"search_term_string\"}}],\"inLanguage\":\"de-DE\"}]}<\/script>\n<!-- \/ Yoast SEO plugin. -->","yoast_head_json":{"title":"Dressurviereck Kunststoff - Heritage Products","description":"Entscheiden Sie sich f\u00fcr ein Dressurviereck aus Kunststoff, das Eleganz & Sch\u00f6nheit mit einer langen Lebensdauer & einem geringen Pflegeaufwand vereint.","robots":{"index":"index","follow":"follow","max-snippet":"max-snippet:-1","max-image-preview":"max-image-preview:large","max-video-preview":"max-video-preview:-1"},"canonical":"https:\/\/heritage-products.nl\/de\/dressurviereck-kunststoff.html","og_locale":"de_DE","og_type":"article","og_title":"Dressurviereck Kunststoff - Heritage Products","og_description":"Entscheiden Sie sich f\u00fcr ein Dressurviereck aus Kunststoff, das Eleganz & Sch\u00f6nheit mit einer langen Lebensdauer & einem geringen Pflegeaufwand vereint.","og_url":"https:\/\/heritage-products.nl\/de\/dressurviereck-kunststoff.html","og_site_name":"Heritage Products","article_modified_time":"2022-07-25T14:51:04+00:00","twitter_card":"summary_large_image","twitter_misc":{"Est. reading time":"2 Minuten"},"schema":{"@context":"https:\/\/schema.org","@graph":[{"@type":"WebPage","@id":"https:\/\/heritage-products.nl\/de\/dressurviereck-kunststoff.html","url":"https:\/\/heritage-products.nl\/de\/dressurviereck-kunststoff.html","name":"Dressurviereck Kunststoff - Heritage Products","isPartOf":{"@id":"https:\/\/heritage-products.nl\/#website"},"datePublished":"2022-07-18T12:11:57+00:00","dateModified":"2022-07-25T14:51:04+00:00","description":"Entscheiden Sie sich f\u00fcr ein Dressurviereck aus Kunststoff, das Eleganz & Sch\u00f6nheit mit einer langen Lebensdauer & einem geringen Pflegeaufwand vereint.","breadcrumb":{"@id":"https:\/\/heritage-products.nl\/de\/dressurviereck-kunststoff.html#breadcrumb"},"inLanguage":"de-DE","potentialAction":[{"@type":"ReadAction","target":["https:\/\/heritage-products.nl\/de\/dressurviereck-kunststoff.html"]}]},{"@type":"BreadcrumbList","@id":"https:\/\/heritage-products.nl\/de\/dressurviereck-kunststoff.html#breadcrumb","itemListElement":[{"@type":"ListItem","position":1,"name":"Home","item":"https:\/\/heritage-products.nl\/de"},{"@type":"ListItem","position":2,"name":"Dressurviereck Kunststoff"}]},{"@type":"WebSite","@id":"https:\/\/heritage-products.nl\/#website","url":"https:\/\/heritage-products.nl\/","name":"Heritage Products","description":"","potentialAction":[{"@type":"SearchAction","target":{"@type":"EntryPoint","urlTemplate":"https:\/\/heritage-products.nl\/?s={search_term_string}"},"query-input":{"@type":"PropertyValueSpecification","valueRequired":true,"valueName":"search_term_string"}}],"inLanguage":"de-DE"}]}},"_links":{"self":[{"href":"https:\/\/heritage-products.nl\/de\/wp-json\/wp\/v2\/pages\/4260","targetHints":{"allow":["GET"]}}],"collection":[{"href":"https:\/\/heritage-products.nl\/de\/wp-json\/wp\/v2\/pages"}],"about":[{"href":"https:\/\/heritage-products.nl\/de\/wp-json\/wp\/v2\/types\/page"}],"author":[{"embeddable":true,"href":"https:\/\/heritage-products.nl\/de\/wp-json\/wp\/v2\/users\/3"}],"replies":[{"embeddable":true,"href":"https:\/\/heritage-products.nl\/de\/wp-json\/wp\/v2\/comments?post=4260"}],"version-history":[{"count":7,"href":"https:\/\/heritage-products.nl\/de\/wp-json\/wp\/v2\/pages\/4260\/revisions"}],"predecessor-version":[{"id":4545,"href":"https:\/\/heritage-products.nl\/de\/wp-json\/wp\/v2\/pages\/4260\/revisions\/4545"}],"wp:attachment":[{"href":"https:\/\/heritage-products.nl\/de\/wp-json\/wp\/v2\/media?parent=4260"}],"curies":[{"name":"wp","href":"https:\/\/api.w.org\/{rel}","templated":true}]}}