{"id":4268,"date":"2022-07-18T12:19:38","date_gmt":"2022-07-18T12:19:38","guid":{"rendered":"https:\/\/heritage-products.nl\/?page_id=4268"},"modified":"2022-07-25T14:40:44","modified_gmt":"2022-07-25T14:40:44","slug":"einzaunung-pferdeweide","status":"publish","type":"page","link":"https:\/\/heritage-products.nl\/de\/einzaunung-pferdeweide.html","title":{"rendered":"Einz\u00e4unung Pferdeweide"},"content":{"rendered":"<p>[et_pb_section fb_built=&#8220;1&#8243; fullwidth=&#8220;on&#8220; admin_label=&#8220;Section&#8220; module_class=&#8220;grizzly__section&#8220; _builder_version=&#8220;4.15.0&#8243; _module_preset=&#8220;default&#8220; bottom_divider_style=&#8220;curve2&#8243; bottom_divider_color=&#8220;#ffffff&#8220; global_colors_info=&#8220;{}&#8220;][et_pb_fullwidth_header title=&#8220;Einz\u00e4unung Pferdeweide&#8220; subhead=&#8220;Sie interessieren sich f\u00fcr unsere Produkte?&#8220; text_orientation=&#8220;center&#8220; button_one_text=&#8220;Fordern Sie ein Angebot an!&#8220; button_one_url=&#8220;https:\/\/heritage-products.nl\/de\/angebot-anfragen.html&#8220; _builder_version=&#8220;4.15.0&#8243; _module_preset=&#8220;default&#8220; title_font=&#8220;Arvo||||||||&#8220; title_font_size=&#8220;50px&#8220; content_font=&#8220;||||||||&#8220; subhead_font=&#8220;Arvo||||||||&#8220; subhead_text_color=&#8220;#FFFFFF&#8220; subhead_font_size=&#8220;20px&#8220; background_image=&#8220;https:\/\/heritage-products.nl\/wp-content\/uploads\/2022\/07\/Herritage-products-foto-header.jpg&#8220; parallax=&#8220;on&#8220; hover_enabled=&#8220;0&#8243; global_colors_info=&#8220;{}&#8220; alt=&#8220;Longeren | Heritage Producten&#8220; title_text=&#8220;Herritage products foto header&#8220; sticky_enabled=&#8220;0&#8243;][\/et_pb_fullwidth_header][\/et_pb_section][et_pb_section fb_built=&#8220;1&#8243; _builder_version=&#8220;4.15.0&#8243; _module_preset=&#8220;default&#8220; global_colors_info=&#8220;{}&#8220;][et_pb_row column_structure=&#8220;1_3,1_3,1_3&#8243; _builder_version=&#8220;4.15.0&#8243; _module_preset=&#8220;default&#8220; global_colors_info=&#8220;{}&#8220;][et_pb_column type=&#8220;1_3&#8243; _builder_version=&#8220;4.15.0&#8243; _module_preset=&#8220;default&#8220; global_colors_info=&#8220;{}&#8220;][et_pb_text _builder_version=&#8220;4.15.0&#8243; _module_preset=&#8220;default&#8220; text_font_size=&#8220;16px&#8220; global_colors_info=&#8220;{}&#8220;]<\/p>\n<p style=\"text-align: center;\"><strong><span class=\"Y2IQFc\" lang=\"de\">\u2714 pflegeleicht<\/span><\/strong><\/p>\n<p>[\/et_pb_text][\/et_pb_column][et_pb_column type=&#8220;1_3&#8243; _builder_version=&#8220;4.15.0&#8243; _module_preset=&#8220;default&#8220; global_colors_info=&#8220;{}&#8220;][et_pb_text _builder_version=&#8220;4.15.0&#8243; _module_preset=&#8220;default&#8220; text_font_size=&#8220;16px&#8220; global_colors_info=&#8220;{}&#8220;]<\/p>\n<p style=\"text-align: center;\"><strong><span class=\"Y2IQFc\" lang=\"de\">\u2714 autorisierter Fachh\u00e4ndler<\/span><\/strong><\/p>\n<p>[\/et_pb_text][\/et_pb_column][et_pb_column type=&#8220;1_3&#8243; _builder_version=&#8220;4.15.0&#8243; _module_preset=&#8220;default&#8220; global_colors_info=&#8220;{}&#8220;][et_pb_text _builder_version=&#8220;4.15.0&#8243; _module_preset=&#8220;default&#8220; text_font_size=&#8220;16px&#8220; global_colors_info=&#8220;{}&#8220;]<\/p>\n<p style=\"text-align: center;\"><strong><span class=\"Y2IQFc\" lang=\"de\">\u2714 <\/span><span class=\"Y2IQFc\" lang=\"de\">Sicher und nachhaltig<\/span><\/strong><\/p>\n<p>[\/et_pb_text][\/et_pb_column][\/et_pb_row][et_pb_row _builder_version=&#8220;4.15.0&#8243; _module_preset=&#8220;default&#8220; global_colors_info=&#8220;{}&#8220;][et_pb_column type=&#8220;4_4&#8243; _builder_version=&#8220;4.15.0&#8243; _module_preset=&#8220;default&#8220; global_colors_info=&#8220;{}&#8220;][et_pb_text _builder_version=&#8220;4.15.0&#8243; _module_preset=&#8220;default&#8220; global_colors_info=&#8220;{}&#8220;]<\/p>\n<p>Die Einz\u00e4unung der Pferdeweide ist f\u00fcr die Sicherheit Ihrer Pferde von gr\u00f6\u00dfter Bedeutung und bei Heritage Products erhalten Sie einen Weidezaun, der h\u00f6chsten Anspr\u00fcchen gerecht wird. Selbstverst\u00e4ndlich darf Ihr Pferd nicht ausbrechen k\u00f6nnen, aber vor allem auch d\u00fcrfen sich die Pferde am Zaun selbst nicht verletzen. Welche Folgen schlechte Einz\u00e4unungen haben k\u00f6nnen, haben viel zu viele Pferdebesitzer leider schon mit eigenen Augen ansehen m\u00fcssen. Die Fachleute von Heritage Products wissen, wovon sie sprechen. Denn sie alle teilen mit Ihnen die Leidenschaft zum Reitsport und setzen alles daran, ein sicheres Umfeld f\u00fcr Ihre Pferde zu schaffen.<\/p>\n<p>[\/et_pb_text][\/et_pb_column][\/et_pb_row][\/et_pb_section][et_pb_section fb_built=&#8220;1&#8243; _builder_version=&#8220;4.15.0&#8243; _module_preset=&#8220;default&#8220; background_color=&#8220;#dd3333&#8243; global_colors_info=&#8220;{}&#8220;][et_pb_row column_structure=&#8220;1_2,1_2&#8243; _builder_version=&#8220;4.15.0&#8243; _module_preset=&#8220;default&#8220; global_colors_info=&#8220;{}&#8220;][et_pb_column type=&#8220;1_2&#8243; _builder_version=&#8220;4.15.0&#8243; _module_preset=&#8220;default&#8220; global_colors_info=&#8220;{}&#8220;][et_pb_text _builder_version=&#8220;4.15.0&#8243; _module_preset=&#8220;default&#8220; text_text_color=&#8220;#FFFFFF&#8220; global_colors_info=&#8220;{}&#8220;]<\/p>\n<h2 style=\"color: #fff;\">Pflegeleichte Einz\u00e4unung Ihrer Pferdeweide<\/h2>\n<p>Au\u00dferdem m\u00f6chten Sie nat\u00fcrlich auch Ihren Geldbeutel und die Umwelt schonen. Eine Einz\u00e4unung der Pferdeweide\u00a0von Heritage Products kann auf Wunsch aus hochwertigem PVC-Material hergestellt werden, das \u00e4u\u00dferst pflegeleicht ist, eine lange Lebensdauer besitzt und zu 100 % wiederverwertbar ist. Heritage Products kann sich um <a href=\"https:\/\/heritage-products.nl\/de\/kunststoff-koppelzaun.html\" style=\"color: #fff; text-decoration:underline;\">die Aufstellung des Zauns<\/a> k\u00fcmmern und sobald er einmal steht, brauchen Sie sich praktisch nicht mehr nach ihm umzusehen. Umsehen werden sich h\u00f6chstens die Passanten. Denn <a href=\"https:\/\/heritage-products.nl\/de\/einzaeunungen.html\" style=\"color: #fff; text-decoration:underline;\">die Einz\u00e4unungen<\/a> f\u00fcr Pferdeweiden von Heritage Products sind auch noch<\/p>\n<ul>\n<li>sch\u00f6n<\/li>\n<li>elegant,<\/li>\n<li>wodurch sie die Blicke auf sich ziehen.<\/li>\n<\/ul>\n<p>[\/et_pb_text][\/et_pb_column][et_pb_column type=&#8220;1_2&#8243; _builder_version=&#8220;4.15.0&#8243; _module_preset=&#8220;default&#8220; global_colors_info=&#8220;{}&#8220;][et_pb_image src=&#8220;https:\/\/heritage-products.nl\/wp-content\/uploads\/2018\/10\/Artwood-dark-2-1.jpg&#8220; alt=&#8220;Omheining paardenweide | Heritage Products B.V.&#8220; title_text=&#8220;Artwood-dark-2&#8243; align=&#8220;right&#8220; _builder_version=&#8220;4.15.0&#8243; _module_preset=&#8220;default&#8220; global_colors_info=&#8220;{}&#8220;][\/et_pb_image][\/et_pb_column][\/et_pb_row][\/et_pb_section][et_pb_section fb_built=&#8220;1&#8243; _builder_version=&#8220;4.15.0&#8243; _module_preset=&#8220;default&#8220; global_colors_info=&#8220;{}&#8220;][et_pb_row column_structure=&#8220;1_2,1_2&#8243; _builder_version=&#8220;4.15.0&#8243; _module_preset=&#8220;default&#8220; global_colors_info=&#8220;{}&#8220;][et_pb_column type=&#8220;1_2&#8243; _builder_version=&#8220;4.15.0&#8243; _module_preset=&#8220;default&#8220; global_colors_info=&#8220;{}&#8220;][et_pb_image src=&#8220;https:\/\/heritage-products.nl\/wp-content\/uploads\/2016\/03\/DSC_2813fb.jpg&#8220; alt=&#8220;Stal met paard | Heritage Products B.V.&#8220; title_text=&#8220;DSC_2813fb&#8220; _builder_version=&#8220;4.15.0&#8243; _module_preset=&#8220;default&#8220; global_colors_info=&#8220;{}&#8220;][\/et_pb_image][\/et_pb_column][et_pb_column type=&#8220;1_2&#8243; _builder_version=&#8220;4.15.0&#8243; _module_preset=&#8220;default&#8220; global_colors_info=&#8220;{}&#8220;][et_pb_text _builder_version=&#8220;4.15.0&#8243; _module_preset=&#8220;default&#8220; global_colors_info=&#8220;{}&#8220;]<\/p>\n<h3>Wir stehen Ihnen gerne zu Diensten<\/h3>\n<p>Die Mitarbeiter von Heritage Products mit Sitz im niederl\u00e4ndischen Sambeek (ganz in der N\u00e4he der deutschen Grenze) und die deutschen und Schweizer <a href=\"https:\/\/heritage-products.nl\/de\/dealers.html\" style=\"text-decoration:underline;\">Fachh\u00e4ndler<\/a>\u00a0dieses Reitsportspezialisten stehen Ihnen f\u00fcr s\u00e4mtliche Ihrer Fragen hinsichtlich einer geeigneten Einz\u00e4unung f\u00fcr Ihre Pferdeweide, wie zum Beispiel unser klassischer wei\u00dfer Kunststoffzaun <a href=\"https:\/\/heritage-products.nl\/de\/einzaeunungen\/heritage-einzaeunung.html\" style=\"text-decoration:underline;\">Heritage Fence<\/a>, gerne zur Verf\u00fcgung! Wir freuen uns auf Ihren Anruf unter <a href=\"tel:0031485575920\" style=\"text-decoration:underline;\">+31 (0)485-575920<\/a>.[\/et_pb_text][\/et_pb_column][\/et_pb_row][\/et_pb_section]<\/p>\n","protected":false},"excerpt":{"rendered":"<p>\u2714 pflegeleicht\u2714 autorisierter Fachh\u00e4ndler\u2714 Sicher und nachhaltigDie Einz\u00e4unung der Pferdeweide ist f\u00fcr die Sicherheit Ihrer Pferde von gr\u00f6\u00dfter Bedeutung und bei Heritage Products erhalten Sie einen Weidezaun, der h\u00f6chsten Anspr\u00fcchen gerecht wird. Selbstverst\u00e4ndlich darf Ihr Pferd nicht ausbrechen k\u00f6nnen, aber vor allem auch d\u00fcrfen sich die Pferde am Zaun selbst nicht verletzen. Welche Folgen schlechte [&hellip;]<\/p>\n","protected":false},"author":3,"featured_media":0,"parent":0,"menu_order":0,"comment_status":"closed","ping_status":"closed","template":"","meta":{"_acf_changed":false,"_et_pb_use_builder":"on","_et_pb_old_content":"","_et_gb_content_width":"","footnotes":""},"class_list":["post-4268","page","type-page","status-publish","hentry"],"acf":[],"yoast_head":"<!-- This site is optimized with the Yoast SEO plugin v26.4 - https:\/\/yoast.com\/wordpress\/plugins\/seo\/ -->\n<title>Einz\u00e4unung Pferdeweide - Heritage Products<\/title>\n<meta name=\"description\" content=\"W\u00e4hlen Sie eine dauerhafte Einz\u00e4unung f\u00fcr Ihre Pferdeweide, die einen niedrigen Instandhaltungsaufwand, Stil und Sicherheit f\u00fcr Ihre Pferde gew\u00e4hrleistet.\" \/>\n<meta name=\"robots\" content=\"index, follow, max-snippet:-1, max-image-preview:large, max-video-preview:-1\" \/>\n<link rel=\"canonical\" href=\"https:\/\/heritage-products.nl\/de\/einzaunung-pferdeweide.html\" \/>\n<meta property=\"og:locale\" content=\"de_DE\" \/>\n<meta property=\"og:type\" content=\"article\" \/>\n<meta property=\"og:title\" content=\"Einz\u00e4unung Pferdeweide - Heritage Products\" \/>\n<meta property=\"og:description\" content=\"W\u00e4hlen Sie eine dauerhafte Einz\u00e4unung f\u00fcr Ihre Pferdeweide, die einen niedrigen Instandhaltungsaufwand, Stil und Sicherheit f\u00fcr Ihre Pferde gew\u00e4hrleistet.\" \/>\n<meta property=\"og:url\" content=\"https:\/\/heritage-products.nl\/de\/einzaunung-pferdeweide.html\" \/>\n<meta property=\"og:site_name\" content=\"Heritage Products\" \/>\n<meta property=\"article:modified_time\" content=\"2022-07-25T14:40:44+00:00\" \/>\n<meta name=\"twitter:card\" content=\"summary_large_image\" \/>\n<meta name=\"twitter:label1\" content=\"Est. reading time\" \/>\n\t<meta name=\"twitter:data1\" content=\"3 Minuten\" \/>\n<script type=\"application\/ld+json\" class=\"yoast-schema-graph\">{\"@context\":\"https:\/\/schema.org\",\"@graph\":[{\"@type\":\"WebPage\",\"@id\":\"https:\/\/heritage-products.nl\/de\/einzaunung-pferdeweide.html\",\"url\":\"https:\/\/heritage-products.nl\/de\/einzaunung-pferdeweide.html\",\"name\":\"Einz\u00e4unung Pferdeweide - Heritage Products\",\"isPartOf\":{\"@id\":\"https:\/\/heritage-products.nl\/#website\"},\"datePublished\":\"2022-07-18T12:19:38+00:00\",\"dateModified\":\"2022-07-25T14:40:44+00:00\",\"description\":\"W\u00e4hlen Sie eine dauerhafte Einz\u00e4unung f\u00fcr Ihre Pferdeweide, die einen niedrigen Instandhaltungsaufwand, Stil und Sicherheit f\u00fcr Ihre Pferde gew\u00e4hrleistet.\",\"breadcrumb\":{\"@id\":\"https:\/\/heritage-products.nl\/de\/einzaunung-pferdeweide.html#breadcrumb\"},\"inLanguage\":\"de-DE\",\"potentialAction\":[{\"@type\":\"ReadAction\",\"target\":[\"https:\/\/heritage-products.nl\/de\/einzaunung-pferdeweide.html\"]}]},{\"@type\":\"BreadcrumbList\",\"@id\":\"https:\/\/heritage-products.nl\/de\/einzaunung-pferdeweide.html#breadcrumb\",\"itemListElement\":[{\"@type\":\"ListItem\",\"position\":1,\"name\":\"Home\",\"item\":\"https:\/\/heritage-products.nl\/de\"},{\"@type\":\"ListItem\",\"position\":2,\"name\":\"Einz\u00e4unung Pferdeweide\"}]},{\"@type\":\"WebSite\",\"@id\":\"https:\/\/heritage-products.nl\/#website\",\"url\":\"https:\/\/heritage-products.nl\/\",\"name\":\"Heritage Products\",\"description\":\"\",\"potentialAction\":[{\"@type\":\"SearchAction\",\"target\":{\"@type\":\"EntryPoint\",\"urlTemplate\":\"https:\/\/heritage-products.nl\/?s={search_term_string}\"},\"query-input\":{\"@type\":\"PropertyValueSpecification\",\"valueRequired\":true,\"valueName\":\"search_term_string\"}}],\"inLanguage\":\"de-DE\"}]}<\/script>\n<!-- \/ Yoast SEO plugin. -->","yoast_head_json":{"title":"Einz\u00e4unung Pferdeweide - Heritage Products","description":"W\u00e4hlen Sie eine dauerhafte Einz\u00e4unung f\u00fcr Ihre Pferdeweide, die einen niedrigen Instandhaltungsaufwand, Stil und Sicherheit f\u00fcr Ihre Pferde gew\u00e4hrleistet.","robots":{"index":"index","follow":"follow","max-snippet":"max-snippet:-1","max-image-preview":"max-image-preview:large","max-video-preview":"max-video-preview:-1"},"canonical":"https:\/\/heritage-products.nl\/de\/einzaunung-pferdeweide.html","og_locale":"de_DE","og_type":"article","og_title":"Einz\u00e4unung Pferdeweide - Heritage Products","og_description":"W\u00e4hlen Sie eine dauerhafte Einz\u00e4unung f\u00fcr Ihre Pferdeweide, die einen niedrigen Instandhaltungsaufwand, Stil und Sicherheit f\u00fcr Ihre Pferde gew\u00e4hrleistet.","og_url":"https:\/\/heritage-products.nl\/de\/einzaunung-pferdeweide.html","og_site_name":"Heritage Products","article_modified_time":"2022-07-25T14:40:44+00:00","twitter_card":"summary_large_image","twitter_misc":{"Est. reading time":"3 Minuten"},"schema":{"@context":"https:\/\/schema.org","@graph":[{"@type":"WebPage","@id":"https:\/\/heritage-products.nl\/de\/einzaunung-pferdeweide.html","url":"https:\/\/heritage-products.nl\/de\/einzaunung-pferdeweide.html","name":"Einz\u00e4unung Pferdeweide - Heritage Products","isPartOf":{"@id":"https:\/\/heritage-products.nl\/#website"},"datePublished":"2022-07-18T12:19:38+00:00","dateModified":"2022-07-25T14:40:44+00:00","description":"W\u00e4hlen Sie eine dauerhafte Einz\u00e4unung f\u00fcr Ihre Pferdeweide, die einen niedrigen Instandhaltungsaufwand, Stil und Sicherheit f\u00fcr Ihre Pferde gew\u00e4hrleistet.","breadcrumb":{"@id":"https:\/\/heritage-products.nl\/de\/einzaunung-pferdeweide.html#breadcrumb"},"inLanguage":"de-DE","potentialAction":[{"@type":"ReadAction","target":["https:\/\/heritage-products.nl\/de\/einzaunung-pferdeweide.html"]}]},{"@type":"BreadcrumbList","@id":"https:\/\/heritage-products.nl\/de\/einzaunung-pferdeweide.html#breadcrumb","itemListElement":[{"@type":"ListItem","position":1,"name":"Home","item":"https:\/\/heritage-products.nl\/de"},{"@type":"ListItem","position":2,"name":"Einz\u00e4unung Pferdeweide"}]},{"@type":"WebSite","@id":"https:\/\/heritage-products.nl\/#website","url":"https:\/\/heritage-products.nl\/","name":"Heritage Products","description":"","potentialAction":[{"@type":"SearchAction","target":{"@type":"EntryPoint","urlTemplate":"https:\/\/heritage-products.nl\/?s={search_term_string}"},"query-input":{"@type":"PropertyValueSpecification","valueRequired":true,"valueName":"search_term_string"}}],"inLanguage":"de-DE"}]}},"_links":{"self":[{"href":"https:\/\/heritage-products.nl\/de\/wp-json\/wp\/v2\/pages\/4268","targetHints":{"allow":["GET"]}}],"collection":[{"href":"https:\/\/heritage-products.nl\/de\/wp-json\/wp\/v2\/pages"}],"about":[{"href":"https:\/\/heritage-products.nl\/de\/wp-json\/wp\/v2\/types\/page"}],"author":[{"embeddable":true,"href":"https:\/\/heritage-products.nl\/de\/wp-json\/wp\/v2\/users\/3"}],"replies":[{"embeddable":true,"href":"https:\/\/heritage-products.nl\/de\/wp-json\/wp\/v2\/comments?post=4268"}],"version-history":[{"count":5,"href":"https:\/\/heritage-products.nl\/de\/wp-json\/wp\/v2\/pages\/4268\/revisions"}],"predecessor-version":[{"id":4534,"href":"https:\/\/heritage-products.nl\/de\/wp-json\/wp\/v2\/pages\/4268\/revisions\/4534"}],"wp:attachment":[{"href":"https:\/\/heritage-products.nl\/de\/wp-json\/wp\/v2\/media?parent=4268"}],"curies":[{"name":"wp","href":"https:\/\/api.w.org\/{rel}","templated":true}]}}