{"id":4276,"date":"2022-07-18T12:25:16","date_gmt":"2022-07-18T12:25:16","guid":{"rendered":"https:\/\/heritage-products.nl\/?page_id=4276"},"modified":"2022-07-25T14:39:34","modified_gmt":"2022-07-25T14:39:34","slug":"fangstander","status":"publish","type":"page","link":"https:\/\/heritage-products.nl\/de\/fangstander.html","title":{"rendered":"Fangst\u00e4nder"},"content":{"rendered":"<p>[et_pb_section fb_built=&#8220;1&#8243; fullwidth=&#8220;on&#8220; admin_label=&#8220;Section&#8220; module_class=&#8220;grizzly__section&#8220; _builder_version=&#8220;4.15.0&#8243; _module_preset=&#8220;default&#8220; bottom_divider_style=&#8220;curve2&#8243; bottom_divider_color=&#8220;#ffffff&#8220; global_colors_info=&#8220;{}&#8220;][et_pb_fullwidth_header title=&#8220;Fangst\u00e4nder&#8220; subhead=&#8220;Sie interessieren sich f\u00fcr unsere Produkte?&#8220; text_orientation=&#8220;center&#8220; button_one_text=&#8220;Fordern Sie ein Angebot an!&#8220; button_one_url=&#8220;https:\/\/heritage-products.nl\/de\/angebot-anfragen.html&#8220; _builder_version=&#8220;4.15.0&#8243; _module_preset=&#8220;default&#8220; title_font=&#8220;Arvo||||||||&#8220; title_font_size=&#8220;50px&#8220; content_font=&#8220;||||||||&#8220; subhead_font=&#8220;Arvo||||||||&#8220; subhead_text_color=&#8220;#FFFFFF&#8220; subhead_font_size=&#8220;20px&#8220; background_image=&#8220;https:\/\/heritage-products.nl\/wp-content\/uploads\/2015\/08\/panorama.jpg&#8220; parallax=&#8220;on&#8220; hover_enabled=&#8220;0&#8243; global_colors_info=&#8220;{}&#8220; alt=&#8220;Hindernis | Heritage Products B.V.&#8220; title_text=&#8220;panorama&#8220; sticky_enabled=&#8220;0&#8243;][\/et_pb_fullwidth_header][\/et_pb_section][et_pb_section fb_built=&#8220;1&#8243; _builder_version=&#8220;4.15.0&#8243; _module_preset=&#8220;default&#8220; global_colors_info=&#8220;{}&#8220;][et_pb_row column_structure=&#8220;1_3,1_3,1_3&#8243; _builder_version=&#8220;4.15.0&#8243; _module_preset=&#8220;default&#8220; global_colors_info=&#8220;{}&#8220;][et_pb_column type=&#8220;1_3&#8243; _builder_version=&#8220;4.15.0&#8243; _module_preset=&#8220;default&#8220; global_colors_info=&#8220;{}&#8220;][et_pb_text _builder_version=&#8220;4.15.0&#8243; _module_preset=&#8220;default&#8220; text_font_size=&#8220;16px&#8220; global_colors_info=&#8220;{}&#8220;]<\/p>\n<p style=\"text-align: center;\"><strong><span class=\"Y2IQFc\" lang=\"de\">\u2714 pflegeleicht<\/span><\/strong><\/p>\n<p>[\/et_pb_text][\/et_pb_column][et_pb_column type=&#8220;1_3&#8243; _builder_version=&#8220;4.15.0&#8243; _module_preset=&#8220;default&#8220; global_colors_info=&#8220;{}&#8220;][et_pb_text _builder_version=&#8220;4.15.0&#8243; _module_preset=&#8220;default&#8220; text_font_size=&#8220;16px&#8220; global_colors_info=&#8220;{}&#8220;]<\/p>\n<p style=\"text-align: center;\"><strong><span class=\"Y2IQFc\" lang=\"de\">\u2714 autorisierter Fachh\u00e4ndler<\/span><\/strong><\/p>\n<p>[\/et_pb_text][\/et_pb_column][et_pb_column type=&#8220;1_3&#8243; _builder_version=&#8220;4.15.0&#8243; _module_preset=&#8220;default&#8220; global_colors_info=&#8220;{}&#8220;][et_pb_text _builder_version=&#8220;4.15.0&#8243; _module_preset=&#8220;default&#8220; text_font_size=&#8220;16px&#8220; global_colors_info=&#8220;{}&#8220;]<\/p>\n<p style=\"text-align: center;\"><strong><span class=\"Y2IQFc\" lang=\"de\">\u2714 <\/span><span class=\"Y2IQFc\" lang=\"de\">Sicher und nachhaltig<\/span><\/strong><\/p>\n<p>[\/et_pb_text][\/et_pb_column][\/et_pb_row][et_pb_row _builder_version=&#8220;4.15.0&#8243; _module_preset=&#8220;default&#8220; global_colors_info=&#8220;{}&#8220;][et_pb_column type=&#8220;4_4&#8243; _builder_version=&#8220;4.15.0&#8243; _module_preset=&#8220;default&#8220; global_colors_info=&#8220;{}&#8220;][et_pb_text _builder_version=&#8220;4.15.0&#8243; _module_preset=&#8220;default&#8220; global_colors_info=&#8220;{}&#8220;]<\/p>\n<p>F\u00fcr Sponsoren bilden die Fangst\u00e4nder ideale Werbefl\u00e4chen und selbstverst\u00e4ndlich achten die Fachleute von Heritage Products deshalb darauf, dass diese Seitenteile eine dementsprechende, professionelle Ausstrahlung haben, damit Ihr Sponsor auch wirklich auf die richtige Art und Weise zur Geltung kommt. Ohne geeignete, solide Werbefl\u00e4chen gibt es schlie\u00dflich keine Sponsoreinnahmen. Der holl\u00e4ndische Fachbetrieb Heritage Products kann Ihnen Hindernismaterialien f\u00fcr jeden Verwendungszweck zur Verf\u00fcgung stellen \u2013 von ganz einfachen Fangst\u00e4ndern f\u00fcr Trainingshindernisse bis hin zu \u00e4u\u00dferst raffinierten Turnierhindernissen.<\/p>\n<p>Die Fangst\u00e4nder werden in einer H\u00f6he von 1,5 m in den folgenden Farben angeboten:<\/p>\n<ul>\n<li>Wei\u00df<\/li>\n<li>Schwarz<\/li>\n<li>Rot<\/li>\n<li>Blau<\/li>\n<li>Gr\u00fcn<\/li>\n<li>Gelb<\/li>\n<\/ul>\n<p>[\/et_pb_text][\/et_pb_column][\/et_pb_row][\/et_pb_section][et_pb_section fb_built=&#8220;1&#8243; _builder_version=&#8220;4.15.0&#8243; _module_preset=&#8220;default&#8220; background_color=&#8220;#dd3333&#8243; global_colors_info=&#8220;{}&#8220;][et_pb_row column_structure=&#8220;1_2,1_2&#8243; _builder_version=&#8220;4.15.0&#8243; _module_preset=&#8220;default&#8220; global_colors_info=&#8220;{}&#8220;][et_pb_column type=&#8220;1_2&#8243; _builder_version=&#8220;4.15.0&#8243; _module_preset=&#8220;default&#8220; global_colors_info=&#8220;{}&#8220;][et_pb_text _builder_version=&#8220;4.15.0&#8243; _module_preset=&#8220;default&#8220; text_text_color=&#8220;#FFFFFF&#8220; global_colors_info=&#8220;{}&#8220;]<\/p>\n<h2 style=\"color: #fff;\">H\u00f6chste Funktionalit\u00e4t und \u00c4sthetik unserer Fangst\u00e4nder<\/h2>\n<p>Im Grunde dient ein Fangst\u00e4nder\u00a0einfach dazu, das Hindernis seitlich zu begrenzen. Au\u00dferdem sollte die Aufmerksamkeit des Pferdes nicht vom Hindernis abgelenkt werden. Gleichzeitig tragen sie jedoch auch auf entscheidende Weise zur Ausstrahlung eines Parcours bei und den Zuschauern soll schlie\u00dflich auch in dieser Hinsicht etwas Sch\u00f6nes geboten werden. Heritage Products erf\u00fcllt diese unterschiedlichen Erwartungen und vereint sie auf sehr harmonische Weise in den angebotenen Hindernismaterialien.<\/p>\n<p>[\/et_pb_text][\/et_pb_column][et_pb_column type=&#8220;1_2&#8243; _builder_version=&#8220;4.15.0&#8243; _module_preset=&#8220;default&#8220; global_colors_info=&#8220;{}&#8220;][et_pb_image src=&#8220;https:\/\/heritage-products.nl\/wp-content\/uploads\/2020\/12\/Lege-classic-frames.jpg&#8220; alt=&#8220;Hekjes | Heritage Products B.V.&#8220; title_text=&#8220;Lege classic frames&#8220; align=&#8220;right&#8220; _builder_version=&#8220;4.15.0&#8243; _module_preset=&#8220;default&#8220; global_colors_info=&#8220;{}&#8220;][\/et_pb_image][\/et_pb_column][\/et_pb_row][\/et_pb_section][et_pb_section fb_built=&#8220;1&#8243; _builder_version=&#8220;4.15.0&#8243; _module_preset=&#8220;default&#8220; global_colors_info=&#8220;{}&#8220;][et_pb_row column_structure=&#8220;1_2,1_2&#8243; _builder_version=&#8220;4.15.0&#8243; _module_preset=&#8220;default&#8220; global_colors_info=&#8220;{}&#8220;][et_pb_column type=&#8220;1_2&#8243; _builder_version=&#8220;4.15.0&#8243; _module_preset=&#8220;default&#8220; global_colors_info=&#8220;{}&#8220;][et_pb_image src=&#8220;https:\/\/heritage-products.nl\/wp-content\/uploads\/2016\/03\/DSC_2813fb.jpg&#8220; alt=&#8220;Stal met paard | Heritage Products B.V.&#8220; title_text=&#8220;DSC_2813fb&#8220; _builder_version=&#8220;4.15.0&#8243; _module_preset=&#8220;default&#8220; global_colors_info=&#8220;{}&#8220;][\/et_pb_image][\/et_pb_column][et_pb_column type=&#8220;1_2&#8243; _builder_version=&#8220;4.15.0&#8243; _module_preset=&#8220;default&#8220; global_colors_info=&#8220;{}&#8220;][et_pb_text _builder_version=&#8220;4.15.0&#8243; _module_preset=&#8220;default&#8220; global_colors_info=&#8220;{}&#8220;]<\/p>\n<h3>Setzen Sie sich mit uns in Verbindung<\/h3>\n<p>Bitte rufen Sie uns an unter <a style=\"text-decoration: underline;\" href=\"tel:0031485575920\">+31 (0)485-575920<\/a> oder besuchen Sie unsere Fachh\u00e4ndler vor Ort, wie zum Beispiel in Warendorf, um sich die gesamte Bandbreite unseres <a style=\"text-decoration: underline;\" href=\"https:\/\/heritage-products.nl\/de\/hindernissen.html\">Hindernismaterials<\/a>\u00a0und besonders auch die Fangst\u00e4nder genauer anzusehen. Die Kontaktangaben unserer Fachh\u00e4ndler entnehmen Sie bitte der Rubrik <a style=\"text-decoration: underline;\" href=\"https:\/\/heritage-products.nl\/de\/dealers.html\">Dealers<\/a>.<\/p>\n<p>[\/et_pb_text][\/et_pb_column][\/et_pb_row][\/et_pb_section]<\/p>\n","protected":false},"excerpt":{"rendered":"<p>\u2714 pflegeleicht\u2714 autorisierter Fachh\u00e4ndler\u2714 Sicher und nachhaltigF\u00fcr Sponsoren bilden die Fangst\u00e4nder ideale Werbefl\u00e4chen und selbstverst\u00e4ndlich achten die Fachleute von Heritage Products deshalb darauf, dass diese Seitenteile eine dementsprechende, professionelle Ausstrahlung haben, damit Ihr Sponsor auch wirklich auf die richtige Art und Weise zur Geltung kommt. Ohne geeignete, solide Werbefl\u00e4chen gibt es schlie\u00dflich keine Sponsoreinnahmen. Der [&hellip;]<\/p>\n","protected":false},"author":3,"featured_media":0,"parent":0,"menu_order":0,"comment_status":"closed","ping_status":"closed","template":"","meta":{"_acf_changed":false,"_et_pb_use_builder":"on","_et_pb_old_content":"","_et_gb_content_width":"","footnotes":""},"class_list":["post-4276","page","type-page","status-publish","hentry"],"acf":[],"yoast_head":"<!-- This site is optimized with the Yoast SEO plugin v26.4 - https:\/\/yoast.com\/wordpress\/plugins\/seo\/ -->\n<title>Fangst\u00e4nder - Heritage Products<\/title>\n<meta name=\"description\" content=\"Fangst\u00e4nder \u2713 ideale Werbefl\u00e4chen \u2713 in allen Grundfarben erh\u00e4ltlich \u2713 1,5 m hoch \u2713 solide &amp; sicher \u2713 g\u00fcnstige Versendung.\" \/>\n<meta name=\"robots\" content=\"index, follow, max-snippet:-1, max-image-preview:large, max-video-preview:-1\" \/>\n<link rel=\"canonical\" href=\"https:\/\/heritage-products.nl\/de\/fangstander.html\" \/>\n<meta property=\"og:locale\" content=\"de_DE\" \/>\n<meta property=\"og:type\" content=\"article\" \/>\n<meta property=\"og:title\" content=\"Fangst\u00e4nder - Heritage Products\" \/>\n<meta property=\"og:description\" content=\"Fangst\u00e4nder \u2713 ideale Werbefl\u00e4chen \u2713 in allen Grundfarben erh\u00e4ltlich \u2713 1,5 m hoch \u2713 solide &amp; sicher \u2713 g\u00fcnstige Versendung.\" \/>\n<meta property=\"og:url\" content=\"https:\/\/heritage-products.nl\/de\/fangstander.html\" \/>\n<meta property=\"og:site_name\" content=\"Heritage Products\" \/>\n<meta property=\"article:modified_time\" content=\"2022-07-25T14:39:34+00:00\" \/>\n<meta name=\"twitter:card\" content=\"summary_large_image\" \/>\n<meta name=\"twitter:label1\" content=\"Est. reading time\" \/>\n\t<meta name=\"twitter:data1\" content=\"2 Minuten\" \/>\n<script type=\"application\/ld+json\" class=\"yoast-schema-graph\">{\"@context\":\"https:\/\/schema.org\",\"@graph\":[{\"@type\":\"WebPage\",\"@id\":\"https:\/\/heritage-products.nl\/de\/fangstander.html\",\"url\":\"https:\/\/heritage-products.nl\/de\/fangstander.html\",\"name\":\"Fangst\u00e4nder - Heritage Products\",\"isPartOf\":{\"@id\":\"https:\/\/heritage-products.nl\/#website\"},\"datePublished\":\"2022-07-18T12:25:16+00:00\",\"dateModified\":\"2022-07-25T14:39:34+00:00\",\"description\":\"Fangst\u00e4nder \u2713 ideale Werbefl\u00e4chen \u2713 in allen Grundfarben erh\u00e4ltlich \u2713 1,5 m hoch \u2713 solide & sicher \u2713 g\u00fcnstige Versendung.\",\"breadcrumb\":{\"@id\":\"https:\/\/heritage-products.nl\/de\/fangstander.html#breadcrumb\"},\"inLanguage\":\"de-DE\",\"potentialAction\":[{\"@type\":\"ReadAction\",\"target\":[\"https:\/\/heritage-products.nl\/de\/fangstander.html\"]}]},{\"@type\":\"BreadcrumbList\",\"@id\":\"https:\/\/heritage-products.nl\/de\/fangstander.html#breadcrumb\",\"itemListElement\":[{\"@type\":\"ListItem\",\"position\":1,\"name\":\"Home\",\"item\":\"https:\/\/heritage-products.nl\/de\"},{\"@type\":\"ListItem\",\"position\":2,\"name\":\"Fangst\u00e4nder\"}]},{\"@type\":\"WebSite\",\"@id\":\"https:\/\/heritage-products.nl\/#website\",\"url\":\"https:\/\/heritage-products.nl\/\",\"name\":\"Heritage Products\",\"description\":\"\",\"potentialAction\":[{\"@type\":\"SearchAction\",\"target\":{\"@type\":\"EntryPoint\",\"urlTemplate\":\"https:\/\/heritage-products.nl\/?s={search_term_string}\"},\"query-input\":{\"@type\":\"PropertyValueSpecification\",\"valueRequired\":true,\"valueName\":\"search_term_string\"}}],\"inLanguage\":\"de-DE\"}]}<\/script>\n<!-- \/ Yoast SEO plugin. -->","yoast_head_json":{"title":"Fangst\u00e4nder - Heritage Products","description":"Fangst\u00e4nder \u2713 ideale Werbefl\u00e4chen \u2713 in allen Grundfarben erh\u00e4ltlich \u2713 1,5 m hoch \u2713 solide & sicher \u2713 g\u00fcnstige Versendung.","robots":{"index":"index","follow":"follow","max-snippet":"max-snippet:-1","max-image-preview":"max-image-preview:large","max-video-preview":"max-video-preview:-1"},"canonical":"https:\/\/heritage-products.nl\/de\/fangstander.html","og_locale":"de_DE","og_type":"article","og_title":"Fangst\u00e4nder - Heritage Products","og_description":"Fangst\u00e4nder \u2713 ideale Werbefl\u00e4chen \u2713 in allen Grundfarben erh\u00e4ltlich \u2713 1,5 m hoch \u2713 solide & sicher \u2713 g\u00fcnstige Versendung.","og_url":"https:\/\/heritage-products.nl\/de\/fangstander.html","og_site_name":"Heritage Products","article_modified_time":"2022-07-25T14:39:34+00:00","twitter_card":"summary_large_image","twitter_misc":{"Est. reading time":"2 Minuten"},"schema":{"@context":"https:\/\/schema.org","@graph":[{"@type":"WebPage","@id":"https:\/\/heritage-products.nl\/de\/fangstander.html","url":"https:\/\/heritage-products.nl\/de\/fangstander.html","name":"Fangst\u00e4nder - Heritage Products","isPartOf":{"@id":"https:\/\/heritage-products.nl\/#website"},"datePublished":"2022-07-18T12:25:16+00:00","dateModified":"2022-07-25T14:39:34+00:00","description":"Fangst\u00e4nder \u2713 ideale Werbefl\u00e4chen \u2713 in allen Grundfarben erh\u00e4ltlich \u2713 1,5 m hoch \u2713 solide & sicher \u2713 g\u00fcnstige Versendung.","breadcrumb":{"@id":"https:\/\/heritage-products.nl\/de\/fangstander.html#breadcrumb"},"inLanguage":"de-DE","potentialAction":[{"@type":"ReadAction","target":["https:\/\/heritage-products.nl\/de\/fangstander.html"]}]},{"@type":"BreadcrumbList","@id":"https:\/\/heritage-products.nl\/de\/fangstander.html#breadcrumb","itemListElement":[{"@type":"ListItem","position":1,"name":"Home","item":"https:\/\/heritage-products.nl\/de"},{"@type":"ListItem","position":2,"name":"Fangst\u00e4nder"}]},{"@type":"WebSite","@id":"https:\/\/heritage-products.nl\/#website","url":"https:\/\/heritage-products.nl\/","name":"Heritage Products","description":"","potentialAction":[{"@type":"SearchAction","target":{"@type":"EntryPoint","urlTemplate":"https:\/\/heritage-products.nl\/?s={search_term_string}"},"query-input":{"@type":"PropertyValueSpecification","valueRequired":true,"valueName":"search_term_string"}}],"inLanguage":"de-DE"}]}},"_links":{"self":[{"href":"https:\/\/heritage-products.nl\/de\/wp-json\/wp\/v2\/pages\/4276","targetHints":{"allow":["GET"]}}],"collection":[{"href":"https:\/\/heritage-products.nl\/de\/wp-json\/wp\/v2\/pages"}],"about":[{"href":"https:\/\/heritage-products.nl\/de\/wp-json\/wp\/v2\/types\/page"}],"author":[{"embeddable":true,"href":"https:\/\/heritage-products.nl\/de\/wp-json\/wp\/v2\/users\/3"}],"replies":[{"embeddable":true,"href":"https:\/\/heritage-products.nl\/de\/wp-json\/wp\/v2\/comments?post=4276"}],"version-history":[{"count":5,"href":"https:\/\/heritage-products.nl\/de\/wp-json\/wp\/v2\/pages\/4276\/revisions"}],"predecessor-version":[{"id":4533,"href":"https:\/\/heritage-products.nl\/de\/wp-json\/wp\/v2\/pages\/4276\/revisions\/4533"}],"wp:attachment":[{"href":"https:\/\/heritage-products.nl\/de\/wp-json\/wp\/v2\/media?parent=4276"}],"curies":[{"name":"wp","href":"https:\/\/api.w.org\/{rel}","templated":true}]}}