{"id":4284,"date":"2022-07-18T12:29:59","date_gmt":"2022-07-18T12:29:59","guid":{"rendered":"https:\/\/heritage-products.nl\/?page_id=4284"},"modified":"2022-07-25T14:38:22","modified_gmt":"2022-07-25T14:38:22","slug":"hindernisbau-reitsport","status":"publish","type":"page","link":"https:\/\/heritage-products.nl\/de\/hindernisbau-reitsport.html","title":{"rendered":"Hindernisbau Reitsport"},"content":{"rendered":"<p>[et_pb_section fb_built=&#8220;1&#8243; fullwidth=&#8220;on&#8220; admin_label=&#8220;Section&#8220; module_class=&#8220;grizzly__section&#8220; _builder_version=&#8220;4.15.0&#8243; _module_preset=&#8220;default&#8220; bottom_divider_style=&#8220;curve2&#8243; bottom_divider_color=&#8220;#ffffff&#8220; global_colors_info=&#8220;{}&#8220;][et_pb_fullwidth_header title=&#8220;Hindernisbau Reitsport&#8220; subhead=&#8220;Sie interessieren sich f\u00fcr unsere Produkte?&#8220; text_orientation=&#8220;center&#8220; button_one_text=&#8220;Fordern Sie ein Angebot an!&#8220; button_one_url=&#8220;https:\/\/heritage-products.nl\/de\/angebot-anfragen.html&#8220; _builder_version=&#8220;4.15.0&#8243; _module_preset=&#8220;default&#8220; title_font=&#8220;Arvo||||||||&#8220; title_font_size=&#8220;50px&#8220; content_font=&#8220;||||||||&#8220; subhead_font=&#8220;Arvo||||||||&#8220; subhead_text_color=&#8220;#FFFFFF&#8220; subhead_font_size=&#8220;20px&#8220; background_image=&#8220;https:\/\/heritage-products.nl\/wp-content\/uploads\/2015\/08\/panorama.jpg&#8220; parallax=&#8220;on&#8220; hover_enabled=&#8220;0&#8243; global_colors_info=&#8220;{}&#8220; alt=&#8220;Hindernis | Heritage Products B.V.&#8220; title_text=&#8220;panorama&#8220; sticky_enabled=&#8220;0&#8243;][\/et_pb_fullwidth_header][\/et_pb_section][et_pb_section fb_built=&#8220;1&#8243; _builder_version=&#8220;4.15.0&#8243; _module_preset=&#8220;default&#8220; global_colors_info=&#8220;{}&#8220;][et_pb_row column_structure=&#8220;1_3,1_3,1_3&#8243; _builder_version=&#8220;4.15.0&#8243; _module_preset=&#8220;default&#8220; global_colors_info=&#8220;{}&#8220;][et_pb_column type=&#8220;1_3&#8243; _builder_version=&#8220;4.15.0&#8243; _module_preset=&#8220;default&#8220; global_colors_info=&#8220;{}&#8220;][et_pb_text _builder_version=&#8220;4.15.0&#8243; _module_preset=&#8220;default&#8220; text_font_size=&#8220;16px&#8220; global_colors_info=&#8220;{}&#8220;]<\/p>\n<p style=\"text-align: center;\"><strong><span class=\"Y2IQFc\" lang=\"de\">\u2714 pflegeleicht<\/span><\/strong><\/p>\n<p>[\/et_pb_text][\/et_pb_column][et_pb_column type=&#8220;1_3&#8243; _builder_version=&#8220;4.15.0&#8243; _module_preset=&#8220;default&#8220; global_colors_info=&#8220;{}&#8220;][et_pb_text _builder_version=&#8220;4.15.0&#8243; _module_preset=&#8220;default&#8220; text_font_size=&#8220;16px&#8220; global_colors_info=&#8220;{}&#8220;]<\/p>\n<p style=\"text-align: center;\"><strong><span class=\"Y2IQFc\" lang=\"de\">\u2714 autorisierter Fachh\u00e4ndler<\/span><\/strong><\/p>\n<p>[\/et_pb_text][\/et_pb_column][et_pb_column type=&#8220;1_3&#8243; _builder_version=&#8220;4.15.0&#8243; _module_preset=&#8220;default&#8220; global_colors_info=&#8220;{}&#8220;][et_pb_text _builder_version=&#8220;4.15.0&#8243; _module_preset=&#8220;default&#8220; text_font_size=&#8220;16px&#8220; global_colors_info=&#8220;{}&#8220;]<\/p>\n<p style=\"text-align: center;\"><strong><span class=\"Y2IQFc\" lang=\"de\">\u2714 <\/span><span class=\"Y2IQFc\" lang=\"de\">Sicher und nachhaltig<\/span><\/strong><\/p>\n<p>[\/et_pb_text][\/et_pb_column][\/et_pb_row][et_pb_row _builder_version=&#8220;4.15.0&#8243; _module_preset=&#8220;default&#8220; global_colors_info=&#8220;{}&#8220;][et_pb_column type=&#8220;4_4&#8243; _builder_version=&#8220;4.15.0&#8243; _module_preset=&#8220;default&#8220; global_colors_info=&#8220;{}&#8220;][et_pb_text _builder_version=&#8220;4.15.0&#8243; _module_preset=&#8220;default&#8220; global_colors_info=&#8220;{}&#8220;]<\/p>\n<p>Der Hindernisbau im Reitsport ist eine Kunst und zugleich auch ein Handwerk, das mithilfe der richtigen Materialien, wie sie Ihnen von Heritage Products zur Verf\u00fcgung gestellt werden k\u00f6nnen, zum gew\u00fcnschten Ergebnis f\u00fchrt. Mit den Hindernissen von Heritage Parcours kann praktisch jeder einen ansprechenden, anspruchsvollen und zugleich pferdegerechten Parcours bauen, der Reiter und Zuschauer gleicherma\u00dfen anspricht. Unser Sortiment an Hindernissen umfasst:<\/p>\n<ul>\n<li>Trainingshindernisse<\/li>\n<li>Turnierhindernisse<\/li>\n<li>Sponsorhindernisse nach Ma\u00df<\/li>\n<\/ul>\n<p>[\/et_pb_text][\/et_pb_column][\/et_pb_row][\/et_pb_section][et_pb_section fb_built=&#8220;1&#8243; _builder_version=&#8220;4.15.0&#8243; _module_preset=&#8220;default&#8220; background_color=&#8220;#dd3333&#8243; global_colors_info=&#8220;{}&#8220;][et_pb_row column_structure=&#8220;1_2,1_2&#8243; _builder_version=&#8220;4.15.0&#8243; _module_preset=&#8220;default&#8220; global_colors_info=&#8220;{}&#8220;][et_pb_column type=&#8220;1_2&#8243; _builder_version=&#8220;4.15.0&#8243; _module_preset=&#8220;default&#8220; global_colors_info=&#8220;{}&#8220;][et_pb_text _builder_version=&#8220;4.15.0&#8243; _module_preset=&#8220;default&#8220; text_text_color=&#8220;#FFFFFF&#8220; global_colors_info=&#8220;{}&#8220;]<\/p>\n<h2 style=\"color: #fff;\">Hindernisbau im Reitsport leicht gemacht<\/h2>\n<p>Mit den entsprechenden, zweckm\u00e4\u00dfigen <a href=\"https:\/\/heritage-products.nl\/de\/hindernissen.html\" style=\"color: #fff; text-decoration:underline;\">Hindernissen<\/a>\u00a0nach Ma\u00df verliert der Hindernisbau f\u00fcr den Reitsport seine Schrecken. Der Parcoursbau wird damit insgesamt einfacher, aber auch den Leuten, die die Hindernisse tats\u00e4chlich auf- und abbauen m\u00fcssen, wird das Leben damit erheblich erleichtert. Die Hindernismaterialien von Heritage Products sind zum Beispiel \u2013 abgesehen von zahlreichen anderen Produktvorteilen &#8211; mit sehr leicht einzuhakenden Auflagen versehen.[\/et_pb_text][\/et_pb_column][et_pb_column type=&#8220;1_2&#8243; _builder_version=&#8220;4.15.0&#8243; _module_preset=&#8220;default&#8220; global_colors_info=&#8220;{}&#8220;][et_pb_image src=&#8220;https:\/\/heritage-products.nl\/wp-content\/uploads\/2021\/12\/DSC1194.jpg&#8220; alt=&#8220;Obstakel | Heritage Products B.V.&#8220; title_text=&#8220;_DSC1194&#8243; align=&#8220;right&#8220; _builder_version=&#8220;4.15.0&#8243; _module_preset=&#8220;default&#8220; global_colors_info=&#8220;{}&#8220;][\/et_pb_image][\/et_pb_column][\/et_pb_row][\/et_pb_section][et_pb_section fb_built=&#8220;1&#8243; _builder_version=&#8220;4.15.0&#8243; _module_preset=&#8220;default&#8220; global_colors_info=&#8220;{}&#8220;][et_pb_row column_structure=&#8220;1_2,1_2&#8243; _builder_version=&#8220;4.15.0&#8243; _module_preset=&#8220;default&#8220; global_colors_info=&#8220;{}&#8220;][et_pb_column type=&#8220;1_2&#8243; _builder_version=&#8220;4.15.0&#8243; _module_preset=&#8220;default&#8220; global_colors_info=&#8220;{}&#8220;][et_pb_image src=&#8220;https:\/\/heritage-products.nl\/wp-content\/uploads\/2016\/03\/DSC_2813fb.jpg&#8220; alt=&#8220;Stal met paard | Heritage Products B.V.&#8220; title_text=&#8220;DSC_2813fb&#8220; _builder_version=&#8220;4.15.0&#8243; _module_preset=&#8220;default&#8220; global_colors_info=&#8220;{}&#8220;][\/et_pb_image][\/et_pb_column][et_pb_column type=&#8220;1_2&#8243; _builder_version=&#8220;4.15.0&#8243; _module_preset=&#8220;default&#8220; global_colors_info=&#8220;{}&#8220;][et_pb_text _builder_version=&#8220;4.15.0&#8243; _module_preset=&#8220;default&#8220; global_colors_info=&#8220;{}&#8220;]<\/p>\n<h3>Fragen Sie einen Spezialisten<\/h3>\n<p>Die Firma Heritage Products und ihre <a href=\"https:\/\/heritage-products.nl\/de\/dealers.html\" style=\"text-decoration:underline;\">Fachh\u00e4ndler<\/a>\u00a0in Deutschland und in der Schweiz sind Spezialisten im Reitsportbereich. Sie k\u00f6nnen Ihnen Ihre Fragen zum Thema Hindernisbau im Reitsport, aber zum Beispiel auch zur richtigen <a href=\"https:\/\/heritage-products.nl\/de\/einzaeunungen.html\"  style=\"text-decoration:underline;\">Einz\u00e4unung Ihrer Pferdekoppel<\/a>, fundiert beantworten. Bitte rufen Sie uns an unter <a href=\"tel:0031485575920\"  style=\"text-decoration:underline;\">+31 (0)485-575920<\/a> und legen Sie uns Ihre Probleme vor. Wir haben bestimmt die richtige L\u00f6sung! Egal, ob es jetzt um Hindernis- oder Zaunstangen geht \u2013 wir verf\u00fcgen \u00fcber die optimalen Materialien f\u00fcr das Wohl Ihres Pferdes bzw. Ihrer Pferde.[\/et_pb_text][\/et_pb_column][\/et_pb_row][\/et_pb_section]<\/p>\n","protected":false},"excerpt":{"rendered":"<p>\u2714 pflegeleicht\u2714 autorisierter Fachh\u00e4ndler\u2714 Sicher und nachhaltigDer Hindernisbau im Reitsport ist eine Kunst und zugleich auch ein Handwerk, das mithilfe der richtigen Materialien, wie sie Ihnen von Heritage Products zur Verf\u00fcgung gestellt werden k\u00f6nnen, zum gew\u00fcnschten Ergebnis f\u00fchrt. Mit den Hindernissen von Heritage Parcours kann praktisch jeder einen ansprechenden, anspruchsvollen und zugleich pferdegerechten Parcours bauen, [&hellip;]<\/p>\n","protected":false},"author":3,"featured_media":0,"parent":0,"menu_order":0,"comment_status":"closed","ping_status":"closed","template":"","meta":{"_acf_changed":false,"_et_pb_use_builder":"on","_et_pb_old_content":"","_et_gb_content_width":"","footnotes":""},"class_list":["post-4284","page","type-page","status-publish","hentry"],"acf":[],"yoast_head":"<!-- This site is optimized with the Yoast SEO plugin v26.4 - https:\/\/yoast.com\/wordpress\/plugins\/seo\/ -->\n<title>Hindernisbau Reitsport - Heritage Products<\/title>\n<meta name=\"description\" content=\"Hindernisbau Reitsport \u2713 hochwertiger &amp; preiswerter Parcoursbau \u2713 Sicherheit &amp; Pflegeleichtigkeit \u2713 repr\u00e4sentative Sponsorhindernisse.\" \/>\n<meta name=\"robots\" content=\"index, follow, max-snippet:-1, max-image-preview:large, max-video-preview:-1\" \/>\n<link rel=\"canonical\" href=\"https:\/\/heritage-products.nl\/de\/hindernisbau-reitsport.html\" \/>\n<meta property=\"og:locale\" content=\"de_DE\" \/>\n<meta property=\"og:type\" content=\"article\" \/>\n<meta property=\"og:title\" content=\"Hindernisbau Reitsport - Heritage Products\" \/>\n<meta property=\"og:description\" content=\"Hindernisbau Reitsport \u2713 hochwertiger &amp; preiswerter Parcoursbau \u2713 Sicherheit &amp; Pflegeleichtigkeit \u2713 repr\u00e4sentative Sponsorhindernisse.\" \/>\n<meta property=\"og:url\" content=\"https:\/\/heritage-products.nl\/de\/hindernisbau-reitsport.html\" \/>\n<meta property=\"og:site_name\" content=\"Heritage Products\" \/>\n<meta property=\"article:modified_time\" content=\"2022-07-25T14:38:22+00:00\" \/>\n<meta name=\"twitter:card\" content=\"summary_large_image\" \/>\n<meta name=\"twitter:label1\" content=\"Est. reading time\" \/>\n\t<meta name=\"twitter:data1\" content=\"2 Minuten\" \/>\n<script type=\"application\/ld+json\" class=\"yoast-schema-graph\">{\"@context\":\"https:\/\/schema.org\",\"@graph\":[{\"@type\":\"WebPage\",\"@id\":\"https:\/\/heritage-products.nl\/de\/hindernisbau-reitsport.html\",\"url\":\"https:\/\/heritage-products.nl\/de\/hindernisbau-reitsport.html\",\"name\":\"Hindernisbau Reitsport - Heritage Products\",\"isPartOf\":{\"@id\":\"https:\/\/heritage-products.nl\/#website\"},\"datePublished\":\"2022-07-18T12:29:59+00:00\",\"dateModified\":\"2022-07-25T14:38:22+00:00\",\"description\":\"Hindernisbau Reitsport \u2713 hochwertiger & preiswerter Parcoursbau \u2713 Sicherheit & Pflegeleichtigkeit \u2713 repr\u00e4sentative Sponsorhindernisse.\",\"breadcrumb\":{\"@id\":\"https:\/\/heritage-products.nl\/de\/hindernisbau-reitsport.html#breadcrumb\"},\"inLanguage\":\"de-DE\",\"potentialAction\":[{\"@type\":\"ReadAction\",\"target\":[\"https:\/\/heritage-products.nl\/de\/hindernisbau-reitsport.html\"]}]},{\"@type\":\"BreadcrumbList\",\"@id\":\"https:\/\/heritage-products.nl\/de\/hindernisbau-reitsport.html#breadcrumb\",\"itemListElement\":[{\"@type\":\"ListItem\",\"position\":1,\"name\":\"Home\",\"item\":\"https:\/\/heritage-products.nl\/de\"},{\"@type\":\"ListItem\",\"position\":2,\"name\":\"Hindernisbau Reitsport\"}]},{\"@type\":\"WebSite\",\"@id\":\"https:\/\/heritage-products.nl\/#website\",\"url\":\"https:\/\/heritage-products.nl\/\",\"name\":\"Heritage Products\",\"description\":\"\",\"potentialAction\":[{\"@type\":\"SearchAction\",\"target\":{\"@type\":\"EntryPoint\",\"urlTemplate\":\"https:\/\/heritage-products.nl\/?s={search_term_string}\"},\"query-input\":{\"@type\":\"PropertyValueSpecification\",\"valueRequired\":true,\"valueName\":\"search_term_string\"}}],\"inLanguage\":\"de-DE\"}]}<\/script>\n<!-- \/ Yoast SEO plugin. -->","yoast_head_json":{"title":"Hindernisbau Reitsport - Heritage Products","description":"Hindernisbau Reitsport \u2713 hochwertiger & preiswerter Parcoursbau \u2713 Sicherheit & Pflegeleichtigkeit \u2713 repr\u00e4sentative Sponsorhindernisse.","robots":{"index":"index","follow":"follow","max-snippet":"max-snippet:-1","max-image-preview":"max-image-preview:large","max-video-preview":"max-video-preview:-1"},"canonical":"https:\/\/heritage-products.nl\/de\/hindernisbau-reitsport.html","og_locale":"de_DE","og_type":"article","og_title":"Hindernisbau Reitsport - Heritage Products","og_description":"Hindernisbau Reitsport \u2713 hochwertiger & preiswerter Parcoursbau \u2713 Sicherheit & Pflegeleichtigkeit \u2713 repr\u00e4sentative Sponsorhindernisse.","og_url":"https:\/\/heritage-products.nl\/de\/hindernisbau-reitsport.html","og_site_name":"Heritage Products","article_modified_time":"2022-07-25T14:38:22+00:00","twitter_card":"summary_large_image","twitter_misc":{"Est. reading time":"2 Minuten"},"schema":{"@context":"https:\/\/schema.org","@graph":[{"@type":"WebPage","@id":"https:\/\/heritage-products.nl\/de\/hindernisbau-reitsport.html","url":"https:\/\/heritage-products.nl\/de\/hindernisbau-reitsport.html","name":"Hindernisbau Reitsport - Heritage Products","isPartOf":{"@id":"https:\/\/heritage-products.nl\/#website"},"datePublished":"2022-07-18T12:29:59+00:00","dateModified":"2022-07-25T14:38:22+00:00","description":"Hindernisbau Reitsport \u2713 hochwertiger & preiswerter Parcoursbau \u2713 Sicherheit & Pflegeleichtigkeit \u2713 repr\u00e4sentative Sponsorhindernisse.","breadcrumb":{"@id":"https:\/\/heritage-products.nl\/de\/hindernisbau-reitsport.html#breadcrumb"},"inLanguage":"de-DE","potentialAction":[{"@type":"ReadAction","target":["https:\/\/heritage-products.nl\/de\/hindernisbau-reitsport.html"]}]},{"@type":"BreadcrumbList","@id":"https:\/\/heritage-products.nl\/de\/hindernisbau-reitsport.html#breadcrumb","itemListElement":[{"@type":"ListItem","position":1,"name":"Home","item":"https:\/\/heritage-products.nl\/de"},{"@type":"ListItem","position":2,"name":"Hindernisbau Reitsport"}]},{"@type":"WebSite","@id":"https:\/\/heritage-products.nl\/#website","url":"https:\/\/heritage-products.nl\/","name":"Heritage Products","description":"","potentialAction":[{"@type":"SearchAction","target":{"@type":"EntryPoint","urlTemplate":"https:\/\/heritage-products.nl\/?s={search_term_string}"},"query-input":{"@type":"PropertyValueSpecification","valueRequired":true,"valueName":"search_term_string"}}],"inLanguage":"de-DE"}]}},"_links":{"self":[{"href":"https:\/\/heritage-products.nl\/de\/wp-json\/wp\/v2\/pages\/4284","targetHints":{"allow":["GET"]}}],"collection":[{"href":"https:\/\/heritage-products.nl\/de\/wp-json\/wp\/v2\/pages"}],"about":[{"href":"https:\/\/heritage-products.nl\/de\/wp-json\/wp\/v2\/types\/page"}],"author":[{"embeddable":true,"href":"https:\/\/heritage-products.nl\/de\/wp-json\/wp\/v2\/users\/3"}],"replies":[{"embeddable":true,"href":"https:\/\/heritage-products.nl\/de\/wp-json\/wp\/v2\/comments?post=4284"}],"version-history":[{"count":4,"href":"https:\/\/heritage-products.nl\/de\/wp-json\/wp\/v2\/pages\/4284\/revisions"}],"predecessor-version":[{"id":4532,"href":"https:\/\/heritage-products.nl\/de\/wp-json\/wp\/v2\/pages\/4284\/revisions\/4532"}],"wp:attachment":[{"href":"https:\/\/heritage-products.nl\/de\/wp-json\/wp\/v2\/media?parent=4284"}],"curies":[{"name":"wp","href":"https:\/\/api.w.org\/{rel}","templated":true}]}}