{"id":4293,"date":"2022-07-18T12:38:28","date_gmt":"2022-07-18T12:38:28","guid":{"rendered":"https:\/\/heritage-products.nl\/?page_id=4293"},"modified":"2022-07-25T14:36:49","modified_gmt":"2022-07-25T14:36:49","slug":"hindernismaterial","status":"publish","type":"page","link":"https:\/\/heritage-products.nl\/de\/hindernismaterial.html","title":{"rendered":"Hindernismaterial"},"content":{"rendered":"<p>[et_pb_section fb_built=&#8220;1&#8243; fullwidth=&#8220;on&#8220; admin_label=&#8220;Section&#8220; module_class=&#8220;grizzly__section&#8220; _builder_version=&#8220;4.15.0&#8243; _module_preset=&#8220;default&#8220; bottom_divider_style=&#8220;curve2&#8243; bottom_divider_color=&#8220;#ffffff&#8220; global_colors_info=&#8220;{}&#8220;][et_pb_fullwidth_header title=&#8220;Hindernismaterial&#8220; subhead=&#8220;Sie interessieren sich f\u00fcr unsere Produkte?&#8220; text_orientation=&#8220;center&#8220; button_one_text=&#8220;Fordern Sie ein Angebot an!&#8220; button_one_url=&#8220;https:\/\/heritage-products.nl\/de\/angebot-anfragen.html&#8220; _builder_version=&#8220;4.15.0&#8243; _module_preset=&#8220;default&#8220; title_font=&#8220;Arvo||||||||&#8220; title_font_size=&#8220;50px&#8220; content_font=&#8220;||||||||&#8220; subhead_font=&#8220;Arvo||||||||&#8220; subhead_text_color=&#8220;#FFFFFF&#8220; subhead_font_size=&#8220;20px&#8220; background_image=&#8220;https:\/\/heritage-products.nl\/wp-content\/uploads\/2015\/08\/panorama.jpg&#8220; parallax=&#8220;on&#8220; hover_enabled=&#8220;0&#8243; global_colors_info=&#8220;{}&#8220; alt=&#8220;Hindernis | Heritage Products B.V.&#8220; title_text=&#8220;panorama&#8220; sticky_enabled=&#8220;0&#8243;][\/et_pb_fullwidth_header][\/et_pb_section][et_pb_section fb_built=&#8220;1&#8243; _builder_version=&#8220;4.15.0&#8243; _module_preset=&#8220;default&#8220; global_colors_info=&#8220;{}&#8220;][et_pb_row column_structure=&#8220;1_3,1_3,1_3&#8243; _builder_version=&#8220;4.15.0&#8243; _module_preset=&#8220;default&#8220; global_colors_info=&#8220;{}&#8220;][et_pb_column type=&#8220;1_3&#8243; _builder_version=&#8220;4.15.0&#8243; _module_preset=&#8220;default&#8220; global_colors_info=&#8220;{}&#8220;][et_pb_text _builder_version=&#8220;4.15.0&#8243; _module_preset=&#8220;default&#8220; text_font_size=&#8220;16px&#8220; global_colors_info=&#8220;{}&#8220;]<\/p>\n<p style=\"text-align: center;\"><strong><span class=\"Y2IQFc\" lang=\"de\">\u2714 pflegeleicht<\/span><\/strong><\/p>\n<p>[\/et_pb_text][\/et_pb_column][et_pb_column type=&#8220;1_3&#8243; _builder_version=&#8220;4.15.0&#8243; _module_preset=&#8220;default&#8220; global_colors_info=&#8220;{}&#8220;][et_pb_text _builder_version=&#8220;4.15.0&#8243; _module_preset=&#8220;default&#8220; text_font_size=&#8220;16px&#8220; global_colors_info=&#8220;{}&#8220;]<\/p>\n<p style=\"text-align: center;\"><strong><span class=\"Y2IQFc\" lang=\"de\">\u2714 autorisierter Fachh\u00e4ndler<\/span><\/strong><\/p>\n<p>[\/et_pb_text][\/et_pb_column][et_pb_column type=&#8220;1_3&#8243; _builder_version=&#8220;4.15.0&#8243; _module_preset=&#8220;default&#8220; global_colors_info=&#8220;{}&#8220;][et_pb_text _builder_version=&#8220;4.15.0&#8243; _module_preset=&#8220;default&#8220; text_font_size=&#8220;16px&#8220; global_colors_info=&#8220;{}&#8220;]<\/p>\n<p style=\"text-align: center;\"><strong><span class=\"Y2IQFc\" lang=\"de\">\u2714 <\/span><span class=\"Y2IQFc\" lang=\"de\">Sicher und nachhaltig<\/span><\/strong><\/p>\n<p>[\/et_pb_text][\/et_pb_column][\/et_pb_row][et_pb_row _builder_version=&#8220;4.15.0&#8243; _module_preset=&#8220;default&#8220; global_colors_info=&#8220;{}&#8220;][et_pb_column type=&#8220;4_4&#8243; _builder_version=&#8220;4.15.0&#8243; _module_preset=&#8220;default&#8220; global_colors_info=&#8220;{}&#8220;][et_pb_text _builder_version=&#8220;4.15.0&#8243; _module_preset=&#8220;default&#8220; global_colors_info=&#8220;{}&#8220;]<\/p>\n<p>F\u00fcr jeden gew\u00fcnschten Einsatzbereich hat die holl\u00e4ndische Firma Heritage Products das richtige Hindernismaterial f\u00fcr Sie. Wenn es um das Hindernismaterial f\u00fcr Turniere geht, spielt die entsprechende, repr\u00e4sentative Ausstrahlung der eingesetzten Hindernisse eine sehr wichtige Rolle. Zu Hause auf dem Trainingsplatz steht selbstverst\u00e4ndlich eher die Zweckm\u00e4\u00dfigkeit an erster Stelle. Heritage Products mit Sitz im grenznahen Sambeek hat sich auf das Zubeh\u00f6r<\/p>\n<ul>\n<li>den Pferdesport<\/li>\n<li>die Pferdehaltung<\/li>\n<\/ul>\n<p>konzentriert und wei\u00df deshalb ganz genau, was f\u00fcr anspruchsvolle Reiter und ihre Pferde von besonderer Bedeutung ist.<\/p>\n<p>[\/et_pb_text][\/et_pb_column][\/et_pb_row][\/et_pb_section][et_pb_section fb_built=&#8220;1&#8243; _builder_version=&#8220;4.15.0&#8243; _module_preset=&#8220;default&#8220; background_color=&#8220;#dd3333&#8243; global_colors_info=&#8220;{}&#8220;][et_pb_row column_structure=&#8220;1_2,1_2&#8243; _builder_version=&#8220;4.15.0&#8243; _module_preset=&#8220;default&#8220; global_colors_info=&#8220;{}&#8220;][et_pb_column type=&#8220;1_2&#8243; _builder_version=&#8220;4.15.0&#8243; _module_preset=&#8220;default&#8220; global_colors_info=&#8220;{}&#8220;][et_pb_text _builder_version=&#8220;4.15.0&#8243; _module_preset=&#8220;default&#8220; text_text_color=&#8220;#FFFFFF&#8220; global_colors_info=&#8220;{}&#8220;]<\/p>\n<h2 style=\"color: #fff;\">Das richtige Hindernismaterial f\u00fcr Ihre Zwecke<\/h2>\n<p>Ob Sie ein einzelnes Hindernis, wie einen Oxer bzw. ein <a href=\"https:\/\/heritage-products.nl\/de\/hindernissen\/werbe-hindernisse.html\" style=\"color:#fff; text-decoration:underline;\">Werbehindernis<\/a>\u00a0in Form eines Steilsprungs oder einen ganzen Parcours bauen m\u00f6chten, Heritage Products hat ganz bestimmt das richtige Hindernismaterial f\u00fcr Sie. Die bei uns erh\u00e4tlichen Materialien sind<\/p>\n<ul>\n<li>witterungsbest\u00e4ndig<\/li>\n<li>\u00e4u\u00dferst pflegeleicht<\/li>\n<\/ul>\n<p>Damit k\u00f6nnen Sie Ihre gesamte Aufmerksamkeit den Pferden widmen. Heritage Products sorgt daf\u00fcr, dass die Rahmenbedingungen stimmen und nur einen m\u00f6glichst geringen Arbeitsaufwand erfordern.[\/et_pb_text][\/et_pb_column][et_pb_column type=&#8220;1_2&#8243; _builder_version=&#8220;4.15.0&#8243; _module_preset=&#8220;default&#8220; global_colors_info=&#8220;{}&#8220;][et_pb_image src=&#8220;https:\/\/heritage-products.nl\/wp-content\/uploads\/2022\/05\/WhatsApp-Image-2022-05-11-at-11.40.27-AM.jpeg&#8220; alt=&#8220;Hindernismateriaal | Heritage Products B.V.&#8220; title_text=&#8220;WhatsApp Image 2022-05-11 at 11.40.27 AM&#8220; align=&#8220;right&#8220; _builder_version=&#8220;4.15.0&#8243; _module_preset=&#8220;default&#8220; global_colors_info=&#8220;{}&#8220;][\/et_pb_image][\/et_pb_column][\/et_pb_row][\/et_pb_section][et_pb_section fb_built=&#8220;1&#8243; _builder_version=&#8220;4.15.0&#8243; _module_preset=&#8220;default&#8220; global_colors_info=&#8220;{}&#8220;][et_pb_row column_structure=&#8220;1_2,1_2&#8243; _builder_version=&#8220;4.15.0&#8243; _module_preset=&#8220;default&#8220; global_colors_info=&#8220;{}&#8220;][et_pb_column type=&#8220;1_2&#8243; _builder_version=&#8220;4.15.0&#8243; _module_preset=&#8220;default&#8220; global_colors_info=&#8220;{}&#8220;][et_pb_image src=&#8220;https:\/\/heritage-products.nl\/wp-content\/uploads\/2016\/03\/DSC_2813fb.jpg&#8220; alt=&#8220;Stal met paard | Heritage Products B.V.&#8220; title_text=&#8220;DSC_2813fb&#8220; _builder_version=&#8220;4.15.0&#8243; _module_preset=&#8220;default&#8220; global_colors_info=&#8220;{}&#8220;][\/et_pb_image][\/et_pb_column][et_pb_column type=&#8220;1_2&#8243; _builder_version=&#8220;4.15.0&#8243; _module_preset=&#8220;default&#8220; global_colors_info=&#8220;{}&#8220;][et_pb_text _builder_version=&#8220;4.15.0&#8243; _module_preset=&#8220;default&#8220; global_colors_info=&#8220;{}&#8220;]<\/p>\n<h3>Setzen Sie auf das richtige Pferd<\/h3>\n<p>Heritage Products ist ein Spezialist im Reitsport mit <a href=\"https:\/\/heritage-products.nl\/de\/dealers.html\" style=\"text-decoration:underline;\">Fachh\u00e4ndlern<\/a>\u00a0in Gonnersdorf, Warendorf und Ibbenb\u00fcren wie auch in der Schweiz. Wir f\u00fchren ein umfassendes Sortiment. Falls Sie dennoch nicht das richtige <a href=\"https:\/\/heritage-products.nl\/de\/hindernissen.html\" style=\"text-decoration:underline;\">Hindernismaterial<\/a>\u00a0finden sollten, stellen wir Ihnen selbstverst\u00e4ndlich auch gerne ma\u00dfgeschneiderte L\u00f6sungen zur Verf\u00fcgung. Fragen Sie uns einfach telefonisch unter <a href=\"tel:0031485575920\" style=\"text-decoration:underline;\">+31 (0)485-575920<\/a> oder per E-Mai![\/et_pb_text][\/et_pb_column][\/et_pb_row][\/et_pb_section]<\/p>\n","protected":false},"excerpt":{"rendered":"<p>\u2714 pflegeleicht\u2714 autorisierter Fachh\u00e4ndler\u2714 Sicher und nachhaltigF\u00fcr jeden gew\u00fcnschten Einsatzbereich hat die holl\u00e4ndische Firma Heritage Products das richtige Hindernismaterial f\u00fcr Sie. Wenn es um das Hindernismaterial f\u00fcr Turniere geht, spielt die entsprechende, repr\u00e4sentative Ausstrahlung der eingesetzten Hindernisse eine sehr wichtige Rolle. Zu Hause auf dem Trainingsplatz steht selbstverst\u00e4ndlich eher die Zweckm\u00e4\u00dfigkeit an erster Stelle. Heritage [&hellip;]<\/p>\n","protected":false},"author":3,"featured_media":0,"parent":0,"menu_order":0,"comment_status":"closed","ping_status":"closed","template":"","meta":{"_acf_changed":false,"_et_pb_use_builder":"on","_et_pb_old_content":"","_et_gb_content_width":"","footnotes":""},"class_list":["post-4293","page","type-page","status-publish","hentry"],"acf":[],"yoast_head":"<!-- This site is optimized with the Yoast SEO plugin v26.4 - https:\/\/yoast.com\/wordpress\/plugins\/seo\/ -->\n<title>Hindernismaterial - Heritage Products<\/title>\n<meta name=\"description\" content=\"Hindernismaterial \u2713 komplette Hindernisse und auch Einzelteile \u2713 sch\u00f6n &amp; zweckm\u00e4\u00dfig \u2713 repr\u00e4sentative Ausstrahlung \u2713 einfach zu handhaben.\" \/>\n<meta name=\"robots\" content=\"index, follow, max-snippet:-1, max-image-preview:large, max-video-preview:-1\" \/>\n<link rel=\"canonical\" href=\"https:\/\/heritage-products.nl\/de\/hindernismaterial.html\" \/>\n<meta property=\"og:locale\" content=\"de_DE\" \/>\n<meta property=\"og:type\" content=\"article\" \/>\n<meta property=\"og:title\" content=\"Hindernismaterial - Heritage Products\" \/>\n<meta property=\"og:description\" content=\"Hindernismaterial \u2713 komplette Hindernisse und auch Einzelteile \u2713 sch\u00f6n &amp; zweckm\u00e4\u00dfig \u2713 repr\u00e4sentative Ausstrahlung \u2713 einfach zu handhaben.\" \/>\n<meta property=\"og:url\" content=\"https:\/\/heritage-products.nl\/de\/hindernismaterial.html\" \/>\n<meta property=\"og:site_name\" content=\"Heritage Products\" \/>\n<meta property=\"article:modified_time\" content=\"2022-07-25T14:36:49+00:00\" \/>\n<meta name=\"twitter:card\" content=\"summary_large_image\" \/>\n<meta name=\"twitter:label1\" content=\"Est. reading time\" \/>\n\t<meta name=\"twitter:data1\" content=\"2 Minuten\" \/>\n<script type=\"application\/ld+json\" class=\"yoast-schema-graph\">{\"@context\":\"https:\/\/schema.org\",\"@graph\":[{\"@type\":\"WebPage\",\"@id\":\"https:\/\/heritage-products.nl\/de\/hindernismaterial.html\",\"url\":\"https:\/\/heritage-products.nl\/de\/hindernismaterial.html\",\"name\":\"Hindernismaterial - Heritage Products\",\"isPartOf\":{\"@id\":\"https:\/\/heritage-products.nl\/#website\"},\"datePublished\":\"2022-07-18T12:38:28+00:00\",\"dateModified\":\"2022-07-25T14:36:49+00:00\",\"description\":\"Hindernismaterial \u2713 komplette Hindernisse und auch Einzelteile \u2713 sch\u00f6n & zweckm\u00e4\u00dfig \u2713 repr\u00e4sentative Ausstrahlung \u2713 einfach zu handhaben.\",\"breadcrumb\":{\"@id\":\"https:\/\/heritage-products.nl\/de\/hindernismaterial.html#breadcrumb\"},\"inLanguage\":\"de-DE\",\"potentialAction\":[{\"@type\":\"ReadAction\",\"target\":[\"https:\/\/heritage-products.nl\/de\/hindernismaterial.html\"]}]},{\"@type\":\"BreadcrumbList\",\"@id\":\"https:\/\/heritage-products.nl\/de\/hindernismaterial.html#breadcrumb\",\"itemListElement\":[{\"@type\":\"ListItem\",\"position\":1,\"name\":\"Home\",\"item\":\"https:\/\/heritage-products.nl\/de\"},{\"@type\":\"ListItem\",\"position\":2,\"name\":\"Hindernismaterial\"}]},{\"@type\":\"WebSite\",\"@id\":\"https:\/\/heritage-products.nl\/#website\",\"url\":\"https:\/\/heritage-products.nl\/\",\"name\":\"Heritage Products\",\"description\":\"\",\"potentialAction\":[{\"@type\":\"SearchAction\",\"target\":{\"@type\":\"EntryPoint\",\"urlTemplate\":\"https:\/\/heritage-products.nl\/?s={search_term_string}\"},\"query-input\":{\"@type\":\"PropertyValueSpecification\",\"valueRequired\":true,\"valueName\":\"search_term_string\"}}],\"inLanguage\":\"de-DE\"}]}<\/script>\n<!-- \/ Yoast SEO plugin. -->","yoast_head_json":{"title":"Hindernismaterial - Heritage Products","description":"Hindernismaterial \u2713 komplette Hindernisse und auch Einzelteile \u2713 sch\u00f6n & zweckm\u00e4\u00dfig \u2713 repr\u00e4sentative Ausstrahlung \u2713 einfach zu handhaben.","robots":{"index":"index","follow":"follow","max-snippet":"max-snippet:-1","max-image-preview":"max-image-preview:large","max-video-preview":"max-video-preview:-1"},"canonical":"https:\/\/heritage-products.nl\/de\/hindernismaterial.html","og_locale":"de_DE","og_type":"article","og_title":"Hindernismaterial - Heritage Products","og_description":"Hindernismaterial \u2713 komplette Hindernisse und auch Einzelteile \u2713 sch\u00f6n & zweckm\u00e4\u00dfig \u2713 repr\u00e4sentative Ausstrahlung \u2713 einfach zu handhaben.","og_url":"https:\/\/heritage-products.nl\/de\/hindernismaterial.html","og_site_name":"Heritage Products","article_modified_time":"2022-07-25T14:36:49+00:00","twitter_card":"summary_large_image","twitter_misc":{"Est. reading time":"2 Minuten"},"schema":{"@context":"https:\/\/schema.org","@graph":[{"@type":"WebPage","@id":"https:\/\/heritage-products.nl\/de\/hindernismaterial.html","url":"https:\/\/heritage-products.nl\/de\/hindernismaterial.html","name":"Hindernismaterial - Heritage Products","isPartOf":{"@id":"https:\/\/heritage-products.nl\/#website"},"datePublished":"2022-07-18T12:38:28+00:00","dateModified":"2022-07-25T14:36:49+00:00","description":"Hindernismaterial \u2713 komplette Hindernisse und auch Einzelteile \u2713 sch\u00f6n & zweckm\u00e4\u00dfig \u2713 repr\u00e4sentative Ausstrahlung \u2713 einfach zu handhaben.","breadcrumb":{"@id":"https:\/\/heritage-products.nl\/de\/hindernismaterial.html#breadcrumb"},"inLanguage":"de-DE","potentialAction":[{"@type":"ReadAction","target":["https:\/\/heritage-products.nl\/de\/hindernismaterial.html"]}]},{"@type":"BreadcrumbList","@id":"https:\/\/heritage-products.nl\/de\/hindernismaterial.html#breadcrumb","itemListElement":[{"@type":"ListItem","position":1,"name":"Home","item":"https:\/\/heritage-products.nl\/de"},{"@type":"ListItem","position":2,"name":"Hindernismaterial"}]},{"@type":"WebSite","@id":"https:\/\/heritage-products.nl\/#website","url":"https:\/\/heritage-products.nl\/","name":"Heritage Products","description":"","potentialAction":[{"@type":"SearchAction","target":{"@type":"EntryPoint","urlTemplate":"https:\/\/heritage-products.nl\/?s={search_term_string}"},"query-input":{"@type":"PropertyValueSpecification","valueRequired":true,"valueName":"search_term_string"}}],"inLanguage":"de-DE"}]}},"_links":{"self":[{"href":"https:\/\/heritage-products.nl\/de\/wp-json\/wp\/v2\/pages\/4293","targetHints":{"allow":["GET"]}}],"collection":[{"href":"https:\/\/heritage-products.nl\/de\/wp-json\/wp\/v2\/pages"}],"about":[{"href":"https:\/\/heritage-products.nl\/de\/wp-json\/wp\/v2\/types\/page"}],"author":[{"embeddable":true,"href":"https:\/\/heritage-products.nl\/de\/wp-json\/wp\/v2\/users\/3"}],"replies":[{"embeddable":true,"href":"https:\/\/heritage-products.nl\/de\/wp-json\/wp\/v2\/comments?post=4293"}],"version-history":[{"count":4,"href":"https:\/\/heritage-products.nl\/de\/wp-json\/wp\/v2\/pages\/4293\/revisions"}],"predecessor-version":[{"id":4531,"href":"https:\/\/heritage-products.nl\/de\/wp-json\/wp\/v2\/pages\/4293\/revisions\/4531"}],"wp:attachment":[{"href":"https:\/\/heritage-products.nl\/de\/wp-json\/wp\/v2\/media?parent=4293"}],"curies":[{"name":"wp","href":"https:\/\/api.w.org\/{rel}","templated":true}]}}