{"id":4318,"date":"2022-07-18T12:57:03","date_gmt":"2022-07-18T12:57:03","guid":{"rendered":"https:\/\/heritage-products.nl\/?page_id=4318"},"modified":"2022-07-25T14:16:42","modified_gmt":"2022-07-25T14:16:42","slug":"hindernisse-springreiten-kaufen","status":"publish","type":"page","link":"https:\/\/heritage-products.nl\/de\/hindernisse-springreiten-kaufen.html","title":{"rendered":"Hindernisse Springreiten kaufen"},"content":{"rendered":"<p>[et_pb_section fb_built=&#8220;1&#8243; fullwidth=&#8220;on&#8220; admin_label=&#8220;Section&#8220; module_class=&#8220;grizzly__section&#8220; _builder_version=&#8220;4.15.0&#8243; _module_preset=&#8220;default&#8220; bottom_divider_style=&#8220;curve2&#8243; bottom_divider_color=&#8220;#ffffff&#8220; global_colors_info=&#8220;{}&#8220;][et_pb_fullwidth_header title=&#8220;Hindernisse Springreiten kaufen&#8220; subhead=&#8220;Sie interessieren sich f\u00fcr unsere Produkte?&#8220; text_orientation=&#8220;center&#8220; button_one_text=&#8220;Fordern Sie ein Angebot an!&#8220; button_one_url=&#8220;https:\/\/heritage-products.nl\/de\/angebot-anfragen.html&#8220; _builder_version=&#8220;4.15.0&#8243; _module_preset=&#8220;default&#8220; title_font=&#8220;Arvo||||||||&#8220; title_font_size=&#8220;50px&#8220; content_font=&#8220;||||||||&#8220; subhead_font=&#8220;Arvo||||||||&#8220; subhead_text_color=&#8220;#FFFFFF&#8220; subhead_font_size=&#8220;20px&#8220; background_image=&#8220;https:\/\/heritage-products.nl\/wp-content\/uploads\/2015\/08\/panorama.jpg&#8220; parallax=&#8220;on&#8220; hover_enabled=&#8220;0&#8243; global_colors_info=&#8220;{}&#8220; alt=&#8220;Hindernis | Heritage Products B.V.&#8220; title_text=&#8220;panorama&#8220; sticky_enabled=&#8220;0&#8243;][\/et_pb_fullwidth_header][\/et_pb_section][et_pb_section fb_built=&#8220;1&#8243; _builder_version=&#8220;4.15.0&#8243; _module_preset=&#8220;default&#8220; global_colors_info=&#8220;{}&#8220;][et_pb_row column_structure=&#8220;1_3,1_3,1_3&#8243; _builder_version=&#8220;4.15.0&#8243; _module_preset=&#8220;default&#8220; global_colors_info=&#8220;{}&#8220;][et_pb_column type=&#8220;1_3&#8243; _builder_version=&#8220;4.15.0&#8243; _module_preset=&#8220;default&#8220; global_colors_info=&#8220;{}&#8220;][et_pb_text _builder_version=&#8220;4.15.0&#8243; _module_preset=&#8220;default&#8220; text_font_size=&#8220;16px&#8220; global_colors_info=&#8220;{}&#8220;]<\/p>\n<p style=\"text-align: center;\"><strong><span class=\"Y2IQFc\" lang=\"de\">\u2714 pflegeleicht<\/span><\/strong><\/p>\n<p>[\/et_pb_text][\/et_pb_column][et_pb_column type=&#8220;1_3&#8243; _builder_version=&#8220;4.15.0&#8243; _module_preset=&#8220;default&#8220; global_colors_info=&#8220;{}&#8220;][et_pb_text _builder_version=&#8220;4.15.0&#8243; _module_preset=&#8220;default&#8220; text_font_size=&#8220;16px&#8220; global_colors_info=&#8220;{}&#8220;]<\/p>\n<p style=\"text-align: center;\"><strong><span class=\"Y2IQFc\" lang=\"de\">\u2714 autorisierter Fachh\u00e4ndler<\/span><\/strong><\/p>\n<p>[\/et_pb_text][\/et_pb_column][et_pb_column type=&#8220;1_3&#8243; _builder_version=&#8220;4.15.0&#8243; _module_preset=&#8220;default&#8220; global_colors_info=&#8220;{}&#8220;][et_pb_text _builder_version=&#8220;4.15.0&#8243; _module_preset=&#8220;default&#8220; text_font_size=&#8220;16px&#8220; global_colors_info=&#8220;{}&#8220;]<\/p>\n<p style=\"text-align: center;\"><strong><span class=\"Y2IQFc\" lang=\"de\">\u2714 <\/span><span class=\"Y2IQFc\" lang=\"de\">Sicher und nachhaltig<\/span><\/strong><\/p>\n<p>[\/et_pb_text][\/et_pb_column][\/et_pb_row][et_pb_row _builder_version=&#8220;4.15.0&#8243; _module_preset=&#8220;default&#8220; global_colors_info=&#8220;{}&#8220;][et_pb_column type=&#8220;4_4&#8243; _builder_version=&#8220;4.15.0&#8243; _module_preset=&#8220;default&#8220; global_colors_info=&#8220;{}&#8220;][et_pb_text _builder_version=&#8220;4.15.0&#8243; _module_preset=&#8220;default&#8220; global_colors_info=&#8220;{}&#8220;]<\/p>\n<p>Solide und sichere Hindernisse zum Springreiten kaufen Sie am besten bei dem renommierten Fachbetrieb Heritage Products. Dieser Spezialist f\u00fcr Trainings- und Turnierhindernisse bietet Ihnen eine gro\u00dfe Auswahl, fachm\u00e4nnische Beratung, umfassende Serviceleistungen und technisch sehr ausgereifte Hindernisse. Aus gutem Grund hat es sich in der Reitsportwelt herumgesprochen, dass es bei Heritage Products optimale Hindernisse f\u00fcr das Springreiten zu kaufen gibt. Wir kennen die Bed\u00fcrfnisse der Springreiter und werden ihnen mit durchdachtem Hindernismaterial gerecht.<\/p>\n<p>[\/et_pb_text][\/et_pb_column][\/et_pb_row][\/et_pb_section][et_pb_section fb_built=&#8220;1&#8243; _builder_version=&#8220;4.15.0&#8243; _module_preset=&#8220;default&#8220; background_color=&#8220;#dd3333&#8243; global_colors_info=&#8220;{}&#8220;][et_pb_row column_structure=&#8220;1_2,1_2&#8243; _builder_version=&#8220;4.15.0&#8243; _module_preset=&#8220;default&#8220; global_colors_info=&#8220;{}&#8220;][et_pb_column type=&#8220;1_2&#8243; _builder_version=&#8220;4.15.0&#8243; _module_preset=&#8220;default&#8220; global_colors_info=&#8220;{}&#8220;][et_pb_text _builder_version=&#8220;4.15.0&#8243; _module_preset=&#8220;default&#8220; text_text_color=&#8220;#FFFFFF&#8220; global_colors_info=&#8220;{}&#8220;]<\/p>\n<h2 style=\"color: #fff;\">Wenn Sie Hindernisse zum Springreiten kaufen, steht Sicherheit an erster Stelle<\/h2>\n<p>Der Springsport birgt so seine Gefahren \u2013 mit <a style=\"color: #fff; text-decoration: underline;\" href=\"https:\/\/heritage-products.nl\/de\/hindernisstangen.html\">den richtigen Hindernissen<\/a> f\u00fcr das Training und auch das Turnier k\u00f6nnen Sie jedoch vielen Verletzungsrisiken vorbeugen. Deshalb empfiehlt es sich, die Hindernisse und <a style=\"color: #fff; text-decoration: underline;\" href=\"https:\/\/heritage-products.nl\/de\/hindernisstander.html\">Hindernisst\u00e4nder<\/a> zum Springreiten bei uns zu kaufen. Unser Sortiment an Hindernismaterial\u00a0umfasst u.a.:<\/p>\n<ul>\n<li>einzelne Stangen<\/li>\n<li>Trainingshindernisse<\/li>\n<li>vollst\u00e4ndige Parcours<\/li>\n<li>Zubeh\u00f6rteile (u.a. Sicherheitsauflagen, Start-\/Ziel-Sets, Wassergraben-Gummi u. \u00c4.)<\/li>\n<\/ul>\n<p>Wir k\u00f6nnen Ihnen preisg\u00fcnstige Standardhindernisse und z.B. auch ma\u00dfgeschneiderte <a href=\"https:\/\/heritage-products.nl\/de\/hindernissen\/werbe-hindernisse.html\" style=\"color: #fff; text-decoration: underline;\">Werbehindernisse<\/a> anbieten.[\/et_pb_text][\/et_pb_column][et_pb_column type=&#8220;1_2&#8243; _builder_version=&#8220;4.15.0&#8243; _module_preset=&#8220;default&#8220; global_colors_info=&#8220;{}&#8220;][et_pb_image src=&#8220;https:\/\/heritage-products.nl\/wp-content\/uploads\/2021\/11\/DSC1161-3.jpg&#8220; alt=&#8220;Obstakel paard | Heritage Products B.V.&#8220; title_text=&#8220;_DSC1161&#8243; align=&#8220;right&#8220; _builder_version=&#8220;4.15.0&#8243; _module_preset=&#8220;default&#8220; global_colors_info=&#8220;{}&#8220;][\/et_pb_image][\/et_pb_column][\/et_pb_row][\/et_pb_section][et_pb_section fb_built=&#8220;1&#8243; _builder_version=&#8220;4.15.0&#8243; _module_preset=&#8220;default&#8220; global_colors_info=&#8220;{}&#8220;][et_pb_row column_structure=&#8220;1_2,1_2&#8243; _builder_version=&#8220;4.15.0&#8243; _module_preset=&#8220;default&#8220; global_colors_info=&#8220;{}&#8220;][et_pb_column type=&#8220;1_2&#8243; _builder_version=&#8220;4.15.0&#8243; _module_preset=&#8220;default&#8220; global_colors_info=&#8220;{}&#8220;][et_pb_image src=&#8220;https:\/\/heritage-products.nl\/wp-content\/uploads\/2016\/03\/DSC_2813fb.jpg&#8220; alt=&#8220;Stal met paard | Heritage Products B.V.&#8220; title_text=&#8220;DSC_2813fb&#8220; _builder_version=&#8220;4.15.0&#8243; _module_preset=&#8220;default&#8220; global_colors_info=&#8220;{}&#8220;][\/et_pb_image][\/et_pb_column][et_pb_column type=&#8220;1_2&#8243; _builder_version=&#8220;4.15.0&#8243; _module_preset=&#8220;default&#8220; global_colors_info=&#8220;{}&#8220;][et_pb_text _builder_version=&#8220;4.15.0&#8243; _module_preset=&#8220;default&#8220; global_colors_info=&#8220;{}&#8220;]<\/p>\n<h3>Holen Sie fachkundigen Rat ein<\/h3>\n<p>Bevor Sie <a href=\"https:\/\/heritage-products.nl\/de\/hindernissen.html\" style=\"text-decoration:underline;\">Hindernisse zum Springreiten<\/a>\u00a0kaufen, m\u00f6chten Sie sich wahrscheinlich erst einmal fachkundig beraten lassen. Rufen Sie uns deshalb doch am besten gleich einmal unter der Telefonnummer <a href=\"tel:0031485575920\" style=\"text-decoration:underline;\">+31 (0)485-575920<\/a> an oder schicken Sie uns eine E-Mail, in der Sie uns Ihren Bedarf schildern. Selbstverst\u00e4ndlich d\u00fcrfen Sie sich auch gerne direkt an einen unserer <a href=\"https:\/\/heritage-products.nl\/de\/dealers.html\" style=\"text-decoration:underline;\">Fachh\u00e4ndler<\/a>\u00a0wenden, die u.a. in Deutschland und in der Schweiz vertreten sind.[\/et_pb_text][\/et_pb_column][\/et_pb_row][\/et_pb_section]<\/p>\n","protected":false},"excerpt":{"rendered":"<p>\u2714 pflegeleicht\u2714 autorisierter Fachh\u00e4ndler\u2714 Sicher und nachhaltigSolide und sichere Hindernisse zum Springreiten kaufen Sie am besten bei dem renommierten Fachbetrieb Heritage Products. Dieser Spezialist f\u00fcr Trainings- und Turnierhindernisse bietet Ihnen eine gro\u00dfe Auswahl, fachm\u00e4nnische Beratung, umfassende Serviceleistungen und technisch sehr ausgereifte Hindernisse. Aus gutem Grund hat es sich in der Reitsportwelt herumgesprochen, dass es bei [&hellip;]<\/p>\n","protected":false},"author":3,"featured_media":0,"parent":0,"menu_order":0,"comment_status":"closed","ping_status":"closed","template":"","meta":{"_acf_changed":false,"_et_pb_use_builder":"on","_et_pb_old_content":"","_et_gb_content_width":"","footnotes":""},"class_list":["post-4318","page","type-page","status-publish","hentry"],"acf":[],"yoast_head":"<!-- This site is optimized with the Yoast SEO plugin v26.4 - https:\/\/yoast.com\/wordpress\/plugins\/seo\/ -->\n<title>Hindernisse Springreiten kaufen - Heritage Products<\/title>\n<meta name=\"description\" content=\"Bahnbuchstaben \u2713 auf sehr stilvollen Kegeln \u2713 besonderes Design der Buchstabenkegel \u2713 anerkannter Spezialist f\u00fcr Dressurplatzubeh\u00f6r.\" \/>\n<meta name=\"robots\" content=\"index, follow, max-snippet:-1, max-image-preview:large, max-video-preview:-1\" \/>\n<link rel=\"canonical\" href=\"https:\/\/heritage-products.nl\/de\/hindernisse-springreiten-kaufen.html\" \/>\n<meta property=\"og:locale\" content=\"de_DE\" \/>\n<meta property=\"og:type\" content=\"article\" \/>\n<meta property=\"og:title\" content=\"Hindernisse Springreiten kaufen - Heritage Products\" \/>\n<meta property=\"og:description\" content=\"Bahnbuchstaben \u2713 auf sehr stilvollen Kegeln \u2713 besonderes Design der Buchstabenkegel \u2713 anerkannter Spezialist f\u00fcr Dressurplatzubeh\u00f6r.\" \/>\n<meta property=\"og:url\" content=\"https:\/\/heritage-products.nl\/de\/hindernisse-springreiten-kaufen.html\" \/>\n<meta property=\"og:site_name\" content=\"Heritage Products\" \/>\n<meta property=\"article:modified_time\" content=\"2022-07-25T14:16:42+00:00\" \/>\n<meta name=\"twitter:card\" content=\"summary_large_image\" \/>\n<meta name=\"twitter:label1\" content=\"Est. reading time\" \/>\n\t<meta name=\"twitter:data1\" content=\"2 Minuten\" \/>\n<script type=\"application\/ld+json\" class=\"yoast-schema-graph\">{\"@context\":\"https:\/\/schema.org\",\"@graph\":[{\"@type\":\"WebPage\",\"@id\":\"https:\/\/heritage-products.nl\/de\/hindernisse-springreiten-kaufen.html\",\"url\":\"https:\/\/heritage-products.nl\/de\/hindernisse-springreiten-kaufen.html\",\"name\":\"Hindernisse Springreiten kaufen - Heritage Products\",\"isPartOf\":{\"@id\":\"https:\/\/heritage-products.nl\/#website\"},\"datePublished\":\"2022-07-18T12:57:03+00:00\",\"dateModified\":\"2022-07-25T14:16:42+00:00\",\"description\":\"Bahnbuchstaben \u2713 auf sehr stilvollen Kegeln \u2713 besonderes Design der Buchstabenkegel \u2713 anerkannter Spezialist f\u00fcr Dressurplatzubeh\u00f6r.\",\"breadcrumb\":{\"@id\":\"https:\/\/heritage-products.nl\/de\/hindernisse-springreiten-kaufen.html#breadcrumb\"},\"inLanguage\":\"de-DE\",\"potentialAction\":[{\"@type\":\"ReadAction\",\"target\":[\"https:\/\/heritage-products.nl\/de\/hindernisse-springreiten-kaufen.html\"]}]},{\"@type\":\"BreadcrumbList\",\"@id\":\"https:\/\/heritage-products.nl\/de\/hindernisse-springreiten-kaufen.html#breadcrumb\",\"itemListElement\":[{\"@type\":\"ListItem\",\"position\":1,\"name\":\"Home\",\"item\":\"https:\/\/heritage-products.nl\/de\"},{\"@type\":\"ListItem\",\"position\":2,\"name\":\"Hindernisse Springreiten kaufen\"}]},{\"@type\":\"WebSite\",\"@id\":\"https:\/\/heritage-products.nl\/#website\",\"url\":\"https:\/\/heritage-products.nl\/\",\"name\":\"Heritage Products\",\"description\":\"\",\"potentialAction\":[{\"@type\":\"SearchAction\",\"target\":{\"@type\":\"EntryPoint\",\"urlTemplate\":\"https:\/\/heritage-products.nl\/?s={search_term_string}\"},\"query-input\":{\"@type\":\"PropertyValueSpecification\",\"valueRequired\":true,\"valueName\":\"search_term_string\"}}],\"inLanguage\":\"de-DE\"}]}<\/script>\n<!-- \/ Yoast SEO plugin. -->","yoast_head_json":{"title":"Hindernisse Springreiten kaufen - Heritage Products","description":"Bahnbuchstaben \u2713 auf sehr stilvollen Kegeln \u2713 besonderes Design der Buchstabenkegel \u2713 anerkannter Spezialist f\u00fcr Dressurplatzubeh\u00f6r.","robots":{"index":"index","follow":"follow","max-snippet":"max-snippet:-1","max-image-preview":"max-image-preview:large","max-video-preview":"max-video-preview:-1"},"canonical":"https:\/\/heritage-products.nl\/de\/hindernisse-springreiten-kaufen.html","og_locale":"de_DE","og_type":"article","og_title":"Hindernisse Springreiten kaufen - Heritage Products","og_description":"Bahnbuchstaben \u2713 auf sehr stilvollen Kegeln \u2713 besonderes Design der Buchstabenkegel \u2713 anerkannter Spezialist f\u00fcr Dressurplatzubeh\u00f6r.","og_url":"https:\/\/heritage-products.nl\/de\/hindernisse-springreiten-kaufen.html","og_site_name":"Heritage Products","article_modified_time":"2022-07-25T14:16:42+00:00","twitter_card":"summary_large_image","twitter_misc":{"Est. reading time":"2 Minuten"},"schema":{"@context":"https:\/\/schema.org","@graph":[{"@type":"WebPage","@id":"https:\/\/heritage-products.nl\/de\/hindernisse-springreiten-kaufen.html","url":"https:\/\/heritage-products.nl\/de\/hindernisse-springreiten-kaufen.html","name":"Hindernisse Springreiten kaufen - Heritage Products","isPartOf":{"@id":"https:\/\/heritage-products.nl\/#website"},"datePublished":"2022-07-18T12:57:03+00:00","dateModified":"2022-07-25T14:16:42+00:00","description":"Bahnbuchstaben \u2713 auf sehr stilvollen Kegeln \u2713 besonderes Design der Buchstabenkegel \u2713 anerkannter Spezialist f\u00fcr Dressurplatzubeh\u00f6r.","breadcrumb":{"@id":"https:\/\/heritage-products.nl\/de\/hindernisse-springreiten-kaufen.html#breadcrumb"},"inLanguage":"de-DE","potentialAction":[{"@type":"ReadAction","target":["https:\/\/heritage-products.nl\/de\/hindernisse-springreiten-kaufen.html"]}]},{"@type":"BreadcrumbList","@id":"https:\/\/heritage-products.nl\/de\/hindernisse-springreiten-kaufen.html#breadcrumb","itemListElement":[{"@type":"ListItem","position":1,"name":"Home","item":"https:\/\/heritage-products.nl\/de"},{"@type":"ListItem","position":2,"name":"Hindernisse Springreiten kaufen"}]},{"@type":"WebSite","@id":"https:\/\/heritage-products.nl\/#website","url":"https:\/\/heritage-products.nl\/","name":"Heritage Products","description":"","potentialAction":[{"@type":"SearchAction","target":{"@type":"EntryPoint","urlTemplate":"https:\/\/heritage-products.nl\/?s={search_term_string}"},"query-input":{"@type":"PropertyValueSpecification","valueRequired":true,"valueName":"search_term_string"}}],"inLanguage":"de-DE"}]}},"_links":{"self":[{"href":"https:\/\/heritage-products.nl\/de\/wp-json\/wp\/v2\/pages\/4318","targetHints":{"allow":["GET"]}}],"collection":[{"href":"https:\/\/heritage-products.nl\/de\/wp-json\/wp\/v2\/pages"}],"about":[{"href":"https:\/\/heritage-products.nl\/de\/wp-json\/wp\/v2\/types\/page"}],"author":[{"embeddable":true,"href":"https:\/\/heritage-products.nl\/de\/wp-json\/wp\/v2\/users\/3"}],"replies":[{"embeddable":true,"href":"https:\/\/heritage-products.nl\/de\/wp-json\/wp\/v2\/comments?post=4318"}],"version-history":[{"count":5,"href":"https:\/\/heritage-products.nl\/de\/wp-json\/wp\/v2\/pages\/4318\/revisions"}],"predecessor-version":[{"id":4526,"href":"https:\/\/heritage-products.nl\/de\/wp-json\/wp\/v2\/pages\/4318\/revisions\/4526"}],"wp:attachment":[{"href":"https:\/\/heritage-products.nl\/de\/wp-json\/wp\/v2\/media?parent=4318"}],"curies":[{"name":"wp","href":"https:\/\/api.w.org\/{rel}","templated":true}]}}