{"id":4327,"date":"2022-07-18T13:01:41","date_gmt":"2022-07-18T13:01:41","guid":{"rendered":"https:\/\/heritage-products.nl\/?page_id=4327"},"modified":"2022-07-25T14:15:26","modified_gmt":"2022-07-25T14:15:26","slug":"hindernisstander","status":"publish","type":"page","link":"https:\/\/heritage-products.nl\/de\/hindernisstander.html","title":{"rendered":"Hindernisst\u00e4nder"},"content":{"rendered":"<p>[et_pb_section fb_built=&#8220;1&#8243; fullwidth=&#8220;on&#8220; admin_label=&#8220;Section&#8220; module_class=&#8220;grizzly__section&#8220; _builder_version=&#8220;4.15.0&#8243; _module_preset=&#8220;default&#8220; bottom_divider_style=&#8220;curve2&#8243; bottom_divider_color=&#8220;#ffffff&#8220; global_colors_info=&#8220;{}&#8220;][et_pb_fullwidth_header title=&#8220;Hindernisst\u00e4nder&#8220; subhead=&#8220;Sie interessieren sich f\u00fcr unsere Produkte?&#8220; text_orientation=&#8220;center&#8220; button_one_text=&#8220;Fordern Sie ein Angebot an!&#8220; button_one_url=&#8220;https:\/\/heritage-products.nl\/de\/angebot-anfragen.html&#8220; _builder_version=&#8220;4.15.0&#8243; _module_preset=&#8220;default&#8220; title_font=&#8220;Arvo||||||||&#8220; title_font_size=&#8220;50px&#8220; content_font=&#8220;||||||||&#8220; subhead_font=&#8220;Arvo||||||||&#8220; subhead_text_color=&#8220;#FFFFFF&#8220; subhead_font_size=&#8220;20px&#8220; background_image=&#8220;https:\/\/heritage-products.nl\/wp-content\/uploads\/2015\/08\/panorama.jpg&#8220; parallax=&#8220;on&#8220; hover_enabled=&#8220;0&#8243; global_colors_info=&#8220;{}&#8220; alt=&#8220;Hindernis | Heritage Products B.V.&#8220; title_text=&#8220;panorama&#8220; sticky_enabled=&#8220;0&#8243;][\/et_pb_fullwidth_header][\/et_pb_section][et_pb_section fb_built=&#8220;1&#8243; _builder_version=&#8220;4.15.0&#8243; _module_preset=&#8220;default&#8220; global_colors_info=&#8220;{}&#8220;][et_pb_row column_structure=&#8220;1_3,1_3,1_3&#8243; _builder_version=&#8220;4.15.0&#8243; _module_preset=&#8220;default&#8220; global_colors_info=&#8220;{}&#8220;][et_pb_column type=&#8220;1_3&#8243; _builder_version=&#8220;4.15.0&#8243; _module_preset=&#8220;default&#8220; global_colors_info=&#8220;{}&#8220;][et_pb_text _builder_version=&#8220;4.15.0&#8243; _module_preset=&#8220;default&#8220; text_font_size=&#8220;16px&#8220; global_colors_info=&#8220;{}&#8220;]<\/p>\n<p style=\"text-align: center;\"><strong><span class=\"Y2IQFc\" lang=\"de\">\u2714 pflegeleicht<\/span><\/strong><\/p>\n<p>[\/et_pb_text][\/et_pb_column][et_pb_column type=&#8220;1_3&#8243; _builder_version=&#8220;4.15.0&#8243; _module_preset=&#8220;default&#8220; global_colors_info=&#8220;{}&#8220;][et_pb_text _builder_version=&#8220;4.15.0&#8243; _module_preset=&#8220;default&#8220; text_font_size=&#8220;16px&#8220; global_colors_info=&#8220;{}&#8220;]<\/p>\n<p style=\"text-align: center;\"><strong><span class=\"Y2IQFc\" lang=\"de\">\u2714 autorisierter Fachh\u00e4ndler<\/span><\/strong><\/p>\n<p>[\/et_pb_text][\/et_pb_column][et_pb_column type=&#8220;1_3&#8243; _builder_version=&#8220;4.15.0&#8243; _module_preset=&#8220;default&#8220; global_colors_info=&#8220;{}&#8220;][et_pb_text _builder_version=&#8220;4.15.0&#8243; _module_preset=&#8220;default&#8220; text_font_size=&#8220;16px&#8220; global_colors_info=&#8220;{}&#8220;]<\/p>\n<p style=\"text-align: center;\"><strong><span class=\"Y2IQFc\" lang=\"de\">\u2714 <\/span><span class=\"Y2IQFc\" lang=\"de\">Sicher und nachhaltig<\/span><\/strong><\/p>\n<p>[\/et_pb_text][\/et_pb_column][\/et_pb_row][et_pb_row _builder_version=&#8220;4.15.0&#8243; _module_preset=&#8220;default&#8220; global_colors_info=&#8220;{}&#8220;][et_pb_column type=&#8220;4_4&#8243; _builder_version=&#8220;4.15.0&#8243; _module_preset=&#8220;default&#8220; global_colors_info=&#8220;{}&#8220;][et_pb_text _builder_version=&#8220;4.15.0&#8243; _module_preset=&#8220;default&#8220; global_colors_info=&#8220;{}&#8220;]<\/p>\n<p>Hindernisst\u00e4nder sollten nicht allzu schwer und gleichzeitig au\u00dferordentlich stabil sein und diese im Grunde widerspr\u00fcchlichen Anforderungen erf\u00fcllt der holl\u00e4ndische Fachbetrieb Heritage Products auf optimale Weise. Die bei uns erh\u00e4ltlichen St\u00e4nder sind mit sehr einfach einzuhakenden Auflagen ausgestattet. Damit kann ein Hindernis wirklich im Nu aufbauen und abbauen.<\/p>\n<p>[\/et_pb_text][\/et_pb_column][\/et_pb_row][\/et_pb_section][et_pb_section fb_built=&#8220;1&#8243; _builder_version=&#8220;4.15.0&#8243; _module_preset=&#8220;default&#8220; background_color=&#8220;#dd3333&#8243; global_colors_info=&#8220;{}&#8220;][et_pb_row column_structure=&#8220;1_2,1_2&#8243; _builder_version=&#8220;4.15.0&#8243; _module_preset=&#8220;default&#8220; global_colors_info=&#8220;{}&#8220;][et_pb_column type=&#8220;1_2&#8243; _builder_version=&#8220;4.15.0&#8243; _module_preset=&#8220;default&#8220; global_colors_info=&#8220;{}&#8220;][et_pb_text _builder_version=&#8220;4.15.0&#8243; _module_preset=&#8220;default&#8220; text_text_color=&#8220;#FFFFFF&#8220; global_colors_info=&#8220;{}&#8220;]<\/p>\n<h2 style=\"color: #fff;\">Hindernisst\u00e4nder aus R\u00fccksicht auf Reiter, Parcoursmitarbeiter und Pferde<\/h2>\n<p>Der Springsport bringt nicht zu vernachl\u00e4ssigende Gefahren mit sich. Diese Tatsache kann niemand bestreiten. Die richtigen Hindernisst\u00e4nder k\u00f6nnen die damit einhergehenden Risiken jedoch begrenzen. Bei Heritage Products tut man wirklich alles daran, um m\u00f6glichst sicheres <a href=\"https:\/\/heritage-products.nl\/de\/hindernismaterial.html\" style=\"color:#fff; text-decoration:underline;\">Hindernismaterial<\/a>\u00a0bereitzustellen, das gleichzeitig die erw\u00fcnschte Herausforderung bietet auch noch einfach und praktisch in der Handhabung ist. Denn schlie\u00dflich will man nicht nur Pferd und Reiter schonen, sondern auch seine freundlichen Parcourshelfer keineswegs \u00fcberstrapazieren. Unser Sortiment umfasst:<\/p>\n<ul>\n<li>Fangst\u00e4nder<\/li>\n<li>Cavaletti<\/li>\n<li>Trainingshindernisse<\/li>\n<li>Turnierhindernisse<\/li>\n<li>Werbehindernisse u.v.a.<\/li>\n<\/ul>\n<p>[\/et_pb_text][\/et_pb_column][et_pb_column type=&#8220;1_2&#8243; _builder_version=&#8220;4.15.0&#8243; _module_preset=&#8220;default&#8220; global_colors_info=&#8220;{}&#8220;][et_pb_image src=&#8220;https:\/\/heritage-products.nl\/wp-content\/uploads\/2021\/11\/DSC1161-3.jpg&#8220; alt=&#8220;Obstakel paard | Heritage Products B.V.&#8220; title_text=&#8220;_DSC1161&#8243; align=&#8220;right&#8220; _builder_version=&#8220;4.15.0&#8243; _module_preset=&#8220;default&#8220; global_colors_info=&#8220;{}&#8220;][\/et_pb_image][\/et_pb_column][\/et_pb_row][\/et_pb_section][et_pb_section fb_built=&#8220;1&#8243; _builder_version=&#8220;4.15.0&#8243; _module_preset=&#8220;default&#8220; global_colors_info=&#8220;{}&#8220;][et_pb_row column_structure=&#8220;1_2,1_2&#8243; _builder_version=&#8220;4.15.0&#8243; _module_preset=&#8220;default&#8220; global_colors_info=&#8220;{}&#8220;][et_pb_column type=&#8220;1_2&#8243; _builder_version=&#8220;4.15.0&#8243; _module_preset=&#8220;default&#8220; global_colors_info=&#8220;{}&#8220;][et_pb_image src=&#8220;https:\/\/heritage-products.nl\/wp-content\/uploads\/2016\/03\/DSC_2813fb.jpg&#8220; alt=&#8220;Stal met paard | Heritage Products B.V.&#8220; title_text=&#8220;DSC_2813fb&#8220; _builder_version=&#8220;4.15.0&#8243; _module_preset=&#8220;default&#8220; global_colors_info=&#8220;{}&#8220;][\/et_pb_image][\/et_pb_column][et_pb_column type=&#8220;1_2&#8243; _builder_version=&#8220;4.15.0&#8243; _module_preset=&#8220;default&#8220; global_colors_info=&#8220;{}&#8220;][et_pb_text _builder_version=&#8220;4.15.0&#8243; _module_preset=&#8220;default&#8220; global_colors_info=&#8220;{}&#8220;]<\/p>\n<h3>Fachkundige Beratung in Sachen Hindernismaterial<\/h3>\n<p>Da sich Heritage Products ganz auf die spezifischen Bed\u00fcrfnisse von anspruchsvollen Reitsportlern in den Disziplinen <a href=\"https:\/\/heritage-products.nl\/de\/hindernisse-springreiten-kaufen.html\" style=\"text-decoration:underline;\">Springen<\/a>\u00a0und <a href=\"https:\/\/heritage-products.nl\/de\/dressur.html\" style=\"text-decoration:underline;\">Dressur<\/a>\u00a0spezialisiert hat, erhalten Sie dort \u00e4u\u00dferst fachkundige Beratung. Au\u00dferdem arbeitet Heritage Products mit kompetenten <a href=\"https:\/\/heritage-products.nl\/de\/dealers.html\" style=\"text-decoration:underline;\">Fachh\u00e4ndlern<\/a>\u00a0in Deutschland und in der Schweiz zusammen, an die Sie sich auch gleich direkt hinsichtlich der Hindernisst\u00e4nder, <a href=\"https:\/\/heritage-products.nl\/de\/hindernisstangen.html\" style=\"text-decoration:underline;\">Hindernisstangen<\/a> oder unserer anderen Produkte wenden k\u00f6nnen. Sie stehen Ihnen gerne mit Rat und Tat zur Seite, damit Sie Ihren Sport optimal aus\u00fcben k\u00f6nnen. Selbstverst\u00e4ndlich k\u00f6nnen Sie sich au\u00dferdem unter der Rufnummer <a href=\"tel:0031485575920\" style=\"text-decoration:underline;\">+31 (0)485-575920<\/a> direkt an Heritage Products wenden.[\/et_pb_text][\/et_pb_column][\/et_pb_row][\/et_pb_section]<\/p>\n","protected":false},"excerpt":{"rendered":"<p>\u2714 pflegeleicht\u2714 autorisierter Fachh\u00e4ndler\u2714 Sicher und nachhaltigHindernisst\u00e4nder sollten nicht allzu schwer und gleichzeitig au\u00dferordentlich stabil sein und diese im Grunde widerspr\u00fcchlichen Anforderungen erf\u00fcllt der holl\u00e4ndische Fachbetrieb Heritage Products auf optimale Weise. Die bei uns erh\u00e4ltlichen St\u00e4nder sind mit sehr einfach einzuhakenden Auflagen ausgestattet. Damit kann ein Hindernis wirklich im Nu aufbauen und abbauen.Hindernisst\u00e4nder aus R\u00fccksicht [&hellip;]<\/p>\n","protected":false},"author":3,"featured_media":0,"parent":0,"menu_order":0,"comment_status":"closed","ping_status":"closed","template":"","meta":{"_acf_changed":false,"_et_pb_use_builder":"on","_et_pb_old_content":"","_et_gb_content_width":"","footnotes":""},"class_list":["post-4327","page","type-page","status-publish","hentry"],"acf":[],"yoast_head":"<!-- This site is optimized with the Yoast SEO plugin v26.4 - https:\/\/yoast.com\/wordpress\/plugins\/seo\/ -->\n<title>Hindernisst\u00e4nder - Heritage Products<\/title>\n<meta name=\"description\" content=\"Kaufen Sie Hindernisst\u00e4nder (Fangst\u00e4nder o. Cavaletti) zum z\u00fcgigen Auf- &amp; Abbau. Sicheres Design, das einen wichtigen Beitrag zur Unfallverh\u00fctung leistet.\" \/>\n<meta name=\"robots\" content=\"index, follow, max-snippet:-1, max-image-preview:large, max-video-preview:-1\" \/>\n<link rel=\"canonical\" href=\"https:\/\/heritage-products.nl\/de\/hindernisstander.html\" \/>\n<meta property=\"og:locale\" content=\"de_DE\" \/>\n<meta property=\"og:type\" content=\"article\" \/>\n<meta property=\"og:title\" content=\"Hindernisst\u00e4nder - Heritage Products\" \/>\n<meta property=\"og:description\" content=\"Kaufen Sie Hindernisst\u00e4nder (Fangst\u00e4nder o. Cavaletti) zum z\u00fcgigen Auf- &amp; Abbau. Sicheres Design, das einen wichtigen Beitrag zur Unfallverh\u00fctung leistet.\" \/>\n<meta property=\"og:url\" content=\"https:\/\/heritage-products.nl\/de\/hindernisstander.html\" \/>\n<meta property=\"og:site_name\" content=\"Heritage Products\" \/>\n<meta property=\"article:modified_time\" content=\"2022-07-25T14:15:26+00:00\" \/>\n<meta name=\"twitter:card\" content=\"summary_large_image\" \/>\n<meta name=\"twitter:label1\" content=\"Est. reading time\" \/>\n\t<meta name=\"twitter:data1\" content=\"2 Minuten\" \/>\n<script type=\"application\/ld+json\" class=\"yoast-schema-graph\">{\"@context\":\"https:\/\/schema.org\",\"@graph\":[{\"@type\":\"WebPage\",\"@id\":\"https:\/\/heritage-products.nl\/de\/hindernisstander.html\",\"url\":\"https:\/\/heritage-products.nl\/de\/hindernisstander.html\",\"name\":\"Hindernisst\u00e4nder - Heritage Products\",\"isPartOf\":{\"@id\":\"https:\/\/heritage-products.nl\/#website\"},\"datePublished\":\"2022-07-18T13:01:41+00:00\",\"dateModified\":\"2022-07-25T14:15:26+00:00\",\"description\":\"Kaufen Sie Hindernisst\u00e4nder (Fangst\u00e4nder o. Cavaletti) zum z\u00fcgigen Auf- & Abbau. Sicheres Design, das einen wichtigen Beitrag zur Unfallverh\u00fctung leistet.\",\"breadcrumb\":{\"@id\":\"https:\/\/heritage-products.nl\/de\/hindernisstander.html#breadcrumb\"},\"inLanguage\":\"de-DE\",\"potentialAction\":[{\"@type\":\"ReadAction\",\"target\":[\"https:\/\/heritage-products.nl\/de\/hindernisstander.html\"]}]},{\"@type\":\"BreadcrumbList\",\"@id\":\"https:\/\/heritage-products.nl\/de\/hindernisstander.html#breadcrumb\",\"itemListElement\":[{\"@type\":\"ListItem\",\"position\":1,\"name\":\"Home\",\"item\":\"https:\/\/heritage-products.nl\/de\"},{\"@type\":\"ListItem\",\"position\":2,\"name\":\"Hindernisst\u00e4nder\"}]},{\"@type\":\"WebSite\",\"@id\":\"https:\/\/heritage-products.nl\/#website\",\"url\":\"https:\/\/heritage-products.nl\/\",\"name\":\"Heritage Products\",\"description\":\"\",\"potentialAction\":[{\"@type\":\"SearchAction\",\"target\":{\"@type\":\"EntryPoint\",\"urlTemplate\":\"https:\/\/heritage-products.nl\/?s={search_term_string}\"},\"query-input\":{\"@type\":\"PropertyValueSpecification\",\"valueRequired\":true,\"valueName\":\"search_term_string\"}}],\"inLanguage\":\"de-DE\"}]}<\/script>\n<!-- \/ Yoast SEO plugin. -->","yoast_head_json":{"title":"Hindernisst\u00e4nder - Heritage Products","description":"Kaufen Sie Hindernisst\u00e4nder (Fangst\u00e4nder o. Cavaletti) zum z\u00fcgigen Auf- & Abbau. Sicheres Design, das einen wichtigen Beitrag zur Unfallverh\u00fctung leistet.","robots":{"index":"index","follow":"follow","max-snippet":"max-snippet:-1","max-image-preview":"max-image-preview:large","max-video-preview":"max-video-preview:-1"},"canonical":"https:\/\/heritage-products.nl\/de\/hindernisstander.html","og_locale":"de_DE","og_type":"article","og_title":"Hindernisst\u00e4nder - Heritage Products","og_description":"Kaufen Sie Hindernisst\u00e4nder (Fangst\u00e4nder o. Cavaletti) zum z\u00fcgigen Auf- & Abbau. Sicheres Design, das einen wichtigen Beitrag zur Unfallverh\u00fctung leistet.","og_url":"https:\/\/heritage-products.nl\/de\/hindernisstander.html","og_site_name":"Heritage Products","article_modified_time":"2022-07-25T14:15:26+00:00","twitter_card":"summary_large_image","twitter_misc":{"Est. reading time":"2 Minuten"},"schema":{"@context":"https:\/\/schema.org","@graph":[{"@type":"WebPage","@id":"https:\/\/heritage-products.nl\/de\/hindernisstander.html","url":"https:\/\/heritage-products.nl\/de\/hindernisstander.html","name":"Hindernisst\u00e4nder - Heritage Products","isPartOf":{"@id":"https:\/\/heritage-products.nl\/#website"},"datePublished":"2022-07-18T13:01:41+00:00","dateModified":"2022-07-25T14:15:26+00:00","description":"Kaufen Sie Hindernisst\u00e4nder (Fangst\u00e4nder o. Cavaletti) zum z\u00fcgigen Auf- & Abbau. Sicheres Design, das einen wichtigen Beitrag zur Unfallverh\u00fctung leistet.","breadcrumb":{"@id":"https:\/\/heritage-products.nl\/de\/hindernisstander.html#breadcrumb"},"inLanguage":"de-DE","potentialAction":[{"@type":"ReadAction","target":["https:\/\/heritage-products.nl\/de\/hindernisstander.html"]}]},{"@type":"BreadcrumbList","@id":"https:\/\/heritage-products.nl\/de\/hindernisstander.html#breadcrumb","itemListElement":[{"@type":"ListItem","position":1,"name":"Home","item":"https:\/\/heritage-products.nl\/de"},{"@type":"ListItem","position":2,"name":"Hindernisst\u00e4nder"}]},{"@type":"WebSite","@id":"https:\/\/heritage-products.nl\/#website","url":"https:\/\/heritage-products.nl\/","name":"Heritage Products","description":"","potentialAction":[{"@type":"SearchAction","target":{"@type":"EntryPoint","urlTemplate":"https:\/\/heritage-products.nl\/?s={search_term_string}"},"query-input":{"@type":"PropertyValueSpecification","valueRequired":true,"valueName":"search_term_string"}}],"inLanguage":"de-DE"}]}},"_links":{"self":[{"href":"https:\/\/heritage-products.nl\/de\/wp-json\/wp\/v2\/pages\/4327","targetHints":{"allow":["GET"]}}],"collection":[{"href":"https:\/\/heritage-products.nl\/de\/wp-json\/wp\/v2\/pages"}],"about":[{"href":"https:\/\/heritage-products.nl\/de\/wp-json\/wp\/v2\/types\/page"}],"author":[{"embeddable":true,"href":"https:\/\/heritage-products.nl\/de\/wp-json\/wp\/v2\/users\/3"}],"replies":[{"embeddable":true,"href":"https:\/\/heritage-products.nl\/de\/wp-json\/wp\/v2\/comments?post=4327"}],"version-history":[{"count":5,"href":"https:\/\/heritage-products.nl\/de\/wp-json\/wp\/v2\/pages\/4327\/revisions"}],"predecessor-version":[{"id":4525,"href":"https:\/\/heritage-products.nl\/de\/wp-json\/wp\/v2\/pages\/4327\/revisions\/4525"}],"wp:attachment":[{"href":"https:\/\/heritage-products.nl\/de\/wp-json\/wp\/v2\/media?parent=4327"}],"curies":[{"name":"wp","href":"https:\/\/api.w.org\/{rel}","templated":true}]}}