{"id":4338,"date":"2022-07-18T13:22:31","date_gmt":"2022-07-18T13:22:31","guid":{"rendered":"https:\/\/heritage-products.nl\/?page_id=4338"},"modified":"2022-07-25T14:14:08","modified_gmt":"2022-07-25T14:14:08","slug":"hindernisstangen","status":"publish","type":"page","link":"https:\/\/heritage-products.nl\/de\/hindernisstangen.html","title":{"rendered":"Hindernisstangen"},"content":{"rendered":"<p>[et_pb_section fb_built=&#8220;1&#8243; fullwidth=&#8220;on&#8220; admin_label=&#8220;Section&#8220; module_class=&#8220;grizzly__section&#8220; _builder_version=&#8220;4.15.0&#8243; _module_preset=&#8220;default&#8220; bottom_divider_style=&#8220;curve2&#8243; bottom_divider_color=&#8220;#ffffff&#8220; global_colors_info=&#8220;{}&#8220;][et_pb_fullwidth_header title=&#8220;Hindernisstangen&#8220; subhead=&#8220;Sie interessieren sich f\u00fcr unsere Produkte?&#8220; text_orientation=&#8220;center&#8220; button_one_text=&#8220;Fordern Sie ein Angebot an!&#8220; button_one_url=&#8220;https:\/\/heritage-products.nl\/de\/angebot-anfragen.html&#8220; _builder_version=&#8220;4.15.0&#8243; _module_preset=&#8220;default&#8220; title_font=&#8220;Arvo||||||||&#8220; title_font_size=&#8220;50px&#8220; content_font=&#8220;||||||||&#8220; subhead_font=&#8220;Arvo||||||||&#8220; subhead_text_color=&#8220;#FFFFFF&#8220; subhead_font_size=&#8220;20px&#8220; background_image=&#8220;https:\/\/heritage-products.nl\/wp-content\/uploads\/2015\/08\/panorama.jpg&#8220; parallax=&#8220;on&#8220; hover_enabled=&#8220;0&#8243; global_colors_info=&#8220;{}&#8220; alt=&#8220;Hindernis | Heritage Products B.V.&#8220; title_text=&#8220;panorama&#8220; sticky_enabled=&#8220;0&#8243;][\/et_pb_fullwidth_header][\/et_pb_section][et_pb_section fb_built=&#8220;1&#8243; _builder_version=&#8220;4.15.0&#8243; _module_preset=&#8220;default&#8220; global_colors_info=&#8220;{}&#8220;][et_pb_row column_structure=&#8220;1_3,1_3,1_3&#8243; _builder_version=&#8220;4.15.0&#8243; _module_preset=&#8220;default&#8220; global_colors_info=&#8220;{}&#8220;][et_pb_column type=&#8220;1_3&#8243; _builder_version=&#8220;4.15.0&#8243; _module_preset=&#8220;default&#8220; global_colors_info=&#8220;{}&#8220;][et_pb_text _builder_version=&#8220;4.15.0&#8243; _module_preset=&#8220;default&#8220; text_font_size=&#8220;16px&#8220; global_colors_info=&#8220;{}&#8220;]<\/p>\n<p style=\"text-align: center;\"><strong><span class=\"Y2IQFc\" lang=\"de\">\u2714 pflegeleicht<\/span><\/strong><\/p>\n<p>[\/et_pb_text][\/et_pb_column][et_pb_column type=&#8220;1_3&#8243; _builder_version=&#8220;4.15.0&#8243; _module_preset=&#8220;default&#8220; global_colors_info=&#8220;{}&#8220;][et_pb_text _builder_version=&#8220;4.15.0&#8243; _module_preset=&#8220;default&#8220; text_font_size=&#8220;16px&#8220; global_colors_info=&#8220;{}&#8220;]<\/p>\n<p style=\"text-align: center;\"><strong><span class=\"Y2IQFc\" lang=\"de\">\u2714 autorisierter Fachh\u00e4ndler<\/span><\/strong><\/p>\n<p>[\/et_pb_text][\/et_pb_column][et_pb_column type=&#8220;1_3&#8243; _builder_version=&#8220;4.15.0&#8243; _module_preset=&#8220;default&#8220; global_colors_info=&#8220;{}&#8220;][et_pb_text _builder_version=&#8220;4.15.0&#8243; _module_preset=&#8220;default&#8220; text_font_size=&#8220;16px&#8220; global_colors_info=&#8220;{}&#8220;]<\/p>\n<p style=\"text-align: center;\"><strong><span class=\"Y2IQFc\" lang=\"de\">\u2714 <\/span><span class=\"Y2IQFc\" lang=\"de\">Sicher und nachhaltig<\/span><\/strong><\/p>\n<p>[\/et_pb_text][\/et_pb_column][\/et_pb_row][et_pb_row _builder_version=&#8220;4.15.0&#8243; _module_preset=&#8220;default&#8220; global_colors_info=&#8220;{}&#8220;][et_pb_column type=&#8220;4_4&#8243; _builder_version=&#8220;4.15.0&#8243; _module_preset=&#8220;default&#8220; global_colors_info=&#8220;{}&#8220;][et_pb_text _builder_version=&#8220;4.15.0&#8243; _module_preset=&#8220;default&#8220; global_colors_info=&#8220;{}&#8220;]<\/p>\n<p>Bei dem anerkannten niederl\u00e4ndischen Reitsport-Spezialisten Heritage Products finden Sie genau die Hindernisstangen aus Kunststoff, die Sie brauchen und die Ihnen \u00fcber viele Jahre hinweg wertvolle Dienste leisten werden. Ganz unabh\u00e4ngig davon, ob es um professionelle Turnierstangen geht oder um preisg\u00fcnstige L\u00f6sungen f\u00fcr den eigenen Reitplatz \u2013 Heritage Products bietet Ihnen immer ein optimales Preis-Leistungs-Verh\u00e4ltnis. Das sind wir unserem guten Ruf als Spezialist f\u00fcr hochwertiges Hindernismaterial ganz einfach schuldig.<\/p>\n<p>[\/et_pb_text][\/et_pb_column][\/et_pb_row][\/et_pb_section][et_pb_section fb_built=&#8220;1&#8243; _builder_version=&#8220;4.15.0&#8243; _module_preset=&#8220;default&#8220; background_color=&#8220;#dd3333&#8243; global_colors_info=&#8220;{}&#8220;][et_pb_row column_structure=&#8220;1_2,1_2&#8243; _builder_version=&#8220;4.15.0&#8243; _module_preset=&#8220;default&#8220; global_colors_info=&#8220;{}&#8220;][et_pb_column type=&#8220;1_2&#8243; _builder_version=&#8220;4.15.0&#8243; _module_preset=&#8220;default&#8220; global_colors_info=&#8220;{}&#8220;][et_pb_text _builder_version=&#8220;4.15.0&#8243; _module_preset=&#8220;default&#8220; text_text_color=&#8220;#FFFFFF&#8220; global_colors_info=&#8220;{}&#8220;]<\/p>\n<h2 style=\"color: #fff;\">Wir helfen Ihnen mit den richtigen Hindernisstangen aus Kunststoff auf die Spr\u00fcnge<\/h2>\n<p>Bei Hindernisstangen\u00a0kommt es vor allem darauf an, dass<\/p>\n<ul>\n<li>der Pflegeaufwand gering ist<\/li>\n<li>sie eine lange Lebensdauer besitzen<\/li>\n<li>die Sicherheit weitestgehend gew\u00e4hrleistet ist<\/li>\n<\/ul>\n<p>Den Hindernisstangen aus Kunststoff von Heritage Products k\u00f6nnen die Witterungsbedingungen nichts anhaben. Sie bleiben trotzdem sch\u00f6n und au\u00dferdem splittern sie nicht, was im Hinblick auf die Sicherheit von unsch\u00e4tzbarem Wert ist. Da man Kunststoffstangen jahrelang einsetzen kann, spart man viel Geld und Zeit. Dadurch k\u00f6nnen Sie sich ganz auf <a href=\"https:\/\/heritage-products.nl\/de\/hindernisse-springreiten-kaufen.html\" style=\"color:#fff; text-decoration:underline;\">den geliebten Springsport<\/a> konzentrieren. Schlie\u00dflich sind Sie damit bereits vollauf besch\u00e4ftigt.[\/et_pb_text][\/et_pb_column][et_pb_column type=&#8220;1_2&#8243; _builder_version=&#8220;4.15.0&#8243; _module_preset=&#8220;default&#8220; global_colors_info=&#8220;{}&#8220;][et_pb_image src=&#8220;https:\/\/heritage-products.nl\/wp-content\/uploads\/2022\/05\/WhatsApp-Image-2022-05-11-at-11.40.27-AM.jpeg&#8220; alt=&#8220;Hindernismateriaal | Heritage Products B.V.&#8220; title_text=&#8220;WhatsApp Image 2022-05-11 at 11.40.27 AM&#8220; align=&#8220;right&#8220; _builder_version=&#8220;4.15.0&#8243; _module_preset=&#8220;default&#8220; global_colors_info=&#8220;{}&#8220;][\/et_pb_image][\/et_pb_column][\/et_pb_row][\/et_pb_section][et_pb_section fb_built=&#8220;1&#8243; _builder_version=&#8220;4.15.0&#8243; _module_preset=&#8220;default&#8220; global_colors_info=&#8220;{}&#8220;][et_pb_row column_structure=&#8220;1_2,1_2&#8243; _builder_version=&#8220;4.15.0&#8243; _module_preset=&#8220;default&#8220; global_colors_info=&#8220;{}&#8220;][et_pb_column type=&#8220;1_2&#8243; _builder_version=&#8220;4.15.0&#8243; _module_preset=&#8220;default&#8220; global_colors_info=&#8220;{}&#8220;][et_pb_image src=&#8220;https:\/\/heritage-products.nl\/wp-content\/uploads\/2016\/03\/DSC_2813fb.jpg&#8220; alt=&#8220;Stal met paard | Heritage Products B.V.&#8220; title_text=&#8220;DSC_2813fb&#8220; _builder_version=&#8220;4.15.0&#8243; _module_preset=&#8220;default&#8220; global_colors_info=&#8220;{}&#8220;][\/et_pb_image][\/et_pb_column][et_pb_column type=&#8220;1_2&#8243; _builder_version=&#8220;4.15.0&#8243; _module_preset=&#8220;default&#8220; global_colors_info=&#8220;{}&#8220;][et_pb_text _builder_version=&#8220;4.15.0&#8243; _module_preset=&#8220;default&#8220; global_colors_info=&#8220;{}&#8220;]<\/p>\n<h3>Nehmen Sie Kontakt zu uns auf<\/h3>\n<p>Bitte z\u00f6gern Sie nicht, sich mit Heritage Products unter die Telefonnummer <a href=\"tel:0031485575920\" style=\"text-decoration:underline;\">+31 (0)485-575920<\/a> oder einem unserer deutschen oder Schweizer <a href=\"https:\/\/heritage-products.nl\/de\/dealers.html\" style=\"text-decoration:underline;\">Fachh\u00e4ndler<\/a>\u00a0in Verbindung zu setzen. Wir k\u00f6nnen Sie auf kompetente Weise dahingehend beraten, welche Hindernisstangen f\u00fcr Ihre Zwecke die richtigen sind. Abgesehen von <a href=\"https:\/\/heritage-products.nl\/de\/hindernismaterial.html\" style=\"text-decoration:underline;\">Hindernismaterial<\/a>, in Form von Hindernisstangen aus Kunststoffen sowie kompletten Hindernissen und Sets, bieten wir auch <a href=\"https:\/\/heritage-products.nl\/de\/reitplatz-einzaunung.html\" style=\"text-decoration:underline;\">hochwertige Materialien f\u00fcr Koppeleinz\u00e4unungen<\/a> an.[\/et_pb_text][\/et_pb_column][\/et_pb_row][\/et_pb_section]<\/p>\n","protected":false},"excerpt":{"rendered":"<p>\u2714 pflegeleicht\u2714 autorisierter Fachh\u00e4ndler\u2714 Sicher und nachhaltigBei dem anerkannten niederl\u00e4ndischen Reitsport-Spezialisten Heritage Products finden Sie genau die Hindernisstangen aus Kunststoff, die Sie brauchen und die Ihnen \u00fcber viele Jahre hinweg wertvolle Dienste leisten werden. Ganz unabh\u00e4ngig davon, ob es um professionelle Turnierstangen geht oder um preisg\u00fcnstige L\u00f6sungen f\u00fcr den eigenen Reitplatz \u2013 Heritage Products bietet [&hellip;]<\/p>\n","protected":false},"author":3,"featured_media":0,"parent":0,"menu_order":0,"comment_status":"closed","ping_status":"closed","template":"","meta":{"_acf_changed":false,"_et_pb_use_builder":"on","_et_pb_old_content":"","_et_gb_content_width":"","footnotes":""},"class_list":["post-4338","page","type-page","status-publish","hentry"],"acf":[],"yoast_head":"<!-- This site is optimized with the Yoast SEO plugin v26.4 - https:\/\/yoast.com\/wordpress\/plugins\/seo\/ -->\n<title>Hindernisstangen - Heritage Products<\/title>\n<meta name=\"description\" content=\"Bahnbuchstaben \u2713 auf sehr stilvollen Kegeln \u2713 besonderes Design der Buchstabenkegel \u2713 anerkannter Spezialist f\u00fcr Dressurplatzubeh\u00f6r.\" \/>\n<meta name=\"robots\" content=\"index, follow, max-snippet:-1, max-image-preview:large, max-video-preview:-1\" \/>\n<link rel=\"canonical\" href=\"https:\/\/heritage-products.nl\/de\/hindernisstangen.html\" \/>\n<meta property=\"og:locale\" content=\"de_DE\" \/>\n<meta property=\"og:type\" content=\"article\" \/>\n<meta property=\"og:title\" content=\"Hindernisstangen - Heritage Products\" \/>\n<meta property=\"og:description\" content=\"Bahnbuchstaben \u2713 auf sehr stilvollen Kegeln \u2713 besonderes Design der Buchstabenkegel \u2713 anerkannter Spezialist f\u00fcr Dressurplatzubeh\u00f6r.\" \/>\n<meta property=\"og:url\" content=\"https:\/\/heritage-products.nl\/de\/hindernisstangen.html\" \/>\n<meta property=\"og:site_name\" content=\"Heritage Products\" \/>\n<meta property=\"article:modified_time\" content=\"2022-07-25T14:14:08+00:00\" \/>\n<meta name=\"twitter:card\" content=\"summary_large_image\" \/>\n<meta name=\"twitter:label1\" content=\"Est. reading time\" \/>\n\t<meta name=\"twitter:data1\" content=\"2 Minuten\" \/>\n<script type=\"application\/ld+json\" class=\"yoast-schema-graph\">{\"@context\":\"https:\/\/schema.org\",\"@graph\":[{\"@type\":\"WebPage\",\"@id\":\"https:\/\/heritage-products.nl\/de\/hindernisstangen.html\",\"url\":\"https:\/\/heritage-products.nl\/de\/hindernisstangen.html\",\"name\":\"Hindernisstangen - Heritage Products\",\"isPartOf\":{\"@id\":\"https:\/\/heritage-products.nl\/#website\"},\"datePublished\":\"2022-07-18T13:22:31+00:00\",\"dateModified\":\"2022-07-25T14:14:08+00:00\",\"description\":\"Bahnbuchstaben \u2713 auf sehr stilvollen Kegeln \u2713 besonderes Design der Buchstabenkegel \u2713 anerkannter Spezialist f\u00fcr Dressurplatzubeh\u00f6r.\",\"breadcrumb\":{\"@id\":\"https:\/\/heritage-products.nl\/de\/hindernisstangen.html#breadcrumb\"},\"inLanguage\":\"de-DE\",\"potentialAction\":[{\"@type\":\"ReadAction\",\"target\":[\"https:\/\/heritage-products.nl\/de\/hindernisstangen.html\"]}]},{\"@type\":\"BreadcrumbList\",\"@id\":\"https:\/\/heritage-products.nl\/de\/hindernisstangen.html#breadcrumb\",\"itemListElement\":[{\"@type\":\"ListItem\",\"position\":1,\"name\":\"Home\",\"item\":\"https:\/\/heritage-products.nl\/de\"},{\"@type\":\"ListItem\",\"position\":2,\"name\":\"Hindernisstangen\"}]},{\"@type\":\"WebSite\",\"@id\":\"https:\/\/heritage-products.nl\/#website\",\"url\":\"https:\/\/heritage-products.nl\/\",\"name\":\"Heritage Products\",\"description\":\"\",\"potentialAction\":[{\"@type\":\"SearchAction\",\"target\":{\"@type\":\"EntryPoint\",\"urlTemplate\":\"https:\/\/heritage-products.nl\/?s={search_term_string}\"},\"query-input\":{\"@type\":\"PropertyValueSpecification\",\"valueRequired\":true,\"valueName\":\"search_term_string\"}}],\"inLanguage\":\"de-DE\"}]}<\/script>\n<!-- \/ Yoast SEO plugin. -->","yoast_head_json":{"title":"Hindernisstangen - Heritage Products","description":"Bahnbuchstaben \u2713 auf sehr stilvollen Kegeln \u2713 besonderes Design der Buchstabenkegel \u2713 anerkannter Spezialist f\u00fcr Dressurplatzubeh\u00f6r.","robots":{"index":"index","follow":"follow","max-snippet":"max-snippet:-1","max-image-preview":"max-image-preview:large","max-video-preview":"max-video-preview:-1"},"canonical":"https:\/\/heritage-products.nl\/de\/hindernisstangen.html","og_locale":"de_DE","og_type":"article","og_title":"Hindernisstangen - Heritage Products","og_description":"Bahnbuchstaben \u2713 auf sehr stilvollen Kegeln \u2713 besonderes Design der Buchstabenkegel \u2713 anerkannter Spezialist f\u00fcr Dressurplatzubeh\u00f6r.","og_url":"https:\/\/heritage-products.nl\/de\/hindernisstangen.html","og_site_name":"Heritage Products","article_modified_time":"2022-07-25T14:14:08+00:00","twitter_card":"summary_large_image","twitter_misc":{"Est. reading time":"2 Minuten"},"schema":{"@context":"https:\/\/schema.org","@graph":[{"@type":"WebPage","@id":"https:\/\/heritage-products.nl\/de\/hindernisstangen.html","url":"https:\/\/heritage-products.nl\/de\/hindernisstangen.html","name":"Hindernisstangen - Heritage Products","isPartOf":{"@id":"https:\/\/heritage-products.nl\/#website"},"datePublished":"2022-07-18T13:22:31+00:00","dateModified":"2022-07-25T14:14:08+00:00","description":"Bahnbuchstaben \u2713 auf sehr stilvollen Kegeln \u2713 besonderes Design der Buchstabenkegel \u2713 anerkannter Spezialist f\u00fcr Dressurplatzubeh\u00f6r.","breadcrumb":{"@id":"https:\/\/heritage-products.nl\/de\/hindernisstangen.html#breadcrumb"},"inLanguage":"de-DE","potentialAction":[{"@type":"ReadAction","target":["https:\/\/heritage-products.nl\/de\/hindernisstangen.html"]}]},{"@type":"BreadcrumbList","@id":"https:\/\/heritage-products.nl\/de\/hindernisstangen.html#breadcrumb","itemListElement":[{"@type":"ListItem","position":1,"name":"Home","item":"https:\/\/heritage-products.nl\/de"},{"@type":"ListItem","position":2,"name":"Hindernisstangen"}]},{"@type":"WebSite","@id":"https:\/\/heritage-products.nl\/#website","url":"https:\/\/heritage-products.nl\/","name":"Heritage Products","description":"","potentialAction":[{"@type":"SearchAction","target":{"@type":"EntryPoint","urlTemplate":"https:\/\/heritage-products.nl\/?s={search_term_string}"},"query-input":{"@type":"PropertyValueSpecification","valueRequired":true,"valueName":"search_term_string"}}],"inLanguage":"de-DE"}]}},"_links":{"self":[{"href":"https:\/\/heritage-products.nl\/de\/wp-json\/wp\/v2\/pages\/4338","targetHints":{"allow":["GET"]}}],"collection":[{"href":"https:\/\/heritage-products.nl\/de\/wp-json\/wp\/v2\/pages"}],"about":[{"href":"https:\/\/heritage-products.nl\/de\/wp-json\/wp\/v2\/types\/page"}],"author":[{"embeddable":true,"href":"https:\/\/heritage-products.nl\/de\/wp-json\/wp\/v2\/users\/3"}],"replies":[{"embeddable":true,"href":"https:\/\/heritage-products.nl\/de\/wp-json\/wp\/v2\/comments?post=4338"}],"version-history":[{"count":4,"href":"https:\/\/heritage-products.nl\/de\/wp-json\/wp\/v2\/pages\/4338\/revisions"}],"predecessor-version":[{"id":4523,"href":"https:\/\/heritage-products.nl\/de\/wp-json\/wp\/v2\/pages\/4338\/revisions\/4523"}],"wp:attachment":[{"href":"https:\/\/heritage-products.nl\/de\/wp-json\/wp\/v2\/media?parent=4338"}],"curies":[{"name":"wp","href":"https:\/\/api.w.org\/{rel}","templated":true}]}}