{"id":4346,"date":"2022-07-18T13:37:02","date_gmt":"2022-07-18T13:37:02","guid":{"rendered":"https:\/\/heritage-products.nl\/?page_id=4346"},"modified":"2022-07-25T14:12:59","modified_gmt":"2022-07-25T14:12:59","slug":"kunststoff-koppelzaun","status":"publish","type":"page","link":"https:\/\/heritage-products.nl\/de\/kunststoff-koppelzaun.html","title":{"rendered":"Koppelzaun Kunststoff"},"content":{"rendered":"<p>[et_pb_section fb_built=&#8220;1&#8243; fullwidth=&#8220;on&#8220; admin_label=&#8220;Section&#8220; module_class=&#8220;grizzly__section&#8220; _builder_version=&#8220;4.15.0&#8243; _module_preset=&#8220;default&#8220; bottom_divider_style=&#8220;curve2&#8243; bottom_divider_color=&#8220;#ffffff&#8220; global_colors_info=&#8220;{}&#8220;][et_pb_fullwidth_header title=&#8220;Koppelzaun Kunststoff&#8220; subhead=&#8220;Sie interessieren sich f\u00fcr unsere Produkte?&#8220; text_orientation=&#8220;center&#8220; button_one_text=&#8220;Fordern Sie ein Angebot an!&#8220; button_one_url=&#8220;https:\/\/heritage-products.nl\/de\/angebot-anfragen.html&#8220; _builder_version=&#8220;4.15.0&#8243; _module_preset=&#8220;default&#8220; title_font=&#8220;Arvo||||||||&#8220; title_font_size=&#8220;50px&#8220; content_font=&#8220;||||||||&#8220; subhead_font=&#8220;Arvo||||||||&#8220; subhead_text_color=&#8220;#FFFFFF&#8220; subhead_font_size=&#8220;20px&#8220; background_image=&#8220;https:\/\/heritage-products.nl\/wp-content\/uploads\/2022\/07\/Herritage-products-foto-header.jpg&#8220; parallax=&#8220;on&#8220; hover_enabled=&#8220;0&#8243; global_colors_info=&#8220;{}&#8220; alt=&#8220;Longeren | Heritage Producten&#8220; title_text=&#8220;Herritage products foto header&#8220; sticky_enabled=&#8220;0&#8243;][\/et_pb_fullwidth_header][\/et_pb_section][et_pb_section fb_built=&#8220;1&#8243; _builder_version=&#8220;4.15.0&#8243; _module_preset=&#8220;default&#8220; global_colors_info=&#8220;{}&#8220;][et_pb_row column_structure=&#8220;1_3,1_3,1_3&#8243; _builder_version=&#8220;4.15.0&#8243; _module_preset=&#8220;default&#8220; global_colors_info=&#8220;{}&#8220;][et_pb_column type=&#8220;1_3&#8243; _builder_version=&#8220;4.15.0&#8243; _module_preset=&#8220;default&#8220; global_colors_info=&#8220;{}&#8220;][et_pb_text _builder_version=&#8220;4.15.0&#8243; _module_preset=&#8220;default&#8220; text_font_size=&#8220;16px&#8220; global_colors_info=&#8220;{}&#8220;]<\/p>\n<p style=\"text-align: center;\"><strong><span class=\"Y2IQFc\" lang=\"de\">\u2714 pflegeleicht<\/span><\/strong><\/p>\n<p>[\/et_pb_text][\/et_pb_column][et_pb_column type=&#8220;1_3&#8243; _builder_version=&#8220;4.15.0&#8243; _module_preset=&#8220;default&#8220; global_colors_info=&#8220;{}&#8220;][et_pb_text _builder_version=&#8220;4.15.0&#8243; _module_preset=&#8220;default&#8220; text_font_size=&#8220;16px&#8220; global_colors_info=&#8220;{}&#8220;]<\/p>\n<p style=\"text-align: center;\"><strong><span class=\"Y2IQFc\" lang=\"de\">\u2714 autorisierter Fachh\u00e4ndler<\/span><\/strong><\/p>\n<p>[\/et_pb_text][\/et_pb_column][et_pb_column type=&#8220;1_3&#8243; _builder_version=&#8220;4.15.0&#8243; _module_preset=&#8220;default&#8220; global_colors_info=&#8220;{}&#8220;][et_pb_text _builder_version=&#8220;4.15.0&#8243; _module_preset=&#8220;default&#8220; text_font_size=&#8220;16px&#8220; global_colors_info=&#8220;{}&#8220;]<\/p>\n<p style=\"text-align: center;\"><strong><span class=\"Y2IQFc\" lang=\"de\">\u2714 <\/span><span class=\"Y2IQFc\" lang=\"de\">Sicher und nachhaltig<\/span><\/strong><\/p>\n<p>[\/et_pb_text][\/et_pb_column][\/et_pb_row][et_pb_row _builder_version=&#8220;4.15.0&#8243; _module_preset=&#8220;default&#8220; global_colors_info=&#8220;{}&#8220;][et_pb_column type=&#8220;4_4&#8243; _builder_version=&#8220;4.15.0&#8243; _module_preset=&#8220;default&#8220; global_colors_info=&#8220;{}&#8220;][et_pb_text _builder_version=&#8220;4.15.0&#8243; _module_preset=&#8220;default&#8220; global_colors_info=&#8220;{}&#8220;]<\/p>\n<p>Mit einem Koppelzaun aus Kunststoff von dem niederl\u00e4ndischen Spezialisten im Bereich der Pferdehaltung Heritage Products brauchen Sie sich nicht mehr schweren Herzens zwischen guten funktionalen Eigenschaften und einer repr\u00e4sentativen Ausstrahlung zu entscheiden. Denn ein Kunststoff-Koppelzaun dieses Anbieters vereinet beide Aspekte auf \u00e4u\u00dferst harmonische Weise.<\/p>\n<p>[\/et_pb_text][\/et_pb_column][\/et_pb_row][\/et_pb_section][et_pb_section fb_built=&#8220;1&#8243; _builder_version=&#8220;4.15.0&#8243; _module_preset=&#8220;default&#8220; background_color=&#8220;#dd3333&#8243; global_colors_info=&#8220;{}&#8220;][et_pb_row column_structure=&#8220;1_2,1_2&#8243; _builder_version=&#8220;4.15.0&#8243; _module_preset=&#8220;default&#8220; global_colors_info=&#8220;{}&#8220;][et_pb_column type=&#8220;1_2&#8243; _builder_version=&#8220;4.15.0&#8243; _module_preset=&#8220;default&#8220; global_colors_info=&#8220;{}&#8220;][et_pb_text _builder_version=&#8220;4.15.0&#8243; _module_preset=&#8220;default&#8220; text_text_color=&#8220;#FFFFFF&#8220; global_colors_info=&#8220;{}&#8220;]<\/p>\n<h2 style=\"color: #fff;\">Funktionaler und gleichzeitig sch\u00f6ner Koppelzaun aus Kunststoff<\/h2>\n<p>Die Koppelz\u00e4une aus Kunststoff, wie sie von Heritage Products angeboten werden, bestechen aufgrund ihrer:<\/p>\n<ul>\n<li>Sicherheit<\/li>\n<li>Wartungsfreundlichkeit<\/li>\n<li>makellosen Verarbeitung<\/li>\n<li>un\u00fcbertrefflichen Ausstrahlung<\/li>\n<\/ul>\n<p>Damit gen\u00fcgt ein Koppelzaun aus Kunststoff von Heritage Products auch den h\u00f6chsten Anspr\u00fcchen. Diese <a href=\"https:\/\/heritage-products.nl\/de\/einzaunung-pferdeweide.html\" style=\"color: #fff; text-decoration:underline;\">Kunststoffeinz\u00e4unungen<\/a>\u00a0eignen sich \u00fcbrigens nicht nur als Koppelz\u00e4une und f\u00fcr die Einz\u00e4unung von Reitpl\u00e4tzen &#8211; was sich als Kunststoff-Koppelzaun bew\u00e4hrt hat, leistet auch als stilvoller Gartenzaun wertvolle Dienste.[\/et_pb_text][\/et_pb_column][et_pb_column type=&#8220;1_2&#8243; _builder_version=&#8220;4.15.0&#8243; _module_preset=&#8220;default&#8220; global_colors_info=&#8220;{}&#8220;][et_pb_image src=&#8220;https:\/\/heritage-products.nl\/wp-content\/uploads\/2021\/10\/DSC1153.gif&#8220; alt=&#8220;Hekpaal | Heritage Product B.V.&#8220; title_text=&#8220;_DSC1153&#8243; align=&#8220;right&#8220; _builder_version=&#8220;4.15.0&#8243; _module_preset=&#8220;default&#8220; global_colors_info=&#8220;{}&#8220;][\/et_pb_image][\/et_pb_column][\/et_pb_row][\/et_pb_section][et_pb_section fb_built=&#8220;1&#8243; _builder_version=&#8220;4.15.0&#8243; _module_preset=&#8220;default&#8220; global_colors_info=&#8220;{}&#8220;][et_pb_row column_structure=&#8220;1_2,1_2&#8243; _builder_version=&#8220;4.15.0&#8243; _module_preset=&#8220;default&#8220; global_colors_info=&#8220;{}&#8220;][et_pb_column type=&#8220;1_2&#8243; _builder_version=&#8220;4.15.0&#8243; _module_preset=&#8220;default&#8220; global_colors_info=&#8220;{}&#8220;][et_pb_image src=&#8220;https:\/\/heritage-products.nl\/wp-content\/uploads\/2021\/10\/DSC1139-1-4.jpg&#8220; alt=&#8220;Dressuur-arena | Heritage Products B.V.&#8220; title_text=&#8220;_DSC1139-1&#8243; align=&#8220;right&#8220; _builder_version=&#8220;4.15.0&#8243; _module_preset=&#8220;default&#8220; global_colors_info=&#8220;{}&#8220;][\/et_pb_image][\/et_pb_column][et_pb_column type=&#8220;1_2&#8243; _builder_version=&#8220;4.15.0&#8243; _module_preset=&#8220;default&#8220; global_colors_info=&#8220;{}&#8220;][et_pb_text _builder_version=&#8220;4.15.0&#8243; _module_preset=&#8220;default&#8220; global_colors_info=&#8220;{}&#8220;]<\/p>\n<h2>Wenden Sie sich im Hinblick auf einen Kunststoff-Koppelzaun an einen Fachh\u00e4ndler<\/h2>\n<p>Heritage Products arbeitet mit <a style=\"text-decoration: underline;\" href=\"https:\/\/heritage-products.nl\/de\/dealers.html\">Fachh\u00e4ndlern<\/a>\u00a0in verschiedenen L\u00e4ndern, wie u.a. in Deutschland und in der Schweiz, zusammen mit denen Sie gerne Kontakt aufnehmen k\u00f6nnen. So k\u00f6nnen Sie sich vor Ort im Hinblick auf den richtigen Koppelzaun aus Kunststoff beraten lassen. Abgesehen von den Kunststoff-Koppelz\u00e4unen\u00a0f\u00fchrt Heritage Products \u00fcbrigens noch weitere Produkte f\u00fcr die Pferdehaltung und den Turniersport im Sortiment, wie beispielsweise Hindernismaterial.[\/et_pb_text][\/et_pb_column][\/et_pb_row][\/et_pb_section][et_pb_section fb_built=&#8220;1&#8243; _builder_version=&#8220;4.15.0&#8243; _module_preset=&#8220;default&#8220; background_color=&#8220;#dd3333&#8243; global_colors_info=&#8220;{}&#8220;][et_pb_row column_structure=&#8220;1_2,1_2&#8243; _builder_version=&#8220;4.15.0&#8243; _module_preset=&#8220;default&#8220; global_colors_info=&#8220;{}&#8220;][et_pb_column type=&#8220;1_2&#8243; _builder_version=&#8220;4.15.0&#8243; _module_preset=&#8220;default&#8220; global_colors_info=&#8220;{}&#8220;][et_pb_text _builder_version=&#8220;4.15.0&#8243; _module_preset=&#8220;default&#8220; text_text_color=&#8220;#FFFFFF&#8220; global_colors_info=&#8220;{}&#8220;]<\/p>\n<h3 style=\"color: #fff;\">Kontaktieren Sie uns bei Fragen<\/h3>\n<p>Bei Fragen oder Bemerkungen im Hinblick auf den gew\u00fcnschten Kunststoff-Koppelzaun, wie zum Beispiel unseren klassischen <a href=\"https:\/\/heritage-products.nl\/de\/einzaeunungen\/heritage-einzaeunung.html\" style=\"color:#fff; text-decoration:underline;\">Heritage Fence<\/a> in Wei\u00df bzw. unser weiteres Sortiment k\u00f6nnen Sie sich gerne auch telefonisch unter <a href=\"tel:0031485575920\" style=\"color:#fff; text-decoration:underline;\">+31 (0)485-575920<\/a> direkt an <a href=\"https:\/\/heritage-products.nl\/de\/zaunhersteller.html\" style=\"color:#fff; text-decoration:underline;\">Zaunhersteller<\/a> Heritage Products wenden.[\/et_pb_text][\/et_pb_column][et_pb_column type=&#8220;1_2&#8243; _builder_version=&#8220;4.15.0&#8243; _module_preset=&#8220;default&#8220; global_colors_info=&#8220;{}&#8220;][et_pb_image src=&#8220;https:\/\/heritage-products.nl\/wp-content\/uploads\/2016\/03\/DSC_2813fb.jpg&#8220; alt=&#8220;Stal met paard | Heritage Products B.V.&#8220; title_text=&#8220;DSC_2813fb&#8220; _builder_version=&#8220;4.15.0&#8243; _module_preset=&#8220;default&#8220; global_colors_info=&#8220;{}&#8220;][\/et_pb_image][\/et_pb_column][\/et_pb_row][\/et_pb_section]<\/p>\n","protected":false},"excerpt":{"rendered":"<p>\u2714 pflegeleicht\u2714 autorisierter Fachh\u00e4ndler\u2714 Sicher und nachhaltigMit einem Koppelzaun aus Kunststoff von dem niederl\u00e4ndischen Spezialisten im Bereich der Pferdehaltung Heritage Products brauchen Sie sich nicht mehr schweren Herzens zwischen guten funktionalen Eigenschaften und einer repr\u00e4sentativen Ausstrahlung zu entscheiden. Denn ein Kunststoff-Koppelzaun dieses Anbieters vereinet beide Aspekte auf \u00e4u\u00dferst harmonische Weise.Funktionaler und gleichzeitig sch\u00f6ner Koppelzaun aus [&hellip;]<\/p>\n","protected":false},"author":3,"featured_media":0,"parent":0,"menu_order":0,"comment_status":"closed","ping_status":"closed","template":"","meta":{"_acf_changed":false,"_et_pb_use_builder":"on","_et_pb_old_content":"","_et_gb_content_width":"","footnotes":""},"class_list":["post-4346","page","type-page","status-publish","hentry"],"acf":[],"yoast_head":"<!-- This site is optimized with the Yoast SEO plugin v26.4 - https:\/\/yoast.com\/wordpress\/plugins\/seo\/ -->\n<title>Koppelzaun Kunststoff - Heritage Products<\/title>\n<meta name=\"description\" content=\"W\u00e4hlen Sie zum Schutz Ihrer Pferde einen Koppelzaun aus Kunststoff. Kunststoffz\u00e4une sind dauerhaft &amp; pflegeleicht und z. B. im Holz-Look sehr stilvoll.\" \/>\n<meta name=\"robots\" content=\"index, follow, max-snippet:-1, max-image-preview:large, max-video-preview:-1\" \/>\n<link rel=\"canonical\" href=\"https:\/\/heritage-products.nl\/de\/kunststoff-koppelzaun.html\" \/>\n<meta property=\"og:locale\" content=\"de_DE\" \/>\n<meta property=\"og:type\" content=\"article\" \/>\n<meta property=\"og:title\" content=\"Koppelzaun Kunststoff - Heritage Products\" \/>\n<meta property=\"og:description\" content=\"W\u00e4hlen Sie zum Schutz Ihrer Pferde einen Koppelzaun aus Kunststoff. Kunststoffz\u00e4une sind dauerhaft &amp; pflegeleicht und z. B. im Holz-Look sehr stilvoll.\" \/>\n<meta property=\"og:url\" content=\"https:\/\/heritage-products.nl\/de\/kunststoff-koppelzaun.html\" \/>\n<meta property=\"og:site_name\" content=\"Heritage Products\" \/>\n<meta property=\"article:modified_time\" content=\"2022-07-25T14:12:59+00:00\" \/>\n<meta name=\"twitter:card\" content=\"summary_large_image\" \/>\n<meta name=\"twitter:label1\" content=\"Est. reading time\" \/>\n\t<meta name=\"twitter:data1\" content=\"3 Minuten\" \/>\n<script type=\"application\/ld+json\" class=\"yoast-schema-graph\">{\"@context\":\"https:\/\/schema.org\",\"@graph\":[{\"@type\":\"WebPage\",\"@id\":\"https:\/\/heritage-products.nl\/de\/kunststoff-koppelzaun.html\",\"url\":\"https:\/\/heritage-products.nl\/de\/kunststoff-koppelzaun.html\",\"name\":\"Koppelzaun Kunststoff - Heritage Products\",\"isPartOf\":{\"@id\":\"https:\/\/heritage-products.nl\/#website\"},\"datePublished\":\"2022-07-18T13:37:02+00:00\",\"dateModified\":\"2022-07-25T14:12:59+00:00\",\"description\":\"W\u00e4hlen Sie zum Schutz Ihrer Pferde einen Koppelzaun aus Kunststoff. Kunststoffz\u00e4une sind dauerhaft & pflegeleicht und z. B. im Holz-Look sehr stilvoll.\",\"breadcrumb\":{\"@id\":\"https:\/\/heritage-products.nl\/de\/kunststoff-koppelzaun.html#breadcrumb\"},\"inLanguage\":\"de-DE\",\"potentialAction\":[{\"@type\":\"ReadAction\",\"target\":[\"https:\/\/heritage-products.nl\/de\/kunststoff-koppelzaun.html\"]}]},{\"@type\":\"BreadcrumbList\",\"@id\":\"https:\/\/heritage-products.nl\/de\/kunststoff-koppelzaun.html#breadcrumb\",\"itemListElement\":[{\"@type\":\"ListItem\",\"position\":1,\"name\":\"Home\",\"item\":\"https:\/\/heritage-products.nl\/de\"},{\"@type\":\"ListItem\",\"position\":2,\"name\":\"Koppelzaun Kunststoff\"}]},{\"@type\":\"WebSite\",\"@id\":\"https:\/\/heritage-products.nl\/#website\",\"url\":\"https:\/\/heritage-products.nl\/\",\"name\":\"Heritage Products\",\"description\":\"\",\"potentialAction\":[{\"@type\":\"SearchAction\",\"target\":{\"@type\":\"EntryPoint\",\"urlTemplate\":\"https:\/\/heritage-products.nl\/?s={search_term_string}\"},\"query-input\":{\"@type\":\"PropertyValueSpecification\",\"valueRequired\":true,\"valueName\":\"search_term_string\"}}],\"inLanguage\":\"de-DE\"}]}<\/script>\n<!-- \/ Yoast SEO plugin. -->","yoast_head_json":{"title":"Koppelzaun Kunststoff - Heritage Products","description":"W\u00e4hlen Sie zum Schutz Ihrer Pferde einen Koppelzaun aus Kunststoff. Kunststoffz\u00e4une sind dauerhaft & pflegeleicht und z. B. im Holz-Look sehr stilvoll.","robots":{"index":"index","follow":"follow","max-snippet":"max-snippet:-1","max-image-preview":"max-image-preview:large","max-video-preview":"max-video-preview:-1"},"canonical":"https:\/\/heritage-products.nl\/de\/kunststoff-koppelzaun.html","og_locale":"de_DE","og_type":"article","og_title":"Koppelzaun Kunststoff - Heritage Products","og_description":"W\u00e4hlen Sie zum Schutz Ihrer Pferde einen Koppelzaun aus Kunststoff. Kunststoffz\u00e4une sind dauerhaft & pflegeleicht und z. B. im Holz-Look sehr stilvoll.","og_url":"https:\/\/heritage-products.nl\/de\/kunststoff-koppelzaun.html","og_site_name":"Heritage Products","article_modified_time":"2022-07-25T14:12:59+00:00","twitter_card":"summary_large_image","twitter_misc":{"Est. reading time":"3 Minuten"},"schema":{"@context":"https:\/\/schema.org","@graph":[{"@type":"WebPage","@id":"https:\/\/heritage-products.nl\/de\/kunststoff-koppelzaun.html","url":"https:\/\/heritage-products.nl\/de\/kunststoff-koppelzaun.html","name":"Koppelzaun Kunststoff - Heritage Products","isPartOf":{"@id":"https:\/\/heritage-products.nl\/#website"},"datePublished":"2022-07-18T13:37:02+00:00","dateModified":"2022-07-25T14:12:59+00:00","description":"W\u00e4hlen Sie zum Schutz Ihrer Pferde einen Koppelzaun aus Kunststoff. Kunststoffz\u00e4une sind dauerhaft & pflegeleicht und z. B. im Holz-Look sehr stilvoll.","breadcrumb":{"@id":"https:\/\/heritage-products.nl\/de\/kunststoff-koppelzaun.html#breadcrumb"},"inLanguage":"de-DE","potentialAction":[{"@type":"ReadAction","target":["https:\/\/heritage-products.nl\/de\/kunststoff-koppelzaun.html"]}]},{"@type":"BreadcrumbList","@id":"https:\/\/heritage-products.nl\/de\/kunststoff-koppelzaun.html#breadcrumb","itemListElement":[{"@type":"ListItem","position":1,"name":"Home","item":"https:\/\/heritage-products.nl\/de"},{"@type":"ListItem","position":2,"name":"Koppelzaun Kunststoff"}]},{"@type":"WebSite","@id":"https:\/\/heritage-products.nl\/#website","url":"https:\/\/heritage-products.nl\/","name":"Heritage Products","description":"","potentialAction":[{"@type":"SearchAction","target":{"@type":"EntryPoint","urlTemplate":"https:\/\/heritage-products.nl\/?s={search_term_string}"},"query-input":{"@type":"PropertyValueSpecification","valueRequired":true,"valueName":"search_term_string"}}],"inLanguage":"de-DE"}]}},"_links":{"self":[{"href":"https:\/\/heritage-products.nl\/de\/wp-json\/wp\/v2\/pages\/4346","targetHints":{"allow":["GET"]}}],"collection":[{"href":"https:\/\/heritage-products.nl\/de\/wp-json\/wp\/v2\/pages"}],"about":[{"href":"https:\/\/heritage-products.nl\/de\/wp-json\/wp\/v2\/types\/page"}],"author":[{"embeddable":true,"href":"https:\/\/heritage-products.nl\/de\/wp-json\/wp\/v2\/users\/3"}],"replies":[{"embeddable":true,"href":"https:\/\/heritage-products.nl\/de\/wp-json\/wp\/v2\/comments?post=4346"}],"version-history":[{"count":9,"href":"https:\/\/heritage-products.nl\/de\/wp-json\/wp\/v2\/pages\/4346\/revisions"}],"predecessor-version":[{"id":4521,"href":"https:\/\/heritage-products.nl\/de\/wp-json\/wp\/v2\/pages\/4346\/revisions\/4521"}],"wp:attachment":[{"href":"https:\/\/heritage-products.nl\/de\/wp-json\/wp\/v2\/media?parent=4346"}],"curies":[{"name":"wp","href":"https:\/\/api.w.org\/{rel}","templated":true}]}}