{"id":4355,"date":"2022-07-18T13:41:32","date_gmt":"2022-07-18T13:41:32","guid":{"rendered":"https:\/\/heritage-products.nl\/?page_id=4355"},"modified":"2022-07-25T14:12:05","modified_gmt":"2022-07-25T14:12:05","slug":"kunststoffzaune-pferde","status":"publish","type":"page","link":"https:\/\/heritage-products.nl\/de\/kunststoffzaune-pferde.html","title":{"rendered":"Kunststoffz\u00e4une Pferde"},"content":{"rendered":"<p>[et_pb_section fb_built=&#8220;1&#8243; fullwidth=&#8220;on&#8220; admin_label=&#8220;Section&#8220; module_class=&#8220;grizzly__section&#8220; _builder_version=&#8220;4.15.0&#8243; _module_preset=&#8220;default&#8220; bottom_divider_style=&#8220;curve2&#8243; bottom_divider_color=&#8220;#ffffff&#8220; global_colors_info=&#8220;{}&#8220;][et_pb_fullwidth_header title=&#8220;Kunststoffz\u00e4une Pferde&#8220; subhead=&#8220;Sie interessieren sich f\u00fcr unsere Produkte?&#8220; text_orientation=&#8220;center&#8220; button_one_text=&#8220;Fordern Sie ein Angebot an!&#8220; button_one_url=&#8220;https:\/\/heritage-products.nl\/de\/angebot-anfragen.html&#8220; _builder_version=&#8220;4.15.0&#8243; _module_preset=&#8220;default&#8220; title_font=&#8220;Arvo||||||||&#8220; title_font_size=&#8220;50px&#8220; content_font=&#8220;||||||||&#8220; subhead_font=&#8220;Arvo||||||||&#8220; subhead_text_color=&#8220;#FFFFFF&#8220; subhead_font_size=&#8220;20px&#8220; background_image=&#8220;https:\/\/heritage-products.nl\/wp-content\/uploads\/2022\/07\/Herritage-products-foto-header.jpg&#8220; parallax=&#8220;on&#8220; hover_enabled=&#8220;0&#8243; global_colors_info=&#8220;{}&#8220; alt=&#8220;Longeren | Heritage Producten&#8220; title_text=&#8220;Herritage products foto header&#8220; sticky_enabled=&#8220;0&#8243;][\/et_pb_fullwidth_header][\/et_pb_section][et_pb_section fb_built=&#8220;1&#8243; _builder_version=&#8220;4.15.0&#8243; _module_preset=&#8220;default&#8220; global_colors_info=&#8220;{}&#8220;][et_pb_row column_structure=&#8220;1_3,1_3,1_3&#8243; _builder_version=&#8220;4.15.0&#8243; _module_preset=&#8220;default&#8220; global_colors_info=&#8220;{}&#8220;][et_pb_column type=&#8220;1_3&#8243; _builder_version=&#8220;4.15.0&#8243; _module_preset=&#8220;default&#8220; global_colors_info=&#8220;{}&#8220;][et_pb_text _builder_version=&#8220;4.15.0&#8243; _module_preset=&#8220;default&#8220; text_font_size=&#8220;16px&#8220; global_colors_info=&#8220;{}&#8220;]<\/p>\n<p style=\"text-align: center;\"><strong><span class=\"Y2IQFc\" lang=\"de\">\u2714 pflegeleicht<\/span><\/strong><\/p>\n<p>[\/et_pb_text][\/et_pb_column][et_pb_column type=&#8220;1_3&#8243; _builder_version=&#8220;4.15.0&#8243; _module_preset=&#8220;default&#8220; global_colors_info=&#8220;{}&#8220;][et_pb_text _builder_version=&#8220;4.15.0&#8243; _module_preset=&#8220;default&#8220; text_font_size=&#8220;16px&#8220; global_colors_info=&#8220;{}&#8220;]<\/p>\n<p style=\"text-align: center;\"><strong><span class=\"Y2IQFc\" lang=\"de\">\u2714 autorisierter Fachh\u00e4ndler<\/span><\/strong><\/p>\n<p>[\/et_pb_text][\/et_pb_column][et_pb_column type=&#8220;1_3&#8243; _builder_version=&#8220;4.15.0&#8243; _module_preset=&#8220;default&#8220; global_colors_info=&#8220;{}&#8220;][et_pb_text _builder_version=&#8220;4.15.0&#8243; _module_preset=&#8220;default&#8220; text_font_size=&#8220;16px&#8220; global_colors_info=&#8220;{}&#8220;]<\/p>\n<p style=\"text-align: center;\"><strong><span class=\"Y2IQFc\" lang=\"de\">\u2714 <\/span><span class=\"Y2IQFc\" lang=\"de\">Sicher und nachhaltig<\/span><\/strong><\/p>\n<p>[\/et_pb_text][\/et_pb_column][\/et_pb_row][et_pb_row _builder_version=&#8220;4.15.0&#8243; _module_preset=&#8220;default&#8220; global_colors_info=&#8220;{}&#8220;][et_pb_column type=&#8220;4_4&#8243; _builder_version=&#8220;4.15.0&#8243; _module_preset=&#8220;default&#8220; global_colors_info=&#8220;{}&#8220;][et_pb_text _builder_version=&#8220;4.15.0&#8243; _module_preset=&#8220;default&#8220; global_colors_info=&#8220;{}&#8220;]<\/p>\n<p>Der niederl\u00e4ndische Koppelzaunspezialist Heritage Products bietet Ihnen Kunststoffz\u00e4une f\u00fcr Pferde, die die elegante Ausstrahlung eines herk\u00f6mmlichen Weidezauns mit der Langlebigkeit und Witterungsbest\u00e4ndigkeit eines modernen Zauns auf optimale Weise vereinen. Solche Kunststoffz\u00e4une bieten Ihnen die folgenden Vorteile:<\/p>\n<ul>\n<li>pflegeleicht (braucht nicht gestrichen zu werden)<\/li>\n<li>witterungsbest\u00e4ndig (Kunststoff fault schlie\u00dflich nicht)<\/li>\n<li>formsch\u00f6n und farbecht (die Z\u00e4une bleiben, z.B. strahlend wei\u00df oder tiefschwarz)<\/li>\n<li>umweltfreundlich (das Material kann zu 100 % wiederverwertet werden)<\/li>\n<li>sicher (mit einem Kunststoffzaun f\u00fcr Ihre Pferde wird unsch\u00f6nen Verletzungen vorgebeugt)<\/li>\n<\/ul>\n<p>Die Z\u00e4une bestehen aus hochwertigem PVC mit allen entsprechenden Vorz\u00fcgen und sie sehen au\u00dferdem unglaublich schick aus. Was w\u00fcnscht man sich mehr?<\/p>\n<p>[\/et_pb_text][\/et_pb_column][\/et_pb_row][\/et_pb_section][et_pb_section fb_built=&#8220;1&#8243; _builder_version=&#8220;4.15.0&#8243; _module_preset=&#8220;default&#8220; background_color=&#8220;#dd3333&#8243; global_colors_info=&#8220;{}&#8220;][et_pb_row column_structure=&#8220;1_2,1_2&#8243; _builder_version=&#8220;4.15.0&#8243; _module_preset=&#8220;default&#8220; global_colors_info=&#8220;{}&#8220;][et_pb_column type=&#8220;1_2&#8243; _builder_version=&#8220;4.15.0&#8243; _module_preset=&#8220;default&#8220; global_colors_info=&#8220;{}&#8220;][et_pb_text _builder_version=&#8220;4.15.0&#8243; _module_preset=&#8220;default&#8220; text_text_color=&#8220;#FFFFFF&#8220; global_colors_info=&#8220;{}&#8220;]<\/p>\n<h2 style=\"color: #fff;\">Kunststoffz\u00e4une f\u00fcr Pferde im Holz-Look<\/h2>\n<p>Heritage Products hat <a href=\"https:\/\/heritage-products.nl\/de\/einzaeunungen.html\" style=\"color: #fff; text-decoration:underline;\">Kunststoffz\u00e4une f\u00fcr Pferde<\/a>\u00a0entwickelt, die alle Eigenschaften kombinieren, die man in einem Zaun sucht. Ein solcher Kunststoffzaun f\u00fcr Ihre Pferde ist ein absoluter Zugewinn f\u00fcr Ihre Anlage und erfordert nur einen minimalen Pflegeaufwand. Schlie\u00dflich m\u00f6chten Sie Ihre Zeit ganz Ihren Pferden widmen k\u00f6nnen und nicht der Instandhaltung Ihrer Anlage.[\/et_pb_text][\/et_pb_column][et_pb_column type=&#8220;1_2&#8243; _builder_version=&#8220;4.15.0&#8243; _module_preset=&#8220;default&#8220; global_colors_info=&#8220;{}&#8220;][et_pb_image src=&#8220;https:\/\/heritage-products.nl\/wp-content\/uploads\/2021\/10\/DSC1153.gif&#8220; alt=&#8220;Hekpaal | Heritage Product B.V.&#8220; title_text=&#8220;_DSC1153&#8243; align=&#8220;right&#8220; _builder_version=&#8220;4.15.0&#8243; _module_preset=&#8220;default&#8220; global_colors_info=&#8220;{}&#8220;][\/et_pb_image][\/et_pb_column][\/et_pb_row][\/et_pb_section][et_pb_section fb_built=&#8220;1&#8243; _builder_version=&#8220;4.15.0&#8243; _module_preset=&#8220;default&#8220; global_colors_info=&#8220;{}&#8220;][et_pb_row column_structure=&#8220;1_2,1_2&#8243; _builder_version=&#8220;4.15.0&#8243; _module_preset=&#8220;default&#8220; global_colors_info=&#8220;{}&#8220;][et_pb_column type=&#8220;1_2&#8243; _builder_version=&#8220;4.15.0&#8243; _module_preset=&#8220;default&#8220; global_colors_info=&#8220;{}&#8220;][et_pb_image src=&#8220;https:\/\/heritage-products.nl\/wp-content\/uploads\/2016\/03\/DSC_2813fb.jpg&#8220; alt=&#8220;Stal met paard | Heritage Products B.V.&#8220; title_text=&#8220;DSC_2813fb&#8220; _builder_version=&#8220;4.15.0&#8243; _module_preset=&#8220;default&#8220; global_colors_info=&#8220;{}&#8220;][\/et_pb_image][\/et_pb_column][et_pb_column type=&#8220;1_2&#8243; _builder_version=&#8220;4.15.0&#8243; _module_preset=&#8220;default&#8220; global_colors_info=&#8220;{}&#8220;][et_pb_text _builder_version=&#8220;4.15.0&#8243; _module_preset=&#8220;default&#8220; global_colors_info=&#8220;{}&#8220;]<\/p>\n<h3>Schauen Sie sich genauer um<\/h3>\n<p>Auf unserer Website oder gleich bei uns vor Ort im niederl\u00e4ndischen Sambeek (<a href=\"https:\/\/heritage-products.nl\/de\/contact.html\" style=\"text-decoration:underline;\">Kontaktadresse<\/a>) bzw. bei unseren <a href=\"https:\/\/heritage-products.nl\/de\/dealers.html\" style=\"text-decoration:underline;\">Fachh\u00e4ndlern<\/a>\u00a0in Deutschland und in der Schweiz k\u00f6nnen Sie sich gerne einmal n\u00e4her umschauen. Unsere Kunststoffz\u00e4une f\u00fcr Pferde, die Ihnen in unterschiedlichen Ausf\u00fchrungen zur Auswahl stehen, werden Sie sicherlich beeindrucken! Bei Fragen k\u00f6nnen Sie uns erreichen unter <a href=\"tel:0031485575920\" style=\"text-decoration:underline;\">+31 (0)485-575920<\/a>.[\/et_pb_text][\/et_pb_column][\/et_pb_row][\/et_pb_section]<\/p>\n","protected":false},"excerpt":{"rendered":"<p>\u2714 pflegeleicht\u2714 autorisierter Fachh\u00e4ndler\u2714 Sicher und nachhaltigDer niederl\u00e4ndische Koppelzaunspezialist Heritage Products bietet Ihnen Kunststoffz\u00e4une f\u00fcr Pferde, die die elegante Ausstrahlung eines herk\u00f6mmlichen Weidezauns mit der Langlebigkeit und Witterungsbest\u00e4ndigkeit eines modernen Zauns auf optimale Weise vereinen. Solche Kunststoffz\u00e4une bieten Ihnen die folgenden Vorteile: pflegeleicht (braucht nicht gestrichen zu werden) witterungsbest\u00e4ndig (Kunststoff fault schlie\u00dflich nicht) formsch\u00f6n und [&hellip;]<\/p>\n","protected":false},"author":3,"featured_media":0,"parent":0,"menu_order":0,"comment_status":"closed","ping_status":"closed","template":"","meta":{"_acf_changed":false,"_et_pb_use_builder":"on","_et_pb_old_content":"","_et_gb_content_width":"","footnotes":""},"class_list":["post-4355","page","type-page","status-publish","hentry"],"acf":[],"yoast_head":"<!-- This site is optimized with the Yoast SEO plugin v26.4 - https:\/\/yoast.com\/wordpress\/plugins\/seo\/ -->\n<title>Kunststoffz\u00e4une Pferde - Heritage Products<\/title>\n<meta name=\"description\" content=\"Kunststoffz\u00e4une Pferde \u2713 Pflegeleichtigkeit \u2713 Witterungsbest\u00e4ndigkeit \u2713 Umweltvertr\u00e4glichkeit \u2713 Sicherheit \u2713 das Beste f\u00fcr Ihre Pferde.\" \/>\n<meta name=\"robots\" content=\"index, follow, max-snippet:-1, max-image-preview:large, max-video-preview:-1\" \/>\n<link rel=\"canonical\" href=\"https:\/\/heritage-products.nl\/de\/kunststoffzaune-pferde.html\" \/>\n<meta property=\"og:locale\" content=\"de_DE\" \/>\n<meta property=\"og:type\" content=\"article\" \/>\n<meta property=\"og:title\" content=\"Kunststoffz\u00e4une Pferde - Heritage Products\" \/>\n<meta property=\"og:description\" content=\"Kunststoffz\u00e4une Pferde \u2713 Pflegeleichtigkeit \u2713 Witterungsbest\u00e4ndigkeit \u2713 Umweltvertr\u00e4glichkeit \u2713 Sicherheit \u2713 das Beste f\u00fcr Ihre Pferde.\" \/>\n<meta property=\"og:url\" content=\"https:\/\/heritage-products.nl\/de\/kunststoffzaune-pferde.html\" \/>\n<meta property=\"og:site_name\" content=\"Heritage Products\" \/>\n<meta property=\"article:modified_time\" content=\"2022-07-25T14:12:05+00:00\" \/>\n<meta name=\"twitter:card\" content=\"summary_large_image\" \/>\n<meta name=\"twitter:label1\" content=\"Est. reading time\" \/>\n\t<meta name=\"twitter:data1\" content=\"2 Minuten\" \/>\n<script type=\"application\/ld+json\" class=\"yoast-schema-graph\">{\"@context\":\"https:\/\/schema.org\",\"@graph\":[{\"@type\":\"WebPage\",\"@id\":\"https:\/\/heritage-products.nl\/de\/kunststoffzaune-pferde.html\",\"url\":\"https:\/\/heritage-products.nl\/de\/kunststoffzaune-pferde.html\",\"name\":\"Kunststoffz\u00e4une Pferde - Heritage Products\",\"isPartOf\":{\"@id\":\"https:\/\/heritage-products.nl\/#website\"},\"datePublished\":\"2022-07-18T13:41:32+00:00\",\"dateModified\":\"2022-07-25T14:12:05+00:00\",\"description\":\"Kunststoffz\u00e4une Pferde \u2713 Pflegeleichtigkeit \u2713 Witterungsbest\u00e4ndigkeit \u2713 Umweltvertr\u00e4glichkeit \u2713 Sicherheit \u2713 das Beste f\u00fcr Ihre Pferde.\",\"breadcrumb\":{\"@id\":\"https:\/\/heritage-products.nl\/de\/kunststoffzaune-pferde.html#breadcrumb\"},\"inLanguage\":\"de-DE\",\"potentialAction\":[{\"@type\":\"ReadAction\",\"target\":[\"https:\/\/heritage-products.nl\/de\/kunststoffzaune-pferde.html\"]}]},{\"@type\":\"BreadcrumbList\",\"@id\":\"https:\/\/heritage-products.nl\/de\/kunststoffzaune-pferde.html#breadcrumb\",\"itemListElement\":[{\"@type\":\"ListItem\",\"position\":1,\"name\":\"Home\",\"item\":\"https:\/\/heritage-products.nl\/de\"},{\"@type\":\"ListItem\",\"position\":2,\"name\":\"Kunststoffz\u00e4une Pferde\"}]},{\"@type\":\"WebSite\",\"@id\":\"https:\/\/heritage-products.nl\/#website\",\"url\":\"https:\/\/heritage-products.nl\/\",\"name\":\"Heritage Products\",\"description\":\"\",\"potentialAction\":[{\"@type\":\"SearchAction\",\"target\":{\"@type\":\"EntryPoint\",\"urlTemplate\":\"https:\/\/heritage-products.nl\/?s={search_term_string}\"},\"query-input\":{\"@type\":\"PropertyValueSpecification\",\"valueRequired\":true,\"valueName\":\"search_term_string\"}}],\"inLanguage\":\"de-DE\"}]}<\/script>\n<!-- \/ Yoast SEO plugin. -->","yoast_head_json":{"title":"Kunststoffz\u00e4une Pferde - Heritage Products","description":"Kunststoffz\u00e4une Pferde \u2713 Pflegeleichtigkeit \u2713 Witterungsbest\u00e4ndigkeit \u2713 Umweltvertr\u00e4glichkeit \u2713 Sicherheit \u2713 das Beste f\u00fcr Ihre Pferde.","robots":{"index":"index","follow":"follow","max-snippet":"max-snippet:-1","max-image-preview":"max-image-preview:large","max-video-preview":"max-video-preview:-1"},"canonical":"https:\/\/heritage-products.nl\/de\/kunststoffzaune-pferde.html","og_locale":"de_DE","og_type":"article","og_title":"Kunststoffz\u00e4une Pferde - Heritage Products","og_description":"Kunststoffz\u00e4une Pferde \u2713 Pflegeleichtigkeit \u2713 Witterungsbest\u00e4ndigkeit \u2713 Umweltvertr\u00e4glichkeit \u2713 Sicherheit \u2713 das Beste f\u00fcr Ihre Pferde.","og_url":"https:\/\/heritage-products.nl\/de\/kunststoffzaune-pferde.html","og_site_name":"Heritage Products","article_modified_time":"2022-07-25T14:12:05+00:00","twitter_card":"summary_large_image","twitter_misc":{"Est. reading time":"2 Minuten"},"schema":{"@context":"https:\/\/schema.org","@graph":[{"@type":"WebPage","@id":"https:\/\/heritage-products.nl\/de\/kunststoffzaune-pferde.html","url":"https:\/\/heritage-products.nl\/de\/kunststoffzaune-pferde.html","name":"Kunststoffz\u00e4une Pferde - Heritage Products","isPartOf":{"@id":"https:\/\/heritage-products.nl\/#website"},"datePublished":"2022-07-18T13:41:32+00:00","dateModified":"2022-07-25T14:12:05+00:00","description":"Kunststoffz\u00e4une Pferde \u2713 Pflegeleichtigkeit \u2713 Witterungsbest\u00e4ndigkeit \u2713 Umweltvertr\u00e4glichkeit \u2713 Sicherheit \u2713 das Beste f\u00fcr Ihre Pferde.","breadcrumb":{"@id":"https:\/\/heritage-products.nl\/de\/kunststoffzaune-pferde.html#breadcrumb"},"inLanguage":"de-DE","potentialAction":[{"@type":"ReadAction","target":["https:\/\/heritage-products.nl\/de\/kunststoffzaune-pferde.html"]}]},{"@type":"BreadcrumbList","@id":"https:\/\/heritage-products.nl\/de\/kunststoffzaune-pferde.html#breadcrumb","itemListElement":[{"@type":"ListItem","position":1,"name":"Home","item":"https:\/\/heritage-products.nl\/de"},{"@type":"ListItem","position":2,"name":"Kunststoffz\u00e4une Pferde"}]},{"@type":"WebSite","@id":"https:\/\/heritage-products.nl\/#website","url":"https:\/\/heritage-products.nl\/","name":"Heritage Products","description":"","potentialAction":[{"@type":"SearchAction","target":{"@type":"EntryPoint","urlTemplate":"https:\/\/heritage-products.nl\/?s={search_term_string}"},"query-input":{"@type":"PropertyValueSpecification","valueRequired":true,"valueName":"search_term_string"}}],"inLanguage":"de-DE"}]}},"_links":{"self":[{"href":"https:\/\/heritage-products.nl\/de\/wp-json\/wp\/v2\/pages\/4355","targetHints":{"allow":["GET"]}}],"collection":[{"href":"https:\/\/heritage-products.nl\/de\/wp-json\/wp\/v2\/pages"}],"about":[{"href":"https:\/\/heritage-products.nl\/de\/wp-json\/wp\/v2\/types\/page"}],"author":[{"embeddable":true,"href":"https:\/\/heritage-products.nl\/de\/wp-json\/wp\/v2\/users\/3"}],"replies":[{"embeddable":true,"href":"https:\/\/heritage-products.nl\/de\/wp-json\/wp\/v2\/comments?post=4355"}],"version-history":[{"count":4,"href":"https:\/\/heritage-products.nl\/de\/wp-json\/wp\/v2\/pages\/4355\/revisions"}],"predecessor-version":[{"id":4519,"href":"https:\/\/heritage-products.nl\/de\/wp-json\/wp\/v2\/pages\/4355\/revisions\/4519"}],"wp:attachment":[{"href":"https:\/\/heritage-products.nl\/de\/wp-json\/wp\/v2\/media?parent=4355"}],"curies":[{"name":"wp","href":"https:\/\/api.w.org\/{rel}","templated":true}]}}