{"id":4363,"date":"2022-07-18T13:47:06","date_gmt":"2022-07-18T13:47:06","guid":{"rendered":"https:\/\/heritage-products.nl\/?page_id=4363"},"modified":"2022-07-25T14:11:08","modified_gmt":"2022-07-25T14:11:08","slug":"pferdezaun-holz","status":"publish","type":"page","link":"https:\/\/heritage-products.nl\/de\/pferdezaun-holz.html","title":{"rendered":"Pferdezaun Holz"},"content":{"rendered":"<p>[et_pb_section fb_built=&#8220;1&#8243; fullwidth=&#8220;on&#8220; admin_label=&#8220;Section&#8220; module_class=&#8220;grizzly__section&#8220; _builder_version=&#8220;4.15.0&#8243; _module_preset=&#8220;default&#8220; bottom_divider_style=&#8220;curve2&#8243; bottom_divider_color=&#8220;#ffffff&#8220; global_colors_info=&#8220;{}&#8220;][et_pb_fullwidth_header title=&#8220;Pferdezaun Holz&#8220; subhead=&#8220;Sie interessieren sich f\u00fcr unsere Produkte?&#8220; text_orientation=&#8220;center&#8220; button_one_text=&#8220;Fordern Sie ein Angebot an!&#8220; button_one_url=&#8220;https:\/\/heritage-products.nl\/de\/angebot-anfragen.html&#8220; _builder_version=&#8220;4.15.0&#8243; _module_preset=&#8220;default&#8220; title_font=&#8220;Arvo||||||||&#8220; title_font_size=&#8220;50px&#8220; content_font=&#8220;||||||||&#8220; subhead_font=&#8220;Arvo||||||||&#8220; subhead_text_color=&#8220;#FFFFFF&#8220; subhead_font_size=&#8220;20px&#8220; background_image=&#8220;https:\/\/heritage-products.nl\/wp-content\/uploads\/2022\/07\/Herritage-products-foto-header.jpg&#8220; parallax=&#8220;on&#8220; hover_enabled=&#8220;0&#8243; global_colors_info=&#8220;{}&#8220; alt=&#8220;Longeren | Heritage Producten&#8220; title_text=&#8220;Herritage products foto header&#8220; sticky_enabled=&#8220;0&#8243;][\/et_pb_fullwidth_header][\/et_pb_section][et_pb_section fb_built=&#8220;1&#8243; _builder_version=&#8220;4.15.0&#8243; _module_preset=&#8220;default&#8220; global_colors_info=&#8220;{}&#8220;][et_pb_row column_structure=&#8220;1_3,1_3,1_3&#8243; _builder_version=&#8220;4.15.0&#8243; _module_preset=&#8220;default&#8220; global_colors_info=&#8220;{}&#8220;][et_pb_column type=&#8220;1_3&#8243; _builder_version=&#8220;4.15.0&#8243; _module_preset=&#8220;default&#8220; global_colors_info=&#8220;{}&#8220;][et_pb_text _builder_version=&#8220;4.15.0&#8243; _module_preset=&#8220;default&#8220; text_font_size=&#8220;16px&#8220; global_colors_info=&#8220;{}&#8220;]<\/p>\n<p style=\"text-align: center;\"><strong><span class=\"Y2IQFc\" lang=\"de\">\u2714 pflegeleicht<\/span><\/strong><\/p>\n<p>[\/et_pb_text][\/et_pb_column][et_pb_column type=&#8220;1_3&#8243; _builder_version=&#8220;4.15.0&#8243; _module_preset=&#8220;default&#8220; global_colors_info=&#8220;{}&#8220;][et_pb_text _builder_version=&#8220;4.15.0&#8243; _module_preset=&#8220;default&#8220; text_font_size=&#8220;16px&#8220; global_colors_info=&#8220;{}&#8220;]<\/p>\n<p style=\"text-align: center;\"><strong><span class=\"Y2IQFc\" lang=\"de\">\u2714 autorisierter Fachh\u00e4ndler<\/span><\/strong><\/p>\n<p>[\/et_pb_text][\/et_pb_column][et_pb_column type=&#8220;1_3&#8243; _builder_version=&#8220;4.15.0&#8243; _module_preset=&#8220;default&#8220; global_colors_info=&#8220;{}&#8220;][et_pb_text _builder_version=&#8220;4.15.0&#8243; _module_preset=&#8220;default&#8220; text_font_size=&#8220;16px&#8220; global_colors_info=&#8220;{}&#8220;]<\/p>\n<p style=\"text-align: center;\"><strong><span class=\"Y2IQFc\" lang=\"de\">\u2714 <\/span><span class=\"Y2IQFc\" lang=\"de\">Sicher und nachhaltig<\/span><\/strong><\/p>\n<p>[\/et_pb_text][\/et_pb_column][\/et_pb_row][et_pb_row _builder_version=&#8220;4.15.0&#8243; _module_preset=&#8220;default&#8220; global_colors_info=&#8220;{}&#8220;][et_pb_column type=&#8220;4_4&#8243; _builder_version=&#8220;4.15.0&#8243; _module_preset=&#8220;default&#8220; global_colors_info=&#8220;{}&#8220;][et_pb_text _builder_version=&#8220;4.15.0&#8243; _module_preset=&#8220;default&#8220; global_colors_info=&#8220;{}&#8220;]<\/p>\n<p>Einen stilvollen Pferdezaun aus Holz mit einer langen Lebensdauer gibt es bei dem niederl\u00e4ndischen Fachbetrieb Heritage Products. Dieser Betrieb hat sich ganz auf dauerhaftes Zaun- und Hindernismaterial spezialisiert. Deshalb sind die dort angebotenen L\u00f6sungen im Bereich der Reitplatz- und Koppeleinz\u00e4unung sehr ausgereift. Sie werden feststellen, dass bei der Entwicklung dieser Pferdez\u00e4une aus Holz allen Bed\u00fcrfnissen des anspruchsvollen Pferdehalters Rechnung getragen wurde.<\/p>\n<p>[\/et_pb_text][\/et_pb_column][\/et_pb_row][\/et_pb_section][et_pb_section fb_built=&#8220;1&#8243; _builder_version=&#8220;4.15.0&#8243; _module_preset=&#8220;default&#8220; background_color=&#8220;#dd3333&#8243; global_colors_info=&#8220;{}&#8220;][et_pb_row column_structure=&#8220;1_2,1_2&#8243; _builder_version=&#8220;4.15.0&#8243; _module_preset=&#8220;default&#8220; global_colors_info=&#8220;{}&#8220;][et_pb_column type=&#8220;1_2&#8243; _builder_version=&#8220;4.15.0&#8243; _module_preset=&#8220;default&#8220; global_colors_info=&#8220;{}&#8220;][et_pb_text _builder_version=&#8220;4.15.0&#8243; _module_preset=&#8220;default&#8220; text_text_color=&#8220;#FFFFFF&#8220; global_colors_info=&#8220;{}&#8220;]<\/p>\n<h2 style=\"color: #fff;\">Stilvoller und langlebiger Pferdezaun aus Holz<\/h2>\n<p>Pferdez\u00e4une aus Holz sind im Hinblick auf ihre nat\u00fcrliche Ausstrahlung ganz einfach unschlagbar. Gleichzeitig sollte sich der Pflegeaufwand nat\u00fcrlich in Grenzen halten, denn schlie\u00dflich gilt Ihre Aufmerksamkeit Ihren Pferden und nicht <a href=\"https:\/\/heritage-products.nl\/de\/kunststoff-koppelzaun.html\" style=\"color: #fff; text-decoration:underline;\">den Koppelz\u00e4unen<\/a>. Deshalb kommen f\u00fcr die <a href=\"https:\/\/heritage-products.nl\/de\/einzaeunungen\/country-einzaeunung.html\" style=\"color: #fff; text-decoration:underline;\">Country Einz\u00e4unung<\/a>\u00a0bei Heritage Products ausschlie\u00dflich:<\/p>\n<ul>\n<li>gut abgelagertes Holz<\/li>\n<li>langlebiges, speziell impr\u00e4gniertes Holz<\/li>\n<li>nordeurop\u00e4ische Baumarten<\/li>\n<\/ul>\n<p>zum Einsatz. Damit ist die lange Lebensdauer der Weidez\u00e4une aus Holz gew\u00e4hrleistet. Sie werden sich jahrelang an Ihrem Pferdezaun aus Holz erfreuen und der Pflegeaufwand wird auf ein Mindestma\u00df beschr\u00e4nkt.[\/et_pb_text][\/et_pb_column][et_pb_column type=&#8220;1_2&#8243; _builder_version=&#8220;4.15.0&#8243; _module_preset=&#8220;default&#8220; global_colors_info=&#8220;{}&#8220;][et_pb_image src=&#8220;https:\/\/heritage-products.nl\/wp-content\/uploads\/2018\/10\/Artwood-dark-2-1.jpg&#8220; alt=&#8220;Omheining paardenweide | Heritage Products B.V.&#8220; title_text=&#8220;Artwood-dark-2&#8243; align=&#8220;right&#8220; _builder_version=&#8220;4.15.0&#8243; _module_preset=&#8220;default&#8220; global_colors_info=&#8220;{}&#8220;][\/et_pb_image][\/et_pb_column][\/et_pb_row][\/et_pb_section][et_pb_section fb_built=&#8220;1&#8243; _builder_version=&#8220;4.15.0&#8243; _module_preset=&#8220;default&#8220; global_colors_info=&#8220;{}&#8220;][et_pb_row column_structure=&#8220;1_2,1_2&#8243; _builder_version=&#8220;4.15.0&#8243; _module_preset=&#8220;default&#8220; global_colors_info=&#8220;{}&#8220;][et_pb_column type=&#8220;1_2&#8243; _builder_version=&#8220;4.15.0&#8243; _module_preset=&#8220;default&#8220; global_colors_info=&#8220;{}&#8220;][et_pb_image src=&#8220;https:\/\/heritage-products.nl\/wp-content\/uploads\/2016\/03\/DSC_2813fb.jpg&#8220; alt=&#8220;Stal met paard | Heritage Products B.V.&#8220; title_text=&#8220;DSC_2813fb&#8220; _builder_version=&#8220;4.15.0&#8243; _module_preset=&#8220;default&#8220; global_colors_info=&#8220;{}&#8220;][\/et_pb_image][\/et_pb_column][et_pb_column type=&#8220;1_2&#8243; _builder_version=&#8220;4.15.0&#8243; _module_preset=&#8220;default&#8220; global_colors_info=&#8220;{}&#8220;][et_pb_text _builder_version=&#8220;4.15.0&#8243; _module_preset=&#8220;default&#8220; global_colors_info=&#8220;{}&#8220;]<\/p>\n<h3>Entscheiden Sie sich f\u00fcr h\u00f6chste Qualit\u00e4t<\/h3>\n<p>Ein Pferdezaun aus Holz ist unbestrittenerma\u00dfen ein absoluter Blickf\u00e4nger und wenn das richtige Ausgangsmaterial eingesetzt wird, lassen auch die Lebensdauer und der Pflegeaufwand nichts zu w\u00fcnschen \u00fcbrig. Wenden Sie sich deshalb am besten gleich telefonisch unter <a href=\"tel:0031485575920\" style=\"text-decoration:underline\">+31 (0)485-575920<\/a> an einen Spezialisten f\u00fcr Holzz\u00e4une, die jede Koppel sicher und stilvoll umfrieden. Wir f\u00fchren au\u00dferdem auch Pferdez\u00e4une, die aus einer Kombination aus Kunststoff, Verbundstoff und Holz bestehen. Solche Z\u00e4une in Holzoptik bilden eine sehr reizvolle Alternative zu Holz\u00e4unen. Auch unsere <a href=\"https:\/\/heritage-products.nl\/de\/dealers.html\"  style=\"text-decoration:underline\">Fachh\u00e4ndler<\/a>\u00a0(u.a. mit Sitz in Deutschland und in der Schweiz) stehen Ihnen selbstverst\u00e4ndlich gerne zur Verf\u00fcgung, wenn es darum geht, den f\u00fcr Sie <a href=\"https:\/\/heritage-products.nl\/de\/einzaunung-pferdeweide.html\"  style=\"text-decoration:underline\">optimalen Weidezaun<\/a> aus Holz oder in Holz-Optik auszuw\u00e4hlen.[\/et_pb_text][\/et_pb_column][\/et_pb_row][\/et_pb_section]<\/p>\n","protected":false},"excerpt":{"rendered":"<p>\u2714 pflegeleicht\u2714 autorisierter Fachh\u00e4ndler\u2714 Sicher und nachhaltigEinen stilvollen Pferdezaun aus Holz mit einer langen Lebensdauer gibt es bei dem niederl\u00e4ndischen Fachbetrieb Heritage Products. Dieser Betrieb hat sich ganz auf dauerhaftes Zaun- und Hindernismaterial spezialisiert. Deshalb sind die dort angebotenen L\u00f6sungen im Bereich der Reitplatz- und Koppeleinz\u00e4unung sehr ausgereift. Sie werden feststellen, dass bei der Entwicklung [&hellip;]<\/p>\n","protected":false},"author":3,"featured_media":0,"parent":0,"menu_order":0,"comment_status":"closed","ping_status":"closed","template":"","meta":{"_acf_changed":false,"_et_pb_use_builder":"on","_et_pb_old_content":"","_et_gb_content_width":"","footnotes":""},"class_list":["post-4363","page","type-page","status-publish","hentry"],"acf":[],"yoast_head":"<!-- This site is optimized with the Yoast SEO plugin v26.4 - https:\/\/yoast.com\/wordpress\/plugins\/seo\/ -->\n<title>Pferdezaun Holz - Heritage Products<\/title>\n<meta name=\"description\" content=\"Vereinen Sie mit einem Pferdezaun aus Holz o. in Holz-Optik das Beste aus zwei Welten. Sichern Sie sich einen soliden Zaun mit langer Lebensdauer &amp; Stil.\" \/>\n<meta name=\"robots\" content=\"index, follow, max-snippet:-1, max-image-preview:large, max-video-preview:-1\" \/>\n<link rel=\"canonical\" href=\"https:\/\/heritage-products.nl\/de\/pferdezaun-holz.html\" \/>\n<meta property=\"og:locale\" content=\"de_DE\" \/>\n<meta property=\"og:type\" content=\"article\" \/>\n<meta property=\"og:title\" content=\"Pferdezaun Holz - Heritage Products\" \/>\n<meta property=\"og:description\" content=\"Vereinen Sie mit einem Pferdezaun aus Holz o. in Holz-Optik das Beste aus zwei Welten. Sichern Sie sich einen soliden Zaun mit langer Lebensdauer &amp; Stil.\" \/>\n<meta property=\"og:url\" content=\"https:\/\/heritage-products.nl\/de\/pferdezaun-holz.html\" \/>\n<meta property=\"og:site_name\" content=\"Heritage Products\" \/>\n<meta property=\"article:modified_time\" content=\"2022-07-25T14:11:08+00:00\" \/>\n<meta name=\"twitter:card\" content=\"summary_large_image\" \/>\n<meta name=\"twitter:label1\" content=\"Est. reading time\" \/>\n\t<meta name=\"twitter:data1\" content=\"3 Minuten\" \/>\n<script type=\"application\/ld+json\" class=\"yoast-schema-graph\">{\"@context\":\"https:\/\/schema.org\",\"@graph\":[{\"@type\":\"WebPage\",\"@id\":\"https:\/\/heritage-products.nl\/de\/pferdezaun-holz.html\",\"url\":\"https:\/\/heritage-products.nl\/de\/pferdezaun-holz.html\",\"name\":\"Pferdezaun Holz - Heritage Products\",\"isPartOf\":{\"@id\":\"https:\/\/heritage-products.nl\/#website\"},\"datePublished\":\"2022-07-18T13:47:06+00:00\",\"dateModified\":\"2022-07-25T14:11:08+00:00\",\"description\":\"Vereinen Sie mit einem Pferdezaun aus Holz o. in Holz-Optik das Beste aus zwei Welten. Sichern Sie sich einen soliden Zaun mit langer Lebensdauer & Stil.\",\"breadcrumb\":{\"@id\":\"https:\/\/heritage-products.nl\/de\/pferdezaun-holz.html#breadcrumb\"},\"inLanguage\":\"de-DE\",\"potentialAction\":[{\"@type\":\"ReadAction\",\"target\":[\"https:\/\/heritage-products.nl\/de\/pferdezaun-holz.html\"]}]},{\"@type\":\"BreadcrumbList\",\"@id\":\"https:\/\/heritage-products.nl\/de\/pferdezaun-holz.html#breadcrumb\",\"itemListElement\":[{\"@type\":\"ListItem\",\"position\":1,\"name\":\"Home\",\"item\":\"https:\/\/heritage-products.nl\/de\"},{\"@type\":\"ListItem\",\"position\":2,\"name\":\"Pferdezaun Holz\"}]},{\"@type\":\"WebSite\",\"@id\":\"https:\/\/heritage-products.nl\/#website\",\"url\":\"https:\/\/heritage-products.nl\/\",\"name\":\"Heritage Products\",\"description\":\"\",\"potentialAction\":[{\"@type\":\"SearchAction\",\"target\":{\"@type\":\"EntryPoint\",\"urlTemplate\":\"https:\/\/heritage-products.nl\/?s={search_term_string}\"},\"query-input\":{\"@type\":\"PropertyValueSpecification\",\"valueRequired\":true,\"valueName\":\"search_term_string\"}}],\"inLanguage\":\"de-DE\"}]}<\/script>\n<!-- \/ Yoast SEO plugin. -->","yoast_head_json":{"title":"Pferdezaun Holz - Heritage Products","description":"Vereinen Sie mit einem Pferdezaun aus Holz o. in Holz-Optik das Beste aus zwei Welten. Sichern Sie sich einen soliden Zaun mit langer Lebensdauer & Stil.","robots":{"index":"index","follow":"follow","max-snippet":"max-snippet:-1","max-image-preview":"max-image-preview:large","max-video-preview":"max-video-preview:-1"},"canonical":"https:\/\/heritage-products.nl\/de\/pferdezaun-holz.html","og_locale":"de_DE","og_type":"article","og_title":"Pferdezaun Holz - Heritage Products","og_description":"Vereinen Sie mit einem Pferdezaun aus Holz o. in Holz-Optik das Beste aus zwei Welten. Sichern Sie sich einen soliden Zaun mit langer Lebensdauer & Stil.","og_url":"https:\/\/heritage-products.nl\/de\/pferdezaun-holz.html","og_site_name":"Heritage Products","article_modified_time":"2022-07-25T14:11:08+00:00","twitter_card":"summary_large_image","twitter_misc":{"Est. reading time":"3 Minuten"},"schema":{"@context":"https:\/\/schema.org","@graph":[{"@type":"WebPage","@id":"https:\/\/heritage-products.nl\/de\/pferdezaun-holz.html","url":"https:\/\/heritage-products.nl\/de\/pferdezaun-holz.html","name":"Pferdezaun Holz - Heritage Products","isPartOf":{"@id":"https:\/\/heritage-products.nl\/#website"},"datePublished":"2022-07-18T13:47:06+00:00","dateModified":"2022-07-25T14:11:08+00:00","description":"Vereinen Sie mit einem Pferdezaun aus Holz o. in Holz-Optik das Beste aus zwei Welten. Sichern Sie sich einen soliden Zaun mit langer Lebensdauer & Stil.","breadcrumb":{"@id":"https:\/\/heritage-products.nl\/de\/pferdezaun-holz.html#breadcrumb"},"inLanguage":"de-DE","potentialAction":[{"@type":"ReadAction","target":["https:\/\/heritage-products.nl\/de\/pferdezaun-holz.html"]}]},{"@type":"BreadcrumbList","@id":"https:\/\/heritage-products.nl\/de\/pferdezaun-holz.html#breadcrumb","itemListElement":[{"@type":"ListItem","position":1,"name":"Home","item":"https:\/\/heritage-products.nl\/de"},{"@type":"ListItem","position":2,"name":"Pferdezaun Holz"}]},{"@type":"WebSite","@id":"https:\/\/heritage-products.nl\/#website","url":"https:\/\/heritage-products.nl\/","name":"Heritage Products","description":"","potentialAction":[{"@type":"SearchAction","target":{"@type":"EntryPoint","urlTemplate":"https:\/\/heritage-products.nl\/?s={search_term_string}"},"query-input":{"@type":"PropertyValueSpecification","valueRequired":true,"valueName":"search_term_string"}}],"inLanguage":"de-DE"}]}},"_links":{"self":[{"href":"https:\/\/heritage-products.nl\/de\/wp-json\/wp\/v2\/pages\/4363","targetHints":{"allow":["GET"]}}],"collection":[{"href":"https:\/\/heritage-products.nl\/de\/wp-json\/wp\/v2\/pages"}],"about":[{"href":"https:\/\/heritage-products.nl\/de\/wp-json\/wp\/v2\/types\/page"}],"author":[{"embeddable":true,"href":"https:\/\/heritage-products.nl\/de\/wp-json\/wp\/v2\/users\/3"}],"replies":[{"embeddable":true,"href":"https:\/\/heritage-products.nl\/de\/wp-json\/wp\/v2\/comments?post=4363"}],"version-history":[{"count":4,"href":"https:\/\/heritage-products.nl\/de\/wp-json\/wp\/v2\/pages\/4363\/revisions"}],"predecessor-version":[{"id":4517,"href":"https:\/\/heritage-products.nl\/de\/wp-json\/wp\/v2\/pages\/4363\/revisions\/4517"}],"wp:attachment":[{"href":"https:\/\/heritage-products.nl\/de\/wp-json\/wp\/v2\/media?parent=4363"}],"curies":[{"name":"wp","href":"https:\/\/api.w.org\/{rel}","templated":true}]}}