{"id":4371,"date":"2022-07-18T13:50:49","date_gmt":"2022-07-18T13:50:49","guid":{"rendered":"https:\/\/heritage-products.nl\/?page_id=4371"},"modified":"2022-07-25T14:09:56","modified_gmt":"2022-07-25T14:09:56","slug":"pferdezaun-kunststoff","status":"publish","type":"page","link":"https:\/\/heritage-products.nl\/de\/pferdezaun-kunststoff.html","title":{"rendered":"Pferdezaun Kunststoff"},"content":{"rendered":"<p>[et_pb_section fb_built=&#8220;1&#8243; fullwidth=&#8220;on&#8220; admin_label=&#8220;Section&#8220; module_class=&#8220;grizzly__section&#8220; _builder_version=&#8220;4.15.0&#8243; _module_preset=&#8220;default&#8220; bottom_divider_style=&#8220;curve2&#8243; bottom_divider_color=&#8220;#ffffff&#8220; global_colors_info=&#8220;{}&#8220;][et_pb_fullwidth_header title=&#8220;Pferdezaun Kunststoff&#8220; subhead=&#8220;Sie interessieren sich f\u00fcr unsere Produkte?&#8220; text_orientation=&#8220;center&#8220; button_one_text=&#8220;Fordern Sie ein Angebot an!&#8220; button_one_url=&#8220;https:\/\/heritage-products.nl\/de\/angebot-anfragen.html&#8220; _builder_version=&#8220;4.15.0&#8243; _module_preset=&#8220;default&#8220; title_font=&#8220;Arvo||||||||&#8220; title_font_size=&#8220;50px&#8220; content_font=&#8220;||||||||&#8220; subhead_font=&#8220;Arvo||||||||&#8220; subhead_text_color=&#8220;#FFFFFF&#8220; subhead_font_size=&#8220;20px&#8220; background_image=&#8220;https:\/\/heritage-products.nl\/wp-content\/uploads\/2022\/07\/Herritage-products-foto-header.jpg&#8220; parallax=&#8220;on&#8220; hover_enabled=&#8220;0&#8243; global_colors_info=&#8220;{}&#8220; alt=&#8220;Longeren | Heritage Producten&#8220; title_text=&#8220;Herritage products foto header&#8220; sticky_enabled=&#8220;0&#8243;][\/et_pb_fullwidth_header][\/et_pb_section][et_pb_section fb_built=&#8220;1&#8243; _builder_version=&#8220;4.15.0&#8243; _module_preset=&#8220;default&#8220; global_colors_info=&#8220;{}&#8220;][et_pb_row column_structure=&#8220;1_3,1_3,1_3&#8243; _builder_version=&#8220;4.15.0&#8243; _module_preset=&#8220;default&#8220; global_colors_info=&#8220;{}&#8220;][et_pb_column type=&#8220;1_3&#8243; _builder_version=&#8220;4.15.0&#8243; _module_preset=&#8220;default&#8220; global_colors_info=&#8220;{}&#8220;][et_pb_text _builder_version=&#8220;4.15.0&#8243; _module_preset=&#8220;default&#8220; text_font_size=&#8220;16px&#8220; global_colors_info=&#8220;{}&#8220;]<\/p>\n<p style=\"text-align: center;\"><strong><span class=\"Y2IQFc\" lang=\"de\">\u2714 pflegeleicht<\/span><\/strong><\/p>\n<p>[\/et_pb_text][\/et_pb_column][et_pb_column type=&#8220;1_3&#8243; _builder_version=&#8220;4.15.0&#8243; _module_preset=&#8220;default&#8220; global_colors_info=&#8220;{}&#8220;][et_pb_text _builder_version=&#8220;4.15.0&#8243; _module_preset=&#8220;default&#8220; text_font_size=&#8220;16px&#8220; global_colors_info=&#8220;{}&#8220;]<\/p>\n<p style=\"text-align: center;\"><strong><span class=\"Y2IQFc\" lang=\"de\">\u2714 autorisierter Fachh\u00e4ndler<\/span><\/strong><\/p>\n<p>[\/et_pb_text][\/et_pb_column][et_pb_column type=&#8220;1_3&#8243; _builder_version=&#8220;4.15.0&#8243; _module_preset=&#8220;default&#8220; global_colors_info=&#8220;{}&#8220;][et_pb_text _builder_version=&#8220;4.15.0&#8243; _module_preset=&#8220;default&#8220; text_font_size=&#8220;16px&#8220; global_colors_info=&#8220;{}&#8220;]<\/p>\n<p style=\"text-align: center;\"><strong><span class=\"Y2IQFc\" lang=\"de\">\u2714 <\/span><span class=\"Y2IQFc\" lang=\"de\">Sicher und nachhaltig<\/span><\/strong><\/p>\n<p>[\/et_pb_text][\/et_pb_column][\/et_pb_row][et_pb_row _builder_version=&#8220;4.15.0&#8243; _module_preset=&#8220;default&#8220; global_colors_info=&#8220;{}&#8220;][et_pb_column type=&#8220;4_4&#8243; _builder_version=&#8220;4.15.0&#8243; _module_preset=&#8220;default&#8220; global_colors_info=&#8220;{}&#8220;][et_pb_text _builder_version=&#8220;4.15.0&#8243; _module_preset=&#8220;default&#8220; global_colors_info=&#8220;{}&#8220;]<\/p>\n<p>Mit einem stilvollen Pferdezaun aus Kunststoff, wie er bei dem Fachbetrieb Heritage Products erh\u00e4ltlich ist, schlagen Sie gleich mehrere Fliegen mit einer Klappe. Unsere Pferdez\u00e4une aus Kunststoff zeichnen sich aufgrund vielf\u00e4ltiger Vorteile aus:<\/p>\n<ul>\n<li>umfassende Sicherheit<\/li>\n<li>geringer Pflegeaufwand<\/li>\n<li>lange Lebensdauer<\/li>\n<li>repr\u00e4sentative Ausstrahlung<\/li>\n<\/ul>\n<p>[\/et_pb_text][\/et_pb_column][\/et_pb_row][\/et_pb_section][et_pb_section fb_built=&#8220;1&#8243; _builder_version=&#8220;4.15.0&#8243; _module_preset=&#8220;default&#8220; background_color=&#8220;#dd3333&#8243; global_colors_info=&#8220;{}&#8220;][et_pb_row column_structure=&#8220;1_2,1_2&#8243; _builder_version=&#8220;4.15.0&#8243; _module_preset=&#8220;default&#8220; global_colors_info=&#8220;{}&#8220;][et_pb_column type=&#8220;1_2&#8243; _builder_version=&#8220;4.15.0&#8243; _module_preset=&#8220;default&#8220; global_colors_info=&#8220;{}&#8220;][et_pb_text _builder_version=&#8220;4.15.0&#8243; _module_preset=&#8220;default&#8220; text_text_color=&#8220;#FFFFFF&#8220; global_colors_info=&#8220;{}&#8220;]<\/p>\n<h2 style=\"color: #fff;\">Der richtige Pferdezaun aus Kunststoff f\u00fcr jeden Zweck und Geschmack<\/h2>\n<p>Heritage Products kann Ihnen unterschiedliche Weidez\u00e4une aus Kunststoff anbieten, wie u.a.:<\/p>\n<ul>\n<li>Landscape Einz\u00e4unung<\/li>\n<li>Artwood Einz\u00e4unung<\/li>\n<li>Heritage Einz\u00e4unung<\/li>\n<\/ul>\n<p>Darunter befindet sich sicherlich auch der Pferdezaun aus Kunststoff, der Ihre Anforderungen (u.a. hinsichtlich der Witterungsbest\u00e4ndigkeit und des Aussehens) voll und ganz erf\u00fcllt. Unsere Pferdez\u00e4une aus Kunststoff sind \u00e4u\u00dferst beliebt, da sich Pferdebesitzer jetzt nicht mehr zwischen einem dauerhaften und einem stilvollen Weidezaun zu entscheiden brauchen \u2013 mit den Pferdez\u00e4unen aus Kunststoff von Heritage Products hat man beides!<\/p>\n<p>[\/et_pb_text][\/et_pb_column][et_pb_column type=&#8220;1_2&#8243; _builder_version=&#8220;4.15.0&#8243; _module_preset=&#8220;default&#8220; global_colors_info=&#8220;{}&#8220;][et_pb_image src=&#8220;https:\/\/heritage-products.nl\/wp-content\/uploads\/2018\/10\/Artwood-dark-2-1.jpg&#8220; alt=&#8220;Omheining paardenweide | Heritage Products B.V.&#8220; title_text=&#8220;Artwood-dark-2&#8243; align=&#8220;right&#8220; _builder_version=&#8220;4.15.0&#8243; _module_preset=&#8220;default&#8220; global_colors_info=&#8220;{}&#8220;][\/et_pb_image][\/et_pb_column][\/et_pb_row][\/et_pb_section][et_pb_section fb_built=&#8220;1&#8243; _builder_version=&#8220;4.15.0&#8243; _module_preset=&#8220;default&#8220; global_colors_info=&#8220;{}&#8220;][et_pb_row column_structure=&#8220;1_2,1_2&#8243; _builder_version=&#8220;4.15.0&#8243; _module_preset=&#8220;default&#8220; global_colors_info=&#8220;{}&#8220;][et_pb_column type=&#8220;1_2&#8243; _builder_version=&#8220;4.15.0&#8243; _module_preset=&#8220;default&#8220; global_colors_info=&#8220;{}&#8220;][et_pb_image src=&#8220;https:\/\/heritage-products.nl\/wp-content\/uploads\/2016\/03\/DSC_2813fb.jpg&#8220; alt=&#8220;Stal met paard | Heritage Products B.V.&#8220; title_text=&#8220;DSC_2813fb&#8220; _builder_version=&#8220;4.15.0&#8243; _module_preset=&#8220;default&#8220; global_colors_info=&#8220;{}&#8220;][\/et_pb_image][\/et_pb_column][et_pb_column type=&#8220;1_2&#8243; _builder_version=&#8220;4.15.0&#8243; _module_preset=&#8220;default&#8220; global_colors_info=&#8220;{}&#8220;][et_pb_text _builder_version=&#8220;4.15.0&#8243; _module_preset=&#8220;default&#8220; global_colors_info=&#8220;{}&#8220;]<\/p>\n<h3>Erkundigen Sie sich bei uns nach einem dauerhaften Weidezaun aus Kunststoff<\/h3>\n<p>Erkundigen Sie sich doch am besten gleich telefonisch unter <a href=\"tel:0031485575920\" style=\"text-decoration:underline;\">+31 (0)485-575920<\/a>, per E-Mail oder Kontaktformular bei uns nach einem dauerhaften und repr\u00e4sentativen <a href=\"https:\/\/heritage-products.nl\/de\/einzaeunungen.html\" style=\"text-decoration:underline;\">Pferdezaun<\/a>\u00a0aus Kunststoff.<\/p>\n<p>Wir freuen uns darauf, Ihnen gemeinsam mit unseren <a href=\"https:\/\/heritage-products.nl\/de\/dealers.html\" style=\"text-decoration:underline;\">Fachh\u00e4ndlern<\/a>\u00a0den Koppelzaun aus Kunststoff zur Verf\u00fcgung zu stellen, an dem Sie sich \u00fcber viele Jahre hinweg erfreuen werden.<\/p>\n<p>Auf Wunsch schicken wir Ihnen gerne Referenzfotos, da wir in der Vergangenheit schon zahlreiche Kunststoff-Pferdez\u00e4une zur vollsten Zufriedenheit unserer Kunden aufgestellt haben.[\/et_pb_text][\/et_pb_column][\/et_pb_row][\/et_pb_section]<\/p>\n","protected":false},"excerpt":{"rendered":"<p>\u2714 pflegeleicht\u2714 autorisierter Fachh\u00e4ndler\u2714 Sicher und nachhaltigMit einem stilvollen Pferdezaun aus Kunststoff, wie er bei dem Fachbetrieb Heritage Products erh\u00e4ltlich ist, schlagen Sie gleich mehrere Fliegen mit einer Klappe. Unsere Pferdez\u00e4une aus Kunststoff zeichnen sich aufgrund vielf\u00e4ltiger Vorteile aus: umfassende Sicherheit geringer Pflegeaufwand lange Lebensdauer repr\u00e4sentative Ausstrahlung Der richtige Pferdezaun aus Kunststoff f\u00fcr jeden Zweck [&hellip;]<\/p>\n","protected":false},"author":3,"featured_media":0,"parent":0,"menu_order":0,"comment_status":"closed","ping_status":"closed","template":"","meta":{"_acf_changed":false,"_et_pb_use_builder":"on","_et_pb_old_content":"","_et_gb_content_width":"","footnotes":""},"class_list":["post-4371","page","type-page","status-publish","hentry"],"acf":[],"yoast_head":"<!-- This site is optimized with the Yoast SEO plugin v26.4 - https:\/\/yoast.com\/wordpress\/plugins\/seo\/ -->\n<title>Pferdezaun Kunststoff - Heritage Products<\/title>\n<meta name=\"description\" content=\"Pferdezaun Kunststoff \u2713 beispiellos dauerhaft \u2713 h\u00f6chste Zweckm\u00e4\u00dfigkeit &amp; stilvoller Anblick \u2713 in Holzoptik \u2713 in klassischem Wei\u00df.\" \/>\n<meta name=\"robots\" content=\"index, follow, max-snippet:-1, max-image-preview:large, max-video-preview:-1\" \/>\n<link rel=\"canonical\" href=\"https:\/\/heritage-products.nl\/de\/pferdezaun-kunststoff.html\" \/>\n<meta property=\"og:locale\" content=\"de_DE\" \/>\n<meta property=\"og:type\" content=\"article\" \/>\n<meta property=\"og:title\" content=\"Pferdezaun Kunststoff - Heritage Products\" \/>\n<meta property=\"og:description\" content=\"Pferdezaun Kunststoff \u2713 beispiellos dauerhaft \u2713 h\u00f6chste Zweckm\u00e4\u00dfigkeit &amp; stilvoller Anblick \u2713 in Holzoptik \u2713 in klassischem Wei\u00df.\" \/>\n<meta property=\"og:url\" content=\"https:\/\/heritage-products.nl\/de\/pferdezaun-kunststoff.html\" \/>\n<meta property=\"og:site_name\" content=\"Heritage Products\" \/>\n<meta property=\"article:modified_time\" content=\"2022-07-25T14:09:56+00:00\" \/>\n<meta name=\"twitter:card\" content=\"summary_large_image\" \/>\n<meta name=\"twitter:label1\" content=\"Est. reading time\" \/>\n\t<meta name=\"twitter:data1\" content=\"2 Minuten\" \/>\n<script type=\"application\/ld+json\" class=\"yoast-schema-graph\">{\"@context\":\"https:\/\/schema.org\",\"@graph\":[{\"@type\":\"WebPage\",\"@id\":\"https:\/\/heritage-products.nl\/de\/pferdezaun-kunststoff.html\",\"url\":\"https:\/\/heritage-products.nl\/de\/pferdezaun-kunststoff.html\",\"name\":\"Pferdezaun Kunststoff - Heritage Products\",\"isPartOf\":{\"@id\":\"https:\/\/heritage-products.nl\/#website\"},\"datePublished\":\"2022-07-18T13:50:49+00:00\",\"dateModified\":\"2022-07-25T14:09:56+00:00\",\"description\":\"Pferdezaun Kunststoff \u2713 beispiellos dauerhaft \u2713 h\u00f6chste Zweckm\u00e4\u00dfigkeit & stilvoller Anblick \u2713 in Holzoptik \u2713 in klassischem Wei\u00df.\",\"breadcrumb\":{\"@id\":\"https:\/\/heritage-products.nl\/de\/pferdezaun-kunststoff.html#breadcrumb\"},\"inLanguage\":\"de-DE\",\"potentialAction\":[{\"@type\":\"ReadAction\",\"target\":[\"https:\/\/heritage-products.nl\/de\/pferdezaun-kunststoff.html\"]}]},{\"@type\":\"BreadcrumbList\",\"@id\":\"https:\/\/heritage-products.nl\/de\/pferdezaun-kunststoff.html#breadcrumb\",\"itemListElement\":[{\"@type\":\"ListItem\",\"position\":1,\"name\":\"Home\",\"item\":\"https:\/\/heritage-products.nl\/de\"},{\"@type\":\"ListItem\",\"position\":2,\"name\":\"Pferdezaun Kunststoff\"}]},{\"@type\":\"WebSite\",\"@id\":\"https:\/\/heritage-products.nl\/#website\",\"url\":\"https:\/\/heritage-products.nl\/\",\"name\":\"Heritage Products\",\"description\":\"\",\"potentialAction\":[{\"@type\":\"SearchAction\",\"target\":{\"@type\":\"EntryPoint\",\"urlTemplate\":\"https:\/\/heritage-products.nl\/?s={search_term_string}\"},\"query-input\":{\"@type\":\"PropertyValueSpecification\",\"valueRequired\":true,\"valueName\":\"search_term_string\"}}],\"inLanguage\":\"de-DE\"}]}<\/script>\n<!-- \/ Yoast SEO plugin. -->","yoast_head_json":{"title":"Pferdezaun Kunststoff - Heritage Products","description":"Pferdezaun Kunststoff \u2713 beispiellos dauerhaft \u2713 h\u00f6chste Zweckm\u00e4\u00dfigkeit & stilvoller Anblick \u2713 in Holzoptik \u2713 in klassischem Wei\u00df.","robots":{"index":"index","follow":"follow","max-snippet":"max-snippet:-1","max-image-preview":"max-image-preview:large","max-video-preview":"max-video-preview:-1"},"canonical":"https:\/\/heritage-products.nl\/de\/pferdezaun-kunststoff.html","og_locale":"de_DE","og_type":"article","og_title":"Pferdezaun Kunststoff - Heritage Products","og_description":"Pferdezaun Kunststoff \u2713 beispiellos dauerhaft \u2713 h\u00f6chste Zweckm\u00e4\u00dfigkeit & stilvoller Anblick \u2713 in Holzoptik \u2713 in klassischem Wei\u00df.","og_url":"https:\/\/heritage-products.nl\/de\/pferdezaun-kunststoff.html","og_site_name":"Heritage Products","article_modified_time":"2022-07-25T14:09:56+00:00","twitter_card":"summary_large_image","twitter_misc":{"Est. reading time":"2 Minuten"},"schema":{"@context":"https:\/\/schema.org","@graph":[{"@type":"WebPage","@id":"https:\/\/heritage-products.nl\/de\/pferdezaun-kunststoff.html","url":"https:\/\/heritage-products.nl\/de\/pferdezaun-kunststoff.html","name":"Pferdezaun Kunststoff - Heritage Products","isPartOf":{"@id":"https:\/\/heritage-products.nl\/#website"},"datePublished":"2022-07-18T13:50:49+00:00","dateModified":"2022-07-25T14:09:56+00:00","description":"Pferdezaun Kunststoff \u2713 beispiellos dauerhaft \u2713 h\u00f6chste Zweckm\u00e4\u00dfigkeit & stilvoller Anblick \u2713 in Holzoptik \u2713 in klassischem Wei\u00df.","breadcrumb":{"@id":"https:\/\/heritage-products.nl\/de\/pferdezaun-kunststoff.html#breadcrumb"},"inLanguage":"de-DE","potentialAction":[{"@type":"ReadAction","target":["https:\/\/heritage-products.nl\/de\/pferdezaun-kunststoff.html"]}]},{"@type":"BreadcrumbList","@id":"https:\/\/heritage-products.nl\/de\/pferdezaun-kunststoff.html#breadcrumb","itemListElement":[{"@type":"ListItem","position":1,"name":"Home","item":"https:\/\/heritage-products.nl\/de"},{"@type":"ListItem","position":2,"name":"Pferdezaun Kunststoff"}]},{"@type":"WebSite","@id":"https:\/\/heritage-products.nl\/#website","url":"https:\/\/heritage-products.nl\/","name":"Heritage Products","description":"","potentialAction":[{"@type":"SearchAction","target":{"@type":"EntryPoint","urlTemplate":"https:\/\/heritage-products.nl\/?s={search_term_string}"},"query-input":{"@type":"PropertyValueSpecification","valueRequired":true,"valueName":"search_term_string"}}],"inLanguage":"de-DE"}]}},"_links":{"self":[{"href":"https:\/\/heritage-products.nl\/de\/wp-json\/wp\/v2\/pages\/4371","targetHints":{"allow":["GET"]}}],"collection":[{"href":"https:\/\/heritage-products.nl\/de\/wp-json\/wp\/v2\/pages"}],"about":[{"href":"https:\/\/heritage-products.nl\/de\/wp-json\/wp\/v2\/types\/page"}],"author":[{"embeddable":true,"href":"https:\/\/heritage-products.nl\/de\/wp-json\/wp\/v2\/users\/3"}],"replies":[{"embeddable":true,"href":"https:\/\/heritage-products.nl\/de\/wp-json\/wp\/v2\/comments?post=4371"}],"version-history":[{"count":4,"href":"https:\/\/heritage-products.nl\/de\/wp-json\/wp\/v2\/pages\/4371\/revisions"}],"predecessor-version":[{"id":4516,"href":"https:\/\/heritage-products.nl\/de\/wp-json\/wp\/v2\/pages\/4371\/revisions\/4516"}],"wp:attachment":[{"href":"https:\/\/heritage-products.nl\/de\/wp-json\/wp\/v2\/media?parent=4371"}],"curies":[{"name":"wp","href":"https:\/\/api.w.org\/{rel}","templated":true}]}}