{"id":4395,"date":"2022-07-18T14:02:23","date_gmt":"2022-07-18T14:02:23","guid":{"rendered":"https:\/\/heritage-products.nl\/?page_id=4395"},"modified":"2022-07-25T14:00:27","modified_gmt":"2022-07-25T14:00:27","slug":"reitplatzumrandung-kunststoff","status":"publish","type":"page","link":"https:\/\/heritage-products.nl\/de\/reitplatzumrandung-kunststoff.html","title":{"rendered":"Reitplatzumrandung Kunststoff"},"content":{"rendered":"<p>[et_pb_section fb_built=&#8220;1&#8243; fullwidth=&#8220;on&#8220; admin_label=&#8220;Section&#8220; module_class=&#8220;grizzly__section&#8220; _builder_version=&#8220;4.15.0&#8243; _module_preset=&#8220;default&#8220; bottom_divider_style=&#8220;curve2&#8243; bottom_divider_color=&#8220;#ffffff&#8220; global_colors_info=&#8220;{}&#8220;][et_pb_fullwidth_header title=&#8220;Reitplatzumrandung Kunststoff&#8220; subhead=&#8220;Sie interessieren sich f\u00fcr unsere Produkte?&#8220; text_orientation=&#8220;center&#8220; button_one_text=&#8220;Fordern Sie ein Angebot an!&#8220; button_one_url=&#8220;https:\/\/heritage-products.nl\/de\/angebot-anfragen.html&#8220; _builder_version=&#8220;4.15.0&#8243; _module_preset=&#8220;default&#8220; title_font=&#8220;Arvo||||||||&#8220; title_font_size=&#8220;50px&#8220; content_font=&#8220;||||||||&#8220; subhead_font=&#8220;Arvo||||||||&#8220; subhead_text_color=&#8220;#FFFFFF&#8220; subhead_font_size=&#8220;20px&#8220; background_image=&#8220;https:\/\/heritage-products.nl\/wp-content\/uploads\/2022\/07\/Herritage-products-foto-header.jpg&#8220; parallax=&#8220;on&#8220; hover_enabled=&#8220;0&#8243; global_colors_info=&#8220;{}&#8220; alt=&#8220;Longeren | Heritage Producten&#8220; title_text=&#8220;Herritage products foto header&#8220; sticky_enabled=&#8220;0&#8243;][\/et_pb_fullwidth_header][\/et_pb_section][et_pb_section fb_built=&#8220;1&#8243; _builder_version=&#8220;4.15.0&#8243; _module_preset=&#8220;default&#8220; global_colors_info=&#8220;{}&#8220;][et_pb_row column_structure=&#8220;1_3,1_3,1_3&#8243; _builder_version=&#8220;4.15.0&#8243; _module_preset=&#8220;default&#8220; global_colors_info=&#8220;{}&#8220;][et_pb_column type=&#8220;1_3&#8243; _builder_version=&#8220;4.15.0&#8243; _module_preset=&#8220;default&#8220; global_colors_info=&#8220;{}&#8220;][et_pb_text _builder_version=&#8220;4.15.0&#8243; _module_preset=&#8220;default&#8220; text_font_size=&#8220;16px&#8220; global_colors_info=&#8220;{}&#8220;]<\/p>\n<p style=\"text-align: center;\"><strong><span class=\"Y2IQFc\" lang=\"de\">\u2714 pflegeleicht<\/span><\/strong><\/p>\n<p>[\/et_pb_text][\/et_pb_column][et_pb_column type=&#8220;1_3&#8243; _builder_version=&#8220;4.15.0&#8243; _module_preset=&#8220;default&#8220; global_colors_info=&#8220;{}&#8220;][et_pb_text _builder_version=&#8220;4.15.0&#8243; _module_preset=&#8220;default&#8220; text_font_size=&#8220;16px&#8220; global_colors_info=&#8220;{}&#8220;]<\/p>\n<p style=\"text-align: center;\"><strong><span class=\"Y2IQFc\" lang=\"de\">\u2714 autorisierter Fachh\u00e4ndler<\/span><\/strong><\/p>\n<p>[\/et_pb_text][\/et_pb_column][et_pb_column type=&#8220;1_3&#8243; _builder_version=&#8220;4.15.0&#8243; _module_preset=&#8220;default&#8220; global_colors_info=&#8220;{}&#8220;][et_pb_text _builder_version=&#8220;4.15.0&#8243; _module_preset=&#8220;default&#8220; text_font_size=&#8220;16px&#8220; global_colors_info=&#8220;{}&#8220;]<\/p>\n<p style=\"text-align: center;\"><strong><span class=\"Y2IQFc\" lang=\"de\">\u2714 <\/span><span class=\"Y2IQFc\" lang=\"de\">Sicher und nachhaltig<\/span><\/strong><\/p>\n<p>[\/et_pb_text][\/et_pb_column][\/et_pb_row][et_pb_row _builder_version=&#8220;4.15.0&#8243; _module_preset=&#8220;default&#8220; global_colors_info=&#8220;{}&#8220;][et_pb_column type=&#8220;4_4&#8243; _builder_version=&#8220;4.15.0&#8243; _module_preset=&#8220;default&#8220; global_colors_info=&#8220;{}&#8220;][et_pb_text _builder_version=&#8220;4.15.0&#8243; _module_preset=&#8220;default&#8220; global_colors_info=&#8220;{}&#8220;]<\/p>\n<p>Eine Reitplatzumrandung aus Kunststoff, wie sie von Heritage Products geliefert und aufgestellt werden kann, muss in erster Linie sicher sein. Das ist das oberste Gebot f\u00fcr Heritage Products. Die kompetenten Fachkr\u00e4fte dieses niederl\u00e4ndischen Betriebs sind selbst praktisch ausnahmslos auch Pferdehalter und wissen, welche gef\u00e4hrlichen Situationen auf den Weiden entstehen k\u00f6nnen und wie unvorhersehbar das Verhalten von Pferden sein kann. Deshalb wurde dem Aspekt der Sicherheit bei der Konstruktion einer Umz\u00e4unung ausreichend Rechnung getragen.<\/p>\n<p>Bei Heritage Products gibt es Z\u00e4une aus hochwertigem PVC-Material, die von Holzumz\u00e4unungen \u00e4u\u00dferlich nicht zu unterscheiden sind, im Hinblick auf die<\/p>\n<ul>\n<li>Lebensdauer<\/li>\n<li>Pflege<\/li>\n<li>Instandhaltung<\/li>\n<li>jedoch entscheidende Vorteile aufweisen.<\/li>\n<\/ul>\n<p>[\/et_pb_text][\/et_pb_column][\/et_pb_row][\/et_pb_section][et_pb_section fb_built=&#8220;1&#8243; _builder_version=&#8220;4.15.0&#8243; _module_preset=&#8220;default&#8220; background_color=&#8220;#dd3333&#8243; global_colors_info=&#8220;{}&#8220;][et_pb_row column_structure=&#8220;1_2,1_2&#8243; _builder_version=&#8220;4.15.0&#8243; _module_preset=&#8220;default&#8220; global_colors_info=&#8220;{}&#8220;][et_pb_column type=&#8220;1_2&#8243; _builder_version=&#8220;4.15.0&#8243; _module_preset=&#8220;default&#8220; global_colors_info=&#8220;{}&#8220;][et_pb_text _builder_version=&#8220;4.15.0&#8243; _module_preset=&#8220;default&#8220; text_text_color=&#8220;#FFFFFF&#8220; global_colors_info=&#8220;{}&#8220;]<\/p>\n<h2 style=\"color: #fff;\">Pflegeleichte und schicke Reitplatzumrandung aus Kunststoff<\/h2>\n<p>Die Pferdehaltung ist bereits ein sehr zeitaufwendiges und kostspieliges Gesch\u00e4ft. Deshalb m\u00f6chten Sie in die Instandhaltung Ihrer Anlage nicht mehr Zeit und Geld investieren als unbedingt n\u00f6tig ist. Die lange Lebensdauer und die Pflegeleichtigkeit der <a href=\"https:\/\/heritage-products.nl\/de\/einzaeunungen.html\" style=\"color: #fff; text-decoration:underline;\">Reitplatzumrandungen aus Kunststoff<\/a>\u00a0von Heritage Products werden Ihnen in Zukunft viel Kummer ersparen. Wenn Sie m\u00f6chten, \u00fcbernehmen wir die ganze Planung und den Aufbau der gew\u00fcnschten Reitplatzumrandung aus Kunststoff. Und wenn die Z\u00e4une einmal stehen, haben Sie jahrelang ausgesorgt![\/et_pb_text][\/et_pb_column][et_pb_column type=&#8220;1_2&#8243; _builder_version=&#8220;4.15.0&#8243; _module_preset=&#8220;default&#8220; global_colors_info=&#8220;{}&#8220;][et_pb_image src=&#8220;https:\/\/heritage-products.nl\/wp-content\/uploads\/2021\/10\/DSC1139-1-4.jpg&#8220; alt=&#8220;Dressuur-arena | Heritage Products B.V.&#8220; title_text=&#8220;_DSC1139-1&#8243; align=&#8220;right&#8220; _builder_version=&#8220;4.15.0&#8243; _module_preset=&#8220;default&#8220; global_colors_info=&#8220;{}&#8220;][\/et_pb_image][\/et_pb_column][\/et_pb_row][\/et_pb_section][et_pb_section fb_built=&#8220;1&#8243; _builder_version=&#8220;4.15.0&#8243; _module_preset=&#8220;default&#8220; global_colors_info=&#8220;{}&#8220;][et_pb_row column_structure=&#8220;1_2,1_2&#8243; _builder_version=&#8220;4.15.0&#8243; _module_preset=&#8220;default&#8220; global_colors_info=&#8220;{}&#8220;][et_pb_column type=&#8220;1_2&#8243; _builder_version=&#8220;4.15.0&#8243; _module_preset=&#8220;default&#8220; global_colors_info=&#8220;{}&#8220;][et_pb_image src=&#8220;https:\/\/heritage-products.nl\/wp-content\/uploads\/2016\/03\/DSC_2813fb.jpg&#8220; alt=&#8220;Stal met paard | Heritage Products B.V.&#8220; title_text=&#8220;DSC_2813fb&#8220; _builder_version=&#8220;4.15.0&#8243; _module_preset=&#8220;default&#8220; global_colors_info=&#8220;{}&#8220;][\/et_pb_image][\/et_pb_column][et_pb_column type=&#8220;1_2&#8243; _builder_version=&#8220;4.15.0&#8243; _module_preset=&#8220;default&#8220; global_colors_info=&#8220;{}&#8220;][et_pb_text _builder_version=&#8220;4.15.0&#8243; _module_preset=&#8220;default&#8220; global_colors_info=&#8220;{}&#8220;]<\/p>\n<h3>Informieren Sie sich<\/h3>\n<p>Erkundigen Sie sich bei Heritage Products selbst unter <a href=\"tel:0031485575920\" style=\"text-decoration:underline;\">+31 (0)485-575920<\/a> oder bei einem der <a href=\"https:\/\/heritage-products.nl\/de\/dealers.html\" style=\"text-decoration:underline;\">Fachh\u00e4ndler<\/a>\u00a0in Deutschland oder in der Schweiz nach unseren Kunststoff-Umz\u00e4unungen und unseren <a href=\"https:\/\/heritage-products.nl\/de\/dressur.html\" style=\"text-decoration:underline;\">Dressurplatzeinfassungen<\/a>. Wir stellen Ihnen gerne die Reitplatzumrandung aus Kunststoff vor, die f\u00fcr Ihre Anlage die beste ist.[\/et_pb_text][\/et_pb_column][\/et_pb_row][\/et_pb_section]<\/p>\n","protected":false},"excerpt":{"rendered":"<p>\u2714 pflegeleicht\u2714 autorisierter Fachh\u00e4ndler\u2714 Sicher und nachhaltigEine Reitplatzumrandung aus Kunststoff, wie sie von Heritage Products geliefert und aufgestellt werden kann, muss in erster Linie sicher sein. Das ist das oberste Gebot f\u00fcr Heritage Products. Die kompetenten Fachkr\u00e4fte dieses niederl\u00e4ndischen Betriebs sind selbst praktisch ausnahmslos auch Pferdehalter und wissen, welche gef\u00e4hrlichen Situationen auf den Weiden entstehen [&hellip;]<\/p>\n","protected":false},"author":3,"featured_media":0,"parent":0,"menu_order":0,"comment_status":"closed","ping_status":"closed","template":"","meta":{"_acf_changed":false,"_et_pb_use_builder":"on","_et_pb_old_content":"","_et_gb_content_width":"","footnotes":""},"class_list":["post-4395","page","type-page","status-publish","hentry"],"acf":[],"yoast_head":"<!-- This site is optimized with the Yoast SEO plugin v26.4 - https:\/\/yoast.com\/wordpress\/plugins\/seo\/ -->\n<title>Reitplatzumrandung Kunststoff - Heritage Products<\/title>\n<meta name=\"description\" content=\"Reitplatzumrandung Kunststoff \u2713 minimaler Pflegeaufwand \u2713 Robust, sicher und schick zugleich \u2713 Z\u00e4une nach Ma\u00df \u2713 Reitsportspezialist.\" \/>\n<meta name=\"robots\" content=\"index, follow, max-snippet:-1, max-image-preview:large, max-video-preview:-1\" \/>\n<link rel=\"canonical\" href=\"https:\/\/heritage-products.nl\/de\/reitplatzumrandung-kunststoff.html\" \/>\n<meta property=\"og:locale\" content=\"de_DE\" \/>\n<meta property=\"og:type\" content=\"article\" \/>\n<meta property=\"og:title\" content=\"Reitplatzumrandung Kunststoff - Heritage Products\" \/>\n<meta property=\"og:description\" content=\"Reitplatzumrandung Kunststoff \u2713 minimaler Pflegeaufwand \u2713 Robust, sicher und schick zugleich \u2713 Z\u00e4une nach Ma\u00df \u2713 Reitsportspezialist.\" \/>\n<meta property=\"og:url\" content=\"https:\/\/heritage-products.nl\/de\/reitplatzumrandung-kunststoff.html\" \/>\n<meta property=\"og:site_name\" content=\"Heritage Products\" \/>\n<meta property=\"article:modified_time\" content=\"2022-07-25T14:00:27+00:00\" \/>\n<meta name=\"twitter:card\" content=\"summary_large_image\" \/>\n<meta name=\"twitter:label1\" content=\"Est. reading time\" \/>\n\t<meta name=\"twitter:data1\" content=\"2 Minuten\" \/>\n<script type=\"application\/ld+json\" class=\"yoast-schema-graph\">{\"@context\":\"https:\/\/schema.org\",\"@graph\":[{\"@type\":\"WebPage\",\"@id\":\"https:\/\/heritage-products.nl\/de\/reitplatzumrandung-kunststoff.html\",\"url\":\"https:\/\/heritage-products.nl\/de\/reitplatzumrandung-kunststoff.html\",\"name\":\"Reitplatzumrandung Kunststoff - Heritage Products\",\"isPartOf\":{\"@id\":\"https:\/\/heritage-products.nl\/#website\"},\"datePublished\":\"2022-07-18T14:02:23+00:00\",\"dateModified\":\"2022-07-25T14:00:27+00:00\",\"description\":\"Reitplatzumrandung Kunststoff \u2713 minimaler Pflegeaufwand \u2713 Robust, sicher und schick zugleich \u2713 Z\u00e4une nach Ma\u00df \u2713 Reitsportspezialist.\",\"breadcrumb\":{\"@id\":\"https:\/\/heritage-products.nl\/de\/reitplatzumrandung-kunststoff.html#breadcrumb\"},\"inLanguage\":\"de-DE\",\"potentialAction\":[{\"@type\":\"ReadAction\",\"target\":[\"https:\/\/heritage-products.nl\/de\/reitplatzumrandung-kunststoff.html\"]}]},{\"@type\":\"BreadcrumbList\",\"@id\":\"https:\/\/heritage-products.nl\/de\/reitplatzumrandung-kunststoff.html#breadcrumb\",\"itemListElement\":[{\"@type\":\"ListItem\",\"position\":1,\"name\":\"Home\",\"item\":\"https:\/\/heritage-products.nl\/de\"},{\"@type\":\"ListItem\",\"position\":2,\"name\":\"Reitplatzumrandung Kunststoff\"}]},{\"@type\":\"WebSite\",\"@id\":\"https:\/\/heritage-products.nl\/#website\",\"url\":\"https:\/\/heritage-products.nl\/\",\"name\":\"Heritage Products\",\"description\":\"\",\"potentialAction\":[{\"@type\":\"SearchAction\",\"target\":{\"@type\":\"EntryPoint\",\"urlTemplate\":\"https:\/\/heritage-products.nl\/?s={search_term_string}\"},\"query-input\":{\"@type\":\"PropertyValueSpecification\",\"valueRequired\":true,\"valueName\":\"search_term_string\"}}],\"inLanguage\":\"de-DE\"}]}<\/script>\n<!-- \/ Yoast SEO plugin. -->","yoast_head_json":{"title":"Reitplatzumrandung Kunststoff - Heritage Products","description":"Reitplatzumrandung Kunststoff \u2713 minimaler Pflegeaufwand \u2713 Robust, sicher und schick zugleich \u2713 Z\u00e4une nach Ma\u00df \u2713 Reitsportspezialist.","robots":{"index":"index","follow":"follow","max-snippet":"max-snippet:-1","max-image-preview":"max-image-preview:large","max-video-preview":"max-video-preview:-1"},"canonical":"https:\/\/heritage-products.nl\/de\/reitplatzumrandung-kunststoff.html","og_locale":"de_DE","og_type":"article","og_title":"Reitplatzumrandung Kunststoff - Heritage Products","og_description":"Reitplatzumrandung Kunststoff \u2713 minimaler Pflegeaufwand \u2713 Robust, sicher und schick zugleich \u2713 Z\u00e4une nach Ma\u00df \u2713 Reitsportspezialist.","og_url":"https:\/\/heritage-products.nl\/de\/reitplatzumrandung-kunststoff.html","og_site_name":"Heritage Products","article_modified_time":"2022-07-25T14:00:27+00:00","twitter_card":"summary_large_image","twitter_misc":{"Est. reading time":"2 Minuten"},"schema":{"@context":"https:\/\/schema.org","@graph":[{"@type":"WebPage","@id":"https:\/\/heritage-products.nl\/de\/reitplatzumrandung-kunststoff.html","url":"https:\/\/heritage-products.nl\/de\/reitplatzumrandung-kunststoff.html","name":"Reitplatzumrandung Kunststoff - Heritage Products","isPartOf":{"@id":"https:\/\/heritage-products.nl\/#website"},"datePublished":"2022-07-18T14:02:23+00:00","dateModified":"2022-07-25T14:00:27+00:00","description":"Reitplatzumrandung Kunststoff \u2713 minimaler Pflegeaufwand \u2713 Robust, sicher und schick zugleich \u2713 Z\u00e4une nach Ma\u00df \u2713 Reitsportspezialist.","breadcrumb":{"@id":"https:\/\/heritage-products.nl\/de\/reitplatzumrandung-kunststoff.html#breadcrumb"},"inLanguage":"de-DE","potentialAction":[{"@type":"ReadAction","target":["https:\/\/heritage-products.nl\/de\/reitplatzumrandung-kunststoff.html"]}]},{"@type":"BreadcrumbList","@id":"https:\/\/heritage-products.nl\/de\/reitplatzumrandung-kunststoff.html#breadcrumb","itemListElement":[{"@type":"ListItem","position":1,"name":"Home","item":"https:\/\/heritage-products.nl\/de"},{"@type":"ListItem","position":2,"name":"Reitplatzumrandung Kunststoff"}]},{"@type":"WebSite","@id":"https:\/\/heritage-products.nl\/#website","url":"https:\/\/heritage-products.nl\/","name":"Heritage Products","description":"","potentialAction":[{"@type":"SearchAction","target":{"@type":"EntryPoint","urlTemplate":"https:\/\/heritage-products.nl\/?s={search_term_string}"},"query-input":{"@type":"PropertyValueSpecification","valueRequired":true,"valueName":"search_term_string"}}],"inLanguage":"de-DE"}]}},"_links":{"self":[{"href":"https:\/\/heritage-products.nl\/de\/wp-json\/wp\/v2\/pages\/4395","targetHints":{"allow":["GET"]}}],"collection":[{"href":"https:\/\/heritage-products.nl\/de\/wp-json\/wp\/v2\/pages"}],"about":[{"href":"https:\/\/heritage-products.nl\/de\/wp-json\/wp\/v2\/types\/page"}],"author":[{"embeddable":true,"href":"https:\/\/heritage-products.nl\/de\/wp-json\/wp\/v2\/users\/3"}],"replies":[{"embeddable":true,"href":"https:\/\/heritage-products.nl\/de\/wp-json\/wp\/v2\/comments?post=4395"}],"version-history":[{"count":4,"href":"https:\/\/heritage-products.nl\/de\/wp-json\/wp\/v2\/pages\/4395\/revisions"}],"predecessor-version":[{"id":4512,"href":"https:\/\/heritage-products.nl\/de\/wp-json\/wp\/v2\/pages\/4395\/revisions\/4512"}],"wp:attachment":[{"href":"https:\/\/heritage-products.nl\/de\/wp-json\/wp\/v2\/media?parent=4395"}],"curies":[{"name":"wp","href":"https:\/\/api.w.org\/{rel}","templated":true}]}}