{"id":4404,"date":"2022-07-18T14:06:26","date_gmt":"2022-07-18T14:06:26","guid":{"rendered":"https:\/\/heritage-products.nl\/?page_id=4404"},"modified":"2022-07-25T13:59:33","modified_gmt":"2022-07-25T13:59:33","slug":"reitplatzumzaunung","status":"publish","type":"page","link":"https:\/\/heritage-products.nl\/de\/reitplatzumzaunung.html","title":{"rendered":"Reitplatzumz\u00e4unung"},"content":{"rendered":"<p>[et_pb_section fb_built=&#8220;1&#8243; fullwidth=&#8220;on&#8220; admin_label=&#8220;Section&#8220; module_class=&#8220;grizzly__section&#8220; _builder_version=&#8220;4.15.0&#8243; _module_preset=&#8220;default&#8220; bottom_divider_style=&#8220;curve2&#8243; bottom_divider_color=&#8220;#ffffff&#8220; global_colors_info=&#8220;{}&#8220;][et_pb_fullwidth_header title=&#8220;Reitplatzumz\u00e4unung&#8220; subhead=&#8220;Sie interessieren sich f\u00fcr unsere Produkte?&#8220; text_orientation=&#8220;center&#8220; button_one_text=&#8220;Fordern Sie ein Angebot an!&#8220; button_one_url=&#8220;https:\/\/heritage-products.nl\/de\/angebot-anfragen.html&#8220; _builder_version=&#8220;4.15.0&#8243; _module_preset=&#8220;default&#8220; title_font=&#8220;Arvo||||||||&#8220; title_font_size=&#8220;50px&#8220; content_font=&#8220;||||||||&#8220; subhead_font=&#8220;Arvo||||||||&#8220; subhead_text_color=&#8220;#FFFFFF&#8220; subhead_font_size=&#8220;20px&#8220; background_image=&#8220;https:\/\/heritage-products.nl\/wp-content\/uploads\/2022\/07\/Herritage-products-foto-header.jpg&#8220; parallax=&#8220;on&#8220; hover_enabled=&#8220;0&#8243; global_colors_info=&#8220;{}&#8220; alt=&#8220;Longeren | Heritage Producten&#8220; title_text=&#8220;Herritage products foto header&#8220; sticky_enabled=&#8220;0&#8243;][\/et_pb_fullwidth_header][\/et_pb_section][et_pb_section fb_built=&#8220;1&#8243; _builder_version=&#8220;4.15.0&#8243; _module_preset=&#8220;default&#8220; global_colors_info=&#8220;{}&#8220;][et_pb_row column_structure=&#8220;1_3,1_3,1_3&#8243; _builder_version=&#8220;4.15.0&#8243; _module_preset=&#8220;default&#8220; global_colors_info=&#8220;{}&#8220;][et_pb_column type=&#8220;1_3&#8243; _builder_version=&#8220;4.15.0&#8243; _module_preset=&#8220;default&#8220; global_colors_info=&#8220;{}&#8220;][et_pb_text _builder_version=&#8220;4.15.0&#8243; _module_preset=&#8220;default&#8220; text_font_size=&#8220;16px&#8220; global_colors_info=&#8220;{}&#8220;]<\/p>\n<p style=\"text-align: center;\"><strong><span class=\"Y2IQFc\" lang=\"de\">\u2714 pflegeleicht<\/span><\/strong><\/p>\n<p>[\/et_pb_text][\/et_pb_column][et_pb_column type=&#8220;1_3&#8243; _builder_version=&#8220;4.15.0&#8243; _module_preset=&#8220;default&#8220; global_colors_info=&#8220;{}&#8220;][et_pb_text _builder_version=&#8220;4.15.0&#8243; _module_preset=&#8220;default&#8220; text_font_size=&#8220;16px&#8220; global_colors_info=&#8220;{}&#8220;]<\/p>\n<p style=\"text-align: center;\"><strong><span class=\"Y2IQFc\" lang=\"de\">\u2714 autorisierter Fachh\u00e4ndler<\/span><\/strong><\/p>\n<p>[\/et_pb_text][\/et_pb_column][et_pb_column type=&#8220;1_3&#8243; _builder_version=&#8220;4.15.0&#8243; _module_preset=&#8220;default&#8220; global_colors_info=&#8220;{}&#8220;][et_pb_text _builder_version=&#8220;4.15.0&#8243; _module_preset=&#8220;default&#8220; text_font_size=&#8220;16px&#8220; global_colors_info=&#8220;{}&#8220;]<\/p>\n<p style=\"text-align: center;\"><strong><span class=\"Y2IQFc\" lang=\"de\">\u2714 <\/span><span class=\"Y2IQFc\" lang=\"de\">Sicher und nachhaltig<\/span><\/strong><\/p>\n<p>[\/et_pb_text][\/et_pb_column][\/et_pb_row][et_pb_row _builder_version=&#8220;4.15.0&#8243; _module_preset=&#8220;default&#8220; global_colors_info=&#8220;{}&#8220;][et_pb_column type=&#8220;4_4&#8243; _builder_version=&#8220;4.15.0&#8243; _module_preset=&#8220;default&#8220; global_colors_info=&#8220;{}&#8220;][et_pb_text _builder_version=&#8220;4.15.0&#8243; _module_preset=&#8220;default&#8220; global_colors_info=&#8220;{}&#8220;]<\/p>\n<p>Eine sachgerechte Reitplatzumz\u00e4unung von Heritage Products beugt unsch\u00f6nen und langwierigen Verletzungen Ihrer Pferde vor. Au\u00dferdem sollte der Zaun selbst auch eine Augenweide bilden und zur sch\u00f6nen Ausstrahlung Ihrer Anlage beitragen. Zu guter Letzt ist es unbedingt erforderlich, dass die Reitplatzumz\u00e4unungen bei einem geringen Pflegeaufwand eine lange Lebensdauer aufweisen. Die ma\u00dfgeschneiderten Z\u00e4une, wie sie von dem anerkannten niederl\u00e4ndischen Reitsport-Spezialisten und Zaunhersteller Heritage Products angeboten werden, werden diesen gesamten Anforderungen in vollem Umfang gerecht.<\/p>\n<p>[\/et_pb_text][\/et_pb_column][\/et_pb_row][\/et_pb_section][et_pb_section fb_built=&#8220;1&#8243; _builder_version=&#8220;4.15.0&#8243; _module_preset=&#8220;default&#8220; background_color=&#8220;#dd3333&#8243; global_colors_info=&#8220;{}&#8220;][et_pb_row column_structure=&#8220;1_2,1_2&#8243; _builder_version=&#8220;4.15.0&#8243; _module_preset=&#8220;default&#8220; global_colors_info=&#8220;{}&#8220;][et_pb_column type=&#8220;1_2&#8243; _builder_version=&#8220;4.15.0&#8243; _module_preset=&#8220;default&#8220; global_colors_info=&#8220;{}&#8220;][et_pb_text _builder_version=&#8220;4.15.0&#8243; _module_preset=&#8220;default&#8220; text_text_color=&#8220;#FFFFFF&#8220; global_colors_info=&#8220;{}&#8220;]<\/p>\n<h2 style=\"color: #fff;\">Hochwertige Reitplatzumz\u00e4unung aus Kunststoff<\/h2>\n<p>Eine <a href=\"https:\/\/heritage-products.nl\/de\/einzaeunungen.html\" style=\"color: #fff; text-decoration:underline;\">Reitplatzumz\u00e4unung<\/a>\u00a0von Heritage Products, die aus hochwertigem Kunststoff gefertigt wird, kennzeichnet sich u.a. durch die folgenden Eigenschaften:<\/p>\n<ul>\n<li>elegantes Erscheinungsbild (da die Z\u00e4une farbecht und formsch\u00f6n sind)<\/li>\n<li>\u00e4u\u00dferst geringer Pflegeaufwand (Feuchtigkeit kann PVC nichts anhaben)<\/li>\n<li>lange Lebensdauer (da die Z\u00e4une auf Wunsch aus praktisch unverw\u00fcstlichem Material bestehen)<\/li>\n<li>Umweltvertr\u00e4glichkeit (aufgrund der Wiederverwertbarkeit des Materials)<\/li>\n<\/ul>\n<p>[\/et_pb_text][\/et_pb_column][et_pb_column type=&#8220;1_2&#8243; _builder_version=&#8220;4.15.0&#8243; _module_preset=&#8220;default&#8220; global_colors_info=&#8220;{}&#8220;][et_pb_image src=&#8220;https:\/\/heritage-products.nl\/wp-content\/uploads\/2018\/10\/Artwood-dark-2-1.jpg&#8220; alt=&#8220;Omheining paardenweide | Heritage Products B.V.&#8220; title_text=&#8220;Artwood-dark-2&#8243; align=&#8220;right&#8220; _builder_version=&#8220;4.15.0&#8243; _module_preset=&#8220;default&#8220; global_colors_info=&#8220;{}&#8220;][\/et_pb_image][\/et_pb_column][\/et_pb_row][\/et_pb_section][et_pb_section fb_built=&#8220;1&#8243; _builder_version=&#8220;4.15.0&#8243; _module_preset=&#8220;default&#8220; global_colors_info=&#8220;{}&#8220;][et_pb_row column_structure=&#8220;1_2,1_2&#8243; _builder_version=&#8220;4.15.0&#8243; _module_preset=&#8220;default&#8220; global_colors_info=&#8220;{}&#8220;][et_pb_column type=&#8220;1_2&#8243; _builder_version=&#8220;4.15.0&#8243; _module_preset=&#8220;default&#8220; global_colors_info=&#8220;{}&#8220;][et_pb_image src=&#8220;https:\/\/heritage-products.nl\/wp-content\/uploads\/2016\/03\/DSC_2813fb.jpg&#8220; alt=&#8220;Stal met paard | Heritage Products B.V.&#8220; title_text=&#8220;DSC_2813fb&#8220; _builder_version=&#8220;4.15.0&#8243; _module_preset=&#8220;default&#8220; global_colors_info=&#8220;{}&#8220;][\/et_pb_image][\/et_pb_column][et_pb_column type=&#8220;1_2&#8243; _builder_version=&#8220;4.15.0&#8243; _module_preset=&#8220;default&#8220; global_colors_info=&#8220;{}&#8220;][et_pb_text _builder_version=&#8220;4.15.0&#8243; _module_preset=&#8220;default&#8220; global_colors_info=&#8220;{}&#8220;]<\/p>\n<h3>\u00dcberzeugen Sie sich selbst<\/h3>\n<p>Bei uns im niederl\u00e4ndischen Sambeek oder bei unseren ausgew\u00e4hlten, deutschen oder Schweizer <a href=\"https:\/\/heritage-products.nl\/de\/dealers.html\" style=\"text-decoration:underline;\">Fachh\u00e4ndlern<\/a>\u00a0sind Sie herzlich dazu eingeladen, sich mit Ihren eigenen Augen von der \u00fcberragenden Qualit\u00e4t unserer Reitplatzumz\u00e4unung bzw. unserer <a href=\"https:\/\/heritage-products.nl\/de\/dressur.html\" style=\"text-decoration:underline;\">Dressurplatzeinfassungen<\/a>\u00a0zu \u00fcberzeugen. Sehen Sie es schon vor sich, wie sich Ihr Reitplatz mit einem solchen schicken Zaun machen w\u00fcrde? Wir vereinen mit unseren Umz\u00e4unungen f\u00fcr Ihren Reitplatz \u00c4sthetik und Funktionalit\u00e4t und das auch noch zu einem erstaunlich g\u00fcnstigen Preis. Bei Fragen k\u00f6nnen Sie uns erreichen unter <a href=\"tel:0031485575920\" style=\"text-decoration:underline;\">+31 (0)485-575920<\/a>.[\/et_pb_text][\/et_pb_column][\/et_pb_row][\/et_pb_section]<\/p>\n","protected":false},"excerpt":{"rendered":"<p>\u2714 pflegeleicht\u2714 autorisierter Fachh\u00e4ndler\u2714 Sicher und nachhaltigEine sachgerechte Reitplatzumz\u00e4unung von Heritage Products beugt unsch\u00f6nen und langwierigen Verletzungen Ihrer Pferde vor. Au\u00dferdem sollte der Zaun selbst auch eine Augenweide bilden und zur sch\u00f6nen Ausstrahlung Ihrer Anlage beitragen. Zu guter Letzt ist es unbedingt erforderlich, dass die Reitplatzumz\u00e4unungen bei einem geringen Pflegeaufwand eine lange Lebensdauer aufweisen. Die [&hellip;]<\/p>\n","protected":false},"author":3,"featured_media":0,"parent":0,"menu_order":0,"comment_status":"closed","ping_status":"closed","template":"","meta":{"_acf_changed":false,"_et_pb_use_builder":"on","_et_pb_old_content":"","_et_gb_content_width":"","footnotes":""},"class_list":["post-4404","page","type-page","status-publish","hentry"],"acf":[],"yoast_head":"<!-- This site is optimized with the Yoast SEO plugin v26.4 - https:\/\/yoast.com\/wordpress\/plugins\/seo\/ -->\n<title>Reitplatzumz\u00e4unung - Heritage Products<\/title>\n<meta name=\"description\" content=\"Reitplatzumz\u00e4unung \u2713 umfassend bew\u00e4hrte L\u00f6sungen f\u00fcr Ihre Reitanlage \u2713 \u00e4u\u00dferst dauerhafte &amp; sichere Z\u00e4une \u2713 elegante Ausstrahlung.\" \/>\n<meta name=\"robots\" content=\"index, follow, max-snippet:-1, max-image-preview:large, max-video-preview:-1\" \/>\n<link rel=\"canonical\" href=\"https:\/\/heritage-products.nl\/de\/reitplatzumzaunung.html\" \/>\n<meta property=\"og:locale\" content=\"de_DE\" \/>\n<meta property=\"og:type\" content=\"article\" \/>\n<meta property=\"og:title\" content=\"Reitplatzumz\u00e4unung - Heritage Products\" \/>\n<meta property=\"og:description\" content=\"Reitplatzumz\u00e4unung \u2713 umfassend bew\u00e4hrte L\u00f6sungen f\u00fcr Ihre Reitanlage \u2713 \u00e4u\u00dferst dauerhafte &amp; sichere Z\u00e4une \u2713 elegante Ausstrahlung.\" \/>\n<meta property=\"og:url\" content=\"https:\/\/heritage-products.nl\/de\/reitplatzumzaunung.html\" \/>\n<meta property=\"og:site_name\" content=\"Heritage Products\" \/>\n<meta property=\"article:modified_time\" content=\"2022-07-25T13:59:33+00:00\" \/>\n<meta name=\"twitter:card\" content=\"summary_large_image\" \/>\n<meta name=\"twitter:label1\" content=\"Est. reading time\" \/>\n\t<meta name=\"twitter:data1\" content=\"2 Minuten\" \/>\n<script type=\"application\/ld+json\" class=\"yoast-schema-graph\">{\"@context\":\"https:\/\/schema.org\",\"@graph\":[{\"@type\":\"WebPage\",\"@id\":\"https:\/\/heritage-products.nl\/de\/reitplatzumzaunung.html\",\"url\":\"https:\/\/heritage-products.nl\/de\/reitplatzumzaunung.html\",\"name\":\"Reitplatzumz\u00e4unung - Heritage Products\",\"isPartOf\":{\"@id\":\"https:\/\/heritage-products.nl\/#website\"},\"datePublished\":\"2022-07-18T14:06:26+00:00\",\"dateModified\":\"2022-07-25T13:59:33+00:00\",\"description\":\"Reitplatzumz\u00e4unung \u2713 umfassend bew\u00e4hrte L\u00f6sungen f\u00fcr Ihre Reitanlage \u2713 \u00e4u\u00dferst dauerhafte & sichere Z\u00e4une \u2713 elegante Ausstrahlung.\",\"breadcrumb\":{\"@id\":\"https:\/\/heritage-products.nl\/de\/reitplatzumzaunung.html#breadcrumb\"},\"inLanguage\":\"de-DE\",\"potentialAction\":[{\"@type\":\"ReadAction\",\"target\":[\"https:\/\/heritage-products.nl\/de\/reitplatzumzaunung.html\"]}]},{\"@type\":\"BreadcrumbList\",\"@id\":\"https:\/\/heritage-products.nl\/de\/reitplatzumzaunung.html#breadcrumb\",\"itemListElement\":[{\"@type\":\"ListItem\",\"position\":1,\"name\":\"Home\",\"item\":\"https:\/\/heritage-products.nl\/de\"},{\"@type\":\"ListItem\",\"position\":2,\"name\":\"Reitplatzumz\u00e4unung\"}]},{\"@type\":\"WebSite\",\"@id\":\"https:\/\/heritage-products.nl\/#website\",\"url\":\"https:\/\/heritage-products.nl\/\",\"name\":\"Heritage Products\",\"description\":\"\",\"potentialAction\":[{\"@type\":\"SearchAction\",\"target\":{\"@type\":\"EntryPoint\",\"urlTemplate\":\"https:\/\/heritage-products.nl\/?s={search_term_string}\"},\"query-input\":{\"@type\":\"PropertyValueSpecification\",\"valueRequired\":true,\"valueName\":\"search_term_string\"}}],\"inLanguage\":\"de-DE\"}]}<\/script>\n<!-- \/ Yoast SEO plugin. -->","yoast_head_json":{"title":"Reitplatzumz\u00e4unung - Heritage Products","description":"Reitplatzumz\u00e4unung \u2713 umfassend bew\u00e4hrte L\u00f6sungen f\u00fcr Ihre Reitanlage \u2713 \u00e4u\u00dferst dauerhafte & sichere Z\u00e4une \u2713 elegante Ausstrahlung.","robots":{"index":"index","follow":"follow","max-snippet":"max-snippet:-1","max-image-preview":"max-image-preview:large","max-video-preview":"max-video-preview:-1"},"canonical":"https:\/\/heritage-products.nl\/de\/reitplatzumzaunung.html","og_locale":"de_DE","og_type":"article","og_title":"Reitplatzumz\u00e4unung - Heritage Products","og_description":"Reitplatzumz\u00e4unung \u2713 umfassend bew\u00e4hrte L\u00f6sungen f\u00fcr Ihre Reitanlage \u2713 \u00e4u\u00dferst dauerhafte & sichere Z\u00e4une \u2713 elegante Ausstrahlung.","og_url":"https:\/\/heritage-products.nl\/de\/reitplatzumzaunung.html","og_site_name":"Heritage Products","article_modified_time":"2022-07-25T13:59:33+00:00","twitter_card":"summary_large_image","twitter_misc":{"Est. reading time":"2 Minuten"},"schema":{"@context":"https:\/\/schema.org","@graph":[{"@type":"WebPage","@id":"https:\/\/heritage-products.nl\/de\/reitplatzumzaunung.html","url":"https:\/\/heritage-products.nl\/de\/reitplatzumzaunung.html","name":"Reitplatzumz\u00e4unung - Heritage Products","isPartOf":{"@id":"https:\/\/heritage-products.nl\/#website"},"datePublished":"2022-07-18T14:06:26+00:00","dateModified":"2022-07-25T13:59:33+00:00","description":"Reitplatzumz\u00e4unung \u2713 umfassend bew\u00e4hrte L\u00f6sungen f\u00fcr Ihre Reitanlage \u2713 \u00e4u\u00dferst dauerhafte & sichere Z\u00e4une \u2713 elegante Ausstrahlung.","breadcrumb":{"@id":"https:\/\/heritage-products.nl\/de\/reitplatzumzaunung.html#breadcrumb"},"inLanguage":"de-DE","potentialAction":[{"@type":"ReadAction","target":["https:\/\/heritage-products.nl\/de\/reitplatzumzaunung.html"]}]},{"@type":"BreadcrumbList","@id":"https:\/\/heritage-products.nl\/de\/reitplatzumzaunung.html#breadcrumb","itemListElement":[{"@type":"ListItem","position":1,"name":"Home","item":"https:\/\/heritage-products.nl\/de"},{"@type":"ListItem","position":2,"name":"Reitplatzumz\u00e4unung"}]},{"@type":"WebSite","@id":"https:\/\/heritage-products.nl\/#website","url":"https:\/\/heritage-products.nl\/","name":"Heritage Products","description":"","potentialAction":[{"@type":"SearchAction","target":{"@type":"EntryPoint","urlTemplate":"https:\/\/heritage-products.nl\/?s={search_term_string}"},"query-input":{"@type":"PropertyValueSpecification","valueRequired":true,"valueName":"search_term_string"}}],"inLanguage":"de-DE"}]}},"_links":{"self":[{"href":"https:\/\/heritage-products.nl\/de\/wp-json\/wp\/v2\/pages\/4404","targetHints":{"allow":["GET"]}}],"collection":[{"href":"https:\/\/heritage-products.nl\/de\/wp-json\/wp\/v2\/pages"}],"about":[{"href":"https:\/\/heritage-products.nl\/de\/wp-json\/wp\/v2\/types\/page"}],"author":[{"embeddable":true,"href":"https:\/\/heritage-products.nl\/de\/wp-json\/wp\/v2\/users\/3"}],"replies":[{"embeddable":true,"href":"https:\/\/heritage-products.nl\/de\/wp-json\/wp\/v2\/comments?post=4404"}],"version-history":[{"count":5,"href":"https:\/\/heritage-products.nl\/de\/wp-json\/wp\/v2\/pages\/4404\/revisions"}],"predecessor-version":[{"id":4510,"href":"https:\/\/heritage-products.nl\/de\/wp-json\/wp\/v2\/pages\/4404\/revisions\/4510"}],"wp:attachment":[{"href":"https:\/\/heritage-products.nl\/de\/wp-json\/wp\/v2\/media?parent=4404"}],"curies":[{"name":"wp","href":"https:\/\/api.w.org\/{rel}","templated":true}]}}