{"id":4413,"date":"2022-07-18T14:09:35","date_gmt":"2022-07-18T14:09:35","guid":{"rendered":"https:\/\/heritage-products.nl\/?page_id=4413"},"modified":"2022-07-25T13:58:05","modified_gmt":"2022-07-25T13:58:05","slug":"reitplatzzaun","status":"publish","type":"page","link":"https:\/\/heritage-products.nl\/de\/reitplatzzaun.html","title":{"rendered":"Reitplatzzaun"},"content":{"rendered":"<p>[et_pb_section fb_built=&#8220;1&#8243; fullwidth=&#8220;on&#8220; admin_label=&#8220;Section&#8220; module_class=&#8220;grizzly__section&#8220; _builder_version=&#8220;4.15.0&#8243; _module_preset=&#8220;default&#8220; bottom_divider_style=&#8220;curve2&#8243; bottom_divider_color=&#8220;#ffffff&#8220; global_colors_info=&#8220;{}&#8220;][et_pb_fullwidth_header title=&#8220;Reitplatzzaun&#8220; subhead=&#8220;Sie interessieren sich f\u00fcr unsere Produkte?&#8220; text_orientation=&#8220;center&#8220; button_one_text=&#8220;Fordern Sie ein Angebot an!&#8220; button_one_url=&#8220;https:\/\/heritage-products.nl\/de\/angebot-anfragen.html&#8220; _builder_version=&#8220;4.15.0&#8243; _module_preset=&#8220;default&#8220; title_font=&#8220;Arvo||||||||&#8220; title_font_size=&#8220;50px&#8220; content_font=&#8220;||||||||&#8220; subhead_font=&#8220;Arvo||||||||&#8220; subhead_text_color=&#8220;#FFFFFF&#8220; subhead_font_size=&#8220;20px&#8220; background_image=&#8220;https:\/\/heritage-products.nl\/wp-content\/uploads\/2022\/07\/Herritage-products-foto-header.jpg&#8220; parallax=&#8220;on&#8220; hover_enabled=&#8220;0&#8243; global_colors_info=&#8220;{}&#8220; alt=&#8220;Longeren | Heritage Producten&#8220; title_text=&#8220;Herritage products foto header&#8220; sticky_enabled=&#8220;0&#8243;][\/et_pb_fullwidth_header][\/et_pb_section][et_pb_section fb_built=&#8220;1&#8243; _builder_version=&#8220;4.15.0&#8243; _module_preset=&#8220;default&#8220; global_colors_info=&#8220;{}&#8220;][et_pb_row column_structure=&#8220;1_3,1_3,1_3&#8243; _builder_version=&#8220;4.15.0&#8243; _module_preset=&#8220;default&#8220; global_colors_info=&#8220;{}&#8220;][et_pb_column type=&#8220;1_3&#8243; _builder_version=&#8220;4.15.0&#8243; _module_preset=&#8220;default&#8220; global_colors_info=&#8220;{}&#8220;][et_pb_text _builder_version=&#8220;4.15.0&#8243; _module_preset=&#8220;default&#8220; text_font_size=&#8220;16px&#8220; global_colors_info=&#8220;{}&#8220;]<\/p>\n<p style=\"text-align: center;\"><strong><span class=\"Y2IQFc\" lang=\"de\">\u2714 pflegeleicht<\/span><\/strong><\/p>\n<p>[\/et_pb_text][\/et_pb_column][et_pb_column type=&#8220;1_3&#8243; _builder_version=&#8220;4.15.0&#8243; _module_preset=&#8220;default&#8220; global_colors_info=&#8220;{}&#8220;][et_pb_text _builder_version=&#8220;4.15.0&#8243; _module_preset=&#8220;default&#8220; text_font_size=&#8220;16px&#8220; global_colors_info=&#8220;{}&#8220;]<\/p>\n<p style=\"text-align: center;\"><strong><span class=\"Y2IQFc\" lang=\"de\">\u2714 autorisierter Fachh\u00e4ndler<\/span><\/strong><\/p>\n<p>[\/et_pb_text][\/et_pb_column][et_pb_column type=&#8220;1_3&#8243; _builder_version=&#8220;4.15.0&#8243; _module_preset=&#8220;default&#8220; global_colors_info=&#8220;{}&#8220;][et_pb_text _builder_version=&#8220;4.15.0&#8243; _module_preset=&#8220;default&#8220; text_font_size=&#8220;16px&#8220; global_colors_info=&#8220;{}&#8220;]<\/p>\n<p style=\"text-align: center;\"><strong><span class=\"Y2IQFc\" lang=\"de\">\u2714 <\/span><span class=\"Y2IQFc\" lang=\"de\">Sicher und nachhaltig<\/span><\/strong><\/p>\n<p>[\/et_pb_text][\/et_pb_column][\/et_pb_row][et_pb_row _builder_version=&#8220;4.15.0&#8243; _module_preset=&#8220;default&#8220; global_colors_info=&#8220;{}&#8220;][et_pb_column type=&#8220;4_4&#8243; _builder_version=&#8220;4.15.0&#8243; _module_preset=&#8220;default&#8220; global_colors_info=&#8220;{}&#8220;][et_pb_text _builder_version=&#8220;4.15.0&#8243; _module_preset=&#8220;default&#8220; global_colors_info=&#8220;{}&#8220;]<\/p>\n<p>Ein Reitplatzzaun, wie er bei Heritage Products erh\u00e4ltlich ist, erf\u00fcllt nicht nur hinsichtlich seiner Zweckm\u00e4\u00dfigkeit, sondern auch seiner Ausstrahlung die h\u00f6chsten Anforderungen. Heritage Products ist ein Spezialist f\u00fcr Reitplatzeinz\u00e4unungen und Hindernisse und deshalb sind dort fundierte Fachkenntnisse hinsichtlich der Pferdehaltung und des Reitsports vorhanden.<\/p>\n<p>[\/et_pb_text][\/et_pb_column][\/et_pb_row][\/et_pb_section][et_pb_section fb_built=&#8220;1&#8243; _builder_version=&#8220;4.15.0&#8243; _module_preset=&#8220;default&#8220; background_color=&#8220;#dd3333&#8243; global_colors_info=&#8220;{}&#8220;][et_pb_row column_structure=&#8220;1_2,1_2&#8243; _builder_version=&#8220;4.15.0&#8243; _module_preset=&#8220;default&#8220; global_colors_info=&#8220;{}&#8220;][et_pb_column type=&#8220;1_2&#8243; _builder_version=&#8220;4.15.0&#8243; _module_preset=&#8220;default&#8220; global_colors_info=&#8220;{}&#8220;][et_pb_text _builder_version=&#8220;4.15.0&#8243; _module_preset=&#8220;default&#8220; text_text_color=&#8220;#FFFFFF&#8220; global_colors_info=&#8220;{}&#8220;]<\/p>\n<h2 style=\"color: #fff;\">Repr\u00e4sentativer und pflegeleichter Reitplatzzaun<\/h2>\n<p>Der Reitsport ist sehr sch\u00f6n \u2013 aber auch sehr aufw\u00e4ndig, da schlie\u00dflich nicht nur die Pferde, sondern auch die Anlage immer gut im Schuss gehalten werden sollten. Deshalb ist beim Erwerb von Produkten, wie Koppel- und Reitplatzz\u00e4une, Hindernisse usw. unbedingt darauf achten, dass sie im Hinblick auf die Montage und Pflege keinen gro\u00dfen Zeitaufwand erfordern. Gerade hinsichtlich dieser Punkte sticht ein Reitplatzzaun aus Kunststoff im Holz-Look von Heritage Products besonders hervor. Gleichzeitig sind die Reitplatz-Einz\u00e4unungen sehr:<\/p>\n<ul>\n<li>sicher<\/li>\n<li>stilvoll<\/li>\n<li>langlebig<\/li>\n<li>repr\u00e4sentativ<\/li>\n<\/ul>\n<p>Auf diese Weise brauchen Sie beim Erwerb einer Reitplatzeinz\u00e4unung in keinem Bereich Zugest\u00e4ndnisse zu machen, wenn Sie sich an Heritage Products wenden.<\/p>\n<p>[\/et_pb_text][\/et_pb_column][et_pb_column type=&#8220;1_2&#8243; _builder_version=&#8220;4.15.0&#8243; _module_preset=&#8220;default&#8220; global_colors_info=&#8220;{}&#8220;][et_pb_image src=&#8220;https:\/\/heritage-products.nl\/wp-content\/uploads\/2018\/10\/Artwood-dark-2-1.jpg&#8220; alt=&#8220;Omheining paardenweide | Heritage Products B.V.&#8220; title_text=&#8220;Artwood-dark-2&#8243; align=&#8220;right&#8220; _builder_version=&#8220;4.15.0&#8243; _module_preset=&#8220;default&#8220; global_colors_info=&#8220;{}&#8220;][\/et_pb_image][\/et_pb_column][\/et_pb_row][\/et_pb_section][et_pb_section fb_built=&#8220;1&#8243; _builder_version=&#8220;4.15.0&#8243; _module_preset=&#8220;default&#8220; global_colors_info=&#8220;{}&#8220;][et_pb_row column_structure=&#8220;1_2,1_2&#8243; _builder_version=&#8220;4.15.0&#8243; _module_preset=&#8220;default&#8220; global_colors_info=&#8220;{}&#8220;][et_pb_column type=&#8220;1_2&#8243; _builder_version=&#8220;4.15.0&#8243; _module_preset=&#8220;default&#8220; global_colors_info=&#8220;{}&#8220;][et_pb_image src=&#8220;https:\/\/heritage-products.nl\/wp-content\/uploads\/2016\/03\/DSC_2813fb.jpg&#8220; alt=&#8220;Stal met paard | Heritage Products B.V.&#8220; title_text=&#8220;DSC_2813fb&#8220; _builder_version=&#8220;4.15.0&#8243; _module_preset=&#8220;default&#8220; global_colors_info=&#8220;{}&#8220;][\/et_pb_image][\/et_pb_column][et_pb_column type=&#8220;1_2&#8243; _builder_version=&#8220;4.15.0&#8243; _module_preset=&#8220;default&#8220; global_colors_info=&#8220;{}&#8220;][et_pb_text _builder_version=&#8220;4.15.0&#8243; _module_preset=&#8220;default&#8220; global_colors_info=&#8220;{}&#8220;]<\/p>\n<h3>Fordern Sie ein Angebot an<\/h3>\n<p>Fordern Sie doch am besten gleich ganz unverbindlich online ein <a href=\"https:\/\/heritage-products.nl\/de\/angebot-anfragen.html\" style=\"text-decoration:underline;\">Angebot<\/a>\u00a0f\u00fcr den gew\u00fcnschten Reitplatzzaun\u00a0oder eine <a href=\"https:\/\/heritage-products.nl\/de\/dressur.html\" style=\"text-decoration:underline;\">Dressurplatzeinfassung<\/a>\u00a0an. Selbstverst\u00e4ndlich stehen wir Ihnen jedoch auch gerne telefonisch unter <a href=\"tel:0031485575920\" style=\"text-decoration:underline;\">+31 (0)485-575920<\/a> oder per E-Mail zur Verf\u00fcgung, um Ihre Fragen im Hinblick auf den f\u00fcr Ihre Situation optimale Reitplatzeinz\u00e4unung beantworten zu k\u00f6nnen. Unsere Fachh\u00e4ndler in Deutschland und in der Schweiz sind ebenfalls gerne f\u00fcr Sie da![\/et_pb_text][\/et_pb_column][\/et_pb_row][\/et_pb_section]<\/p>\n","protected":false},"excerpt":{"rendered":"<p>\u2714 pflegeleicht\u2714 autorisierter Fachh\u00e4ndler\u2714 Sicher und nachhaltigEin Reitplatzzaun, wie er bei Heritage Products erh\u00e4ltlich ist, erf\u00fcllt nicht nur hinsichtlich seiner Zweckm\u00e4\u00dfigkeit, sondern auch seiner Ausstrahlung die h\u00f6chsten Anforderungen. Heritage Products ist ein Spezialist f\u00fcr Reitplatzeinz\u00e4unungen und Hindernisse und deshalb sind dort fundierte Fachkenntnisse hinsichtlich der Pferdehaltung und des Reitsports vorhanden.Repr\u00e4sentativer und pflegeleichter Reitplatzzaun Der Reitsport [&hellip;]<\/p>\n","protected":false},"author":3,"featured_media":0,"parent":0,"menu_order":0,"comment_status":"closed","ping_status":"closed","template":"","meta":{"_acf_changed":false,"_et_pb_use_builder":"on","_et_pb_old_content":"","_et_gb_content_width":"","footnotes":""},"class_list":["post-4413","page","type-page","status-publish","hentry"],"acf":[],"yoast_head":"<!-- This site is optimized with the Yoast SEO plugin v26.4 - https:\/\/yoast.com\/wordpress\/plugins\/seo\/ -->\n<title>Reitplatzzaun - Heritage Products<\/title>\n<meta name=\"description\" content=\"Reitplatzzaun \u2713 Pflege- und Montagfreundlichkeit \u2713 der richtige Zaun f\u00fcr jeden Bedarf \u2713 optimale Mischung aus Stil und Funktionalit\u00e4t.\" \/>\n<meta name=\"robots\" content=\"index, follow, max-snippet:-1, max-image-preview:large, max-video-preview:-1\" \/>\n<link rel=\"canonical\" href=\"https:\/\/heritage-products.nl\/de\/reitplatzzaun.html\" \/>\n<meta property=\"og:locale\" content=\"de_DE\" \/>\n<meta property=\"og:type\" content=\"article\" \/>\n<meta property=\"og:title\" content=\"Reitplatzzaun - Heritage Products\" \/>\n<meta property=\"og:description\" content=\"Reitplatzzaun \u2713 Pflege- und Montagfreundlichkeit \u2713 der richtige Zaun f\u00fcr jeden Bedarf \u2713 optimale Mischung aus Stil und Funktionalit\u00e4t.\" \/>\n<meta property=\"og:url\" content=\"https:\/\/heritage-products.nl\/de\/reitplatzzaun.html\" \/>\n<meta property=\"og:site_name\" content=\"Heritage Products\" \/>\n<meta property=\"article:modified_time\" content=\"2022-07-25T13:58:05+00:00\" \/>\n<meta name=\"twitter:card\" content=\"summary_large_image\" \/>\n<meta name=\"twitter:label1\" content=\"Est. reading time\" \/>\n\t<meta name=\"twitter:data1\" content=\"2 Minuten\" \/>\n<script type=\"application\/ld+json\" class=\"yoast-schema-graph\">{\"@context\":\"https:\/\/schema.org\",\"@graph\":[{\"@type\":\"WebPage\",\"@id\":\"https:\/\/heritage-products.nl\/de\/reitplatzzaun.html\",\"url\":\"https:\/\/heritage-products.nl\/de\/reitplatzzaun.html\",\"name\":\"Reitplatzzaun - Heritage Products\",\"isPartOf\":{\"@id\":\"https:\/\/heritage-products.nl\/#website\"},\"datePublished\":\"2022-07-18T14:09:35+00:00\",\"dateModified\":\"2022-07-25T13:58:05+00:00\",\"description\":\"Reitplatzzaun \u2713 Pflege- und Montagfreundlichkeit \u2713 der richtige Zaun f\u00fcr jeden Bedarf \u2713 optimale Mischung aus Stil und Funktionalit\u00e4t.\",\"breadcrumb\":{\"@id\":\"https:\/\/heritage-products.nl\/de\/reitplatzzaun.html#breadcrumb\"},\"inLanguage\":\"de-DE\",\"potentialAction\":[{\"@type\":\"ReadAction\",\"target\":[\"https:\/\/heritage-products.nl\/de\/reitplatzzaun.html\"]}]},{\"@type\":\"BreadcrumbList\",\"@id\":\"https:\/\/heritage-products.nl\/de\/reitplatzzaun.html#breadcrumb\",\"itemListElement\":[{\"@type\":\"ListItem\",\"position\":1,\"name\":\"Home\",\"item\":\"https:\/\/heritage-products.nl\/de\"},{\"@type\":\"ListItem\",\"position\":2,\"name\":\"Reitplatzzaun\"}]},{\"@type\":\"WebSite\",\"@id\":\"https:\/\/heritage-products.nl\/#website\",\"url\":\"https:\/\/heritage-products.nl\/\",\"name\":\"Heritage Products\",\"description\":\"\",\"potentialAction\":[{\"@type\":\"SearchAction\",\"target\":{\"@type\":\"EntryPoint\",\"urlTemplate\":\"https:\/\/heritage-products.nl\/?s={search_term_string}\"},\"query-input\":{\"@type\":\"PropertyValueSpecification\",\"valueRequired\":true,\"valueName\":\"search_term_string\"}}],\"inLanguage\":\"de-DE\"}]}<\/script>\n<!-- \/ Yoast SEO plugin. -->","yoast_head_json":{"title":"Reitplatzzaun - Heritage Products","description":"Reitplatzzaun \u2713 Pflege- und Montagfreundlichkeit \u2713 der richtige Zaun f\u00fcr jeden Bedarf \u2713 optimale Mischung aus Stil und Funktionalit\u00e4t.","robots":{"index":"index","follow":"follow","max-snippet":"max-snippet:-1","max-image-preview":"max-image-preview:large","max-video-preview":"max-video-preview:-1"},"canonical":"https:\/\/heritage-products.nl\/de\/reitplatzzaun.html","og_locale":"de_DE","og_type":"article","og_title":"Reitplatzzaun - Heritage Products","og_description":"Reitplatzzaun \u2713 Pflege- und Montagfreundlichkeit \u2713 der richtige Zaun f\u00fcr jeden Bedarf \u2713 optimale Mischung aus Stil und Funktionalit\u00e4t.","og_url":"https:\/\/heritage-products.nl\/de\/reitplatzzaun.html","og_site_name":"Heritage Products","article_modified_time":"2022-07-25T13:58:05+00:00","twitter_card":"summary_large_image","twitter_misc":{"Est. reading time":"2 Minuten"},"schema":{"@context":"https:\/\/schema.org","@graph":[{"@type":"WebPage","@id":"https:\/\/heritage-products.nl\/de\/reitplatzzaun.html","url":"https:\/\/heritage-products.nl\/de\/reitplatzzaun.html","name":"Reitplatzzaun - Heritage Products","isPartOf":{"@id":"https:\/\/heritage-products.nl\/#website"},"datePublished":"2022-07-18T14:09:35+00:00","dateModified":"2022-07-25T13:58:05+00:00","description":"Reitplatzzaun \u2713 Pflege- und Montagfreundlichkeit \u2713 der richtige Zaun f\u00fcr jeden Bedarf \u2713 optimale Mischung aus Stil und Funktionalit\u00e4t.","breadcrumb":{"@id":"https:\/\/heritage-products.nl\/de\/reitplatzzaun.html#breadcrumb"},"inLanguage":"de-DE","potentialAction":[{"@type":"ReadAction","target":["https:\/\/heritage-products.nl\/de\/reitplatzzaun.html"]}]},{"@type":"BreadcrumbList","@id":"https:\/\/heritage-products.nl\/de\/reitplatzzaun.html#breadcrumb","itemListElement":[{"@type":"ListItem","position":1,"name":"Home","item":"https:\/\/heritage-products.nl\/de"},{"@type":"ListItem","position":2,"name":"Reitplatzzaun"}]},{"@type":"WebSite","@id":"https:\/\/heritage-products.nl\/#website","url":"https:\/\/heritage-products.nl\/","name":"Heritage Products","description":"","potentialAction":[{"@type":"SearchAction","target":{"@type":"EntryPoint","urlTemplate":"https:\/\/heritage-products.nl\/?s={search_term_string}"},"query-input":{"@type":"PropertyValueSpecification","valueRequired":true,"valueName":"search_term_string"}}],"inLanguage":"de-DE"}]}},"_links":{"self":[{"href":"https:\/\/heritage-products.nl\/de\/wp-json\/wp\/v2\/pages\/4413","targetHints":{"allow":["GET"]}}],"collection":[{"href":"https:\/\/heritage-products.nl\/de\/wp-json\/wp\/v2\/pages"}],"about":[{"href":"https:\/\/heritage-products.nl\/de\/wp-json\/wp\/v2\/types\/page"}],"author":[{"embeddable":true,"href":"https:\/\/heritage-products.nl\/de\/wp-json\/wp\/v2\/users\/3"}],"replies":[{"embeddable":true,"href":"https:\/\/heritage-products.nl\/de\/wp-json\/wp\/v2\/comments?post=4413"}],"version-history":[{"count":3,"href":"https:\/\/heritage-products.nl\/de\/wp-json\/wp\/v2\/pages\/4413\/revisions"}],"predecessor-version":[{"id":4509,"href":"https:\/\/heritage-products.nl\/de\/wp-json\/wp\/v2\/pages\/4413\/revisions\/4509"}],"wp:attachment":[{"href":"https:\/\/heritage-products.nl\/de\/wp-json\/wp\/v2\/media?parent=4413"}],"curies":[{"name":"wp","href":"https:\/\/api.w.org\/{rel}","templated":true}]}}