{"id":4420,"date":"2022-07-18T14:13:21","date_gmt":"2022-07-18T14:13:21","guid":{"rendered":"https:\/\/heritage-products.nl\/?page_id=4420"},"modified":"2022-07-25T13:57:02","modified_gmt":"2022-07-25T13:57:02","slug":"reitplatz-zaun","status":"publish","type":"page","link":"https:\/\/heritage-products.nl\/de\/reitplatz-zaun.html","title":{"rendered":"Reitplatz-Zaun"},"content":{"rendered":"<p>[et_pb_section fb_built=&#8220;1&#8243; fullwidth=&#8220;on&#8220; admin_label=&#8220;Section&#8220; module_class=&#8220;grizzly__section&#8220; _builder_version=&#8220;4.15.0&#8243; _module_preset=&#8220;default&#8220; bottom_divider_style=&#8220;curve2&#8243; bottom_divider_color=&#8220;#ffffff&#8220; global_colors_info=&#8220;{}&#8220;][et_pb_fullwidth_header title=&#8220;Reitplatz-Zaun&#8220; subhead=&#8220;Sie interessieren sich f\u00fcr unsere Produkte?&#8220; text_orientation=&#8220;center&#8220; button_one_text=&#8220;Fordern Sie ein Angebot an!&#8220; button_one_url=&#8220;https:\/\/heritage-products.nl\/de\/angebot-anfragen.html&#8220; _builder_version=&#8220;4.15.0&#8243; _module_preset=&#8220;default&#8220; title_font=&#8220;Arvo||||||||&#8220; title_font_size=&#8220;50px&#8220; content_font=&#8220;||||||||&#8220; subhead_font=&#8220;Arvo||||||||&#8220; subhead_text_color=&#8220;#FFFFFF&#8220; subhead_font_size=&#8220;20px&#8220; background_image=&#8220;https:\/\/heritage-products.nl\/wp-content\/uploads\/2022\/07\/Herritage-products-foto-header.jpg&#8220; parallax=&#8220;on&#8220; hover_enabled=&#8220;0&#8243; global_colors_info=&#8220;{}&#8220; alt=&#8220;Longeren | Heritage Producten&#8220; title_text=&#8220;Herritage products foto header&#8220; sticky_enabled=&#8220;0&#8243;][\/et_pb_fullwidth_header][\/et_pb_section][et_pb_section fb_built=&#8220;1&#8243; _builder_version=&#8220;4.15.0&#8243; _module_preset=&#8220;default&#8220; global_colors_info=&#8220;{}&#8220;][et_pb_row column_structure=&#8220;1_3,1_3,1_3&#8243; _builder_version=&#8220;4.15.0&#8243; _module_preset=&#8220;default&#8220; global_colors_info=&#8220;{}&#8220;][et_pb_column type=&#8220;1_3&#8243; _builder_version=&#8220;4.15.0&#8243; _module_preset=&#8220;default&#8220; global_colors_info=&#8220;{}&#8220;][et_pb_text _builder_version=&#8220;4.15.0&#8243; _module_preset=&#8220;default&#8220; text_font_size=&#8220;16px&#8220; global_colors_info=&#8220;{}&#8220;]<\/p>\n<p style=\"text-align: center;\"><strong><span class=\"Y2IQFc\" lang=\"de\">\u2714 pflegeleicht<\/span><\/strong><\/p>\n<p>[\/et_pb_text][\/et_pb_column][et_pb_column type=&#8220;1_3&#8243; _builder_version=&#8220;4.15.0&#8243; _module_preset=&#8220;default&#8220; global_colors_info=&#8220;{}&#8220;][et_pb_text _builder_version=&#8220;4.15.0&#8243; _module_preset=&#8220;default&#8220; text_font_size=&#8220;16px&#8220; global_colors_info=&#8220;{}&#8220;]<\/p>\n<p style=\"text-align: center;\"><strong><span class=\"Y2IQFc\" lang=\"de\">\u2714 autorisierter Fachh\u00e4ndler<\/span><\/strong><\/p>\n<p>[\/et_pb_text][\/et_pb_column][et_pb_column type=&#8220;1_3&#8243; _builder_version=&#8220;4.15.0&#8243; _module_preset=&#8220;default&#8220; global_colors_info=&#8220;{}&#8220;][et_pb_text _builder_version=&#8220;4.15.0&#8243; _module_preset=&#8220;default&#8220; text_font_size=&#8220;16px&#8220; global_colors_info=&#8220;{}&#8220;]<\/p>\n<p style=\"text-align: center;\"><strong><span class=\"Y2IQFc\" lang=\"de\">\u2714 <\/span><span class=\"Y2IQFc\" lang=\"de\">Sicher und nachhaltig<\/span><\/strong><\/p>\n<p>[\/et_pb_text][\/et_pb_column][\/et_pb_row][et_pb_row _builder_version=&#8220;4.15.0&#8243; _module_preset=&#8220;default&#8220; global_colors_info=&#8220;{}&#8220;][et_pb_column type=&#8220;4_4&#8243; _builder_version=&#8220;4.15.0&#8243; _module_preset=&#8220;default&#8220; global_colors_info=&#8220;{}&#8220;][et_pb_text _builder_version=&#8220;4.15.0&#8243; _module_preset=&#8220;default&#8220; global_colors_info=&#8220;{}&#8220;]<\/p>\n<p>Wer hohe Anforderungen an einen Reitplatz-Zaun stellt, wendet sich am besten an den renommierten niederl\u00e4ndischen Fachbetrieb Heritage Products, der sich ganz auf Einz\u00e4unungen und Hindernisse spezialisiert hat. Die Fachleute von Heritage Products wissen, was Pferdebesitzer bewegt und deshalb k\u00f6nnen sieihren Bed\u00fcrfnissen im Hinblick auf Sicherheit, Repr\u00e4sentativit\u00e4t, Dauerhaftigkeit und Pflegeleichtigkeit mit dem richtigen Zaun- und Hindernismaterial gerecht werden.<\/p>\n<p>[\/et_pb_text][\/et_pb_column][\/et_pb_row][\/et_pb_section][et_pb_section fb_built=&#8220;1&#8243; _builder_version=&#8220;4.15.0&#8243; _module_preset=&#8220;default&#8220; background_color=&#8220;#dd3333&#8243; global_colors_info=&#8220;{}&#8220;][et_pb_row column_structure=&#8220;1_2,1_2&#8243; _builder_version=&#8220;4.15.0&#8243; _module_preset=&#8220;default&#8220; global_colors_info=&#8220;{}&#8220;][et_pb_column type=&#8220;1_2&#8243; _builder_version=&#8220;4.15.0&#8243; _module_preset=&#8220;default&#8220; global_colors_info=&#8220;{}&#8220;][et_pb_text _builder_version=&#8220;4.15.0&#8243; _module_preset=&#8220;default&#8220; text_text_color=&#8220;#FFFFFF&#8220; global_colors_info=&#8220;{}&#8220;]<\/p>\n<h2 style=\"color: #fff;\">Damit der Reitplatz-Zaun ansprechend aussieht und sicher ist<\/h2>\n<p>Im Hinblick auf Weide- oder Reitplatz-Z\u00e4une\u00a0bietet sich Ihnen bei Heritage Products eine gro\u00dfe Auswahl an Einz\u00e4unungen aus unterschiedlichen Materialien und in verschiedenen Stilrichtungen. Deshalb findet sich in unserem Sortiment sicherlich auch der Reitplatz-Zaun, der genau zu Ihrer Reitanlage passt und den Pflegeaufwand auf ein Mindestma\u00df beschr\u00e4nkt. Schlie\u00dflich wollen Sie Ihre ganze Aufmerksamkeit Ihren Pferden und nicht der Instandsetzung der Reitplatz-Z\u00e4une widmen! Bei uns k\u00f6nnen Sie sich darauf verlassen, dass Sie einen Reitplatz-Zaun bekommen, der pflegeleicht ist und eine lange Lebensdauer aufweist.<\/p>\n<p>[\/et_pb_text][\/et_pb_column][et_pb_column type=&#8220;1_2&#8243; _builder_version=&#8220;4.15.0&#8243; _module_preset=&#8220;default&#8220; global_colors_info=&#8220;{}&#8220;][et_pb_image src=&#8220;https:\/\/heritage-products.nl\/wp-content\/uploads\/2018\/10\/Artwood-dark-2-1.jpg&#8220; alt=&#8220;Omheining paardenweide | Heritage Products B.V.&#8220; title_text=&#8220;Artwood-dark-2&#8243; align=&#8220;right&#8220; _builder_version=&#8220;4.15.0&#8243; _module_preset=&#8220;default&#8220; global_colors_info=&#8220;{}&#8220;][\/et_pb_image][\/et_pb_column][\/et_pb_row][\/et_pb_section][et_pb_section fb_built=&#8220;1&#8243; _builder_version=&#8220;4.15.0&#8243; _module_preset=&#8220;default&#8220; global_colors_info=&#8220;{}&#8220;][et_pb_row column_structure=&#8220;1_2,1_2&#8243; _builder_version=&#8220;4.15.0&#8243; _module_preset=&#8220;default&#8220; global_colors_info=&#8220;{}&#8220;][et_pb_column type=&#8220;1_2&#8243; _builder_version=&#8220;4.15.0&#8243; _module_preset=&#8220;default&#8220; global_colors_info=&#8220;{}&#8220;][et_pb_image src=&#8220;https:\/\/heritage-products.nl\/wp-content\/uploads\/2016\/03\/DSC_2813fb.jpg&#8220; alt=&#8220;Stal met paard | Heritage Products B.V.&#8220; title_text=&#8220;DSC_2813fb&#8220; _builder_version=&#8220;4.15.0&#8243; _module_preset=&#8220;default&#8220; global_colors_info=&#8220;{}&#8220;][\/et_pb_image][\/et_pb_column][et_pb_column type=&#8220;1_2&#8243; _builder_version=&#8220;4.15.0&#8243; _module_preset=&#8220;default&#8220; global_colors_info=&#8220;{}&#8220;][et_pb_text _builder_version=&#8220;4.15.0&#8243; _module_preset=&#8220;default&#8220; global_colors_info=&#8220;{}&#8220;]<\/p>\n<h3>Lassen Sie sich ein Angebot zukommen<\/h3>\n<p>Wir setzen alles daran, dass Sie den Reitplatz-Zaun bekommen, der Ihren Anspr\u00fcchen in jeder Hinsicht gerecht wird. Rufen Sie uns doch am besten gleich unter der Telefonnummer <a href=\"tel:0031485575920\" style=\"text-decoration:underline;\">+31 (0)485-575920<\/a> an oder schicken Sie uns eine E-Mail, in der Sie uns Ihren Bedarf und Ihre W\u00fcnsche schildern. Selbstverst\u00e4ndlich k\u00f6nnen Sie auch ganz einfach online <a href=\"https:\/\/heritage-products.nl\/de\/angebot-anfragen.html\" style=\"text-decoration:underline;\">ein Angebot<\/a>\u00a0f\u00fcr den gew\u00fcnschten Reitplatz-Zaun\u00a0oder die <a href=\"https:\/\/heritage-products.nl\/de\/dressur.html\" style=\"text-decoration:underline;\">Abgrenzung eines Dressurplatzes<\/a>\u00a0anfordern oder sich direkt an einen unserer <a href=\"https:\/\/heritage-products.nl\/de\/dealers.html\" style=\"text-decoration:underline;\">Fachh\u00e4ndler<\/a>\u00a0in Deutschland bzw. in der Schweiz wenden.[\/et_pb_text][\/et_pb_column][\/et_pb_row][\/et_pb_section]<\/p>\n","protected":false},"excerpt":{"rendered":"<p>\u2714 pflegeleicht\u2714 autorisierter Fachh\u00e4ndler\u2714 Sicher und nachhaltigWer hohe Anforderungen an einen Reitplatz-Zaun stellt, wendet sich am besten an den renommierten niederl\u00e4ndischen Fachbetrieb Heritage Products, der sich ganz auf Einz\u00e4unungen und Hindernisse spezialisiert hat. Die Fachleute von Heritage Products wissen, was Pferdebesitzer bewegt und deshalb k\u00f6nnen sieihren Bed\u00fcrfnissen im Hinblick auf Sicherheit, Repr\u00e4sentativit\u00e4t, Dauerhaftigkeit und Pflegeleichtigkeit [&hellip;]<\/p>\n","protected":false},"author":3,"featured_media":0,"parent":0,"menu_order":0,"comment_status":"closed","ping_status":"closed","template":"","meta":{"_acf_changed":false,"_et_pb_use_builder":"on","_et_pb_old_content":"","_et_gb_content_width":"","footnotes":""},"class_list":["post-4420","page","type-page","status-publish","hentry"],"acf":[],"yoast_head":"<!-- This site is optimized with the Yoast SEO plugin v26.4 - https:\/\/yoast.com\/wordpress\/plugins\/seo\/ -->\n<title>Reitplatz-Zaun - Heritage Products<\/title>\n<meta name=\"description\" content=\"Reitplatz-Zaun \u2713 Funktionalit\u00e4t &amp; \u00c4sthetik optimal vereint \u2713 dauerhafte Kunststoffz\u00e4une im Holz-Look \u2713 sicher \u2713 minimaler Pflegebedarf.\" \/>\n<meta name=\"robots\" content=\"index, follow, max-snippet:-1, max-image-preview:large, max-video-preview:-1\" \/>\n<link rel=\"canonical\" href=\"https:\/\/heritage-products.nl\/de\/reitplatz-zaun.html\" \/>\n<meta property=\"og:locale\" content=\"de_DE\" \/>\n<meta property=\"og:type\" content=\"article\" \/>\n<meta property=\"og:title\" content=\"Reitplatz-Zaun - Heritage Products\" \/>\n<meta property=\"og:description\" content=\"Reitplatz-Zaun \u2713 Funktionalit\u00e4t &amp; \u00c4sthetik optimal vereint \u2713 dauerhafte Kunststoffz\u00e4une im Holz-Look \u2713 sicher \u2713 minimaler Pflegebedarf.\" \/>\n<meta property=\"og:url\" content=\"https:\/\/heritage-products.nl\/de\/reitplatz-zaun.html\" \/>\n<meta property=\"og:site_name\" content=\"Heritage Products\" \/>\n<meta property=\"article:modified_time\" content=\"2022-07-25T13:57:02+00:00\" \/>\n<meta name=\"twitter:card\" content=\"summary_large_image\" \/>\n<meta name=\"twitter:label1\" content=\"Est. reading time\" \/>\n\t<meta name=\"twitter:data1\" content=\"2 Minuten\" \/>\n<script type=\"application\/ld+json\" class=\"yoast-schema-graph\">{\"@context\":\"https:\/\/schema.org\",\"@graph\":[{\"@type\":\"WebPage\",\"@id\":\"https:\/\/heritage-products.nl\/de\/reitplatz-zaun.html\",\"url\":\"https:\/\/heritage-products.nl\/de\/reitplatz-zaun.html\",\"name\":\"Reitplatz-Zaun - Heritage Products\",\"isPartOf\":{\"@id\":\"https:\/\/heritage-products.nl\/#website\"},\"datePublished\":\"2022-07-18T14:13:21+00:00\",\"dateModified\":\"2022-07-25T13:57:02+00:00\",\"description\":\"Reitplatz-Zaun \u2713 Funktionalit\u00e4t & \u00c4sthetik optimal vereint \u2713 dauerhafte Kunststoffz\u00e4une im Holz-Look \u2713 sicher \u2713 minimaler Pflegebedarf.\",\"breadcrumb\":{\"@id\":\"https:\/\/heritage-products.nl\/de\/reitplatz-zaun.html#breadcrumb\"},\"inLanguage\":\"de-DE\",\"potentialAction\":[{\"@type\":\"ReadAction\",\"target\":[\"https:\/\/heritage-products.nl\/de\/reitplatz-zaun.html\"]}]},{\"@type\":\"BreadcrumbList\",\"@id\":\"https:\/\/heritage-products.nl\/de\/reitplatz-zaun.html#breadcrumb\",\"itemListElement\":[{\"@type\":\"ListItem\",\"position\":1,\"name\":\"Home\",\"item\":\"https:\/\/heritage-products.nl\/de\"},{\"@type\":\"ListItem\",\"position\":2,\"name\":\"Reitplatz-Zaun\"}]},{\"@type\":\"WebSite\",\"@id\":\"https:\/\/heritage-products.nl\/#website\",\"url\":\"https:\/\/heritage-products.nl\/\",\"name\":\"Heritage Products\",\"description\":\"\",\"potentialAction\":[{\"@type\":\"SearchAction\",\"target\":{\"@type\":\"EntryPoint\",\"urlTemplate\":\"https:\/\/heritage-products.nl\/?s={search_term_string}\"},\"query-input\":{\"@type\":\"PropertyValueSpecification\",\"valueRequired\":true,\"valueName\":\"search_term_string\"}}],\"inLanguage\":\"de-DE\"}]}<\/script>\n<!-- \/ Yoast SEO plugin. -->","yoast_head_json":{"title":"Reitplatz-Zaun - Heritage Products","description":"Reitplatz-Zaun \u2713 Funktionalit\u00e4t & \u00c4sthetik optimal vereint \u2713 dauerhafte Kunststoffz\u00e4une im Holz-Look \u2713 sicher \u2713 minimaler Pflegebedarf.","robots":{"index":"index","follow":"follow","max-snippet":"max-snippet:-1","max-image-preview":"max-image-preview:large","max-video-preview":"max-video-preview:-1"},"canonical":"https:\/\/heritage-products.nl\/de\/reitplatz-zaun.html","og_locale":"de_DE","og_type":"article","og_title":"Reitplatz-Zaun - Heritage Products","og_description":"Reitplatz-Zaun \u2713 Funktionalit\u00e4t & \u00c4sthetik optimal vereint \u2713 dauerhafte Kunststoffz\u00e4une im Holz-Look \u2713 sicher \u2713 minimaler Pflegebedarf.","og_url":"https:\/\/heritage-products.nl\/de\/reitplatz-zaun.html","og_site_name":"Heritage Products","article_modified_time":"2022-07-25T13:57:02+00:00","twitter_card":"summary_large_image","twitter_misc":{"Est. reading time":"2 Minuten"},"schema":{"@context":"https:\/\/schema.org","@graph":[{"@type":"WebPage","@id":"https:\/\/heritage-products.nl\/de\/reitplatz-zaun.html","url":"https:\/\/heritage-products.nl\/de\/reitplatz-zaun.html","name":"Reitplatz-Zaun - Heritage Products","isPartOf":{"@id":"https:\/\/heritage-products.nl\/#website"},"datePublished":"2022-07-18T14:13:21+00:00","dateModified":"2022-07-25T13:57:02+00:00","description":"Reitplatz-Zaun \u2713 Funktionalit\u00e4t & \u00c4sthetik optimal vereint \u2713 dauerhafte Kunststoffz\u00e4une im Holz-Look \u2713 sicher \u2713 minimaler Pflegebedarf.","breadcrumb":{"@id":"https:\/\/heritage-products.nl\/de\/reitplatz-zaun.html#breadcrumb"},"inLanguage":"de-DE","potentialAction":[{"@type":"ReadAction","target":["https:\/\/heritage-products.nl\/de\/reitplatz-zaun.html"]}]},{"@type":"BreadcrumbList","@id":"https:\/\/heritage-products.nl\/de\/reitplatz-zaun.html#breadcrumb","itemListElement":[{"@type":"ListItem","position":1,"name":"Home","item":"https:\/\/heritage-products.nl\/de"},{"@type":"ListItem","position":2,"name":"Reitplatz-Zaun"}]},{"@type":"WebSite","@id":"https:\/\/heritage-products.nl\/#website","url":"https:\/\/heritage-products.nl\/","name":"Heritage Products","description":"","potentialAction":[{"@type":"SearchAction","target":{"@type":"EntryPoint","urlTemplate":"https:\/\/heritage-products.nl\/?s={search_term_string}"},"query-input":{"@type":"PropertyValueSpecification","valueRequired":true,"valueName":"search_term_string"}}],"inLanguage":"de-DE"}]}},"_links":{"self":[{"href":"https:\/\/heritage-products.nl\/de\/wp-json\/wp\/v2\/pages\/4420","targetHints":{"allow":["GET"]}}],"collection":[{"href":"https:\/\/heritage-products.nl\/de\/wp-json\/wp\/v2\/pages"}],"about":[{"href":"https:\/\/heritage-products.nl\/de\/wp-json\/wp\/v2\/types\/page"}],"author":[{"embeddable":true,"href":"https:\/\/heritage-products.nl\/de\/wp-json\/wp\/v2\/users\/3"}],"replies":[{"embeddable":true,"href":"https:\/\/heritage-products.nl\/de\/wp-json\/wp\/v2\/comments?post=4420"}],"version-history":[{"count":5,"href":"https:\/\/heritage-products.nl\/de\/wp-json\/wp\/v2\/pages\/4420\/revisions"}],"predecessor-version":[{"id":4508,"href":"https:\/\/heritage-products.nl\/de\/wp-json\/wp\/v2\/pages\/4420\/revisions\/4508"}],"wp:attachment":[{"href":"https:\/\/heritage-products.nl\/de\/wp-json\/wp\/v2\/media?parent=4420"}],"curies":[{"name":"wp","href":"https:\/\/api.w.org\/{rel}","templated":true}]}}