{"id":4438,"date":"2022-07-18T14:20:34","date_gmt":"2022-07-18T14:20:34","guid":{"rendered":"https:\/\/heritage-products.nl\/?page_id=4438"},"modified":"2022-07-25T13:52:06","modified_gmt":"2022-07-25T13:52:06","slug":"weidezaun-pferde-kunststoff","status":"publish","type":"page","link":"https:\/\/heritage-products.nl\/de\/weidezaun-pferde-kunststoff.html","title":{"rendered":"Weidezaun Pferde Kunststoff"},"content":{"rendered":"<p>[et_pb_section fb_built=&#8220;1&#8243; fullwidth=&#8220;on&#8220; admin_label=&#8220;Section&#8220; module_class=&#8220;grizzly__section&#8220; _builder_version=&#8220;4.15.0&#8243; _module_preset=&#8220;default&#8220; bottom_divider_style=&#8220;curve2&#8243; bottom_divider_color=&#8220;#ffffff&#8220; global_colors_info=&#8220;{}&#8220;][et_pb_fullwidth_header title=&#8220;Weidezaun Pferde Kunststoff&#8220; subhead=&#8220;Sie interessieren sich f\u00fcr unsere Produkte?&#8220; text_orientation=&#8220;center&#8220; button_one_text=&#8220;Fordern Sie ein Angebot an!&#8220; button_one_url=&#8220;https:\/\/heritage-products.nl\/de\/angebot-anfragen.html&#8220; _builder_version=&#8220;4.15.0&#8243; _module_preset=&#8220;default&#8220; title_font=&#8220;Arvo||||||||&#8220; title_font_size=&#8220;50px&#8220; content_font=&#8220;||||||||&#8220; subhead_font=&#8220;Arvo||||||||&#8220; subhead_text_color=&#8220;#FFFFFF&#8220; subhead_font_size=&#8220;20px&#8220; background_image=&#8220;https:\/\/heritage-products.nl\/wp-content\/uploads\/2022\/07\/Herritage-products-foto-header.jpg&#8220; parallax=&#8220;on&#8220; hover_enabled=&#8220;0&#8243; global_colors_info=&#8220;{}&#8220; alt=&#8220;Longeren | Heritage Producten&#8220; title_text=&#8220;Herritage products foto header&#8220; sticky_enabled=&#8220;0&#8243;][\/et_pb_fullwidth_header][\/et_pb_section][et_pb_section fb_built=&#8220;1&#8243; _builder_version=&#8220;4.15.0&#8243; _module_preset=&#8220;default&#8220; global_colors_info=&#8220;{}&#8220;][et_pb_row column_structure=&#8220;1_3,1_3,1_3&#8243; _builder_version=&#8220;4.15.0&#8243; _module_preset=&#8220;default&#8220; global_colors_info=&#8220;{}&#8220;][et_pb_column type=&#8220;1_3&#8243; _builder_version=&#8220;4.15.0&#8243; _module_preset=&#8220;default&#8220; global_colors_info=&#8220;{}&#8220;][et_pb_text _builder_version=&#8220;4.15.0&#8243; _module_preset=&#8220;default&#8220; text_font_size=&#8220;16px&#8220; global_colors_info=&#8220;{}&#8220;]<\/p>\n<p style=\"text-align: center;\"><strong><span class=\"Y2IQFc\" lang=\"de\">\u2714 pflegeleicht<\/span><\/strong><\/p>\n<p>[\/et_pb_text][\/et_pb_column][et_pb_column type=&#8220;1_3&#8243; _builder_version=&#8220;4.15.0&#8243; _module_preset=&#8220;default&#8220; global_colors_info=&#8220;{}&#8220;][et_pb_text _builder_version=&#8220;4.15.0&#8243; _module_preset=&#8220;default&#8220; text_font_size=&#8220;16px&#8220; global_colors_info=&#8220;{}&#8220;]<\/p>\n<p style=\"text-align: center;\"><strong><span class=\"Y2IQFc\" lang=\"de\">\u2714 autorisierter Fachh\u00e4ndler<\/span><\/strong><\/p>\n<p>[\/et_pb_text][\/et_pb_column][et_pb_column type=&#8220;1_3&#8243; _builder_version=&#8220;4.15.0&#8243; _module_preset=&#8220;default&#8220; global_colors_info=&#8220;{}&#8220;][et_pb_text _builder_version=&#8220;4.15.0&#8243; _module_preset=&#8220;default&#8220; text_font_size=&#8220;16px&#8220; global_colors_info=&#8220;{}&#8220;]<\/p>\n<p style=\"text-align: center;\"><strong><span class=\"Y2IQFc\" lang=\"de\">\u2714 <\/span><span class=\"Y2IQFc\" lang=\"de\">Sicher und nachhaltig<\/span><\/strong><\/p>\n<p>[\/et_pb_text][\/et_pb_column][\/et_pb_row][et_pb_row _builder_version=&#8220;4.15.0&#8243; _module_preset=&#8220;default&#8220; global_colors_info=&#8220;{}&#8220;][et_pb_column type=&#8220;4_4&#8243; _builder_version=&#8220;4.15.0&#8243; _module_preset=&#8220;default&#8220; global_colors_info=&#8220;{}&#8220;][et_pb_text _builder_version=&#8220;4.15.0&#8243; _module_preset=&#8220;default&#8220; global_colors_info=&#8220;{}&#8220;]<\/p>\n<p>Ein Weidezaun f\u00fcr Pferde aus Kunststoff muss zahlreiche Anforderungen erf\u00fcllen und genau damit kennen sich die Fachleute von Heritage Products bestens aus, denn schlie\u00dflich haben wir uns auf Koppelz\u00e4une und Reitsportzubeh\u00f6r spezialisiert. Wir wissen, welche Bed\u00fcrfnisse Pferd und Reiter haben und entsprechen diesen W\u00fcnschen mit durchdachten L\u00f6sungen f\u00fcr die Weideeinz\u00e4unung.<\/p>\n<p>[\/et_pb_text][\/et_pb_column][\/et_pb_row][\/et_pb_section][et_pb_section fb_built=&#8220;1&#8243; _builder_version=&#8220;4.15.0&#8243; _module_preset=&#8220;default&#8220; background_color=&#8220;#dd3333&#8243; global_colors_info=&#8220;{}&#8220;][et_pb_row column_structure=&#8220;1_2,1_2&#8243; _builder_version=&#8220;4.15.0&#8243; _module_preset=&#8220;default&#8220; global_colors_info=&#8220;{}&#8220;][et_pb_column type=&#8220;1_2&#8243; _builder_version=&#8220;4.15.0&#8243; _module_preset=&#8220;default&#8220; global_colors_info=&#8220;{}&#8220;][et_pb_text _builder_version=&#8220;4.15.0&#8243; _module_preset=&#8220;default&#8220; text_text_color=&#8220;#FFFFFF&#8220; global_colors_info=&#8220;{}&#8220;]<\/p>\n<h2 style=\"color: #fff;\">Weidezaun f\u00fcr Pferde aus Kunststoff, der aussieht wie ein Holzzaun<\/h2>\n<p>Bei Heritage Products erhalten Sie einen Weidezaun f\u00fcr Pferde\u00a0aus Kunststoff, der sich kaum von einem Koppelzaun aus Holz unterscheiden l\u00e4sst. Damit vereinen Sie die Vorz\u00fcge von Weidez\u00e4unen f\u00fcr Pferde aus Kunststoff, wie u.a.:<\/p>\n<ul>\n<li>Pflegeleichtigkeit<\/li>\n<li>Witterungsbest\u00e4ndigkeit<\/li>\n<li>lange Lebensdauer<\/li>\n<\/ul>\n<p>mit der stilvollen Ausstrahlung von Holzz\u00e4unen. F\u00fcr traditionsbewusste Pferdebesitzer bieten wir jedoch auch einen Weidezaun aus Holz f\u00fcr Pferde an. Damit genie\u00dfen Sie bei uns eine sehr breite Auswahl, wenn es um Weidez\u00e4une f\u00fcr Pferde geht. \u00dcbrigens verkaufen wir nicht nur Pferdez\u00e4une, wir vermieten sie auch. Unsere Koppelz\u00e4une werden aufgrund ihrer Ausstrahlung und ihrer einfachen Montierbarkeit gerne f\u00fcr Veranstaltungen genutzt.<\/p>\n<p>[\/et_pb_text][\/et_pb_column][et_pb_column type=&#8220;1_2&#8243; _builder_version=&#8220;4.15.0&#8243; _module_preset=&#8220;default&#8220; global_colors_info=&#8220;{}&#8220;][et_pb_image src=&#8220;https:\/\/heritage-products.nl\/wp-content\/uploads\/2021\/10\/DSC1153.gif&#8220; alt=&#8220;Hekpaal | Heritage Product B.V.&#8220; title_text=&#8220;_DSC1153&#8243; align=&#8220;right&#8220; _builder_version=&#8220;4.15.0&#8243; _module_preset=&#8220;default&#8220; global_colors_info=&#8220;{}&#8220;][\/et_pb_image][\/et_pb_column][\/et_pb_row][\/et_pb_section][et_pb_section fb_built=&#8220;1&#8243; _builder_version=&#8220;4.15.0&#8243; _module_preset=&#8220;default&#8220; global_colors_info=&#8220;{}&#8220;][et_pb_row column_structure=&#8220;1_2,1_2&#8243; _builder_version=&#8220;4.15.0&#8243; _module_preset=&#8220;default&#8220; global_colors_info=&#8220;{}&#8220;][et_pb_column type=&#8220;1_2&#8243; _builder_version=&#8220;4.15.0&#8243; _module_preset=&#8220;default&#8220; global_colors_info=&#8220;{}&#8220;][et_pb_image src=&#8220;https:\/\/heritage-products.nl\/wp-content\/uploads\/2016\/03\/DSC_2813fb.jpg&#8220; alt=&#8220;Stal met paard | Heritage Products B.V.&#8220; title_text=&#8220;DSC_2813fb&#8220; _builder_version=&#8220;4.15.0&#8243; _module_preset=&#8220;default&#8220; global_colors_info=&#8220;{}&#8220;][\/et_pb_image][\/et_pb_column][et_pb_column type=&#8220;1_2&#8243; _builder_version=&#8220;4.15.0&#8243; _module_preset=&#8220;default&#8220; global_colors_info=&#8220;{}&#8220;][et_pb_text _builder_version=&#8220;4.15.0&#8243; _module_preset=&#8220;default&#8220; global_colors_info=&#8220;{}&#8220;]<\/p>\n<h3>Teilen Sie uns Ihre W\u00fcnsche im Hinblick auf einen Koppelzaun mit<\/h3>\n<p>Teilen Sie uns Ihre W\u00fcnsche im Hinblick auf einen Weidezaun f\u00fcr Ihre Pferde aus Kunststoff doch am besten gleich telefonisch unter <a href=\"tel:0031485575920\" style=\"text-decoration:underline;\">+31 (0)485-575920<\/a>, per E-Mail oder Kontaktformular mit, damit wir Ihnen die verschiedenen M\u00f6glichkeiten zur sicheren und stilvollen Einz\u00e4unung Ihrer Koppel darlegen k\u00f6nnen. Wir freuen uns gemeinsam mit unseren <a href=\"https:\/\/heritage-products.nl\/de\/dealers.html\" style=\"text-decoration:underline;\">Fachh\u00e4ndlern<\/a>\u00a0darauf, Ihnen den <a href=\"https:\/\/heritage-products.nl\/de\/einzaeunungen.html\" style=\"text-decoration:underline;\">Pferdezaun<\/a>\u00a0zur Verf\u00fcgung stellen zu k\u00f6nnen, der Ihnen jahrelang Freude bereiten wird.[\/et_pb_text][\/et_pb_column][\/et_pb_row][\/et_pb_section]<\/p>\n","protected":false},"excerpt":{"rendered":"<p>\u2714 pflegeleicht\u2714 autorisierter Fachh\u00e4ndler\u2714 Sicher und nachhaltigEin Weidezaun f\u00fcr Pferde aus Kunststoff muss zahlreiche Anforderungen erf\u00fcllen und genau damit kennen sich die Fachleute von Heritage Products bestens aus, denn schlie\u00dflich haben wir uns auf Koppelz\u00e4une und Reitsportzubeh\u00f6r spezialisiert. Wir wissen, welche Bed\u00fcrfnisse Pferd und Reiter haben und entsprechen diesen W\u00fcnschen mit durchdachten L\u00f6sungen f\u00fcr die [&hellip;]<\/p>\n","protected":false},"author":3,"featured_media":0,"parent":0,"menu_order":0,"comment_status":"closed","ping_status":"closed","template":"","meta":{"_acf_changed":false,"_et_pb_use_builder":"on","_et_pb_old_content":"","_et_gb_content_width":"","footnotes":""},"class_list":["post-4438","page","type-page","status-publish","hentry"],"acf":[],"yoast_head":"<!-- This site is optimized with the Yoast SEO plugin v26.4 - https:\/\/yoast.com\/wordpress\/plugins\/seo\/ -->\n<title>Weidezaun Pferde Kunststoff - Heritage Products<\/title>\n<meta name=\"description\" content=\"Weidezaun Pferde Kunststoff \u2713 Pflegeleicht \u2713 Repr\u00e4sentativ \u2713 Sicher \u2713 international anerkannter Fachbetrieb f\u00fcr Kunststoff-Pferdez\u00e4une.\" \/>\n<meta name=\"robots\" content=\"index, follow, max-snippet:-1, max-image-preview:large, max-video-preview:-1\" \/>\n<link rel=\"canonical\" href=\"https:\/\/heritage-products.nl\/de\/weidezaun-pferde-kunststoff.html\" \/>\n<meta property=\"og:locale\" content=\"de_DE\" \/>\n<meta property=\"og:type\" content=\"article\" \/>\n<meta property=\"og:title\" content=\"Weidezaun Pferde Kunststoff - Heritage Products\" \/>\n<meta property=\"og:description\" content=\"Weidezaun Pferde Kunststoff \u2713 Pflegeleicht \u2713 Repr\u00e4sentativ \u2713 Sicher \u2713 international anerkannter Fachbetrieb f\u00fcr Kunststoff-Pferdez\u00e4une.\" \/>\n<meta property=\"og:url\" content=\"https:\/\/heritage-products.nl\/de\/weidezaun-pferde-kunststoff.html\" \/>\n<meta property=\"og:site_name\" content=\"Heritage Products\" \/>\n<meta property=\"article:modified_time\" content=\"2022-07-25T13:52:06+00:00\" \/>\n<meta name=\"twitter:card\" content=\"summary_large_image\" \/>\n<meta name=\"twitter:label1\" content=\"Est. reading time\" \/>\n\t<meta name=\"twitter:data1\" content=\"2 Minuten\" \/>\n<script type=\"application\/ld+json\" class=\"yoast-schema-graph\">{\"@context\":\"https:\/\/schema.org\",\"@graph\":[{\"@type\":\"WebPage\",\"@id\":\"https:\/\/heritage-products.nl\/de\/weidezaun-pferde-kunststoff.html\",\"url\":\"https:\/\/heritage-products.nl\/de\/weidezaun-pferde-kunststoff.html\",\"name\":\"Weidezaun Pferde Kunststoff - Heritage Products\",\"isPartOf\":{\"@id\":\"https:\/\/heritage-products.nl\/#website\"},\"datePublished\":\"2022-07-18T14:20:34+00:00\",\"dateModified\":\"2022-07-25T13:52:06+00:00\",\"description\":\"Weidezaun Pferde Kunststoff \u2713 Pflegeleicht \u2713 Repr\u00e4sentativ \u2713 Sicher \u2713 international anerkannter Fachbetrieb f\u00fcr Kunststoff-Pferdez\u00e4une.\",\"breadcrumb\":{\"@id\":\"https:\/\/heritage-products.nl\/de\/weidezaun-pferde-kunststoff.html#breadcrumb\"},\"inLanguage\":\"de-DE\",\"potentialAction\":[{\"@type\":\"ReadAction\",\"target\":[\"https:\/\/heritage-products.nl\/de\/weidezaun-pferde-kunststoff.html\"]}]},{\"@type\":\"BreadcrumbList\",\"@id\":\"https:\/\/heritage-products.nl\/de\/weidezaun-pferde-kunststoff.html#breadcrumb\",\"itemListElement\":[{\"@type\":\"ListItem\",\"position\":1,\"name\":\"Home\",\"item\":\"https:\/\/heritage-products.nl\/de\"},{\"@type\":\"ListItem\",\"position\":2,\"name\":\"Weidezaun Pferde Kunststoff\"}]},{\"@type\":\"WebSite\",\"@id\":\"https:\/\/heritage-products.nl\/#website\",\"url\":\"https:\/\/heritage-products.nl\/\",\"name\":\"Heritage Products\",\"description\":\"\",\"potentialAction\":[{\"@type\":\"SearchAction\",\"target\":{\"@type\":\"EntryPoint\",\"urlTemplate\":\"https:\/\/heritage-products.nl\/?s={search_term_string}\"},\"query-input\":{\"@type\":\"PropertyValueSpecification\",\"valueRequired\":true,\"valueName\":\"search_term_string\"}}],\"inLanguage\":\"de-DE\"}]}<\/script>\n<!-- \/ Yoast SEO plugin. -->","yoast_head_json":{"title":"Weidezaun Pferde Kunststoff - Heritage Products","description":"Weidezaun Pferde Kunststoff \u2713 Pflegeleicht \u2713 Repr\u00e4sentativ \u2713 Sicher \u2713 international anerkannter Fachbetrieb f\u00fcr Kunststoff-Pferdez\u00e4une.","robots":{"index":"index","follow":"follow","max-snippet":"max-snippet:-1","max-image-preview":"max-image-preview:large","max-video-preview":"max-video-preview:-1"},"canonical":"https:\/\/heritage-products.nl\/de\/weidezaun-pferde-kunststoff.html","og_locale":"de_DE","og_type":"article","og_title":"Weidezaun Pferde Kunststoff - Heritage Products","og_description":"Weidezaun Pferde Kunststoff \u2713 Pflegeleicht \u2713 Repr\u00e4sentativ \u2713 Sicher \u2713 international anerkannter Fachbetrieb f\u00fcr Kunststoff-Pferdez\u00e4une.","og_url":"https:\/\/heritage-products.nl\/de\/weidezaun-pferde-kunststoff.html","og_site_name":"Heritage Products","article_modified_time":"2022-07-25T13:52:06+00:00","twitter_card":"summary_large_image","twitter_misc":{"Est. reading time":"2 Minuten"},"schema":{"@context":"https:\/\/schema.org","@graph":[{"@type":"WebPage","@id":"https:\/\/heritage-products.nl\/de\/weidezaun-pferde-kunststoff.html","url":"https:\/\/heritage-products.nl\/de\/weidezaun-pferde-kunststoff.html","name":"Weidezaun Pferde Kunststoff - Heritage Products","isPartOf":{"@id":"https:\/\/heritage-products.nl\/#website"},"datePublished":"2022-07-18T14:20:34+00:00","dateModified":"2022-07-25T13:52:06+00:00","description":"Weidezaun Pferde Kunststoff \u2713 Pflegeleicht \u2713 Repr\u00e4sentativ \u2713 Sicher \u2713 international anerkannter Fachbetrieb f\u00fcr Kunststoff-Pferdez\u00e4une.","breadcrumb":{"@id":"https:\/\/heritage-products.nl\/de\/weidezaun-pferde-kunststoff.html#breadcrumb"},"inLanguage":"de-DE","potentialAction":[{"@type":"ReadAction","target":["https:\/\/heritage-products.nl\/de\/weidezaun-pferde-kunststoff.html"]}]},{"@type":"BreadcrumbList","@id":"https:\/\/heritage-products.nl\/de\/weidezaun-pferde-kunststoff.html#breadcrumb","itemListElement":[{"@type":"ListItem","position":1,"name":"Home","item":"https:\/\/heritage-products.nl\/de"},{"@type":"ListItem","position":2,"name":"Weidezaun Pferde Kunststoff"}]},{"@type":"WebSite","@id":"https:\/\/heritage-products.nl\/#website","url":"https:\/\/heritage-products.nl\/","name":"Heritage Products","description":"","potentialAction":[{"@type":"SearchAction","target":{"@type":"EntryPoint","urlTemplate":"https:\/\/heritage-products.nl\/?s={search_term_string}"},"query-input":{"@type":"PropertyValueSpecification","valueRequired":true,"valueName":"search_term_string"}}],"inLanguage":"de-DE"}]}},"_links":{"self":[{"href":"https:\/\/heritage-products.nl\/de\/wp-json\/wp\/v2\/pages\/4438","targetHints":{"allow":["GET"]}}],"collection":[{"href":"https:\/\/heritage-products.nl\/de\/wp-json\/wp\/v2\/pages"}],"about":[{"href":"https:\/\/heritage-products.nl\/de\/wp-json\/wp\/v2\/types\/page"}],"author":[{"embeddable":true,"href":"https:\/\/heritage-products.nl\/de\/wp-json\/wp\/v2\/users\/3"}],"replies":[{"embeddable":true,"href":"https:\/\/heritage-products.nl\/de\/wp-json\/wp\/v2\/comments?post=4438"}],"version-history":[{"count":4,"href":"https:\/\/heritage-products.nl\/de\/wp-json\/wp\/v2\/pages\/4438\/revisions"}],"predecessor-version":[{"id":4504,"href":"https:\/\/heritage-products.nl\/de\/wp-json\/wp\/v2\/pages\/4438\/revisions\/4504"}],"wp:attachment":[{"href":"https:\/\/heritage-products.nl\/de\/wp-json\/wp\/v2\/media?parent=4438"}],"curies":[{"name":"wp","href":"https:\/\/api.w.org\/{rel}","templated":true}]}}