{"id":4447,"date":"2022-07-18T14:24:27","date_gmt":"2022-07-18T14:24:27","guid":{"rendered":"https:\/\/heritage-products.nl\/?page_id=4447"},"modified":"2022-07-25T13:50:40","modified_gmt":"2022-07-25T13:50:40","slug":"zaunhersteller","status":"publish","type":"page","link":"https:\/\/heritage-products.nl\/de\/zaunhersteller.html","title":{"rendered":"Zaunhersteller"},"content":{"rendered":"<p>[et_pb_section fb_built=&#8220;1&#8243; fullwidth=&#8220;on&#8220; admin_label=&#8220;Section&#8220; module_class=&#8220;grizzly__section&#8220; _builder_version=&#8220;4.15.0&#8243; _module_preset=&#8220;default&#8220; bottom_divider_style=&#8220;curve2&#8243; bottom_divider_color=&#8220;#ffffff&#8220; global_colors_info=&#8220;{}&#8220;][et_pb_fullwidth_header title=&#8220;Zaunhersteller&#8220; subhead=&#8220;Sie interessieren sich f\u00fcr unsere Produkte?&#8220; text_orientation=&#8220;center&#8220; button_one_text=&#8220;Fordern Sie ein Angebot an!&#8220; button_one_url=&#8220;https:\/\/heritage-products.nl\/de\/angebot-anfragen.html&#8220; _builder_version=&#8220;4.15.0&#8243; _module_preset=&#8220;default&#8220; title_font=&#8220;Arvo||||||||&#8220; title_font_size=&#8220;50px&#8220; content_font=&#8220;||||||||&#8220; subhead_font=&#8220;Arvo||||||||&#8220; subhead_text_color=&#8220;#FFFFFF&#8220; subhead_font_size=&#8220;20px&#8220; background_image=&#8220;https:\/\/heritage-products.nl\/wp-content\/uploads\/2022\/07\/Herritage-products-foto-header.jpg&#8220; parallax=&#8220;on&#8220; hover_enabled=&#8220;0&#8243; global_colors_info=&#8220;{}&#8220; alt=&#8220;Longeren | Heritage Producten&#8220; title_text=&#8220;Herritage products foto header&#8220; sticky_enabled=&#8220;0&#8243;][\/et_pb_fullwidth_header][\/et_pb_section][et_pb_section fb_built=&#8220;1&#8243; _builder_version=&#8220;4.15.0&#8243; _module_preset=&#8220;default&#8220; global_colors_info=&#8220;{}&#8220;][et_pb_row column_structure=&#8220;1_3,1_3,1_3&#8243; _builder_version=&#8220;4.15.0&#8243; _module_preset=&#8220;default&#8220; global_colors_info=&#8220;{}&#8220;][et_pb_column type=&#8220;1_3&#8243; _builder_version=&#8220;4.15.0&#8243; _module_preset=&#8220;default&#8220; global_colors_info=&#8220;{}&#8220;][et_pb_text _builder_version=&#8220;4.15.0&#8243; _module_preset=&#8220;default&#8220; text_font_size=&#8220;16px&#8220; global_colors_info=&#8220;{}&#8220;]<\/p>\n<p style=\"text-align: center;\"><strong><span class=\"Y2IQFc\" lang=\"de\">\u2714 pflegeleicht<\/span><\/strong><\/p>\n<p>[\/et_pb_text][\/et_pb_column][et_pb_column type=&#8220;1_3&#8243; _builder_version=&#8220;4.15.0&#8243; _module_preset=&#8220;default&#8220; global_colors_info=&#8220;{}&#8220;][et_pb_text _builder_version=&#8220;4.15.0&#8243; _module_preset=&#8220;default&#8220; text_font_size=&#8220;16px&#8220; global_colors_info=&#8220;{}&#8220;]<\/p>\n<p style=\"text-align: center;\"><strong><span class=\"Y2IQFc\" lang=\"de\">\u2714 autorisierter Fachh\u00e4ndler<\/span><\/strong><\/p>\n<p>[\/et_pb_text][\/et_pb_column][et_pb_column type=&#8220;1_3&#8243; _builder_version=&#8220;4.15.0&#8243; _module_preset=&#8220;default&#8220; global_colors_info=&#8220;{}&#8220;][et_pb_text _builder_version=&#8220;4.15.0&#8243; _module_preset=&#8220;default&#8220; text_font_size=&#8220;16px&#8220; global_colors_info=&#8220;{}&#8220;]<\/p>\n<p style=\"text-align: center;\"><strong><span class=\"Y2IQFc\" lang=\"de\">\u2714 <\/span><span class=\"Y2IQFc\" lang=\"de\">Sicher und nachhaltig<\/span><\/strong><\/p>\n<p>[\/et_pb_text][\/et_pb_column][\/et_pb_row][et_pb_row _builder_version=&#8220;4.15.0&#8243; _module_preset=&#8220;default&#8220; global_colors_info=&#8220;{}&#8220;][et_pb_column type=&#8220;4_4&#8243; _builder_version=&#8220;4.15.0&#8243; _module_preset=&#8220;default&#8220; global_colors_info=&#8220;{}&#8220;][et_pb_text _builder_version=&#8220;4.15.0&#8243; _module_preset=&#8220;default&#8220; global_colors_info=&#8220;{}&#8220;]<\/p>\n<p>Der anerkannte niederl\u00e4ndische Zaunhersteller Heritage Products kennt sich mit allen Aspekten der Pferdehaltung bestens aus. Dort werden Umz\u00e4unungen aus praktisch unverw\u00fcstlichem und gleichzeitig sehr ansprechendem PVC-Material gefertigt. Damit erf\u00fcllen die Einfriedungen dieses Zaunherstellers alle Erwartungen, die Sie an eine Umz\u00e4unung stellen d\u00fcrfen. Die Z\u00e4une sind sicher, pflegeleicht und sch\u00f6n.<\/p>\n<p>[\/et_pb_text][\/et_pb_column][\/et_pb_row][\/et_pb_section][et_pb_section fb_built=&#8220;1&#8243; _builder_version=&#8220;4.15.0&#8243; _module_preset=&#8220;default&#8220; background_color=&#8220;#dd3333&#8243; global_colors_info=&#8220;{}&#8220;][et_pb_row column_structure=&#8220;1_2,1_2&#8243; _builder_version=&#8220;4.15.0&#8243; _module_preset=&#8220;default&#8220; global_colors_info=&#8220;{}&#8220;][et_pb_column type=&#8220;1_2&#8243; _builder_version=&#8220;4.15.0&#8243; _module_preset=&#8220;default&#8220; global_colors_info=&#8220;{}&#8220;][et_pb_text _builder_version=&#8220;4.15.0&#8243; _module_preset=&#8220;default&#8220; text_text_color=&#8220;#FFFFFF&#8220; global_colors_info=&#8220;{}&#8220;]<\/p>\n<h2 style=\"color: #fff;\">Sachkundiger und engagierter Zaunhersteller<\/h2>\n<p>Heritage Products ist nicht nur ein \u00e4u\u00dferst sachkundiger Zaunhersteller. Diese Firma vermietet auch Z\u00e4une an Reitsportveranstalter. Unsere kompetenten und gut geschulten Mitarbeiter, die selbst praktisch ausnahmslos im Reitsport aktiv sind oder waren, beraten Sie gerne dahingehend, welche L\u00f6sung f\u00fcr Sie am besten ist. Unser Sortiment an <a href=\"https:\/\/heritage-products.nl\/de\/einzaunung-pferdeweide.html\" style=\"color: #fff; text-decoration:underline;\">Pferdez\u00e4unen<\/a> umfasst u.a. die folgenden Ausf\u00fchrungen:<\/p>\n<ul>\n<li><a href=\"https:\/\/heritage-products.nl\/de\/einzaeunungen\/artwood-einzaeunung.html\" style=\"color: #fff; text-decoration:underline;\">Artwood Fence<\/a>(langlebiger und sicherer Kunststoffzaun im Holz-Look)<\/li>\n<li><a href=\"https:\/\/heritage-products.nl\/de\/einzaeunungen\/heritage-einzaeunung.html\" style=\"color: #fff; text-decoration:underline;\">Heritage Fence<\/a>(klassischer, wei\u00dfer Kunststoffzaun)<\/li>\n<li><a href=\"https:\/\/heritage-products.nl\/de\/einzaeunungen\/elektra-raster.html\" style=\"color: #fff; text-decoration:underline;\">Electra Fence<\/a>(wartungsfreundlicher Elektrozaun)<\/li>\n<\/ul>\n<p>[\/et_pb_text][\/et_pb_column][et_pb_column type=&#8220;1_2&#8243; _builder_version=&#8220;4.15.0&#8243; _module_preset=&#8220;default&#8220; global_colors_info=&#8220;{}&#8220;][et_pb_image src=&#8220;https:\/\/heritage-products.nl\/wp-content\/uploads\/2021\/10\/DSC1153.gif&#8220; alt=&#8220;Hekpaal | Heritage Product B.V.&#8220; title_text=&#8220;_DSC1153&#8243; align=&#8220;right&#8220; _builder_version=&#8220;4.15.0&#8243; _module_preset=&#8220;default&#8220; global_colors_info=&#8220;{}&#8220;][\/et_pb_image][\/et_pb_column][\/et_pb_row][\/et_pb_section][et_pb_section fb_built=&#8220;1&#8243; _builder_version=&#8220;4.15.0&#8243; _module_preset=&#8220;default&#8220; global_colors_info=&#8220;{}&#8220;][et_pb_row column_structure=&#8220;1_2,1_2&#8243; _builder_version=&#8220;4.15.0&#8243; _module_preset=&#8220;default&#8220; global_colors_info=&#8220;{}&#8220;][et_pb_column type=&#8220;1_2&#8243; _builder_version=&#8220;4.15.0&#8243; _module_preset=&#8220;default&#8220; global_colors_info=&#8220;{}&#8220;][et_pb_image src=&#8220;https:\/\/heritage-products.nl\/wp-content\/uploads\/2016\/03\/DSC_2813fb.jpg&#8220; alt=&#8220;Stal met paard | Heritage Products B.V.&#8220; title_text=&#8220;DSC_2813fb&#8220; _builder_version=&#8220;4.15.0&#8243; _module_preset=&#8220;default&#8220; global_colors_info=&#8220;{}&#8220;][\/et_pb_image][\/et_pb_column][et_pb_column type=&#8220;1_2&#8243; _builder_version=&#8220;4.15.0&#8243; _module_preset=&#8220;default&#8220; global_colors_info=&#8220;{}&#8220;][et_pb_text _builder_version=&#8220;4.15.0&#8243; _module_preset=&#8220;default&#8220; global_colors_info=&#8220;{}&#8220;]<\/p>\n<h3>Wenden Sie sich an den Spezialisten im Bereich der Pferdehaltung<\/h3>\n<p>In allem werden Sie feststellen, dass Heritage Products nicht irgendein Zaunhersteller, sondern ein tonangebender Fachbetrieb im Bereich der Pferdehaltung ist. Aus gutem Grund beliefert Heritage Products die gro\u00dfen niederl\u00e4ndischen Turniere. Machen Sie sich diese Erfahrung und diese fundierten Fachkenntnisse zunutze, indem Sie sich heute noch an Heritage Products unter <a href=\"tel:0031485575920\" style=\"text-decoration:underline;\">+31 (0)485-575920<\/a> oder einen der deutschen oder Schweizer <a href=\"https:\/\/heritage-products.nl\/de\/dealers.html\" style=\"text-decoration:underline;\">Fachh\u00e4ndler<\/a>\u00a0dieses Betriebs wenden und sich unser umfassendes Sortiment an <a href=\"https:\/\/heritage-products.nl\/de\/einzaeunungen.html\" style=\"text-decoration:underline;\">Z\u00e4unen<\/a>\u00a0sowie Dressur- und <a href=\"https:\/\/heritage-products.nl\/de\/hindernisstander.html\" style=\"text-decoration:underline;\">Springsportzubeh\u00f6r<\/a> n\u00e4her vorstellen lassen.[\/et_pb_text][\/et_pb_column][\/et_pb_row][\/et_pb_section]<\/p>\n","protected":false},"excerpt":{"rendered":"<p>\u2714 pflegeleicht\u2714 autorisierter Fachh\u00e4ndler\u2714 Sicher und nachhaltigDer anerkannte niederl\u00e4ndische Zaunhersteller Heritage Products kennt sich mit allen Aspekten der Pferdehaltung bestens aus. Dort werden Umz\u00e4unungen aus praktisch unverw\u00fcstlichem und gleichzeitig sehr ansprechendem PVC-Material gefertigt. Damit erf\u00fcllen die Einfriedungen dieses Zaunherstellers alle Erwartungen, die Sie an eine Umz\u00e4unung stellen d\u00fcrfen. Die Z\u00e4une sind sicher, pflegeleicht und sch\u00f6n.Sachkundiger [&hellip;]<\/p>\n","protected":false},"author":3,"featured_media":0,"parent":0,"menu_order":0,"comment_status":"closed","ping_status":"closed","template":"","meta":{"_acf_changed":false,"_et_pb_use_builder":"on","_et_pb_old_content":"","_et_gb_content_width":"","footnotes":""},"class_list":["post-4447","page","type-page","status-publish","hentry"],"acf":[],"yoast_head":"<!-- This site is optimized with the Yoast SEO plugin v26.4 - https:\/\/yoast.com\/wordpress\/plugins\/seo\/ -->\n<title>Zaunhersteller - Heritage Products<\/title>\n<meta name=\"description\" content=\"Kaufen oder mieten Sie zum Wohl der Pferde bei einem kompetenten Zaunhersteller Umz\u00e4unungen der Spitzenklasse, wie u. a. Kunststoffz\u00e4une im Holz-Look.\" \/>\n<meta name=\"robots\" content=\"index, follow, max-snippet:-1, max-image-preview:large, max-video-preview:-1\" \/>\n<link rel=\"canonical\" href=\"https:\/\/heritage-products.nl\/de\/zaunhersteller.html\" \/>\n<meta property=\"og:locale\" content=\"de_DE\" \/>\n<meta property=\"og:type\" content=\"article\" \/>\n<meta property=\"og:title\" content=\"Zaunhersteller - Heritage Products\" \/>\n<meta property=\"og:description\" content=\"Kaufen oder mieten Sie zum Wohl der Pferde bei einem kompetenten Zaunhersteller Umz\u00e4unungen der Spitzenklasse, wie u. a. Kunststoffz\u00e4une im Holz-Look.\" \/>\n<meta property=\"og:url\" content=\"https:\/\/heritage-products.nl\/de\/zaunhersteller.html\" \/>\n<meta property=\"og:site_name\" content=\"Heritage Products\" \/>\n<meta property=\"article:modified_time\" content=\"2022-07-25T13:50:40+00:00\" \/>\n<meta name=\"twitter:card\" content=\"summary_large_image\" \/>\n<meta name=\"twitter:label1\" content=\"Est. reading time\" \/>\n\t<meta name=\"twitter:data1\" content=\"2 Minuten\" \/>\n<script type=\"application\/ld+json\" class=\"yoast-schema-graph\">{\"@context\":\"https:\/\/schema.org\",\"@graph\":[{\"@type\":\"WebPage\",\"@id\":\"https:\/\/heritage-products.nl\/de\/zaunhersteller.html\",\"url\":\"https:\/\/heritage-products.nl\/de\/zaunhersteller.html\",\"name\":\"Zaunhersteller - Heritage Products\",\"isPartOf\":{\"@id\":\"https:\/\/heritage-products.nl\/#website\"},\"datePublished\":\"2022-07-18T14:24:27+00:00\",\"dateModified\":\"2022-07-25T13:50:40+00:00\",\"description\":\"Kaufen oder mieten Sie zum Wohl der Pferde bei einem kompetenten Zaunhersteller Umz\u00e4unungen der Spitzenklasse, wie u. a. Kunststoffz\u00e4une im Holz-Look.\",\"breadcrumb\":{\"@id\":\"https:\/\/heritage-products.nl\/de\/zaunhersteller.html#breadcrumb\"},\"inLanguage\":\"de-DE\",\"potentialAction\":[{\"@type\":\"ReadAction\",\"target\":[\"https:\/\/heritage-products.nl\/de\/zaunhersteller.html\"]}]},{\"@type\":\"BreadcrumbList\",\"@id\":\"https:\/\/heritage-products.nl\/de\/zaunhersteller.html#breadcrumb\",\"itemListElement\":[{\"@type\":\"ListItem\",\"position\":1,\"name\":\"Home\",\"item\":\"https:\/\/heritage-products.nl\/de\"},{\"@type\":\"ListItem\",\"position\":2,\"name\":\"Zaunhersteller\"}]},{\"@type\":\"WebSite\",\"@id\":\"https:\/\/heritage-products.nl\/#website\",\"url\":\"https:\/\/heritage-products.nl\/\",\"name\":\"Heritage Products\",\"description\":\"\",\"potentialAction\":[{\"@type\":\"SearchAction\",\"target\":{\"@type\":\"EntryPoint\",\"urlTemplate\":\"https:\/\/heritage-products.nl\/?s={search_term_string}\"},\"query-input\":{\"@type\":\"PropertyValueSpecification\",\"valueRequired\":true,\"valueName\":\"search_term_string\"}}],\"inLanguage\":\"de-DE\"}]}<\/script>\n<!-- \/ Yoast SEO plugin. -->","yoast_head_json":{"title":"Zaunhersteller - Heritage Products","description":"Kaufen oder mieten Sie zum Wohl der Pferde bei einem kompetenten Zaunhersteller Umz\u00e4unungen der Spitzenklasse, wie u. a. Kunststoffz\u00e4une im Holz-Look.","robots":{"index":"index","follow":"follow","max-snippet":"max-snippet:-1","max-image-preview":"max-image-preview:large","max-video-preview":"max-video-preview:-1"},"canonical":"https:\/\/heritage-products.nl\/de\/zaunhersteller.html","og_locale":"de_DE","og_type":"article","og_title":"Zaunhersteller - Heritage Products","og_description":"Kaufen oder mieten Sie zum Wohl der Pferde bei einem kompetenten Zaunhersteller Umz\u00e4unungen der Spitzenklasse, wie u. a. Kunststoffz\u00e4une im Holz-Look.","og_url":"https:\/\/heritage-products.nl\/de\/zaunhersteller.html","og_site_name":"Heritage Products","article_modified_time":"2022-07-25T13:50:40+00:00","twitter_card":"summary_large_image","twitter_misc":{"Est. reading time":"2 Minuten"},"schema":{"@context":"https:\/\/schema.org","@graph":[{"@type":"WebPage","@id":"https:\/\/heritage-products.nl\/de\/zaunhersteller.html","url":"https:\/\/heritage-products.nl\/de\/zaunhersteller.html","name":"Zaunhersteller - Heritage Products","isPartOf":{"@id":"https:\/\/heritage-products.nl\/#website"},"datePublished":"2022-07-18T14:24:27+00:00","dateModified":"2022-07-25T13:50:40+00:00","description":"Kaufen oder mieten Sie zum Wohl der Pferde bei einem kompetenten Zaunhersteller Umz\u00e4unungen der Spitzenklasse, wie u. a. Kunststoffz\u00e4une im Holz-Look.","breadcrumb":{"@id":"https:\/\/heritage-products.nl\/de\/zaunhersteller.html#breadcrumb"},"inLanguage":"de-DE","potentialAction":[{"@type":"ReadAction","target":["https:\/\/heritage-products.nl\/de\/zaunhersteller.html"]}]},{"@type":"BreadcrumbList","@id":"https:\/\/heritage-products.nl\/de\/zaunhersteller.html#breadcrumb","itemListElement":[{"@type":"ListItem","position":1,"name":"Home","item":"https:\/\/heritage-products.nl\/de"},{"@type":"ListItem","position":2,"name":"Zaunhersteller"}]},{"@type":"WebSite","@id":"https:\/\/heritage-products.nl\/#website","url":"https:\/\/heritage-products.nl\/","name":"Heritage Products","description":"","potentialAction":[{"@type":"SearchAction","target":{"@type":"EntryPoint","urlTemplate":"https:\/\/heritage-products.nl\/?s={search_term_string}"},"query-input":{"@type":"PropertyValueSpecification","valueRequired":true,"valueName":"search_term_string"}}],"inLanguage":"de-DE"}]}},"_links":{"self":[{"href":"https:\/\/heritage-products.nl\/de\/wp-json\/wp\/v2\/pages\/4447","targetHints":{"allow":["GET"]}}],"collection":[{"href":"https:\/\/heritage-products.nl\/de\/wp-json\/wp\/v2\/pages"}],"about":[{"href":"https:\/\/heritage-products.nl\/de\/wp-json\/wp\/v2\/types\/page"}],"author":[{"embeddable":true,"href":"https:\/\/heritage-products.nl\/de\/wp-json\/wp\/v2\/users\/3"}],"replies":[{"embeddable":true,"href":"https:\/\/heritage-products.nl\/de\/wp-json\/wp\/v2\/comments?post=4447"}],"version-history":[{"count":4,"href":"https:\/\/heritage-products.nl\/de\/wp-json\/wp\/v2\/pages\/4447\/revisions"}],"predecessor-version":[{"id":4503,"href":"https:\/\/heritage-products.nl\/de\/wp-json\/wp\/v2\/pages\/4447\/revisions\/4503"}],"wp:attachment":[{"href":"https:\/\/heritage-products.nl\/de\/wp-json\/wp\/v2\/media?parent=4447"}],"curies":[{"name":"wp","href":"https:\/\/api.w.org\/{rel}","templated":true}]}}