{"id":4904,"date":"2023-02-09T10:42:30","date_gmt":"2023-02-09T10:42:30","guid":{"rendered":"https:\/\/heritage-products.nl\/?page_id=4904"},"modified":"2023-02-09T10:42:33","modified_gmt":"2023-02-09T10:42:33","slug":"hindernisse-configurator","status":"publish","type":"page","link":"https:\/\/heritage-products.nl\/de\/hindernissen\/hindernisse-configurator.html","title":{"rendered":"Hindernisse configurator"},"content":{"rendered":"<p>[et_pb_section fb_built=&#8220;1&#8243; fullwidth=&#8220;on&#8220; admin_label=&#8220;Section&#8220; _builder_version=&#8220;4.15&#8243; bottom_divider_style=&#8220;curve2&#8243; bottom_divider_color=&#8220;#ffffff&#8220; global_colors_info=&#8220;{}&#8220;][et_pb_fullwidth_header title=&#8220;Heritage Products Hindernisse Configurator&#8220; subhead=&#8220;Stellen Sie selber Ihre gew\u00fcnschte Hindernisse und Satz zusammen&#8220; text_orientation=&#8220;center&#8220; button_one_text=&#8220;Zu der Configurator&#8220; button_one_url=&#8220;https:\/\/configurator.heritage-products.nl\/&#8220; content_max_width=&#8220;none&#8220; title_font_color=&#8220;#ffffff&#8220; subhead_font_color=&#8220;#ffffff&#8220; admin_label=&#8220;Fullwidth Header&#8220; _builder_version=&#8220;4.15.0&#8243; title_font=&#8220;Arvo||||&#8220; title_text_color=&#8220;#ffffff&#8220; title_font_size=&#8220;50&#8243; subhead_font=&#8220;Arvo|700|||||||&#8220; subhead_text_color=&#8220;#E02B20&#8243; subhead_font_size=&#8220;27px&#8220; background_color=&#8220;rgba(255, 255, 255, 0)&#8220; background_image=&#8220;https:\/\/heritage-products.nl\/wp-content\/uploads\/2023\/01\/DSC1190-copy-1.jpg&#8220; parallax=&#8220;on&#8220; custom_button_one=&#8220;on&#8220; button_one_text_color=&#8220;#FFFFFF&#8220; button_one_bg_color=&#8220;#E02B20&#8243; button_one_border_radius=&#8220;15px&#8220; background_layout=&#8220;light&#8220; title_text_shadow_style=&#8220;preset1&#8243; subhead_text_shadow_style=&#8220;preset5&#8243; background_url=&#8220;https:\/\/heritage-products.nl\/wp-content\/uploads\/2016\/04\/P8270010web.jpg&#8220; button_one_border_radius_hover=&#8220;3&#8243; button_two_border_radius_hover=&#8220;3&#8243; button_one_letter_spacing_hover=&#8220;0&#8243; button_two_letter_spacing_hover=&#8220;0&#8243; global_colors_info=&#8220;{}&#8220; button_one_text_size__hover_enabled=&#8220;off&#8220; button_two_text_size__hover_enabled=&#8220;off&#8220; button_one_text_color__hover_enabled=&#8220;off&#8220; button_two_text_color__hover_enabled=&#8220;off&#8220; button_one_border_width__hover_enabled=&#8220;off&#8220; button_two_border_width__hover_enabled=&#8220;off&#8220; button_one_border_color__hover_enabled=&#8220;off&#8220; button_two_border_color__hover_enabled=&#8220;off&#8220; button_one_border_radius__hover_enabled=&#8220;on&#8220; button_one_border_radius__hover=&#8220;3&#8243; button_two_border_radius__hover_enabled=&#8220;on&#8220; button_two_border_radius__hover=&#8220;3&#8243; button_one_letter_spacing__hover_enabled=&#8220;on&#8220; button_one_letter_spacing__hover=&#8220;0&#8243; button_two_letter_spacing__hover_enabled=&#8220;on&#8220; button_two_letter_spacing__hover=&#8220;0&#8243; button_one_bg_color__hover_enabled=&#8220;off&#8220; button_two_bg_color__hover_enabled=&#8220;off&#8220;][\/et_pb_fullwidth_header][\/et_pb_section][et_pb_section fb_built=&#8220;1&#8243; admin_label=&#8220;Section&#8220; _builder_version=&#8220;4.15&#8243; global_colors_info=&#8220;{}&#8220;][et_pb_row admin_label=&#8220;Row&#8220; _builder_version=&#8220;4.15&#8243; background_size=&#8220;initial&#8220; background_position=&#8220;top_left&#8220; background_repeat=&#8220;repeat&#8220; global_colors_info=&#8220;{}&#8220;][et_pb_column type=&#8220;4_4&#8243; _builder_version=&#8220;4.15&#8243; custom_padding=&#8220;|||&#8220; global_colors_info=&#8220;{}&#8220; custom_padding__hover=&#8220;|||&#8220;][et_pb_text admin_label=&#8220;Text&#8220; _builder_version=&#8220;4.15.0&#8243; background_size=&#8220;initial&#8220; background_position=&#8220;top_left&#8220; background_repeat=&#8220;repeat&#8220; use_border_color=&#8220;off&#8220; border_color=&#8220;#ffffff&#8220; border_style=&#8220;solid&#8220; global_colors_info=&#8220;{}&#8220;]<\/p>\n<p><strong>Hinderniskonfigurator<\/strong><\/p>\n<p>Mit dem Hinderniskonfigurator von Heritage Products entwerfen Sie Ihre idealen Hindernisse und Ihr komplettes Set selbst. W\u00e4hlen Sie einfach die Farben und den Stil aus und Sie sehen das Ergebnis sofort vor sich. Sie k\u00f6nnen Stangen und Polster in verschiedenen Farben w\u00e4hlen. Der Konfigurator beh\u00e4lt den Preis f\u00fcr das Hindernis und auch f\u00fcr das komplette Set im Auge.<\/p>\n<p>&nbsp;<\/p>\n<p><strong>Speichern und sp\u00e4ter fortfahren<\/strong><\/p>\n<p>Wenn Sie mit der Konfiguration fertig sind, k\u00f6nnen Sie diese mit einem Code speichern. Mit diesem Code k\u00f6nnen Sie sp\u00e4ter Ihre Komposition aufrufen. Sie k\u00f6nnen den Code auch an Heritage Products weitergeben, damit wir Ihnen bei der Auswahl und den Optionen helfen, Ihre Bestellung starten oder weitere Informationen zu Lieferzeiten und Kosten geben k\u00f6nnen. Wenn Sie eine Zusammenstellung speichern, ist diese v\u00f6llig unverbindlich. Es wird nur ein eindeutiger Code generiert, der es Ihnen erm\u00f6glicht, genau diese Zusammensetzung erneut zu erhalten. Dieser Code wird auch an Heritage Products gesendet.<\/p>\n<p><strong>Bestellen<\/strong><\/p>\n<p>Sind Sie mit dem von Ihnen zusammengestellten Set rundum zufrieden? Speichern Sie es und geben Sie uns den eindeutigen Code weiter. Wir sehen dann, was in der Bestellung enthalten sein soll und bearbeiten die Bestellung per E-Mail oder Telefon weiter. Gemeinsam pr\u00fcfen wir die M\u00f6glichkeiten f\u00fcr den Transport oder die Abholung des Sets bei uns in Sambeek.<\/p>\n<p>[\/et_pb_text][\/et_pb_column][\/et_pb_row][et_pb_row column_structure=&#8220;1_2,1_2&#8243; _builder_version=&#8220;4.15.0&#8243; _module_preset=&#8220;default&#8220; global_colors_info=&#8220;{}&#8220;][et_pb_column type=&#8220;1_2&#8243; _builder_version=&#8220;4.15.0&#8243; _module_preset=&#8220;default&#8220; global_colors_info=&#8220;{}&#8220;][et_pb_button button_url=&#8220;https:\/\/configurator.heritage-products.nl\/&#8220; button_text=&#8220;Zu der Configurator&#8220; _builder_version=&#8220;4.15.0&#8243; _module_preset=&#8220;default&#8220; global_colors_info=&#8220;{}&#8220;][\/et_pb_button][\/et_pb_column][et_pb_column type=&#8220;1_2&#8243; _builder_version=&#8220;4.15.0&#8243; _module_preset=&#8220;default&#8220; global_colors_info=&#8220;{}&#8220;][\/et_pb_column][\/et_pb_row][\/et_pb_section]<\/p>\n","protected":false},"excerpt":{"rendered":"<p>Hinderniskonfigurator Mit dem Hinderniskonfigurator von Heritage Products entwerfen Sie Ihre idealen Hindernisse und Ihr komplettes Set selbst. W\u00e4hlen Sie einfach die Farben und den Stil aus und Sie sehen das Ergebnis sofort vor sich. Sie k\u00f6nnen Stangen und Polster in verschiedenen Farben w\u00e4hlen. Der Konfigurator beh\u00e4lt den Preis f\u00fcr das Hindernis und auch f\u00fcr das [&hellip;]<\/p>\n","protected":false},"author":2,"featured_media":0,"parent":904,"menu_order":0,"comment_status":"closed","ping_status":"closed","template":"","meta":{"_acf_changed":false,"_et_pb_use_builder":"on","_et_pb_old_content":"","_et_gb_content_width":"","footnotes":""},"class_list":["post-4904","page","type-page","status-publish","hentry"],"acf":[],"yoast_head":"<!-- This site is optimized with the Yoast SEO plugin v26.4 - https:\/\/yoast.com\/wordpress\/plugins\/seo\/ -->\n<title>Hindernisse configurator - Heritage Products<\/title>\n<meta name=\"robots\" content=\"index, follow, max-snippet:-1, max-image-preview:large, max-video-preview:-1\" \/>\n<link rel=\"canonical\" href=\"https:\/\/heritage-products.nl\/de\/hindernissen\/hindernisse-configurator.html\" \/>\n<meta property=\"og:locale\" content=\"de_DE\" \/>\n<meta property=\"og:type\" content=\"article\" \/>\n<meta property=\"og:title\" content=\"Hindernisse configurator - Heritage Products\" \/>\n<meta property=\"og:description\" content=\"Hinderniskonfigurator Mit dem Hinderniskonfigurator von Heritage Products entwerfen Sie Ihre idealen Hindernisse und Ihr komplettes Set selbst. W\u00e4hlen Sie einfach die Farben und den Stil aus und Sie sehen das Ergebnis sofort vor sich. Sie k\u00f6nnen Stangen und Polster in verschiedenen Farben w\u00e4hlen. Der Konfigurator beh\u00e4lt den Preis f\u00fcr das Hindernis und auch f\u00fcr das [&hellip;]\" \/>\n<meta property=\"og:url\" content=\"https:\/\/heritage-products.nl\/de\/hindernissen\/hindernisse-configurator.html\" \/>\n<meta property=\"og:site_name\" content=\"Heritage Products\" \/>\n<meta property=\"article:modified_time\" content=\"2023-02-09T10:42:33+00:00\" \/>\n<meta name=\"twitter:card\" content=\"summary_large_image\" \/>\n<meta name=\"twitter:label1\" content=\"Est. reading time\" \/>\n\t<meta name=\"twitter:data1\" content=\"2 Minuten\" \/>\n<script type=\"application\/ld+json\" class=\"yoast-schema-graph\">{\"@context\":\"https:\/\/schema.org\",\"@graph\":[{\"@type\":\"WebPage\",\"@id\":\"https:\/\/heritage-products.nl\/de\/hindernissen\/hindernisse-configurator.html\",\"url\":\"https:\/\/heritage-products.nl\/de\/hindernissen\/hindernisse-configurator.html\",\"name\":\"Hindernisse configurator - Heritage Products\",\"isPartOf\":{\"@id\":\"https:\/\/heritage-products.nl\/#website\"},\"datePublished\":\"2023-02-09T10:42:30+00:00\",\"dateModified\":\"2023-02-09T10:42:33+00:00\",\"breadcrumb\":{\"@id\":\"https:\/\/heritage-products.nl\/de\/hindernissen\/hindernisse-configurator.html#breadcrumb\"},\"inLanguage\":\"de-DE\",\"potentialAction\":[{\"@type\":\"ReadAction\",\"target\":[\"https:\/\/heritage-products.nl\/de\/hindernissen\/hindernisse-configurator.html\"]}]},{\"@type\":\"BreadcrumbList\",\"@id\":\"https:\/\/heritage-products.nl\/de\/hindernissen\/hindernisse-configurator.html#breadcrumb\",\"itemListElement\":[{\"@type\":\"ListItem\",\"position\":1,\"name\":\"Home\",\"item\":\"https:\/\/heritage-products.nl\/de\"},{\"@type\":\"ListItem\",\"position\":2,\"name\":\"Hindernisse\",\"item\":\"https:\/\/heritage-products.nl\/de\/hindernissen.html\"},{\"@type\":\"ListItem\",\"position\":3,\"name\":\"Hindernisse configurator\"}]},{\"@type\":\"WebSite\",\"@id\":\"https:\/\/heritage-products.nl\/#website\",\"url\":\"https:\/\/heritage-products.nl\/\",\"name\":\"Heritage Products\",\"description\":\"\",\"potentialAction\":[{\"@type\":\"SearchAction\",\"target\":{\"@type\":\"EntryPoint\",\"urlTemplate\":\"https:\/\/heritage-products.nl\/?s={search_term_string}\"},\"query-input\":{\"@type\":\"PropertyValueSpecification\",\"valueRequired\":true,\"valueName\":\"search_term_string\"}}],\"inLanguage\":\"de-DE\"}]}<\/script>\n<!-- \/ Yoast SEO plugin. -->","yoast_head_json":{"title":"Hindernisse configurator - Heritage Products","robots":{"index":"index","follow":"follow","max-snippet":"max-snippet:-1","max-image-preview":"max-image-preview:large","max-video-preview":"max-video-preview:-1"},"canonical":"https:\/\/heritage-products.nl\/de\/hindernissen\/hindernisse-configurator.html","og_locale":"de_DE","og_type":"article","og_title":"Hindernisse configurator - Heritage Products","og_description":"Hinderniskonfigurator Mit dem Hinderniskonfigurator von Heritage Products entwerfen Sie Ihre idealen Hindernisse und Ihr komplettes Set selbst. W\u00e4hlen Sie einfach die Farben und den Stil aus und Sie sehen das Ergebnis sofort vor sich. Sie k\u00f6nnen Stangen und Polster in verschiedenen Farben w\u00e4hlen. Der Konfigurator beh\u00e4lt den Preis f\u00fcr das Hindernis und auch f\u00fcr das [&hellip;]","og_url":"https:\/\/heritage-products.nl\/de\/hindernissen\/hindernisse-configurator.html","og_site_name":"Heritage Products","article_modified_time":"2023-02-09T10:42:33+00:00","twitter_card":"summary_large_image","twitter_misc":{"Est. reading time":"2 Minuten"},"schema":{"@context":"https:\/\/schema.org","@graph":[{"@type":"WebPage","@id":"https:\/\/heritage-products.nl\/de\/hindernissen\/hindernisse-configurator.html","url":"https:\/\/heritage-products.nl\/de\/hindernissen\/hindernisse-configurator.html","name":"Hindernisse configurator - Heritage Products","isPartOf":{"@id":"https:\/\/heritage-products.nl\/#website"},"datePublished":"2023-02-09T10:42:30+00:00","dateModified":"2023-02-09T10:42:33+00:00","breadcrumb":{"@id":"https:\/\/heritage-products.nl\/de\/hindernissen\/hindernisse-configurator.html#breadcrumb"},"inLanguage":"de-DE","potentialAction":[{"@type":"ReadAction","target":["https:\/\/heritage-products.nl\/de\/hindernissen\/hindernisse-configurator.html"]}]},{"@type":"BreadcrumbList","@id":"https:\/\/heritage-products.nl\/de\/hindernissen\/hindernisse-configurator.html#breadcrumb","itemListElement":[{"@type":"ListItem","position":1,"name":"Home","item":"https:\/\/heritage-products.nl\/de"},{"@type":"ListItem","position":2,"name":"Hindernisse","item":"https:\/\/heritage-products.nl\/de\/hindernissen.html"},{"@type":"ListItem","position":3,"name":"Hindernisse configurator"}]},{"@type":"WebSite","@id":"https:\/\/heritage-products.nl\/#website","url":"https:\/\/heritage-products.nl\/","name":"Heritage Products","description":"","potentialAction":[{"@type":"SearchAction","target":{"@type":"EntryPoint","urlTemplate":"https:\/\/heritage-products.nl\/?s={search_term_string}"},"query-input":{"@type":"PropertyValueSpecification","valueRequired":true,"valueName":"search_term_string"}}],"inLanguage":"de-DE"}]}},"_links":{"self":[{"href":"https:\/\/heritage-products.nl\/de\/wp-json\/wp\/v2\/pages\/4904","targetHints":{"allow":["GET"]}}],"collection":[{"href":"https:\/\/heritage-products.nl\/de\/wp-json\/wp\/v2\/pages"}],"about":[{"href":"https:\/\/heritage-products.nl\/de\/wp-json\/wp\/v2\/types\/page"}],"author":[{"embeddable":true,"href":"https:\/\/heritage-products.nl\/de\/wp-json\/wp\/v2\/users\/2"}],"replies":[{"embeddable":true,"href":"https:\/\/heritage-products.nl\/de\/wp-json\/wp\/v2\/comments?post=4904"}],"version-history":[{"count":4,"href":"https:\/\/heritage-products.nl\/de\/wp-json\/wp\/v2\/pages\/4904\/revisions"}],"predecessor-version":[{"id":4937,"href":"https:\/\/heritage-products.nl\/de\/wp-json\/wp\/v2\/pages\/4904\/revisions\/4937"}],"up":[{"embeddable":true,"href":"https:\/\/heritage-products.nl\/de\/wp-json\/wp\/v2\/pages\/904"}],"wp:attachment":[{"href":"https:\/\/heritage-products.nl\/de\/wp-json\/wp\/v2\/media?parent=4904"}],"curies":[{"name":"wp","href":"https:\/\/api.w.org\/{rel}","templated":true}]}}