{"id":5539,"date":"2024-10-10T07:59:51","date_gmt":"2024-10-10T07:59:51","guid":{"rendered":"https:\/\/heritage-products.nl\/?page_id=5539"},"modified":"2025-01-13T10:29:26","modified_gmt":"2025-01-13T10:29:26","slug":"stallkuehlung","status":"publish","type":"page","link":"https:\/\/heritage-products.nl\/de\/stallkuehlung.html","title":{"rendered":"Stallk\u00fchlung"},"content":{"rendered":"<p>[et_pb_section fb_built=&#8220;1&#8243; fullwidth=&#8220;on&#8220; next_background_color=&#8220;#ffffff&#8220; admin_label=&#8220;section&#8220; _builder_version=&#8220;4.16&#8243; background_color=&#8220;#e02b20&#8243; bottom_divider_style=&#8220;curve2&#8243; global_colors_info=&#8220;{}&#8220;][et_pb_fullwidth_header title=&#8220;Stallk\u00fchlung&#8220; subhead=&#8220;Hochdr\u00fcck Nebelk\u00fchlung for Pferdestalle&#8220; text_orientation=&#8220;center&#8220; header_fullscreen=&#8220;on&#8220; header_scroll_down=&#8220;on&#8220; scroll_down_icon=&#8220;%%4%%&#8220; content_max_width=&#8220;none&#8220; _builder_version=&#8220;4.27.0&#8243; title_font=&#8220;Arvo||||&#8220; title_font_size=&#8220;50&#8243; subhead_font=&#8220;Arvo||on||&#8220; subhead_font_size=&#8220;20px&#8220; background_color=&#8220;rgba(255, 255, 255, 0)&#8220; background_image=&#8220;https:\/\/heritage-products.nl\/wp-content\/uploads\/2025\/01\/Impressie-koeling-in-stal.jpg&#8220; parallax=&#8220;on&#8220; hover_enabled=&#8220;0&#8243; background_url=&#8220;https:\/\/heritage-products.nl\/wp-content\/uploads\/2015\/08\/DSC_1626.jpg&#8220; button_one_letter_spacing_hover=&#8220;0&#8243; button_two_letter_spacing_hover=&#8220;0&#8243; global_colors_info=&#8220;{}&#8220; button_one_text_size__hover_enabled=&#8220;off&#8220; button_two_text_size__hover_enabled=&#8220;off&#8220; button_one_text_color__hover_enabled=&#8220;off&#8220; button_two_text_color__hover_enabled=&#8220;off&#8220; button_one_border_width__hover_enabled=&#8220;off&#8220; button_two_border_width__hover_enabled=&#8220;off&#8220; button_one_border_color__hover_enabled=&#8220;off&#8220; button_two_border_color__hover_enabled=&#8220;off&#8220; button_one_border_radius__hover_enabled=&#8220;off&#8220; button_two_border_radius__hover_enabled=&#8220;off&#8220; button_one_letter_spacing__hover_enabled=&#8220;on&#8220; button_one_letter_spacing__hover=&#8220;0&#8243; button_two_letter_spacing__hover_enabled=&#8220;on&#8220; button_two_letter_spacing__hover=&#8220;0&#8243; button_one_bg_color__hover_enabled=&#8220;off&#8220; button_two_bg_color__hover_enabled=&#8220;off&#8220; title_text=&#8220;Impressie koeling in stal&#8220; sticky_enabled=&#8220;0&#8243;][\/et_pb_fullwidth_header][\/et_pb_section][et_pb_section fb_built=&#8220;1&#8243; admin_label=&#8220;section&#8220; _builder_version=&#8220;4.16&#8243; custom_padding=&#8220;||0px|||&#8220; global_colors_info=&#8220;{}&#8220;][et_pb_row admin_label=&#8220;row&#8220; _builder_version=&#8220;4.16&#8243; background_size=&#8220;initial&#8220; background_position=&#8220;top_left&#8220; background_repeat=&#8220;repeat&#8220; global_colors_info=&#8220;{}&#8220;][et_pb_column type=&#8220;4_4&#8243; _builder_version=&#8220;4.16&#8243; custom_padding=&#8220;|||&#8220; global_colors_info=&#8220;{}&#8220; custom_padding__hover=&#8220;|||&#8220;][et_pb_text _builder_version=&#8220;4.27.0&#8243; background_size=&#8220;initial&#8220; background_position=&#8220;top_left&#8220; background_repeat=&#8220;repeat&#8220; use_border_color=&#8220;off&#8220; border_color=&#8220;#ffffff&#8220; border_style=&#8220;solid&#8220; global_colors_info=&#8220;{}&#8220;]<\/p>\n<p>In Deutschland ist die Stallk\u00fchlung durch Wasserzerst\u00e4ubung in verschiedenen landwirtschaftlichen St\u00e4llen seit lange Zeit eine bekannte und wirksame L\u00f6sung. Heritage Products bietet diese bew\u00e4hrte Technologie nun auch f\u00fcr den Reitsportbereich und den Einsatz im Stall an. Wir haben einige Erfahrungen mit dem System in Gefl\u00fcgelst\u00e4llen gesammelt und sehr gute Ergebnisse erzielt. Die Ger\u00e4te werden in Deutschland hergestellt und weisen eine \u00e4u\u00dferst hohe Verarbeitungsqualit\u00e4t auf.<\/p>\n<p>Bei der Nebelk\u00fchlung, die Heritage Products anbietet, handelt es sich um ein System, das mit einem sehr hohen Druck von 70 bar arbeitet. Der Nebel, der sich durch die D\u00fcsen im Stall ausbreitet, entzieht der Luft W\u00e4rme. Der Prozess k\u00fchlt die Luft und bindet Staub. Das f\u00fcr Pferdest\u00e4lle geeignete Nebelsystem kann an eine spezielle Steuerung oder an einen vorhandenen Klimacomputer angeschlossen werden. Diese Ausr\u00fcstung sorgt daf\u00fcr, dass die Pumpe anhand der gemessenen Temperatur und Luftfeuchtigkeit gesteuert wird. Dar\u00fcber hinaus k\u00f6nnen Programme eingestellt werden, die das Intervall und die Dauer der Vernebelung bestimmen.<\/p>\n<p>&nbsp;<\/p>\n<ul>\n<li>Praxiserprobte Technik.<\/li>\n<li>Auf &gt;10 Grad abk\u00fchlen lassen<\/li>\n<li>Kompakt f\u00fcr den Einsatz im Stall<\/li>\n<li>K\u00fchlt die Luft und bindet Staub.<\/li>\n<li>Kein Wasserniederschlag im Stall<\/li>\n<li>Geringer Wartungsaufwand<\/li>\n<li>Deutsche Spitzenausr\u00fcstung<\/li>\n<li>Einfache Installation.<\/li>\n<\/ul>\n<p>[\/et_pb_text][et_pb_gallery gallery_ids=&#8220;5510,5507,5504,5499,5496,5525,5532,5529&#8243; show_title_and_caption=&#8220;off&#8220; _builder_version=&#8220;4.27.0&#8243; use_border_color=&#8220;off&#8220; border_color=&#8220;#ffffff&#8220; border_style=&#8220;solid&#8220; global_colors_info=&#8220;{}&#8220;]<\/p>\n<p>[\/et_pb_gallery][\/et_pb_column][\/et_pb_row][\/et_pb_section][et_pb_section fb_built=&#8220;1&#8243; _builder_version=&#8220;4.16&#8243; custom_padding=&#8220;0px||32px|||&#8220; global_colors_info=&#8220;{}&#8220;][et_pb_row column_structure=&#8220;1_2,1_2&#8243; _builder_version=&#8220;4.16&#8243; background_size=&#8220;initial&#8220; background_position=&#8220;top_left&#8220; background_repeat=&#8220;repeat&#8220; global_colors_info=&#8220;{}&#8220;][et_pb_column type=&#8220;1_2&#8243; _builder_version=&#8220;4.16&#8243; custom_padding=&#8220;|||&#8220; global_colors_info=&#8220;{}&#8220; custom_padding__hover=&#8220;|||&#8220;][et_pb_cta button_url=&#8220;\/offerte-aanvragen.html&#8220; button_text=&#8220;Offerte aanvragen&#8220; _builder_version=&#8220;4.27.0&#8243; use_background_color=&#8220;off&#8220; background_size=&#8220;initial&#8220; background_position=&#8220;top_left&#8220; background_repeat=&#8220;repeat&#8220; text_orientation=&#8220;left&#8220; background_layout=&#8220;light&#8220; use_border_color=&#8220;off&#8220; global_colors_info=&#8220;{}&#8220; button_text_size__hover_enabled=&#8220;off&#8220; button_one_text_size__hover_enabled=&#8220;off&#8220; button_two_text_size__hover_enabled=&#8220;off&#8220; button_text_color__hover_enabled=&#8220;off&#8220; button_one_text_color__hover_enabled=&#8220;off&#8220; button_two_text_color__hover_enabled=&#8220;off&#8220; button_border_width__hover_enabled=&#8220;off&#8220; button_one_border_width__hover_enabled=&#8220;off&#8220; button_two_border_width__hover_enabled=&#8220;off&#8220; button_border_color__hover_enabled=&#8220;off&#8220; button_one_border_color__hover_enabled=&#8220;off&#8220; button_two_border_color__hover_enabled=&#8220;off&#8220; button_border_radius__hover_enabled=&#8220;off&#8220; button_one_border_radius__hover_enabled=&#8220;off&#8220; button_two_border_radius__hover_enabled=&#8220;off&#8220; button_letter_spacing__hover_enabled=&#8220;off&#8220; button_one_letter_spacing__hover_enabled=&#8220;off&#8220; button_two_letter_spacing__hover_enabled=&#8220;off&#8220; button_bg_color__hover_enabled=&#8220;off&#8220; button_one_bg_color__hover_enabled=&#8220;off&#8220; button_two_bg_color__hover_enabled=&#8220;off&#8220;]<\/p>\n<p>Bei diesen Installationen handelt es sich stets um Sonderanfertigungen. Gerne pr\u00fcfen wir gemeinsam die M\u00f6glichkeiten. Oftmals k\u00f6nnen wir einen Richtpreis angeben, der auf den Abmessungen des Stalls, der Anzahl der Pferde und der Art\/Anzahl der Boxen basiert.<\/p>\n<p>[\/et_pb_cta][\/et_pb_column][et_pb_column type=&#8220;1_2&#8243; _builder_version=&#8220;4.16&#8243; custom_padding=&#8220;|||&#8220; global_colors_info=&#8220;{}&#8220; custom_padding__hover=&#8220;|||&#8220;][et_pb_cta button_url=&#8220;https:\/\/heritage-products.nl\/wp-content\/uploads\/2024\/10\/0840_Top-Klima_Gefluegel_2021_DE.pdf&#8220; button_text=&#8220;Technische info&#8220; _builder_version=&#8220;4.27.0&#8243; use_background_color=&#8220;off&#8220; background_size=&#8220;initial&#8220; background_position=&#8220;top_left&#8220; background_repeat=&#8220;repeat&#8220; text_orientation=&#8220;left&#8220; background_layout=&#8220;light&#8220; use_border_color=&#8220;off&#8220; global_colors_info=&#8220;{}&#8220; button_text_size__hover_enabled=&#8220;off&#8220; button_one_text_size__hover_enabled=&#8220;off&#8220; button_two_text_size__hover_enabled=&#8220;off&#8220; button_text_color__hover_enabled=&#8220;off&#8220; button_one_text_color__hover_enabled=&#8220;off&#8220; button_two_text_color__hover_enabled=&#8220;off&#8220; button_border_width__hover_enabled=&#8220;off&#8220; button_one_border_width__hover_enabled=&#8220;off&#8220; button_two_border_width__hover_enabled=&#8220;off&#8220; button_border_color__hover_enabled=&#8220;off&#8220; button_one_border_color__hover_enabled=&#8220;off&#8220; button_two_border_color__hover_enabled=&#8220;off&#8220; button_border_radius__hover_enabled=&#8220;off&#8220; button_one_border_radius__hover_enabled=&#8220;off&#8220; button_two_border_radius__hover_enabled=&#8220;off&#8220; button_letter_spacing__hover_enabled=&#8220;off&#8220; button_one_letter_spacing__hover_enabled=&#8220;off&#8220; button_two_letter_spacing__hover_enabled=&#8220;off&#8220; button_bg_color__hover_enabled=&#8220;off&#8220; button_one_bg_color__hover_enabled=&#8220;off&#8220; button_two_bg_color__hover_enabled=&#8220;off&#8220;]<\/p>\n<p>\u00dcber die Schaltfl\u00e4che unten k\u00f6nnen Sie ein PDF mit zus\u00e4tzlichen technischen Informationen des Herstellers \u00fcber die Funktionsweise des Systems und die K\u00fchlleistung in verschiedenen Szenarien abrufen.<\/p>\n<p>[\/et_pb_cta][\/et_pb_column][\/et_pb_row][\/et_pb_section][et_pb_section fb_built=&#8220;1&#8243; theme_builder_area=&#8220;post_content&#8220; _builder_version=&#8220;4.27.0&#8243; _module_preset=&#8220;default&#8220;][et_pb_row _builder_version=&#8220;4.27.0&#8243; _module_preset=&#8220;default&#8220; theme_builder_area=&#8220;post_content&#8220;][et_pb_column _builder_version=&#8220;4.27.0&#8243; _module_preset=&#8220;default&#8220; type=&#8220;4_4&#8243; theme_builder_area=&#8220;post_content&#8220;][et_pb_video _builder_version=&#8220;4.27.0&#8243; _module_preset=&#8220;default&#8220; theme_builder_area=&#8220;post_content&#8220; title_text=&#8220;Film stal koeling&#8220; src=&#8220;https:\/\/heritage-products.nl\/wp-content\/uploads\/2025\/01\/Film-stal-koeling.mp4&#8243; hover_enabled=&#8220;0&#8243; sticky_enabled=&#8220;0&#8243;][\/et_pb_video][\/et_pb_column][\/et_pb_row][\/et_pb_section]<\/p>\n","protected":false},"excerpt":{"rendered":"<p>In Deutschland ist die Stallk\u00fchlung durch Wasserzerst\u00e4ubung in verschiedenen landwirtschaftlichen St\u00e4llen seit lange Zeit eine bekannte und wirksame L\u00f6sung. Heritage Products bietet diese bew\u00e4hrte Technologie nun auch f\u00fcr den Reitsportbereich und den Einsatz im Stall an. Wir haben einige Erfahrungen mit dem System in Gefl\u00fcgelst\u00e4llen gesammelt und sehr gute Ergebnisse erzielt. Die Ger\u00e4te werden in [&hellip;]<\/p>\n","protected":false},"author":2,"featured_media":0,"parent":0,"menu_order":0,"comment_status":"closed","ping_status":"closed","template":"","meta":{"_acf_changed":false,"_et_pb_use_builder":"on","_et_pb_old_content":"","_et_gb_content_width":"","footnotes":""},"class_list":["post-5539","page","type-page","status-publish","hentry"],"acf":[],"yoast_head":"<!-- This site is optimized with the Yoast SEO plugin v26.4 - https:\/\/yoast.com\/wordpress\/plugins\/seo\/ -->\n<title>Stallk\u00fchlung - Heritage Products<\/title>\n<meta name=\"robots\" content=\"index, follow, max-snippet:-1, max-image-preview:large, max-video-preview:-1\" \/>\n<link rel=\"canonical\" href=\"https:\/\/heritage-products.nl\/de\/stallkuehlung.html\" \/>\n<meta property=\"og:locale\" content=\"de_DE\" \/>\n<meta property=\"og:type\" content=\"article\" \/>\n<meta property=\"og:title\" content=\"Stallk\u00fchlung - Heritage Products\" \/>\n<meta property=\"og:description\" content=\"In Deutschland ist die Stallk\u00fchlung durch Wasserzerst\u00e4ubung in verschiedenen landwirtschaftlichen St\u00e4llen seit lange Zeit eine bekannte und wirksame L\u00f6sung. Heritage Products bietet diese bew\u00e4hrte Technologie nun auch f\u00fcr den Reitsportbereich und den Einsatz im Stall an. Wir haben einige Erfahrungen mit dem System in Gefl\u00fcgelst\u00e4llen gesammelt und sehr gute Ergebnisse erzielt. Die Ger\u00e4te werden in [&hellip;]\" \/>\n<meta property=\"og:url\" content=\"https:\/\/heritage-products.nl\/de\/stallkuehlung.html\" \/>\n<meta property=\"og:site_name\" content=\"Heritage Products\" \/>\n<meta property=\"article:modified_time\" content=\"2025-01-13T10:29:26+00:00\" \/>\n<meta name=\"twitter:card\" content=\"summary_large_image\" \/>\n<meta name=\"twitter:label1\" content=\"Est. reading time\" \/>\n\t<meta name=\"twitter:data1\" content=\"3 Minuten\" \/>\n<script type=\"application\/ld+json\" class=\"yoast-schema-graph\">{\"@context\":\"https:\/\/schema.org\",\"@graph\":[{\"@type\":\"WebPage\",\"@id\":\"https:\/\/heritage-products.nl\/de\/stallkuehlung.html\",\"url\":\"https:\/\/heritage-products.nl\/de\/stallkuehlung.html\",\"name\":\"Stallk\u00fchlung - Heritage Products\",\"isPartOf\":{\"@id\":\"https:\/\/heritage-products.nl\/#website\"},\"datePublished\":\"2024-10-10T07:59:51+00:00\",\"dateModified\":\"2025-01-13T10:29:26+00:00\",\"breadcrumb\":{\"@id\":\"https:\/\/heritage-products.nl\/de\/stallkuehlung.html#breadcrumb\"},\"inLanguage\":\"de-DE\",\"potentialAction\":[{\"@type\":\"ReadAction\",\"target\":[\"https:\/\/heritage-products.nl\/de\/stallkuehlung.html\"]}]},{\"@type\":\"BreadcrumbList\",\"@id\":\"https:\/\/heritage-products.nl\/de\/stallkuehlung.html#breadcrumb\",\"itemListElement\":[{\"@type\":\"ListItem\",\"position\":1,\"name\":\"Home\",\"item\":\"https:\/\/heritage-products.nl\/de\"},{\"@type\":\"ListItem\",\"position\":2,\"name\":\"Stallk\u00fchlung\"}]},{\"@type\":\"WebSite\",\"@id\":\"https:\/\/heritage-products.nl\/#website\",\"url\":\"https:\/\/heritage-products.nl\/\",\"name\":\"Heritage Products\",\"description\":\"\",\"potentialAction\":[{\"@type\":\"SearchAction\",\"target\":{\"@type\":\"EntryPoint\",\"urlTemplate\":\"https:\/\/heritage-products.nl\/?s={search_term_string}\"},\"query-input\":{\"@type\":\"PropertyValueSpecification\",\"valueRequired\":true,\"valueName\":\"search_term_string\"}}],\"inLanguage\":\"de-DE\"}]}<\/script>\n<!-- \/ Yoast SEO plugin. -->","yoast_head_json":{"title":"Stallk\u00fchlung - Heritage Products","robots":{"index":"index","follow":"follow","max-snippet":"max-snippet:-1","max-image-preview":"max-image-preview:large","max-video-preview":"max-video-preview:-1"},"canonical":"https:\/\/heritage-products.nl\/de\/stallkuehlung.html","og_locale":"de_DE","og_type":"article","og_title":"Stallk\u00fchlung - Heritage Products","og_description":"In Deutschland ist die Stallk\u00fchlung durch Wasserzerst\u00e4ubung in verschiedenen landwirtschaftlichen St\u00e4llen seit lange Zeit eine bekannte und wirksame L\u00f6sung. Heritage Products bietet diese bew\u00e4hrte Technologie nun auch f\u00fcr den Reitsportbereich und den Einsatz im Stall an. Wir haben einige Erfahrungen mit dem System in Gefl\u00fcgelst\u00e4llen gesammelt und sehr gute Ergebnisse erzielt. Die Ger\u00e4te werden in [&hellip;]","og_url":"https:\/\/heritage-products.nl\/de\/stallkuehlung.html","og_site_name":"Heritage Products","article_modified_time":"2025-01-13T10:29:26+00:00","twitter_card":"summary_large_image","twitter_misc":{"Est. reading time":"3 Minuten"},"schema":{"@context":"https:\/\/schema.org","@graph":[{"@type":"WebPage","@id":"https:\/\/heritage-products.nl\/de\/stallkuehlung.html","url":"https:\/\/heritage-products.nl\/de\/stallkuehlung.html","name":"Stallk\u00fchlung - Heritage Products","isPartOf":{"@id":"https:\/\/heritage-products.nl\/#website"},"datePublished":"2024-10-10T07:59:51+00:00","dateModified":"2025-01-13T10:29:26+00:00","breadcrumb":{"@id":"https:\/\/heritage-products.nl\/de\/stallkuehlung.html#breadcrumb"},"inLanguage":"de-DE","potentialAction":[{"@type":"ReadAction","target":["https:\/\/heritage-products.nl\/de\/stallkuehlung.html"]}]},{"@type":"BreadcrumbList","@id":"https:\/\/heritage-products.nl\/de\/stallkuehlung.html#breadcrumb","itemListElement":[{"@type":"ListItem","position":1,"name":"Home","item":"https:\/\/heritage-products.nl\/de"},{"@type":"ListItem","position":2,"name":"Stallk\u00fchlung"}]},{"@type":"WebSite","@id":"https:\/\/heritage-products.nl\/#website","url":"https:\/\/heritage-products.nl\/","name":"Heritage Products","description":"","potentialAction":[{"@type":"SearchAction","target":{"@type":"EntryPoint","urlTemplate":"https:\/\/heritage-products.nl\/?s={search_term_string}"},"query-input":{"@type":"PropertyValueSpecification","valueRequired":true,"valueName":"search_term_string"}}],"inLanguage":"de-DE"}]}},"_links":{"self":[{"href":"https:\/\/heritage-products.nl\/de\/wp-json\/wp\/v2\/pages\/5539","targetHints":{"allow":["GET"]}}],"collection":[{"href":"https:\/\/heritage-products.nl\/de\/wp-json\/wp\/v2\/pages"}],"about":[{"href":"https:\/\/heritage-products.nl\/de\/wp-json\/wp\/v2\/types\/page"}],"author":[{"embeddable":true,"href":"https:\/\/heritage-products.nl\/de\/wp-json\/wp\/v2\/users\/2"}],"replies":[{"embeddable":true,"href":"https:\/\/heritage-products.nl\/de\/wp-json\/wp\/v2\/comments?post=5539"}],"version-history":[{"count":8,"href":"https:\/\/heritage-products.nl\/de\/wp-json\/wp\/v2\/pages\/5539\/revisions"}],"predecessor-version":[{"id":5709,"href":"https:\/\/heritage-products.nl\/de\/wp-json\/wp\/v2\/pages\/5539\/revisions\/5709"}],"wp:attachment":[{"href":"https:\/\/heritage-products.nl\/de\/wp-json\/wp\/v2\/media?parent=5539"}],"curies":[{"name":"wp","href":"https:\/\/api.w.org\/{rel}","templated":true}]}}