{"id":687,"date":"2015-08-25T13:37:27","date_gmt":"2015-08-25T13:37:27","guid":{"rendered":"https:\/\/heritage-products.nl\/home\/?lang=de"},"modified":"2026-02-03T11:06:28","modified_gmt":"2026-02-03T11:06:28","slug":"home","status":"publish","type":"page","link":"https:\/\/heritage-products.nl\/de","title":{"rendered":"Home"},"content":{"rendered":"<p>[et_pb_section fb_built=&#8220;1&#8243; fullwidth=&#8220;on&#8220; custom_padding_last_edited=&#8220;on|desktop&#8220; next_background_color=&#8220;#ffffff&#8220; admin_label=&#8220;section&#8220; _builder_version=&#8220;4.16&#8243; background_color=&#8220;#ffffff&#8220; background_image=&#8220;https:\/\/heritage-products.nl\/wp-content\/uploads\/2020\/12\/9.IMG_39251.jpg&#8220; background_position=&#8220;bottom_center&#8220; background_enable_video_mp4=&#8220;off&#8220; custom_padding_tablet=&#8220;50px|0|50px|0&#8243; custom_padding_phone=&#8220;&#8220; bottom_divider_style=&#8220;curve2&#8243; padding_mobile=&#8220;off&#8220; global_colors_info=&#8220;{}&#8220;][et_pb_fullwidth_header text_orientation=&#8220;center&#8220; header_fullscreen=&#8220;on&#8220; header_scroll_down=&#8220;on&#8220; scroll_down_icon=&#8220;%%4%%&#8220; content_max_width=&#8220;none&#8220; title_font_color=&#8220;#dd3333&#8243; module_id=&#8220;homepage_cover&#8220; _builder_version=&#8220;4.16&#8243; title_font=&#8220;Arvo|on|||&#8220; title_text_color=&#8220;#dd3333&#8243; title_font_size=&#8220;22&#8243; background_color=&#8220;rgba(255, 255, 255, 0)&#8220; parallax=&#8220;on&#8220; background_layout=&#8220;light&#8220; button_one_letter_spacing_hover=&#8220;0&#8243; button_two_letter_spacing_hover=&#8220;0&#8243; global_colors_info=&#8220;{}&#8220; button_one_text_size__hover_enabled=&#8220;off&#8220; button_one_text_size__hover=&#8220;null&#8220; button_two_text_size__hover_enabled=&#8220;off&#8220; button_two_text_size__hover=&#8220;null&#8220; button_one_text_color__hover_enabled=&#8220;off&#8220; button_one_text_color__hover=&#8220;null&#8220; button_two_text_color__hover_enabled=&#8220;off&#8220; button_two_text_color__hover=&#8220;null&#8220; button_one_border_width__hover_enabled=&#8220;off&#8220; button_one_border_width__hover=&#8220;null&#8220; button_two_border_width__hover_enabled=&#8220;off&#8220; button_two_border_width__hover=&#8220;null&#8220; button_one_border_color__hover_enabled=&#8220;off&#8220; button_one_border_color__hover=&#8220;null&#8220; button_two_border_color__hover_enabled=&#8220;off&#8220; button_two_border_color__hover=&#8220;null&#8220; button_one_border_radius__hover_enabled=&#8220;off&#8220; button_one_border_radius__hover=&#8220;null&#8220; button_two_border_radius__hover_enabled=&#8220;off&#8220; button_two_border_radius__hover=&#8220;null&#8220; button_one_letter_spacing__hover_enabled=&#8220;on&#8220; button_one_letter_spacing__hover=&#8220;0&#8243; button_two_letter_spacing__hover_enabled=&#8220;on&#8220; button_two_letter_spacing__hover=&#8220;0&#8243; button_one_bg_color__hover_enabled=&#8220;off&#8220; button_one_bg_color__hover=&#8220;null&#8220; button_two_bg_color__hover_enabled=&#8220;off&#8220; button_two_bg_color__hover=&#8220;null&#8220;][\/et_pb_fullwidth_header][\/et_pb_section][et_pb_section fb_built=&#8220;1&#8243; admin_label=&#8220;section&#8220; _builder_version=&#8220;4.16&#8243; custom_padding=&#8220;||3px|||&#8220; global_colors_info=&#8220;{}&#8220;][et_pb_row admin_label=&#8220;row&#8220; _builder_version=&#8220;4.16&#8243; background_size=&#8220;initial&#8220; background_position=&#8220;top_left&#8220; background_repeat=&#8220;repeat&#8220; global_colors_info=&#8220;{}&#8220;][et_pb_column type=&#8220;4_4&#8243; _builder_version=&#8220;4.16&#8243; custom_padding=&#8220;|||&#8220; global_colors_info=&#8220;{}&#8220; custom_padding__hover=&#8220;|||&#8220;][et_pb_text module_id=&#8220;info&#8220; _builder_version=&#8220;4.16&#8243; header_font=&#8220;Arvo||||&#8220; header_text_color=&#8220;#e02b20&#8243; header_font_size=&#8220;24&#8243; background_size=&#8220;initial&#8220; background_position=&#8220;top_left&#8220; background_repeat=&#8220;repeat&#8220; module_alignment=&#8220;left&#8220; global_colors_info=&#8220;{}&#8220;]<\/p>\n<h1>Heritage Products produziert die besten und sichersten Zaun-, Dressur- und Springprodukte f\u00fcr Pferd und Reiter<\/h1>\n<p>Heritage Products ist ein modernes vorausstrebendes Unternehmen, welches Produkte f\u00fcr die Pferdehaltung auf den Markt bringt. Durch jahrelange Erfahrung auf diesem Gebiet kennt Heritage Products alle Fassetten die wichtig f\u00fcr die Pferdehaltung sind, wobei Qualit\u00e4t und Sicherheit hierbei sehr wichtig sind.<\/p>\n<p>Zu unserem Produktpaket geh\u00f6ren unter anderem <a href=\"https:\/\/www.heritage-products.nl\/pferdehaltung\/hindernissbau.html\">Kunststoffhindernismaterial<\/a>, <a href=\"https:\/\/www.heritage-products.nl\/pferdehaltung\/einzaunung-pferdeweide.html\">Einz\u00e4unungen<\/a> aus Kunststoff und aus Holz, Einz\u00e4unungen wobei Kunststof Pfosten mit Riegel aus Holz combiniert werden, <a href=\"https:\/\/www.heritage-products.nl\/pferdehaltung\/index.html\">Dressurplatzeingrenzungen<\/a> aus Kunststoff, u.s.w.<\/p>\n<p>Unser Unternehmen geht auf Ihre W\u00fcnsche ein. Sie erhalten eine fachliche und unabh\u00e4ngige Beratung. Ein eingearbeitetes Team verwirklicht, in Zusammenarbeit mit Ihnen, Ihr komplettes Projekt.<\/p>\n<p>Alle unsere Berater haben jahrelange Erfahrung mit Pferden im Reitsport und verf\u00fcgen \u00fcber vielf\u00e4ltige Kenntnisse innerhalb des Managements eines Reitsportbetriebes.<\/p>\n<p>Die Entwicklungen in der Pferdehaltung sind rasant. Sicheres und effizientes Arbeiten mit Pferden sind Schwerpunkte unseres Unternehmens. Wir investieren sehr viel Zeit in die Schulung unserer Mitarbeiter, so dass Sie eine Beratung erhalten, die den neuen Entwicklungen entsprechen.<\/p>\n<p>In unserem Betrieb in Sambeek NL sind vielf\u00e4ltige Demonstrationsmodelle ausgestellt. Neue Produkte werden sehr intensiv durch unsere Mitarbeiter getestet, bevor sie auf den Markt gebracht werden.<\/p>\n<p>Bei Heritage Products stehen Sicherheit und Qualit\u00e4t an erster Stelle.<\/p>\n<p>[\/et_pb_text][\/et_pb_column][\/et_pb_row][\/et_pb_section][et_pb_section fb_built=&#8220;1&#8243; fullwidth=&#8220;on&#8220; _builder_version=&#8220;4.23&#8243; _module_preset=&#8220;default&#8220; top_divider_style=&#8220;curve2&#8243; top_divider_color=&#8220;#FFFFFF&#8220; top_divider_height=&#8220;50px&#8220; bottom_divider_style=&#8220;curve2&#8243; bottom_divider_color=&#8220;#FFFFFF&#8220; global_colors_info=&#8220;{}&#8220;][et_pb_fullwidth_slider use_text_overlay=&#8220;on&#8220; text_overlay_color=&#8220;rgba(255,255,255,0.75)&#8220; _builder_version=&#8220;4.23&#8243; _module_preset=&#8220;default&#8220; auto=&#8220;on&#8220; auto_speed=&#8220;3000&#8243; global_colors_info=&#8220;{}&#8220;][et_pb_slide heading=&#8220;Dressur Arenas&#8220; button_text=&#8220;Mehr Info&#8220; button_link=&#8220;https:\/\/heritage-products.nl\/de\/dressur\/kegelpiste.html&#8220; _builder_version=&#8220;4.23&#8243; _module_preset=&#8220;default&#8220; header_text_color=&#8220;#E02B20&#8243; background_color=&#8220;#FFFFFF&#8220; background_enable_color=&#8220;on&#8220; background_image=&#8220;https:\/\/heritage-products.nl\/wp-content\/uploads\/2020\/12\/TIM_4049-1.jpg&#8220; background_enable_image=&#8220;on&#8220; global_colors_info=&#8220;{}&#8220; sticky_transition=&#8220;on&#8220;][\/et_pb_slide][et_pb_slide heading=&#8220;Mobile Z\u00e4une&#8220; button_text=&#8220;Mehr Info&#8220; button_link=&#8220;https:\/\/heritage-products.nl\/de\/einzaeunungen\/afzethekken.html&#8220; _builder_version=&#8220;4.23&#8243; _module_preset=&#8220;default&#8220; header_text_color=&#8220;#E02B20&#8243; background_color=&#8220;#FFFFFF&#8220; background_enable_color=&#8220;on&#8220; background_image=&#8220;https:\/\/heritage-products.nl\/wp-content\/uploads\/2024\/02\/Photo.jpg&#8220; background_enable_image=&#8220;on&#8220; global_colors_info=&#8220;{}&#8220; sticky_transition=&#8220;on&#8220;][\/et_pb_slide][et_pb_slide heading=&#8220;Hindernisse Configurator&#8220; button_text=&#8220;Mehr Info&#8220; button_link=&#8220;http:\/\/configurator.heritage-products.nl&#8220; _builder_version=&#8220;4.23&#8243; _module_preset=&#8220;default&#8220; header_text_color=&#8220;#E02B20&#8243; background_color=&#8220;#FFFFFF&#8220; background_enable_color=&#8220;on&#8220; background_image=&#8220;https:\/\/heritage-products.nl\/wp-content\/uploads\/2023\/01\/DSC1190-copy-1.jpg&#8220; background_enable_image=&#8220;on&#8220; global_colors_info=&#8220;{}&#8220; sticky_transition=&#8220;on&#8220;][\/et_pb_slide][\/et_pb_fullwidth_slider][\/et_pb_section][et_pb_section fb_built=&#8220;1&#8243; admin_label=&#8220;Sectie&#8220; _builder_version=&#8220;4.16&#8243; custom_padding=&#8220;14px|||||&#8220; global_colors_info=&#8220;{}&#8220;][et_pb_row column_structure=&#8220;1_2,1_2&#8243; _builder_version=&#8220;4.16&#8243; background_size=&#8220;initial&#8220; background_position=&#8220;top_left&#8220; background_repeat=&#8220;repeat&#8220; custom_padding=&#8220;||12px|||&#8220; global_colors_info=&#8220;{}&#8220;][et_pb_column type=&#8220;1_2&#8243; _builder_version=&#8220;4.16&#8243; custom_padding=&#8220;|||&#8220; global_colors_info=&#8220;{}&#8220; custom_padding__hover=&#8220;|||&#8220;][et_pb_text _builder_version=&#8220;4.16&#8243; background_size=&#8220;initial&#8220; background_position=&#8220;top_left&#8220; background_repeat=&#8220;repeat&#8220; module_alignment=&#8220;left&#8220; use_border_color=&#8220;off&#8220; border_color=&#8220;#ffffff&#8220; border_style=&#8220;solid&#8220; global_colors_info=&#8220;{}&#8220;]<\/p>\n<h2>Neuigkeiten<\/h2>\n<p>[\/et_pb_text][et_pb_blog include_categories=&#8220;15&#8243; show_thumbnail=&#8220;off&#8220; show_more=&#8220;on&#8220; show_author=&#8220;off&#8220; show_date=&#8220;off&#8220; show_categories=&#8220;off&#8220; show_pagination=&#8220;off&#8220; _builder_version=&#8220;4.16&#8243; use_border_color=&#8220;off&#8220; border_color=&#8220;#ffffff&#8220; border_style=&#8220;solid&#8220; use_dropshadow=&#8220;off&#8220; global_colors_info=&#8220;{}&#8220;][\/et_pb_blog][\/et_pb_column][et_pb_column type=&#8220;1_2&#8243; _builder_version=&#8220;4.16&#8243; custom_padding=&#8220;|||&#8220; global_colors_info=&#8220;{}&#8220; custom_padding__hover=&#8220;|||&#8220;][et_pb_text _builder_version=&#8220;4.16&#8243; background_size=&#8220;initial&#8220; background_position=&#8220;top_left&#8220; background_repeat=&#8220;repeat&#8220; module_alignment=&#8220;left&#8220; use_border_color=&#8220;off&#8220; border_color=&#8220;#ffffff&#8220; border_style=&#8220;solid&#8220; global_colors_info=&#8220;{}&#8220;]<\/p>\n<h2>Agenda<\/h2>\n<p>[\/et_pb_text][et_pb_blog include_categories=&#8220;20&#8243; show_thumbnail=&#8220;off&#8220; show_more=&#8220;on&#8220; show_author=&#8220;off&#8220; show_date=&#8220;off&#8220; show_categories=&#8220;off&#8220; show_pagination=&#8220;off&#8220; _builder_version=&#8220;4.16&#8243; use_border_color=&#8220;off&#8220; border_color=&#8220;#ffffff&#8220; border_style=&#8220;solid&#8220; use_dropshadow=&#8220;off&#8220; global_colors_info=&#8220;{}&#8220;][\/et_pb_blog][\/et_pb_column][\/et_pb_row][et_pb_row column_structure=&#8220;1_2,1_2&#8243; admin_label=&#8220;Rij&#8220; _builder_version=&#8220;4.16&#8243; background_size=&#8220;initial&#8220; background_position=&#8220;top_left&#8220; background_repeat=&#8220;repeat&#8220; custom_padding=&#8220;6px|||||&#8220; global_colors_info=&#8220;{}&#8220;][et_pb_column type=&#8220;1_2&#8243; _builder_version=&#8220;4.16&#8243; custom_padding=&#8220;|||&#8220; global_colors_info=&#8220;{}&#8220; custom_padding__hover=&#8220;|||&#8220;][et_pb_blurb title=&#8220;Download Unsere Katalog&#8220; _builder_version=&#8220;4.27.0&#8243; header_text_color=&#8220;#e02b20&#8243; header_font_size=&#8220;30&#8243; body_text_color=&#8220;#3a3a3a&#8220; background_size=&#8220;initial&#8220; background_position=&#8220;top_left&#8220; background_repeat=&#8220;repeat&#8220; max_width_tablet=&#8220;50px&#8220; hover_enabled=&#8220;0&#8243; use_border_color=&#8220;off&#8220; saved_tabs=&#8220;all&#8220; global_colors_info=&#8220;{}&#8220; sticky_enabled=&#8220;0&#8243;]<\/p>\n<p>Hier unter k\u00f6nnen SIe unsere aktuelle Katalog downloaden. M\u00f6chte Sie gerne eine High-Res Katalog empfangen? schicke Sie dan bitte eine Email.<\/p>\n<p><a href=\"https:\/\/heritage-products.nl\/wp-content\/uploads\/2026\/02\/Catalogus-2026-web-2.pdf\" rel=\"attachment wp-att-5950\">Catalogus 2026 web<\/a><\/p>\n<p>[\/et_pb_blurb][\/et_pb_column][et_pb_column type=&#8220;1_2&#8243; _builder_version=&#8220;4.16&#8243; custom_padding=&#8220;|||&#8220; global_colors_info=&#8220;{}&#8220; custom_padding__hover=&#8220;|||&#8220;][\/et_pb_column][\/et_pb_row][\/et_pb_section]<\/p>\n","protected":false},"excerpt":{"rendered":"<p>Heritage Products produziert die besten und sichersten Zaun-, Dressur- und Springprodukte f\u00fcr Pferd und Reiter Heritage Products ist ein modernes vorausstrebendes Unternehmen, welches Produkte f\u00fcr die Pferdehaltung auf den Markt bringt. Durch jahrelange Erfahrung auf diesem Gebiet kennt Heritage Products alle Fassetten die wichtig f\u00fcr die Pferdehaltung sind, wobei Qualit\u00e4t und Sicherheit hierbei sehr wichtig [&hellip;]<\/p>\n","protected":false},"author":1,"featured_media":0,"parent":0,"menu_order":0,"comment_status":"open","ping_status":"open","template":"","meta":{"_acf_changed":false,"_et_pb_use_builder":"on","_et_pb_old_content":"","_et_gb_content_width":"","footnotes":""},"class_list":["post-687","page","type-page","status-publish","hentry"],"acf":[],"yoast_head":"<!-- This site is optimized with the Yoast SEO plugin v26.4 - https:\/\/yoast.com\/wordpress\/plugins\/seo\/ -->\n<title>Heritage Products, Einz\u00e4unungen, Dressurarena&#039;s und Hindernisse<\/title>\n<meta name=\"description\" content=\"Die beste Produkten f\u00fcr Pferd und Reiter im Bereich Einz\u00e4unungen, Dressur und Hindernisse\" \/>\n<meta name=\"robots\" content=\"index, follow, max-snippet:-1, max-image-preview:large, max-video-preview:-1\" \/>\n<link rel=\"canonical\" href=\"https:\/\/heritage-products.nl\/de\" \/>\n<meta property=\"og:locale\" content=\"de_DE\" \/>\n<meta property=\"og:type\" content=\"article\" \/>\n<meta property=\"og:title\" content=\"Heritage Products, Einz\u00e4unungen, Dressurarena&#039;s und Hindernisse\" \/>\n<meta property=\"og:description\" content=\"Die beste Produkten f\u00fcr Pferd und Reiter im Bereich Einz\u00e4unungen, Dressur und Hindernisse\" \/>\n<meta property=\"og:url\" content=\"https:\/\/heritage-products.nl\/de\" \/>\n<meta property=\"og:site_name\" content=\"Heritage Products\" \/>\n<meta property=\"article:modified_time\" content=\"2026-02-03T11:06:28+00:00\" \/>\n<meta name=\"twitter:card\" content=\"summary_large_image\" \/>\n<meta name=\"twitter:label1\" content=\"Est. reading time\" \/>\n\t<meta name=\"twitter:data1\" content=\"2 Minuten\" \/>\n<script type=\"application\/ld+json\" class=\"yoast-schema-graph\">{\"@context\":\"https:\/\/schema.org\",\"@graph\":[{\"@type\":\"WebPage\",\"@id\":\"https:\/\/heritage-products.nl\/de\",\"url\":\"https:\/\/heritage-products.nl\/de\",\"name\":\"Heritage Products, Einz\u00e4unungen, Dressurarena's und Hindernisse\",\"isPartOf\":{\"@id\":\"https:\/\/heritage-products.nl\/#website\"},\"datePublished\":\"2015-08-25T13:37:27+00:00\",\"dateModified\":\"2026-02-03T11:06:28+00:00\",\"description\":\"Die beste Produkten f\u00fcr Pferd und Reiter im Bereich Einz\u00e4unungen, Dressur und Hindernisse\",\"breadcrumb\":{\"@id\":\"https:\/\/heritage-products.nl\/de#breadcrumb\"},\"inLanguage\":\"de-DE\",\"potentialAction\":[{\"@type\":\"ReadAction\",\"target\":[\"https:\/\/heritage-products.nl\/de\"]}]},{\"@type\":\"BreadcrumbList\",\"@id\":\"https:\/\/heritage-products.nl\/de#breadcrumb\",\"itemListElement\":[{\"@type\":\"ListItem\",\"position\":1,\"name\":\"Home\",\"item\":\"https:\/\/heritage-products.nl\/de\"},{\"@type\":\"ListItem\",\"position\":2,\"name\":\"Home\"}]},{\"@type\":\"WebSite\",\"@id\":\"https:\/\/heritage-products.nl\/#website\",\"url\":\"https:\/\/heritage-products.nl\/\",\"name\":\"Heritage Products\",\"description\":\"\",\"potentialAction\":[{\"@type\":\"SearchAction\",\"target\":{\"@type\":\"EntryPoint\",\"urlTemplate\":\"https:\/\/heritage-products.nl\/?s={search_term_string}\"},\"query-input\":{\"@type\":\"PropertyValueSpecification\",\"valueRequired\":true,\"valueName\":\"search_term_string\"}}],\"inLanguage\":\"de-DE\"}]}<\/script>\n<!-- \/ Yoast SEO plugin. -->","yoast_head_json":{"title":"Heritage Products, Einz\u00e4unungen, Dressurarena's und Hindernisse","description":"Die beste Produkten f\u00fcr Pferd und Reiter im Bereich Einz\u00e4unungen, Dressur und Hindernisse","robots":{"index":"index","follow":"follow","max-snippet":"max-snippet:-1","max-image-preview":"max-image-preview:large","max-video-preview":"max-video-preview:-1"},"canonical":"https:\/\/heritage-products.nl\/de","og_locale":"de_DE","og_type":"article","og_title":"Heritage Products, Einz\u00e4unungen, Dressurarena's und Hindernisse","og_description":"Die beste Produkten f\u00fcr Pferd und Reiter im Bereich Einz\u00e4unungen, Dressur und Hindernisse","og_url":"https:\/\/heritage-products.nl\/de","og_site_name":"Heritage Products","article_modified_time":"2026-02-03T11:06:28+00:00","twitter_card":"summary_large_image","twitter_misc":{"Est. reading time":"2 Minuten"},"schema":{"@context":"https:\/\/schema.org","@graph":[{"@type":"WebPage","@id":"https:\/\/heritage-products.nl\/de","url":"https:\/\/heritage-products.nl\/de","name":"Heritage Products, Einz\u00e4unungen, Dressurarena's und Hindernisse","isPartOf":{"@id":"https:\/\/heritage-products.nl\/#website"},"datePublished":"2015-08-25T13:37:27+00:00","dateModified":"2026-02-03T11:06:28+00:00","description":"Die beste Produkten f\u00fcr Pferd und Reiter im Bereich Einz\u00e4unungen, Dressur und Hindernisse","breadcrumb":{"@id":"https:\/\/heritage-products.nl\/de#breadcrumb"},"inLanguage":"de-DE","potentialAction":[{"@type":"ReadAction","target":["https:\/\/heritage-products.nl\/de"]}]},{"@type":"BreadcrumbList","@id":"https:\/\/heritage-products.nl\/de#breadcrumb","itemListElement":[{"@type":"ListItem","position":1,"name":"Home","item":"https:\/\/heritage-products.nl\/de"},{"@type":"ListItem","position":2,"name":"Home"}]},{"@type":"WebSite","@id":"https:\/\/heritage-products.nl\/#website","url":"https:\/\/heritage-products.nl\/","name":"Heritage Products","description":"","potentialAction":[{"@type":"SearchAction","target":{"@type":"EntryPoint","urlTemplate":"https:\/\/heritage-products.nl\/?s={search_term_string}"},"query-input":{"@type":"PropertyValueSpecification","valueRequired":true,"valueName":"search_term_string"}}],"inLanguage":"de-DE"}]}},"_links":{"self":[{"href":"https:\/\/heritage-products.nl\/de\/wp-json\/wp\/v2\/pages\/687","targetHints":{"allow":["GET"]}}],"collection":[{"href":"https:\/\/heritage-products.nl\/de\/wp-json\/wp\/v2\/pages"}],"about":[{"href":"https:\/\/heritage-products.nl\/de\/wp-json\/wp\/v2\/types\/page"}],"author":[{"embeddable":true,"href":"https:\/\/heritage-products.nl\/de\/wp-json\/wp\/v2\/users\/1"}],"replies":[{"embeddable":true,"href":"https:\/\/heritage-products.nl\/de\/wp-json\/wp\/v2\/comments?post=687"}],"version-history":[{"count":38,"href":"https:\/\/heritage-products.nl\/de\/wp-json\/wp\/v2\/pages\/687\/revisions"}],"predecessor-version":[{"id":5951,"href":"https:\/\/heritage-products.nl\/de\/wp-json\/wp\/v2\/pages\/687\/revisions\/5951"}],"wp:attachment":[{"href":"https:\/\/heritage-products.nl\/de\/wp-json\/wp\/v2\/media?parent=687"}],"curies":[{"name":"wp","href":"https:\/\/api.w.org\/{rel}","templated":true}]}}