{"id":875,"date":"2015-10-28T10:32:46","date_gmt":"2015-10-28T10:32:46","guid":{"rendered":"https:\/\/heritage-products.nl\/hekwerken\/electra-fence\/?lang=de"},"modified":"2021-10-20T14:13:00","modified_gmt":"2021-10-20T14:13:00","slug":"elektra-raster","status":"publish","type":"page","link":"https:\/\/heritage-products.nl\/de\/einzaeunungen\/elektra-raster.html","title":{"rendered":"Electra Fence"},"content":{"rendered":"<p>[et_pb_section fb_built=&#8220;1&#8243; fullwidth=&#8220;on&#8220; next_background_color=&#8220;#ffffff&#8220; admin_label=&#8220;section&#8220; _builder_version=&#8220;4.7.0&#8243; background_color=&#8220;rgba(0,0,0,0)&#8220; bottom_divider_style=&#8220;curve2&#8243; global_colors_info=&#8220;{}&#8220;][et_pb_fullwidth_header title=&#8220;Electra Fence&#8220; subhead=&#8220;Wartungsfreundlich, langlebig und sicher&#8220; text_orientation=&#8220;center&#8220; header_fullscreen=&#8220;on&#8220; header_scroll_down=&#8220;on&#8220; scroll_down_icon=&#8220;%%4%%&#8220; content_max_width=&#8220;none&#8220; admin_label=&#8220;Fullwidth Header&#8220; _builder_version=&#8220;3.16&#8243; title_font=&#8220;Arvo||||&#8220; title_font_size=&#8220;50&#8243; subhead_font_size=&#8220;20px&#8220; background_color=&#8220;rgba(255, 255, 255, 0)&#8220; background_image=&#8220;https:\/\/heritage-products.nl\/wp-content\/uploads\/2015\/10\/d-4-hoof-permanent-1.jpg&#8220; parallax=&#8220;on&#8220; background_url=&#8220;https:\/\/heritage-products.nl\/wp-content\/uploads\/2015\/10\/d-4-hoof-permanent-1.jpg&#8220; button_one_letter_spacing_hover=&#8220;0&#8243; button_two_letter_spacing_hover=&#8220;0&#8243; global_colors_info=&#8220;{}&#8220; button_one_text_size__hover_enabled=&#8220;off&#8220; button_two_text_size__hover_enabled=&#8220;off&#8220; button_one_text_color__hover_enabled=&#8220;off&#8220; button_two_text_color__hover_enabled=&#8220;off&#8220; button_one_border_width__hover_enabled=&#8220;off&#8220; button_two_border_width__hover_enabled=&#8220;off&#8220; button_one_border_color__hover_enabled=&#8220;off&#8220; button_two_border_color__hover_enabled=&#8220;off&#8220; button_one_border_radius__hover_enabled=&#8220;off&#8220; button_two_border_radius__hover_enabled=&#8220;off&#8220; button_one_letter_spacing__hover_enabled=&#8220;on&#8220; button_one_letter_spacing__hover=&#8220;0&#8243; button_two_letter_spacing__hover_enabled=&#8220;on&#8220; button_two_letter_spacing__hover=&#8220;0&#8243; button_one_bg_color__hover_enabled=&#8220;off&#8220; button_two_bg_color__hover_enabled=&#8220;off&#8220;] [\/et_pb_fullwidth_header][\/et_pb_section][et_pb_section fb_built=&#8220;1&#8243; admin_label=&#8220;section&#8220; _builder_version=&#8220;3.22&#8243; global_colors_info=&#8220;{}&#8220;][et_pb_row admin_label=&#8220;row&#8220; _builder_version=&#8220;3.25&#8243; background_size=&#8220;initial&#8220; background_position=&#8220;top_left&#8220; background_repeat=&#8220;repeat&#8220; global_colors_info=&#8220;{}&#8220;][et_pb_column type=&#8220;4_4&#8243; _builder_version=&#8220;3.25&#8243; custom_padding=&#8220;|||&#8220; global_colors_info=&#8220;{}&#8220; custom_padding__hover=&#8220;|||&#8220;][et_pb_text admin_label=&#8220;Text&#8220; _builder_version=&#8220;3.27.4&#8243; background_size=&#8220;initial&#8220; background_position=&#8220;top_left&#8220; background_repeat=&#8220;repeat&#8220; use_border_color=&#8220;off&#8220; border_color=&#8220;#ffffff&#8220; border_style=&#8220;solid&#8220; global_colors_info=&#8220;{}&#8220;]Das Elektra Raster von Heritage Products besteht aus stabilen Kunststoffpfosten, durch die eine E-Kordel gef\u00fchrt werden kann. Isolatoren oder Befestigungsb\u00fcgel sind nicht mehr notwendig. Die Kordel ist keinem Verschlei\u00df mehr ausgesetzt und braucht jahrelang nicht mehr gespannt werden.<\/p>\n<p>Heritage Products ist au\u00dferdem Lieferant eines kompletten Schwachstromger\u00e4te- und Zubeh\u00f6rsortimentes. Selbstverst\u00e4ndlich kann eine Schwachstromeinz\u00e4unung nur optimal funktionieren, wenn diese nach allen Vorgaben richtig montiert worden ist.<\/p>\n<p>Heritage Products hat hierf\u00fcr speziell ausgebildete Mitarbeiter. Sollten Sie sich f\u00fcr eine Selbstmontage entscheiden, dann werden Sie selbstverst\u00e4ndlich durch einen unserer Verk\u00e4ufer begleitet.<\/p>\n<ul>\n<li>geringer Verschlei\u00df<\/li>\n<li>perfekte Ausstrahlung<\/li>\n<li>sicher<\/li>\n<li>ausgezeichnetes Preisleistungsverh\u00e4ltniss<\/li>\n<\/ul>\n<p>[\/et_pb_text][et_pb_gallery gallery_ids=&#8220;326,328,330,331,332&#8243; show_title_and_caption=&#8220;off&#8220; admin_label=&#8220;Gallery&#8220; _builder_version=&#8220;3.0.87&#8243; use_border_color=&#8220;off&#8220; border_color=&#8220;#ffffff&#8220; border_style=&#8220;solid&#8220; global_colors_info=&#8220;{}&#8220;] [\/et_pb_gallery][et_pb_text admin_label=&#8220;Text&#8220; _builder_version=&#8220;3.27.4&#8243; background_size=&#8220;initial&#8220; background_position=&#8220;top_left&#8220; background_repeat=&#8220;repeat&#8220; use_border_color=&#8220;off&#8220; border_color=&#8220;#ffffff&#8220; border_style=&#8220;solid&#8220; global_colors_info=&#8220;{}&#8220;] [\/et_pb_text][et_pb_cta button_url=&#8220;\/de\/angebot-anfragen.html&#8220; button_text=&#8220;Angebot anfragen&#8220; admin_label=&#8220;Call To Action&#8220; _builder_version=&#8220;4.10.8&#8243; use_background_color=&#8220;off&#8220; background_size=&#8220;initial&#8220; background_position=&#8220;top_left&#8220; background_repeat=&#8220;repeat&#8220; text_orientation=&#8220;left&#8220; background_layout=&#8220;light&#8220; hover_enabled=&#8220;0&#8243; use_border_color=&#8220;off&#8220; border_color=&#8220;#ffffff&#8220; border_style=&#8220;solid&#8220; button_border_radius_hover=&#8220;3&#8243; button_letter_spacing_hover=&#8220;0&#8243; global_colors_info=&#8220;{}&#8220; button_text_size__hover_enabled=&#8220;off&#8220; button_one_text_size__hover_enabled=&#8220;off&#8220; button_two_text_size__hover_enabled=&#8220;off&#8220; button_text_color__hover_enabled=&#8220;off&#8220; button_one_text_color__hover_enabled=&#8220;off&#8220; button_two_text_color__hover_enabled=&#8220;off&#8220; button_border_width__hover_enabled=&#8220;off&#8220; button_one_border_width__hover_enabled=&#8220;off&#8220; button_two_border_width__hover_enabled=&#8220;off&#8220; button_border_color__hover_enabled=&#8220;off&#8220; button_one_border_color__hover_enabled=&#8220;off&#8220; button_two_border_color__hover_enabled=&#8220;off&#8220; button_border_radius__hover_enabled=&#8220;on&#8220; button_border_radius__hover=&#8220;3&#8243; button_one_border_radius__hover_enabled=&#8220;off&#8220; button_two_border_radius__hover_enabled=&#8220;off&#8220; button_letter_spacing__hover_enabled=&#8220;on&#8220; button_letter_spacing__hover=&#8220;0&#8243; button_one_letter_spacing__hover_enabled=&#8220;off&#8220; button_two_letter_spacing__hover_enabled=&#8220;off&#8220; button_bg_color__hover_enabled=&#8220;off&#8220; button_one_bg_color__hover_enabled=&#8220;off&#8220; button_two_bg_color__hover_enabled=&#8220;off&#8220; sticky_enabled=&#8220;0&#8243;]<\/p>\n<p>Indikation Preisen f\u00fcr Electra Fence:<br \/>Viereckige Pfoste 85x85mm inkl. Kappe: \u20ac <span>20,55<\/span> pro st. ohne MwSt.<br \/>Runde Pfoste inkl. Kappe: \u20ac <span>20,65<\/span> pro st. ohne MwSt.<\/p>\n<p>Diese Preisen sind indikationen ohne Montage, Fracht und Toren. Informieren Sie bei uns oder Ihre n\u00e4chste H\u00e4ndler f\u00fcr ein Angebot<\/p>\n<p>[\/et_pb_cta][\/et_pb_column][\/et_pb_row][\/et_pb_section]<\/p>\n","protected":false},"excerpt":{"rendered":"<p>Das Elektra Raster von Heritage Products besteht aus stabilen Kunststoffpfosten, durch die eine E-Kordel gef\u00fchrt werden kann. Isolatoren oder Befestigungsb\u00fcgel sind nicht mehr notwendig. Die Kordel ist keinem Verschlei\u00df mehr ausgesetzt und braucht jahrelang nicht mehr gespannt werden. Heritage Products ist au\u00dferdem Lieferant eines kompletten Schwachstromger\u00e4te- und Zubeh\u00f6rsortimentes. Selbstverst\u00e4ndlich kann eine Schwachstromeinz\u00e4unung nur optimal funktionieren, [&hellip;]<\/p>\n","protected":false},"author":2,"featured_media":0,"parent":865,"menu_order":0,"comment_status":"closed","ping_status":"closed","template":"","meta":{"_acf_changed":false,"_et_pb_use_builder":"on","_et_pb_old_content":"","_et_gb_content_width":"","footnotes":""},"class_list":["post-875","page","type-page","status-publish","hentry"],"acf":[],"yoast_head":"<!-- This site is optimized with the Yoast SEO plugin v26.4 - https:\/\/yoast.com\/wordpress\/plugins\/seo\/ -->\n<title>Electra Fence - Heritage Products<\/title>\n<meta name=\"robots\" content=\"index, follow, max-snippet:-1, max-image-preview:large, max-video-preview:-1\" \/>\n<link rel=\"canonical\" href=\"https:\/\/heritage-products.nl\/de\/einzaeunungen\/elektra-raster.html\" \/>\n<meta property=\"og:locale\" content=\"de_DE\" \/>\n<meta property=\"og:type\" content=\"article\" \/>\n<meta property=\"og:title\" content=\"Electra Fence - Heritage Products\" \/>\n<meta property=\"og:description\" content=\"Das Elektra Raster von Heritage Products besteht aus stabilen Kunststoffpfosten, durch die eine E-Kordel gef\u00fchrt werden kann. Isolatoren oder Befestigungsb\u00fcgel sind nicht mehr notwendig. Die Kordel ist keinem Verschlei\u00df mehr ausgesetzt und braucht jahrelang nicht mehr gespannt werden. Heritage Products ist au\u00dferdem Lieferant eines kompletten Schwachstromger\u00e4te- und Zubeh\u00f6rsortimentes. Selbstverst\u00e4ndlich kann eine Schwachstromeinz\u00e4unung nur optimal funktionieren, [&hellip;]\" \/>\n<meta property=\"og:url\" content=\"https:\/\/heritage-products.nl\/de\/einzaeunungen\/elektra-raster.html\" \/>\n<meta property=\"og:site_name\" content=\"Heritage Products\" \/>\n<meta property=\"article:modified_time\" content=\"2021-10-20T14:13:00+00:00\" \/>\n<meta name=\"twitter:card\" content=\"summary_large_image\" \/>\n<meta name=\"twitter:label1\" content=\"Est. reading time\" \/>\n\t<meta name=\"twitter:data1\" content=\"4 Minuten\" \/>\n<script type=\"application\/ld+json\" class=\"yoast-schema-graph\">{\"@context\":\"https:\/\/schema.org\",\"@graph\":[{\"@type\":\"WebPage\",\"@id\":\"https:\/\/heritage-products.nl\/de\/einzaeunungen\/elektra-raster.html\",\"url\":\"https:\/\/heritage-products.nl\/de\/einzaeunungen\/elektra-raster.html\",\"name\":\"Electra Fence - Heritage Products\",\"isPartOf\":{\"@id\":\"https:\/\/heritage-products.nl\/#website\"},\"datePublished\":\"2015-10-28T10:32:46+00:00\",\"dateModified\":\"2021-10-20T14:13:00+00:00\",\"breadcrumb\":{\"@id\":\"https:\/\/heritage-products.nl\/de\/einzaeunungen\/elektra-raster.html#breadcrumb\"},\"inLanguage\":\"de-DE\",\"potentialAction\":[{\"@type\":\"ReadAction\",\"target\":[\"https:\/\/heritage-products.nl\/de\/einzaeunungen\/elektra-raster.html\"]}]},{\"@type\":\"BreadcrumbList\",\"@id\":\"https:\/\/heritage-products.nl\/de\/einzaeunungen\/elektra-raster.html#breadcrumb\",\"itemListElement\":[{\"@type\":\"ListItem\",\"position\":1,\"name\":\"Home\",\"item\":\"https:\/\/heritage-products.nl\/de\"},{\"@type\":\"ListItem\",\"position\":2,\"name\":\"Z\u00e4une\",\"item\":\"https:\/\/heritage-products.nl\/de\/einzaeunungen.html\"},{\"@type\":\"ListItem\",\"position\":3,\"name\":\"Electra Fence\"}]},{\"@type\":\"WebSite\",\"@id\":\"https:\/\/heritage-products.nl\/#website\",\"url\":\"https:\/\/heritage-products.nl\/\",\"name\":\"Heritage Products\",\"description\":\"\",\"potentialAction\":[{\"@type\":\"SearchAction\",\"target\":{\"@type\":\"EntryPoint\",\"urlTemplate\":\"https:\/\/heritage-products.nl\/?s={search_term_string}\"},\"query-input\":{\"@type\":\"PropertyValueSpecification\",\"valueRequired\":true,\"valueName\":\"search_term_string\"}}],\"inLanguage\":\"de-DE\"}]}<\/script>\n<!-- \/ Yoast SEO plugin. -->","yoast_head_json":{"title":"Electra Fence - Heritage Products","robots":{"index":"index","follow":"follow","max-snippet":"max-snippet:-1","max-image-preview":"max-image-preview:large","max-video-preview":"max-video-preview:-1"},"canonical":"https:\/\/heritage-products.nl\/de\/einzaeunungen\/elektra-raster.html","og_locale":"de_DE","og_type":"article","og_title":"Electra Fence - Heritage Products","og_description":"Das Elektra Raster von Heritage Products besteht aus stabilen Kunststoffpfosten, durch die eine E-Kordel gef\u00fchrt werden kann. Isolatoren oder Befestigungsb\u00fcgel sind nicht mehr notwendig. Die Kordel ist keinem Verschlei\u00df mehr ausgesetzt und braucht jahrelang nicht mehr gespannt werden. Heritage Products ist au\u00dferdem Lieferant eines kompletten Schwachstromger\u00e4te- und Zubeh\u00f6rsortimentes. Selbstverst\u00e4ndlich kann eine Schwachstromeinz\u00e4unung nur optimal funktionieren, [&hellip;]","og_url":"https:\/\/heritage-products.nl\/de\/einzaeunungen\/elektra-raster.html","og_site_name":"Heritage Products","article_modified_time":"2021-10-20T14:13:00+00:00","twitter_card":"summary_large_image","twitter_misc":{"Est. reading time":"4 Minuten"},"schema":{"@context":"https:\/\/schema.org","@graph":[{"@type":"WebPage","@id":"https:\/\/heritage-products.nl\/de\/einzaeunungen\/elektra-raster.html","url":"https:\/\/heritage-products.nl\/de\/einzaeunungen\/elektra-raster.html","name":"Electra Fence - Heritage Products","isPartOf":{"@id":"https:\/\/heritage-products.nl\/#website"},"datePublished":"2015-10-28T10:32:46+00:00","dateModified":"2021-10-20T14:13:00+00:00","breadcrumb":{"@id":"https:\/\/heritage-products.nl\/de\/einzaeunungen\/elektra-raster.html#breadcrumb"},"inLanguage":"de-DE","potentialAction":[{"@type":"ReadAction","target":["https:\/\/heritage-products.nl\/de\/einzaeunungen\/elektra-raster.html"]}]},{"@type":"BreadcrumbList","@id":"https:\/\/heritage-products.nl\/de\/einzaeunungen\/elektra-raster.html#breadcrumb","itemListElement":[{"@type":"ListItem","position":1,"name":"Home","item":"https:\/\/heritage-products.nl\/de"},{"@type":"ListItem","position":2,"name":"Z\u00e4une","item":"https:\/\/heritage-products.nl\/de\/einzaeunungen.html"},{"@type":"ListItem","position":3,"name":"Electra Fence"}]},{"@type":"WebSite","@id":"https:\/\/heritage-products.nl\/#website","url":"https:\/\/heritage-products.nl\/","name":"Heritage Products","description":"","potentialAction":[{"@type":"SearchAction","target":{"@type":"EntryPoint","urlTemplate":"https:\/\/heritage-products.nl\/?s={search_term_string}"},"query-input":{"@type":"PropertyValueSpecification","valueRequired":true,"valueName":"search_term_string"}}],"inLanguage":"de-DE"}]}},"_links":{"self":[{"href":"https:\/\/heritage-products.nl\/de\/wp-json\/wp\/v2\/pages\/875","targetHints":{"allow":["GET"]}}],"collection":[{"href":"https:\/\/heritage-products.nl\/de\/wp-json\/wp\/v2\/pages"}],"about":[{"href":"https:\/\/heritage-products.nl\/de\/wp-json\/wp\/v2\/types\/page"}],"author":[{"embeddable":true,"href":"https:\/\/heritage-products.nl\/de\/wp-json\/wp\/v2\/users\/2"}],"replies":[{"embeddable":true,"href":"https:\/\/heritage-products.nl\/de\/wp-json\/wp\/v2\/comments?post=875"}],"version-history":[{"count":8,"href":"https:\/\/heritage-products.nl\/de\/wp-json\/wp\/v2\/pages\/875\/revisions"}],"predecessor-version":[{"id":3247,"href":"https:\/\/heritage-products.nl\/de\/wp-json\/wp\/v2\/pages\/875\/revisions\/3247"}],"up":[{"embeddable":true,"href":"https:\/\/heritage-products.nl\/de\/wp-json\/wp\/v2\/pages\/865"}],"wp:attachment":[{"href":"https:\/\/heritage-products.nl\/de\/wp-json\/wp\/v2\/media?parent=875"}],"curies":[{"name":"wp","href":"https:\/\/api.w.org\/{rel}","templated":true}]}}