{"id":886,"date":"2015-09-11T10:46:30","date_gmt":"2015-09-11T10:46:30","guid":{"rendered":"https:\/\/heritage-products.nl\/dressuur\/?lang=de"},"modified":"2025-12-16T13:53:14","modified_gmt":"2025-12-16T13:53:14","slug":"dressur","status":"publish","type":"page","link":"https:\/\/heritage-products.nl\/de\/dressur.html","title":{"rendered":"Dressur"},"content":{"rendered":"<p>[et_pb_section fb_built=&#8220;1&#8243; _builder_version=&#8220;4.16&#8243; _module_preset=&#8220;default&#8220; custom_margin=&#8220;||0px|||&#8220; custom_padding=&#8220;21px||22px|||&#8220; saved_tabs=&#8220;all&#8220; global_colors_info=&#8220;{}&#8220;][et_pb_row _builder_version=&#8220;4.16&#8243; _module_preset=&#8220;default&#8220; width=&#8220;100%&#8220; max_width=&#8220;1450px&#8220; custom_padding=&#8220;0px||2px|||&#8220; global_colors_info=&#8220;{}&#8220;][et_pb_column type=&#8220;4_4&#8243; _builder_version=&#8220;4.16&#8243; _module_preset=&#8220;default&#8220; global_colors_info=&#8220;{}&#8220;][et_pb_slider use_bg_overlay=&#8220;on&#8220; bg_overlay_color=&#8220;rgba(211,211,211,0.6)&#8220; _builder_version=&#8220;4.27.0&#8243; _module_preset=&#8220;default&#8220; header_font=&#8220;|700|||||||&#8220; header_text_color=&#8220;#ffffff&#8220; header_font_size=&#8220;50px&#8220; header_letter_spacing=&#8220;1px&#8220; body_text_color=&#8220;#000000&#8243; body_font_size=&#8220;16px&#8220; body_letter_spacing=&#8220;1px&#8220; background_image=&#8220;https:\/\/heritage-products.nl\/wp-content\/uploads\/2025\/12\/DSC2462-2-scaled.jpg&#8220; parallax=&#8220;on&#8220; custom_button=&#8220;on&#8220; button_text_color=&#8220;#ffffff&#8220; button_bg_color=&#8220;#e02b20&#8243; button_border_radius=&#8220;98px&#8220; button_letter_spacing=&#8220;1px&#8220; button_icon_color=&#8220;#ffffff&#8220; min_height=&#8220;535px&#8220; hover_enabled=&#8220;0&#8243; header_text_shadow_style=&#8220;preset5&#8243; header_text_shadow_horizontal_length=&#8220;0.05em&#8220; header_text_shadow_vertical_length=&#8220;0.05em&#8220; header_text_shadow_color=&#8220;#e02b20&#8243; global_colors_info=&#8220;{}&#8220; title_text=&#8220;_DSC2462&#8243; sticky_enabled=&#8220;0&#8243;][et_pb_slide heading=&#8220;Kegel Arena&#8220; button_text=&#8220;Mehr Informationen&#8220; button_link=&#8220;https:\/\/heritage-products.nl\/de\/dressur\/kegelpiste.html&#8220; _builder_version=&#8220;4.16&#8243; _module_preset=&#8220;default&#8220; global_colors_info=&#8220;{}&#8220; sticky_transition=&#8220;on&#8220;]<\/p>\n<p style=\"text-align: center;\"><span>Die klassische Mobil Dressurviereck von Heritage Products<\/span><\/p>\n<p>[\/et_pb_slide][\/et_pb_slider][\/et_pb_column][\/et_pb_row][\/et_pb_section][et_pb_section fb_built=&#8220;1&#8243; _builder_version=&#8220;4.16&#8243; _module_preset=&#8220;default&#8220; custom_margin=&#8220;||0px|||&#8220; custom_padding=&#8220;21px||22px|||&#8220; saved_tabs=&#8220;all&#8220; global_colors_info=&#8220;{}&#8220;][et_pb_row _builder_version=&#8220;4.16&#8243; _module_preset=&#8220;default&#8220; width=&#8220;100%&#8220; max_width=&#8220;1450px&#8220; custom_padding=&#8220;0px||2px|||&#8220; global_colors_info=&#8220;{}&#8220;][et_pb_column type=&#8220;4_4&#8243; _builder_version=&#8220;4.16&#8243; _module_preset=&#8220;default&#8220; global_colors_info=&#8220;{}&#8220;][et_pb_slider use_bg_overlay=&#8220;on&#8220; bg_overlay_color=&#8220;rgba(211,211,211,0.6)&#8220; _builder_version=&#8220;4.16&#8243; _module_preset=&#8220;default&#8220; header_font=&#8220;|700|||||||&#8220; header_text_color=&#8220;#ffffff&#8220; header_font_size=&#8220;50px&#8220; header_letter_spacing=&#8220;1px&#8220; body_text_color=&#8220;#000000&#8243; body_font_size=&#8220;16px&#8220; body_letter_spacing=&#8220;1px&#8220; background_image=&#8220;https:\/\/heritage-products.nl\/wp-content\/uploads\/2015\/09\/20160401_150734.jpg&#8220; parallax=&#8220;on&#8220; custom_button=&#8220;on&#8220; button_text_color=&#8220;#ffffff&#8220; button_bg_color=&#8220;#e02b20&#8243; button_border_radius=&#8220;98px&#8220; button_letter_spacing=&#8220;1px&#8220; button_icon_color=&#8220;#ffffff&#8220; min_height=&#8220;535px&#8220; header_text_shadow_style=&#8220;preset5&#8243; header_text_shadow_horizontal_length=&#8220;0.05em&#8220; header_text_shadow_vertical_length=&#8220;0.05em&#8220; header_text_shadow_color=&#8220;#e02b20&#8243; global_colors_info=&#8220;{}&#8220;][et_pb_slide heading=&#8220;Permanente Arena&#8220; button_text=&#8220;Mehr Informationen&#8220; button_link=&#8220;https:\/\/heritage-products.nl\/de\/dressur\/feste-dressurabgrenzung.html&#8220; _builder_version=&#8220;4.16&#8243; _module_preset=&#8220;default&#8220; global_colors_info=&#8220;{}&#8220; sticky_transition=&#8220;on&#8220;]<\/p>\n<p><span>Sch\u00f6ne Abgrenzung f\u00fcr Ihre Dressur Arena<\/span><\/p>\n<p>[\/et_pb_slide][\/et_pb_slider][\/et_pb_column][\/et_pb_row][\/et_pb_section][et_pb_section fb_built=&#8220;1&#8243; _builder_version=&#8220;4.16&#8243; _module_preset=&#8220;default&#8220; custom_margin=&#8220;||0px|||&#8220; custom_padding=&#8220;21px||22px|||&#8220; saved_tabs=&#8220;all&#8220; global_colors_info=&#8220;{}&#8220;][et_pb_row _builder_version=&#8220;4.16&#8243; _module_preset=&#8220;default&#8220; width=&#8220;100%&#8220; max_width=&#8220;1450px&#8220; custom_padding=&#8220;0px||2px|||&#8220; global_colors_info=&#8220;{}&#8220;][et_pb_column type=&#8220;4_4&#8243; _builder_version=&#8220;4.16&#8243; _module_preset=&#8220;default&#8220; global_colors_info=&#8220;{}&#8220;][et_pb_slider use_bg_overlay=&#8220;on&#8220; bg_overlay_color=&#8220;rgba(211,211,211,0.6)&#8220; _builder_version=&#8220;4.16&#8243; _module_preset=&#8220;default&#8220; header_font=&#8220;|700|||||||&#8220; header_text_color=&#8220;#ffffff&#8220; header_font_size=&#8220;50px&#8220; header_letter_spacing=&#8220;1px&#8220; body_text_color=&#8220;#000000&#8243; body_font_size=&#8220;16px&#8220; body_letter_spacing=&#8220;1px&#8220; background_image=&#8220;https:\/\/heritage-products.nl\/wp-content\/uploads\/2021\/10\/VDK.jpg&#8220; parallax=&#8220;on&#8220; custom_button=&#8220;on&#8220; button_text_color=&#8220;#ffffff&#8220; button_bg_color=&#8220;#e02b20&#8243; button_border_radius=&#8220;98px&#8220; button_letter_spacing=&#8220;1px&#8220; button_icon_color=&#8220;#ffffff&#8220; min_height=&#8220;535px&#8220; header_text_shadow_style=&#8220;preset5&#8243; header_text_shadow_horizontal_length=&#8220;0.05em&#8220; header_text_shadow_vertical_length=&#8220;0.05em&#8220; header_text_shadow_color=&#8220;#e02b20&#8243; global_colors_info=&#8220;{}&#8220;][et_pb_slide heading=&#8220;Buchstabe Satzen &#8211; zubeh\u00f6ren&#8220; button_text=&#8220;Mehr Informationen&#8220; button_link=&#8220;https:\/\/heritage-products.nl\/de\/dressur\/zubehoer-dressur.html&#8220; _builder_version=&#8220;4.16&#8243; _module_preset=&#8220;default&#8220; global_colors_info=&#8220;{}&#8220; sticky_transition=&#8220;on&#8220;]<\/p>\n<div data-cp=\"1\" data-is-ver=\"false\" data-nnttsvi=\"1\" data-sm=\"1\" data-sugg-time=\"500\" data-sugg-url=\"https:\/\/clients1.google.com\/complete\/search\" data-uilc=\"nl\" id=\"tw-container\" class=\"\">\n<div jsname=\"gI9xcc\" jsslot=\"1\">\n<div jscontroller=\"tZEiM\" jsdata=\"SANFE;_;AzTFyA\" jsaction=\"uQxhTd:d4hecb;lWUBqb:TO5MWb;IcWBXe:hLaFAe;KFlBO:UuREqb;M2HAEc:eNrnOd;rcuQ6b:npT2md\">\n<div class=\"tw-src-ltr\" id=\"tw-ob\">\n<div class=\"oSioSc\">\n<div id=\"tw-target\">\n<div id=\"kAz1tf\" class=\"g9WsWb\">\n<p>In verschiedenen Varianten erh\u00e4ltlich<\/p>\n<\/div>\n<\/div>\n<\/div>\n<\/div>\n<\/div>\n<\/div>\n<\/div>\n<p>[\/et_pb_slide][\/et_pb_slider][\/et_pb_column][\/et_pb_row][\/et_pb_section]<\/p>\n","protected":false},"excerpt":{"rendered":"<p>Die klassische Mobil Dressurviereck von Heritage ProductsSch\u00f6ne Abgrenzung f\u00fcr Ihre Dressur Arena In verschiedenen Varianten erh\u00e4ltlich<\/p>\n","protected":false},"author":1,"featured_media":0,"parent":0,"menu_order":0,"comment_status":"closed","ping_status":"closed","template":"","meta":{"_acf_changed":false,"_et_pb_use_builder":"on","_et_pb_old_content":"","_et_gb_content_width":"","footnotes":""},"class_list":["post-886","page","type-page","status-publish","hentry"],"acf":[],"yoast_head":"<!-- This site is optimized with the Yoast SEO plugin v26.4 - https:\/\/yoast.com\/wordpress\/plugins\/seo\/ -->\n<title>Dressur - Heritage Products<\/title>\n<meta name=\"robots\" content=\"index, follow, max-snippet:-1, max-image-preview:large, max-video-preview:-1\" \/>\n<link rel=\"canonical\" href=\"https:\/\/heritage-products.nl\/de\/dressur.html\" \/>\n<meta property=\"og:locale\" content=\"de_DE\" \/>\n<meta property=\"og:type\" content=\"article\" \/>\n<meta property=\"og:title\" content=\"Dressur - Heritage Products\" \/>\n<meta property=\"og:description\" content=\"Die klassische Mobil Dressurviereck von Heritage ProductsSch\u00f6ne Abgrenzung f\u00fcr Ihre Dressur Arena In verschiedenen Varianten erh\u00e4ltlich\" \/>\n<meta property=\"og:url\" content=\"https:\/\/heritage-products.nl\/de\/dressur.html\" \/>\n<meta property=\"og:site_name\" content=\"Heritage Products\" \/>\n<meta property=\"article:modified_time\" content=\"2025-12-16T13:53:14+00:00\" \/>\n<meta name=\"twitter:card\" content=\"summary_large_image\" \/>\n<meta name=\"twitter:label1\" content=\"Est. reading time\" \/>\n\t<meta name=\"twitter:data1\" content=\"1 Minute\" \/>\n<script type=\"application\/ld+json\" class=\"yoast-schema-graph\">{\"@context\":\"https:\/\/schema.org\",\"@graph\":[{\"@type\":\"WebPage\",\"@id\":\"https:\/\/heritage-products.nl\/de\/dressur.html\",\"url\":\"https:\/\/heritage-products.nl\/de\/dressur.html\",\"name\":\"Dressur - Heritage Products\",\"isPartOf\":{\"@id\":\"https:\/\/heritage-products.nl\/#website\"},\"datePublished\":\"2015-09-11T10:46:30+00:00\",\"dateModified\":\"2025-12-16T13:53:14+00:00\",\"breadcrumb\":{\"@id\":\"https:\/\/heritage-products.nl\/de\/dressur.html#breadcrumb\"},\"inLanguage\":\"de-DE\",\"potentialAction\":[{\"@type\":\"ReadAction\",\"target\":[\"https:\/\/heritage-products.nl\/de\/dressur.html\"]}]},{\"@type\":\"BreadcrumbList\",\"@id\":\"https:\/\/heritage-products.nl\/de\/dressur.html#breadcrumb\",\"itemListElement\":[{\"@type\":\"ListItem\",\"position\":1,\"name\":\"Home\",\"item\":\"https:\/\/heritage-products.nl\/de\"},{\"@type\":\"ListItem\",\"position\":2,\"name\":\"Dressur\"}]},{\"@type\":\"WebSite\",\"@id\":\"https:\/\/heritage-products.nl\/#website\",\"url\":\"https:\/\/heritage-products.nl\/\",\"name\":\"Heritage Products\",\"description\":\"\",\"potentialAction\":[{\"@type\":\"SearchAction\",\"target\":{\"@type\":\"EntryPoint\",\"urlTemplate\":\"https:\/\/heritage-products.nl\/?s={search_term_string}\"},\"query-input\":{\"@type\":\"PropertyValueSpecification\",\"valueRequired\":true,\"valueName\":\"search_term_string\"}}],\"inLanguage\":\"de-DE\"}]}<\/script>\n<!-- \/ Yoast SEO plugin. -->","yoast_head_json":{"title":"Dressur - Heritage Products","robots":{"index":"index","follow":"follow","max-snippet":"max-snippet:-1","max-image-preview":"max-image-preview:large","max-video-preview":"max-video-preview:-1"},"canonical":"https:\/\/heritage-products.nl\/de\/dressur.html","og_locale":"de_DE","og_type":"article","og_title":"Dressur - Heritage Products","og_description":"Die klassische Mobil Dressurviereck von Heritage ProductsSch\u00f6ne Abgrenzung f\u00fcr Ihre Dressur Arena In verschiedenen Varianten erh\u00e4ltlich","og_url":"https:\/\/heritage-products.nl\/de\/dressur.html","og_site_name":"Heritage Products","article_modified_time":"2025-12-16T13:53:14+00:00","twitter_card":"summary_large_image","twitter_misc":{"Est. reading time":"1 Minute"},"schema":{"@context":"https:\/\/schema.org","@graph":[{"@type":"WebPage","@id":"https:\/\/heritage-products.nl\/de\/dressur.html","url":"https:\/\/heritage-products.nl\/de\/dressur.html","name":"Dressur - Heritage Products","isPartOf":{"@id":"https:\/\/heritage-products.nl\/#website"},"datePublished":"2015-09-11T10:46:30+00:00","dateModified":"2025-12-16T13:53:14+00:00","breadcrumb":{"@id":"https:\/\/heritage-products.nl\/de\/dressur.html#breadcrumb"},"inLanguage":"de-DE","potentialAction":[{"@type":"ReadAction","target":["https:\/\/heritage-products.nl\/de\/dressur.html"]}]},{"@type":"BreadcrumbList","@id":"https:\/\/heritage-products.nl\/de\/dressur.html#breadcrumb","itemListElement":[{"@type":"ListItem","position":1,"name":"Home","item":"https:\/\/heritage-products.nl\/de"},{"@type":"ListItem","position":2,"name":"Dressur"}]},{"@type":"WebSite","@id":"https:\/\/heritage-products.nl\/#website","url":"https:\/\/heritage-products.nl\/","name":"Heritage Products","description":"","potentialAction":[{"@type":"SearchAction","target":{"@type":"EntryPoint","urlTemplate":"https:\/\/heritage-products.nl\/?s={search_term_string}"},"query-input":{"@type":"PropertyValueSpecification","valueRequired":true,"valueName":"search_term_string"}}],"inLanguage":"de-DE"}]}},"_links":{"self":[{"href":"https:\/\/heritage-products.nl\/de\/wp-json\/wp\/v2\/pages\/886","targetHints":{"allow":["GET"]}}],"collection":[{"href":"https:\/\/heritage-products.nl\/de\/wp-json\/wp\/v2\/pages"}],"about":[{"href":"https:\/\/heritage-products.nl\/de\/wp-json\/wp\/v2\/types\/page"}],"author":[{"embeddable":true,"href":"https:\/\/heritage-products.nl\/de\/wp-json\/wp\/v2\/users\/1"}],"replies":[{"embeddable":true,"href":"https:\/\/heritage-products.nl\/de\/wp-json\/wp\/v2\/comments?post=886"}],"version-history":[{"count":6,"href":"https:\/\/heritage-products.nl\/de\/wp-json\/wp\/v2\/pages\/886\/revisions"}],"predecessor-version":[{"id":5822,"href":"https:\/\/heritage-products.nl\/de\/wp-json\/wp\/v2\/pages\/886\/revisions\/5822"}],"wp:attachment":[{"href":"https:\/\/heritage-products.nl\/de\/wp-json\/wp\/v2\/media?parent=886"}],"curies":[{"name":"wp","href":"https:\/\/api.w.org\/{rel}","templated":true}]}}