{"id":891,"date":"2015-09-29T09:18:00","date_gmt":"2015-09-29T09:18:00","guid":{"rendered":"https:\/\/heritage-products.nl\/dressuur\/kegelpiste\/?lang=de"},"modified":"2024-02-14T09:30:52","modified_gmt":"2024-02-14T09:30:52","slug":"kegelpiste","status":"publish","type":"page","link":"https:\/\/heritage-products.nl\/de\/dressur\/kegelpiste.html","title":{"rendered":"Kegel Arena"},"content":{"rendered":"<p>[et_pb_section fb_built=&#8220;1&#8243; fullwidth=&#8220;on&#8220; custom_padding_last_edited=&#8220;on|desktop&#8220; next_background_color=&#8220;#ffffff&#8220; admin_label=&#8220;section&#8220; _builder_version=&#8220;4.23&#8243; background_color=&#8220;#ffffff&#8220; background_image=&#8220;https:\/\/heritage-products.nl\/wp-content\/uploads\/2024\/02\/DSC2197web.jpg&#8220; parallax=&#8220;on&#8220; parallax_method=&#8220;off&#8220; background_enable_video_mp4=&#8220;off&#8220; allow_player_pause=&#8220;on&#8220; custom_padding_tablet=&#8220;50px|0|50px|0&#8243; custom_padding_phone=&#8220;&#8220; bottom_divider_style=&#8220;curve2&#8243; transparent_background=&#8220;off&#8220; padding_mobile=&#8220;off&#8220; make_fullwidth=&#8220;off&#8220; use_custom_width=&#8220;off&#8220; width_unit=&#8220;on&#8220; global_colors_info=&#8220;{}&#8220;][et_pb_fullwidth_header title=&#8220;Kegel Arena&#8220; subhead=&#8220;Die klassische Mobil Dressurviereck von Heritage Products&#8220; text_orientation=&#8220;center&#8220; header_fullscreen=&#8220;on&#8220; header_scroll_down=&#8220;on&#8220; scroll_down_icon=&#8220;%%4%%&#8220; content_max_width=&#8220;none&#8220; admin_label=&#8220;Fullwidth Header&#8220; _builder_version=&#8220;4.16&#8243; title_font=&#8220;Arvo||||&#8220; title_font_size=&#8220;50&#8243; subhead_font=&#8220;Arvo||||&#8220; subhead_font_size=&#8220;20px&#8220; background_color=&#8220;rgba(255, 255, 255, 0)&#8220; parallax=&#8220;on&#8220; button_one_border_radius_hover=&#8220;3&#8243; button_two_border_radius_hover=&#8220;3&#8243; button_one_letter_spacing_hover=&#8220;0&#8243; button_two_letter_spacing_hover=&#8220;0&#8243; global_colors_info=&#8220;{}&#8220; button_one_text_size__hover_enabled=&#8220;off&#8220; button_two_text_size__hover_enabled=&#8220;off&#8220; button_one_text_color__hover_enabled=&#8220;off&#8220; button_two_text_color__hover_enabled=&#8220;off&#8220; button_one_border_width__hover_enabled=&#8220;off&#8220; button_two_border_width__hover_enabled=&#8220;off&#8220; button_one_border_color__hover_enabled=&#8220;off&#8220; button_two_border_color__hover_enabled=&#8220;off&#8220; button_one_border_radius__hover_enabled=&#8220;on&#8220; button_one_border_radius__hover=&#8220;3&#8243; button_two_border_radius__hover_enabled=&#8220;on&#8220; button_two_border_radius__hover=&#8220;3&#8243; button_one_letter_spacing__hover_enabled=&#8220;on&#8220; button_one_letter_spacing__hover=&#8220;0&#8243; button_two_letter_spacing__hover_enabled=&#8220;on&#8220; button_two_letter_spacing__hover=&#8220;0&#8243; button_one_bg_color__hover_enabled=&#8220;off&#8220; button_two_bg_color__hover_enabled=&#8220;off&#8220;] [\/et_pb_fullwidth_header][\/et_pb_section][et_pb_section fb_built=&#8220;1&#8243; admin_label=&#8220;section&#8220; _builder_version=&#8220;4.16&#8243; global_colors_info=&#8220;{}&#8220;][et_pb_row admin_label=&#8220;row&#8220; _builder_version=&#8220;4.16&#8243; background_size=&#8220;initial&#8220; background_position=&#8220;top_left&#8220; background_repeat=&#8220;repeat&#8220; global_colors_info=&#8220;{}&#8220;][et_pb_column type=&#8220;4_4&#8243; _builder_version=&#8220;4.16&#8243; custom_padding=&#8220;|||&#8220; global_colors_info=&#8220;{}&#8220; custom_padding__hover=&#8220;|||&#8220;][et_pb_text admin_label=&#8220;Text&#8220; _builder_version=&#8220;4.16&#8243; background_size=&#8220;initial&#8220; background_position=&#8220;top_left&#8220; background_repeat=&#8220;repeat&#8220; use_border_color=&#8220;off&#8220; border_color=&#8220;#ffffff&#8220; border_style=&#8220;solid&#8220; global_colors_info=&#8220;{}&#8220;]Die Dressurviereck von Heritage Products ist wartungsfreundlich und langlebig. Darbei seht die Arena auch sehr sch\u00f6n aus. Die Arena besteht aus Kegel und Bretter. Die Kegel werden auf dem Bodem gesetzt und die Bretter k\u00f6nnen durch die Locher im Kegel geschoben werden. So ist die Arena schnell und einfach ab zu bauen. Die Kegel k\u00f6nnen auf ein ander gesteckt werden so die Arena kann auch kompakt gelagerd werden. Grosse Internationele Event benutzen schon die Heritage Products Arena. Hier unter einige Impressionen und Preisen f\u00fcr Standard abmessungen.<br \/>\n[\/et_pb_text][et_pb_gallery gallery_ids=&#8220;2250,5327,387,98,5320,386,388,390,1213,1214&#8243; show_title_and_caption=&#8220;off&#8220; admin_label=&#8220;Gallery&#8220; _builder_version=&#8220;4.23&#8243; hover_enabled=&#8220;0&#8243; use_border_color=&#8220;off&#8220; border_color=&#8220;#ffffff&#8220; border_style=&#8220;solid&#8220; global_colors_info=&#8220;{}&#8220; sticky_enabled=&#8220;0&#8243;] [\/et_pb_gallery][et_pb_text admin_label=&#8220;Text&#8220; _builder_version=&#8220;4.16&#8243; background_size=&#8220;initial&#8220; background_position=&#8220;top_left&#8220; background_repeat=&#8220;repeat&#8220; use_border_color=&#8220;off&#8220; border_color=&#8220;#ffffff&#8220; border_style=&#8220;solid&#8220; global_colors_info=&#8220;{}&#8220;] [\/et_pb_text][\/et_pb_column][\/et_pb_row][et_pb_row admin_label=&#8220;Row&#8220; _builder_version=&#8220;4.16&#8243; background_size=&#8220;initial&#8220; background_position=&#8220;top_left&#8220; background_repeat=&#8220;repeat&#8220; global_colors_info=&#8220;{}&#8220;][et_pb_column type=&#8220;4_4&#8243; _builder_version=&#8220;4.16&#8243; custom_padding=&#8220;|||&#8220; global_colors_info=&#8220;{}&#8220; custom_padding__hover=&#8220;|||&#8220;][et_pb_pricing_tables header_background_color=&#8220;#dd3333&#8243; bullet_color=&#8220;#5e5e5e&#8220; admin_label=&#8220;Pricing Tables&#8220; _builder_version=&#8220;4.16&#8243; price_font=&#8220;Arvo||||&#8220; price_font_size=&#8220;24&#8243; border_width_all=&#8220;0px&#8220; border_color_all=&#8220;#dd3333&#8243; border_style_all=&#8220;solid&#8220; use_border_color=&#8220;on&#8220; border_color=&#8220;#dd3333&#8243; border_style=&#8220;solid&#8220; remove_featured_drop_shadow=&#8220;off&#8220; button_border_radius_hover=&#8220;3&#8243; button_letter_spacing_hover=&#8220;0&#8243; center_list_items=&#8220;off&#8220; global_colors_info=&#8220;{}&#8220; button_text_size__hover_enabled=&#8220;off&#8220; button_one_text_size__hover_enabled=&#8220;off&#8220; button_two_text_size__hover_enabled=&#8220;off&#8220; button_text_color__hover_enabled=&#8220;off&#8220; button_one_text_color__hover_enabled=&#8220;off&#8220; button_two_text_color__hover_enabled=&#8220;off&#8220; button_border_width__hover_enabled=&#8220;off&#8220; button_one_border_width__hover_enabled=&#8220;off&#8220; button_two_border_width__hover_enabled=&#8220;off&#8220; button_border_color__hover_enabled=&#8220;off&#8220; button_one_border_color__hover_enabled=&#8220;off&#8220; button_two_border_color__hover_enabled=&#8220;off&#8220; button_border_radius__hover_enabled=&#8220;on&#8220; button_border_radius__hover=&#8220;3&#8243; button_one_border_radius__hover_enabled=&#8220;off&#8220; button_two_border_radius__hover_enabled=&#8220;off&#8220; button_letter_spacing__hover_enabled=&#8220;on&#8220; button_letter_spacing__hover=&#8220;0&#8243; button_one_letter_spacing__hover_enabled=&#8220;off&#8220; button_two_letter_spacing__hover_enabled=&#8220;off&#8220; button_bg_color__hover_enabled=&#8220;off&#8220; button_one_bg_color__hover_enabled=&#8220;off&#8220; button_two_bg_color__hover_enabled=&#8220;off&#8220;][et_pb_pricing_table title=&#8220;20&#215;40 m Dressur Arena&#8220; currency=&#8220;\u20ac&#8220; per=&#8220;st. ohne MwSt.&#8220; sum=&#8220;1770&#8243; _builder_version=&#8220;4.16&#8243; header_font=&#8220;Arvo||||&#8220; header_font_size=&#8220;16&#8243; currency_frequency_text_color=&#8220;#606060&#8243; currency_frequency_font_size=&#8220;14&#8243; button_icon_placement=&#8220;right&#8220; button_on_hover=&#8220;on&#8220; global_colors_info=&#8220;{}&#8220; button_text_size__hover_enabled=&#8220;off&#8220; button_one_text_size__hover_enabled=&#8220;off&#8220; button_two_text_size__hover_enabled=&#8220;off&#8220; button_text_color__hover_enabled=&#8220;off&#8220; button_one_text_color__hover_enabled=&#8220;off&#8220; button_two_text_color__hover_enabled=&#8220;off&#8220; button_border_width__hover_enabled=&#8220;off&#8220; button_one_border_width__hover_enabled=&#8220;off&#8220; button_two_border_width__hover_enabled=&#8220;off&#8220; button_border_color__hover_enabled=&#8220;off&#8220; button_one_border_color__hover_enabled=&#8220;off&#8220; button_two_border_color__hover_enabled=&#8220;off&#8220; button_border_radius__hover_enabled=&#8220;off&#8220; button_one_border_radius__hover_enabled=&#8220;off&#8220; button_two_border_radius__hover_enabled=&#8220;off&#8220; button_letter_spacing__hover_enabled=&#8220;off&#8220; button_one_letter_spacing__hover_enabled=&#8220;off&#8220; button_two_letter_spacing__hover_enabled=&#8220;off&#8220; button_bg_color__hover_enabled=&#8220;off&#8220; button_one_bg_color__hover_enabled=&#8220;off&#8220; button_two_bg_color__hover_enabled=&#8220;off&#8220; sticky_transition=&#8220;on&#8220;]<\/p>\n<p>30 Bretter\u00a04 meter<\/p>\n<p>26 Linienkegel<\/p>\n<p>4\u00a0Eckkegel<\/p>\n<p>[\/et_pb_pricing_table][et_pb_pricing_table featured=&#8220;on&#8220; title=&#8220;20&#215;60 m Dressur Arena&#8220; subtitle=&#8220;Standard Satz&#8220; currency=&#8220;\u20ac&#8220; per=&#8220;st. Ohne MwSt.&#8220; sum=&#8220;2.350&#8243; _builder_version=&#8220;4.16&#8243; header_font=&#8220;Arvo||||&#8220; header_font_size=&#8220;16&#8243; subheader_font_size=&#8220;12&#8243; currency_frequency_text_color=&#8220;#606060&#8243; currency_frequency_font_size=&#8220;14&#8243; button_icon_placement=&#8220;right&#8220; button_on_hover=&#8220;on&#8220; global_colors_info=&#8220;{}&#8220; button_text_size__hover_enabled=&#8220;off&#8220; button_one_text_size__hover_enabled=&#8220;off&#8220; button_two_text_size__hover_enabled=&#8220;off&#8220; button_text_color__hover_enabled=&#8220;off&#8220; button_one_text_color__hover_enabled=&#8220;off&#8220; button_two_text_color__hover_enabled=&#8220;off&#8220; button_border_width__hover_enabled=&#8220;off&#8220; button_one_border_width__hover_enabled=&#8220;off&#8220; button_two_border_width__hover_enabled=&#8220;off&#8220; button_border_color__hover_enabled=&#8220;off&#8220; button_one_border_color__hover_enabled=&#8220;off&#8220; button_two_border_color__hover_enabled=&#8220;off&#8220; button_border_radius__hover_enabled=&#8220;off&#8220; button_one_border_radius__hover_enabled=&#8220;off&#8220; button_two_border_radius__hover_enabled=&#8220;off&#8220; button_letter_spacing__hover_enabled=&#8220;off&#8220; button_one_letter_spacing__hover_enabled=&#8220;off&#8220; button_two_letter_spacing__hover_enabled=&#8220;off&#8220; button_bg_color__hover_enabled=&#8220;off&#8220; button_one_bg_color__hover_enabled=&#8220;off&#8220; button_two_bg_color__hover_enabled=&#8220;off&#8220; sticky_transition=&#8220;on&#8220;]<\/p>\n<p>40 Bretter\u00a04 meter<\/p>\n<p>36\u00a0Linienkegel<\/p>\n<p>4\u00a0Eckkegel<\/p>\n<p>[\/et_pb_pricing_table][et_pb_pricing_table title=&#8220;40&#215;80 m Dressur Arena&#8220; currency=&#8220;\u20ac &#8220; per=&#8220;st. ohne MwSt.&#8220; sum=&#8220;3550,00&#8243; _builder_version=&#8220;4.16&#8243; header_font=&#8220;Arvo||||&#8220; header_font_size=&#8220;16&#8243; currency_frequency_text_color=&#8220;#606060&#8243; currency_frequency_font_size=&#8220;14&#8243; button_icon_placement=&#8220;right&#8220; button_on_hover=&#8220;on&#8220; global_colors_info=&#8220;{}&#8220; button_text_size__hover_enabled=&#8220;off&#8220; button_one_text_size__hover_enabled=&#8220;off&#8220; button_two_text_size__hover_enabled=&#8220;off&#8220; button_text_color__hover_enabled=&#8220;off&#8220; button_one_text_color__hover_enabled=&#8220;off&#8220; button_two_text_color__hover_enabled=&#8220;off&#8220; button_border_width__hover_enabled=&#8220;off&#8220; button_one_border_width__hover_enabled=&#8220;off&#8220; button_two_border_width__hover_enabled=&#8220;off&#8220; button_border_color__hover_enabled=&#8220;off&#8220; button_one_border_color__hover_enabled=&#8220;off&#8220; button_two_border_color__hover_enabled=&#8220;off&#8220; button_border_radius__hover_enabled=&#8220;off&#8220; button_one_border_radius__hover_enabled=&#8220;off&#8220; button_two_border_radius__hover_enabled=&#8220;off&#8220; button_letter_spacing__hover_enabled=&#8220;off&#8220; button_one_letter_spacing__hover_enabled=&#8220;off&#8220; button_two_letter_spacing__hover_enabled=&#8220;off&#8220; button_bg_color__hover_enabled=&#8220;off&#8220; button_one_bg_color__hover_enabled=&#8220;off&#8220; button_two_bg_color__hover_enabled=&#8220;off&#8220; sticky_transition=&#8220;on&#8220;]<\/p>\n<p>60 Bretter\u00a04 meter<\/p>\n<p>56\u00a0Linienkegel<\/p>\n<p>4\u00a0Eckkegel<\/p>\n<p>[\/et_pb_pricing_table][et_pb_pricing_table title=&#8220;40&#215;100 m Dressur Arena&#8220; currency=&#8220;\u20ac&#8220; per=&#8220;st. Ohne MwSt.&#8220; sum=&#8220; 4100,00&#8243; _builder_version=&#8220;4.16&#8243; header_font=&#8220;Arvo||||&#8220; header_font_size=&#8220;16&#8243; currency_frequency_text_color=&#8220;#606060&#8243; currency_frequency_font_size=&#8220;14&#8243; button_icon_placement=&#8220;right&#8220; button_on_hover=&#8220;on&#8220; global_colors_info=&#8220;{}&#8220; button_text_size__hover_enabled=&#8220;off&#8220; button_one_text_size__hover_enabled=&#8220;off&#8220; button_two_text_size__hover_enabled=&#8220;off&#8220; button_text_color__hover_enabled=&#8220;off&#8220; button_one_text_color__hover_enabled=&#8220;off&#8220; button_two_text_color__hover_enabled=&#8220;off&#8220; button_border_width__hover_enabled=&#8220;off&#8220; button_one_border_width__hover_enabled=&#8220;off&#8220; button_two_border_width__hover_enabled=&#8220;off&#8220; button_border_color__hover_enabled=&#8220;off&#8220; button_one_border_color__hover_enabled=&#8220;off&#8220; button_two_border_color__hover_enabled=&#8220;off&#8220; button_border_radius__hover_enabled=&#8220;off&#8220; button_one_border_radius__hover_enabled=&#8220;off&#8220; button_two_border_radius__hover_enabled=&#8220;off&#8220; button_letter_spacing__hover_enabled=&#8220;off&#8220; button_one_letter_spacing__hover_enabled=&#8220;off&#8220; button_two_letter_spacing__hover_enabled=&#8220;off&#8220; button_bg_color__hover_enabled=&#8220;off&#8220; button_one_bg_color__hover_enabled=&#8220;off&#8220; button_two_bg_color__hover_enabled=&#8220;off&#8220; sticky_transition=&#8220;on&#8220;]<\/p>\n<p>70 Bretter\u00a04 meter<\/p>\n<p>66\u00a0Linienkegel<\/p>\n<p>4\u00a0Eckkegel<\/p>\n<p>[\/et_pb_pricing_table][\/et_pb_pricing_tables][et_pb_cta button_url=&#8220;https:\/\/heritage-products.nl\/de\/angebot-anfragen.html&#8220; button_text=&#8220;Angebot anfragen&#8220; admin_label=&#8220;Call To Action&#8220; _builder_version=&#8220;4.16&#8243; use_background_color=&#8220;off&#8220; background_size=&#8220;initial&#8220; background_position=&#8220;top_left&#8220; background_repeat=&#8220;repeat&#8220; text_orientation=&#8220;left&#8220; background_layout=&#8220;light&#8220; use_border_color=&#8220;off&#8220; border_color=&#8220;#ffffff&#8220; border_style=&#8220;solid&#8220; button_border_radius_hover=&#8220;3&#8243; button_letter_spacing_hover=&#8220;0&#8243; global_colors_info=&#8220;{}&#8220; button_text_size__hover_enabled=&#8220;off&#8220; button_one_text_size__hover_enabled=&#8220;off&#8220; button_two_text_size__hover_enabled=&#8220;off&#8220; button_text_color__hover_enabled=&#8220;off&#8220; button_one_text_color__hover_enabled=&#8220;off&#8220; button_two_text_color__hover_enabled=&#8220;off&#8220; button_border_width__hover_enabled=&#8220;off&#8220; button_one_border_width__hover_enabled=&#8220;off&#8220; button_two_border_width__hover_enabled=&#8220;off&#8220; button_border_color__hover_enabled=&#8220;off&#8220; button_one_border_color__hover_enabled=&#8220;off&#8220; button_two_border_color__hover_enabled=&#8220;off&#8220; button_border_radius__hover_enabled=&#8220;on&#8220; button_border_radius__hover=&#8220;3&#8243; button_one_border_radius__hover_enabled=&#8220;off&#8220; button_two_border_radius__hover_enabled=&#8220;off&#8220; button_letter_spacing__hover_enabled=&#8220;on&#8220; button_letter_spacing__hover=&#8220;0&#8243; button_one_letter_spacing__hover_enabled=&#8220;off&#8220; button_two_letter_spacing__hover_enabled=&#8220;off&#8220; button_bg_color__hover_enabled=&#8220;off&#8220; button_one_bg_color__hover_enabled=&#8220;off&#8220; button_two_bg_color__hover_enabled=&#8220;off&#8220;]<\/p>\n<p>Sie k\u00f6nnen auch eine custom satz zusammen stellen. Dabei k\u00f6nnen die verschiedene Teilen auch lose bestelt werden. Informieren Sie f\u00fcr die M\u00f6gelichkeiten.<\/p>\n<p>[\/et_pb_cta][\/et_pb_column][\/et_pb_row][\/et_pb_section]<\/p>\n","protected":false},"excerpt":{"rendered":"<p>Die Dressurviereck von Heritage Products ist wartungsfreundlich und langlebig. Darbei seht die Arena auch sehr sch\u00f6n aus. Die Arena besteht aus Kegel und Bretter. Die Kegel werden auf dem Bodem gesetzt und die Bretter k\u00f6nnen durch die Locher im Kegel geschoben werden. So ist die Arena schnell und einfach ab zu bauen. Die Kegel k\u00f6nnen [&hellip;]<\/p>\n","protected":false},"author":1,"featured_media":0,"parent":886,"menu_order":0,"comment_status":"closed","ping_status":"closed","template":"","meta":{"_acf_changed":false,"_et_pb_use_builder":"on","_et_pb_old_content":"","_et_gb_content_width":"","footnotes":""},"class_list":["post-891","page","type-page","status-publish","hentry"],"acf":[],"yoast_head":"<!-- This site is optimized with the Yoast SEO plugin v26.4 - https:\/\/yoast.com\/wordpress\/plugins\/seo\/ -->\n<title>Kegel Arena - Heritage Products<\/title>\n<meta name=\"robots\" content=\"index, follow, max-snippet:-1, max-image-preview:large, max-video-preview:-1\" \/>\n<link rel=\"canonical\" href=\"https:\/\/heritage-products.nl\/de\/dressur\/kegelpiste.html\" \/>\n<meta property=\"og:locale\" content=\"de_DE\" \/>\n<meta property=\"og:type\" content=\"article\" \/>\n<meta property=\"og:title\" content=\"Kegel Arena - Heritage Products\" \/>\n<meta property=\"og:description\" content=\"Die Dressurviereck von Heritage Products ist wartungsfreundlich und langlebig. Darbei seht die Arena auch sehr sch\u00f6n aus. Die Arena besteht aus Kegel und Bretter. Die Kegel werden auf dem Bodem gesetzt und die Bretter k\u00f6nnen durch die Locher im Kegel geschoben werden. So ist die Arena schnell und einfach ab zu bauen. Die Kegel k\u00f6nnen [&hellip;]\" \/>\n<meta property=\"og:url\" content=\"https:\/\/heritage-products.nl\/de\/dressur\/kegelpiste.html\" \/>\n<meta property=\"og:site_name\" content=\"Heritage Products\" \/>\n<meta property=\"article:modified_time\" content=\"2024-02-14T09:30:52+00:00\" \/>\n<meta name=\"twitter:card\" content=\"summary_large_image\" \/>\n<meta name=\"twitter:label1\" content=\"Est. reading time\" \/>\n\t<meta name=\"twitter:data1\" content=\"3 Minuten\" \/>\n<script type=\"application\/ld+json\" class=\"yoast-schema-graph\">{\"@context\":\"https:\/\/schema.org\",\"@graph\":[{\"@type\":\"WebPage\",\"@id\":\"https:\/\/heritage-products.nl\/de\/dressur\/kegelpiste.html\",\"url\":\"https:\/\/heritage-products.nl\/de\/dressur\/kegelpiste.html\",\"name\":\"Kegel Arena - Heritage Products\",\"isPartOf\":{\"@id\":\"https:\/\/heritage-products.nl\/#website\"},\"datePublished\":\"2015-09-29T09:18:00+00:00\",\"dateModified\":\"2024-02-14T09:30:52+00:00\",\"breadcrumb\":{\"@id\":\"https:\/\/heritage-products.nl\/de\/dressur\/kegelpiste.html#breadcrumb\"},\"inLanguage\":\"de-DE\",\"potentialAction\":[{\"@type\":\"ReadAction\",\"target\":[\"https:\/\/heritage-products.nl\/de\/dressur\/kegelpiste.html\"]}]},{\"@type\":\"BreadcrumbList\",\"@id\":\"https:\/\/heritage-products.nl\/de\/dressur\/kegelpiste.html#breadcrumb\",\"itemListElement\":[{\"@type\":\"ListItem\",\"position\":1,\"name\":\"Home\",\"item\":\"https:\/\/heritage-products.nl\/de\"},{\"@type\":\"ListItem\",\"position\":2,\"name\":\"Dressur\",\"item\":\"https:\/\/heritage-products.nl\/de\/dressur.html\"},{\"@type\":\"ListItem\",\"position\":3,\"name\":\"Kegel Arena\"}]},{\"@type\":\"WebSite\",\"@id\":\"https:\/\/heritage-products.nl\/#website\",\"url\":\"https:\/\/heritage-products.nl\/\",\"name\":\"Heritage Products\",\"description\":\"\",\"potentialAction\":[{\"@type\":\"SearchAction\",\"target\":{\"@type\":\"EntryPoint\",\"urlTemplate\":\"https:\/\/heritage-products.nl\/?s={search_term_string}\"},\"query-input\":{\"@type\":\"PropertyValueSpecification\",\"valueRequired\":true,\"valueName\":\"search_term_string\"}}],\"inLanguage\":\"de-DE\"}]}<\/script>\n<!-- \/ Yoast SEO plugin. -->","yoast_head_json":{"title":"Kegel Arena - Heritage Products","robots":{"index":"index","follow":"follow","max-snippet":"max-snippet:-1","max-image-preview":"max-image-preview:large","max-video-preview":"max-video-preview:-1"},"canonical":"https:\/\/heritage-products.nl\/de\/dressur\/kegelpiste.html","og_locale":"de_DE","og_type":"article","og_title":"Kegel Arena - Heritage Products","og_description":"Die Dressurviereck von Heritage Products ist wartungsfreundlich und langlebig. Darbei seht die Arena auch sehr sch\u00f6n aus. Die Arena besteht aus Kegel und Bretter. Die Kegel werden auf dem Bodem gesetzt und die Bretter k\u00f6nnen durch die Locher im Kegel geschoben werden. So ist die Arena schnell und einfach ab zu bauen. Die Kegel k\u00f6nnen [&hellip;]","og_url":"https:\/\/heritage-products.nl\/de\/dressur\/kegelpiste.html","og_site_name":"Heritage Products","article_modified_time":"2024-02-14T09:30:52+00:00","twitter_card":"summary_large_image","twitter_misc":{"Est. reading time":"3 Minuten"},"schema":{"@context":"https:\/\/schema.org","@graph":[{"@type":"WebPage","@id":"https:\/\/heritage-products.nl\/de\/dressur\/kegelpiste.html","url":"https:\/\/heritage-products.nl\/de\/dressur\/kegelpiste.html","name":"Kegel Arena - Heritage Products","isPartOf":{"@id":"https:\/\/heritage-products.nl\/#website"},"datePublished":"2015-09-29T09:18:00+00:00","dateModified":"2024-02-14T09:30:52+00:00","breadcrumb":{"@id":"https:\/\/heritage-products.nl\/de\/dressur\/kegelpiste.html#breadcrumb"},"inLanguage":"de-DE","potentialAction":[{"@type":"ReadAction","target":["https:\/\/heritage-products.nl\/de\/dressur\/kegelpiste.html"]}]},{"@type":"BreadcrumbList","@id":"https:\/\/heritage-products.nl\/de\/dressur\/kegelpiste.html#breadcrumb","itemListElement":[{"@type":"ListItem","position":1,"name":"Home","item":"https:\/\/heritage-products.nl\/de"},{"@type":"ListItem","position":2,"name":"Dressur","item":"https:\/\/heritage-products.nl\/de\/dressur.html"},{"@type":"ListItem","position":3,"name":"Kegel Arena"}]},{"@type":"WebSite","@id":"https:\/\/heritage-products.nl\/#website","url":"https:\/\/heritage-products.nl\/","name":"Heritage Products","description":"","potentialAction":[{"@type":"SearchAction","target":{"@type":"EntryPoint","urlTemplate":"https:\/\/heritage-products.nl\/?s={search_term_string}"},"query-input":{"@type":"PropertyValueSpecification","valueRequired":true,"valueName":"search_term_string"}}],"inLanguage":"de-DE"}]}},"_links":{"self":[{"href":"https:\/\/heritage-products.nl\/de\/wp-json\/wp\/v2\/pages\/891","targetHints":{"allow":["GET"]}}],"collection":[{"href":"https:\/\/heritage-products.nl\/de\/wp-json\/wp\/v2\/pages"}],"about":[{"href":"https:\/\/heritage-products.nl\/de\/wp-json\/wp\/v2\/types\/page"}],"author":[{"embeddable":true,"href":"https:\/\/heritage-products.nl\/de\/wp-json\/wp\/v2\/users\/1"}],"replies":[{"embeddable":true,"href":"https:\/\/heritage-products.nl\/de\/wp-json\/wp\/v2\/comments?post=891"}],"version-history":[{"count":23,"href":"https:\/\/heritage-products.nl\/de\/wp-json\/wp\/v2\/pages\/891\/revisions"}],"predecessor-version":[{"id":5337,"href":"https:\/\/heritage-products.nl\/de\/wp-json\/wp\/v2\/pages\/891\/revisions\/5337"}],"up":[{"embeddable":true,"href":"https:\/\/heritage-products.nl\/de\/wp-json\/wp\/v2\/pages\/886"}],"wp:attachment":[{"href":"https:\/\/heritage-products.nl\/de\/wp-json\/wp\/v2\/media?parent=891"}],"curies":[{"name":"wp","href":"https:\/\/api.w.org\/{rel}","templated":true}]}}