{"id":894,"date":"2015-10-28T12:18:05","date_gmt":"2015-10-28T12:18:05","guid":{"rendered":"https:\/\/heritage-products.nl\/dressuur\/lettersets-accessoires\/?lang=de"},"modified":"2023-05-02T09:28:00","modified_gmt":"2023-05-02T09:28:00","slug":"zubehoer-dressur","status":"publish","type":"page","link":"https:\/\/heritage-products.nl\/de\/dressur\/zubehoer-dressur.html","title":{"rendered":"Buchstabe Satzen &#8211; Zubeh\u00f6r"},"content":{"rendered":"<p>[et_pb_section fb_built=&#8220;1&#8243; admin_label=&#8220;section&#8220; _builder_version=&#8220;4.15&#8243; global_colors_info=&#8220;{}&#8220;][et_pb_row column_structure=&#8220;1_3,1_3,1_3&#8243; admin_label=&#8220;row&#8220; _builder_version=&#8220;4.15&#8243; background_size=&#8220;initial&#8220; background_position=&#8220;top_left&#8220; background_repeat=&#8220;repeat&#8220; global_colors_info=&#8220;{}&#8220;][et_pb_column type=&#8220;1_3&#8243; _builder_version=&#8220;4.15&#8243; custom_padding=&#8220;|||&#8220; global_colors_info=&#8220;{}&#8220; custom_padding__hover=&#8220;|||&#8220;][et_pb_blurb title=&#8220;VDK Buchstabe Kegel&#8220; image=&#8220;https:\/\/heritage-products.nl\/wp-content\/uploads\/2015\/10\/VDK-nieuw-staand.jpg&#8220; image_icon_width=&#8220;none&#8220; admin_label=&#8220;Blurb&#8220; _builder_version=&#8220;4.15&#8243; background_size=&#8220;initial&#8220; background_position=&#8220;top_left&#8220; background_repeat=&#8220;repeat&#8220; use_border_color=&#8220;off&#8220; border_color=&#8220;#ffffff&#8220; border_style=&#8220;solid&#8220; image_max_width=&#8220;none&#8220; global_colors_info=&#8220;{}&#8220;]<\/p>\n<p>Gro\u00dfe Kegel mit 4 Aufkleber,\u00a0H\u00f6he 63cm. Mit runde \u00f6fnung an obenseite. Die Kegel haben speziele und innovative Stackig Supports. So k\u00f6nnen die einfach gesteckt werden und ist das kompact im Lager.<\/p>\n<p>Preis pro St\u00fcck:<\/p>\n<p>\u20ac 49,50 ohne MwSt. (Stickerd)<\/p>\n<p>\u20ac 40,- ohne MwSt. (Stickers mit geliefert)<\/p>\n<p>[\/et_pb_blurb][\/et_pb_column][et_pb_column type=&#8220;1_3&#8243; _builder_version=&#8220;4.15&#8243; custom_padding=&#8220;|||&#8220; global_colors_info=&#8220;{}&#8220; custom_padding__hover=&#8220;|||&#8220;][et_pb_blurb title=&#8220;VPKLK-S Buchstabe Kegel&#8220; image=&#8220;https:\/\/heritage-products.nl\/wp-content\/uploads\/2015\/10\/VPKLK-S-staand.jpg&#8220; image_icon_width=&#8220;none&#8220; admin_label=&#8220;Blurb&#8220; _builder_version=&#8220;4.15&#8243; background_size=&#8220;initial&#8220; background_position=&#8220;top_left&#8220; background_repeat=&#8220;repeat&#8220; use_border_color=&#8220;off&#8220; border_color=&#8220;#ffffff&#8220; border_style=&#8220;solid&#8220; image_max_width=&#8220;none&#8220; global_colors_info=&#8220;{}&#8220;]<\/p>\n<p>VPKLK-S\u00a0Kleine Buchstabespalt auf Kegel.\u00a0Mit Aufkleber an 4 Seiten. Die Kegel k\u00f6nnen separat von S\u00e4ule gelagerd werden.<\/p>\n<p>Preis pro St\u00fcck:<\/p>\n<p>\u20ac 72,50 ohne MwSt.<\/p>\n<p>&nbsp;<\/p>\n<p>[\/et_pb_blurb][\/et_pb_column][et_pb_column type=&#8220;1_3&#8243; _builder_version=&#8220;4.15&#8243; custom_padding=&#8220;|||&#8220; global_colors_info=&#8220;{}&#8220; custom_padding__hover=&#8220;|||&#8220;][et_pb_blurb title=&#8220;VPKLG-S Buchstabe S\u00e4ule&#8220; image=&#8220;https:\/\/heritage-products.nl\/wp-content\/uploads\/2015\/10\/VPKLK-G-Letter-column-staand.jpg&#8220; image_icon_width=&#8220;none&#8220; admin_label=&#8220;Blurb&#8220; _builder_version=&#8220;4.15&#8243; background_size=&#8220;initial&#8220; background_position=&#8220;top_left&#8220; background_repeat=&#8220;repeat&#8220; use_border_color=&#8220;off&#8220; border_color=&#8220;#ffffff&#8220; border_style=&#8220;solid&#8220; image_max_width=&#8220;none&#8220; global_colors_info=&#8220;{}&#8220;]<\/p>\n<p>VPKLG-S\u00a0Buchstabespalt mit Aufkleber an 4 Seites. Diese S\u00e4ule k\u00f6nnen auf dem Boden montiert werden.<\/p>\n<p>Preis pro St\u00fcck:<\/p>\n<p>\u20ac 52,50 ohne MwSt.<\/p>\n<p>&nbsp;<\/p>\n<p>[\/et_pb_blurb][\/et_pb_column][\/et_pb_row][et_pb_row column_structure=&#8220;1_3,2_3&#8243; admin_label=&#8220;Row&#8220; _builder_version=&#8220;4.15&#8243; background_size=&#8220;initial&#8220; background_position=&#8220;top_left&#8220; background_repeat=&#8220;repeat&#8220; global_colors_info=&#8220;{}&#8220;][et_pb_column type=&#8220;1_3&#8243; _builder_version=&#8220;4.15&#8243; custom_padding=&#8220;|||&#8220; global_colors_info=&#8220;{}&#8220; custom_padding__hover=&#8220;|||&#8220;][et_pb_blurb title=&#8220;VDZ Buchstabe Spalt&#8220; image=&#8220;https:\/\/heritage-products.nl\/wp-content\/uploads\/2021\/10\/Letterzuil-2.jpg&#8220; image_icon_width=&#8220;none&#8220; admin_label=&#8220;Blurb&#8220; _builder_version=&#8220;4.15&#8243; background_size=&#8220;initial&#8220; background_position=&#8220;top_left&#8220; background_repeat=&#8220;repeat&#8220; use_border_color=&#8220;off&#8220; border_color=&#8220;#ffffff&#8220; border_style=&#8220;solid&#8220; image_max_width=&#8220;none&#8220; global_colors_info=&#8220;{}&#8220;]<\/p>\n<p>VDZ\u00a0Kleine Buchstabe f\u00fcr auf dem Bretter. Aufkleber an 1 Seite. Die kann Mann schnell aufbauen und ist g\u00fcnstig gepreist<\/p>\n<p>Preis pro St\u00fcck:<\/p>\n<p>\u20ac 14,30 ohne MwSt.<\/p>\n<p>&nbsp;<\/p>\n<p>[\/et_pb_blurb][\/et_pb_column][et_pb_column type=&#8220;2_3&#8243; _builder_version=&#8220;4.15&#8243; custom_padding=&#8220;|||&#8220; global_colors_info=&#8220;{}&#8220; custom_padding__hover=&#8220;|||&#8220;][et_pb_blurb title=&#8220;Dressur Trailer&#8220; image=&#8220;https:\/\/heritage-products.nl\/wp-content\/uploads\/2015\/10\/Dressuur-trailer-indoor-web.jpg&#8220; image_icon_width=&#8220;none&#8220; admin_label=&#8220;Blurb&#8220; _builder_version=&#8220;4.15.0&#8243; background_size=&#8220;initial&#8220; background_position=&#8220;top_left&#8220; background_repeat=&#8220;repeat&#8220; hover_enabled=&#8220;0&#8243; use_border_color=&#8220;off&#8220; border_color=&#8220;#ffffff&#8220; border_style=&#8220;solid&#8220; image_max_width=&#8220;none&#8220; global_colors_info=&#8220;{}&#8220; sticky_enabled=&#8220;0&#8243;]<\/p>\n<p>Heritage Products hast eine neue Trailer f\u00fcr unsere Dressurviereck. Auf die Trailer k\u00f6nnen die Bretter und Kegeln transportiert werden auf eigene gebiet und kan Man einfach und sicher die Arena lagern. Auch kan Man schnel sehen ob das Viereck komplet ist. Standard ist die Trailer f\u00fcr eine 20x60m Arena und VDK Buchstaben.<\/p>\n<p>Die Trailer kostet \u20ac 1.650,- ohne MwSt. pro St\u00fcck (exclusiv Dressur Arena und Buchstaben).<\/p>\n<p>[\/et_pb_blurb][\/et_pb_column][\/et_pb_row][\/et_pb_section]<\/p>\n","protected":false},"excerpt":{"rendered":"<p>Gro\u00dfe Kegel mit 4 Aufkleber,\u00a0H\u00f6he 63cm. Mit runde \u00f6fnung an obenseite. Die Kegel haben speziele und innovative Stackig Supports. So k\u00f6nnen die einfach gesteckt werden und ist das kompact im Lager. Preis pro St\u00fcck: \u20ac 49,50 ohne MwSt. (Stickerd) \u20ac 40,- ohne MwSt. (Stickers mit geliefert)VPKLK-S\u00a0Kleine Buchstabespalt auf Kegel.\u00a0Mit Aufkleber an 4 Seiten. Die Kegel [&hellip;]<\/p>\n","protected":false},"author":2,"featured_media":0,"parent":886,"menu_order":0,"comment_status":"closed","ping_status":"closed","template":"","meta":{"_acf_changed":false,"_et_pb_use_builder":"on","_et_pb_old_content":"","_et_gb_content_width":"","footnotes":""},"class_list":["post-894","page","type-page","status-publish","hentry"],"acf":[],"yoast_head":"<!-- This site is optimized with the Yoast SEO plugin v26.4 - https:\/\/yoast.com\/wordpress\/plugins\/seo\/ -->\n<title>Buchstabe Satzen - Zubeh\u00f6r - Heritage Products<\/title>\n<meta name=\"robots\" content=\"index, follow, max-snippet:-1, max-image-preview:large, max-video-preview:-1\" \/>\n<link rel=\"canonical\" href=\"https:\/\/heritage-products.nl\/de\/dressur\/zubehoer-dressur.html\" \/>\n<meta property=\"og:locale\" content=\"de_DE\" \/>\n<meta property=\"og:type\" content=\"article\" \/>\n<meta property=\"og:title\" content=\"Buchstabe Satzen - Zubeh\u00f6r - Heritage Products\" \/>\n<meta property=\"og:description\" content=\"Gro\u00dfe Kegel mit 4 Aufkleber,\u00a0H\u00f6he 63cm. Mit runde \u00f6fnung an obenseite. Die Kegel haben speziele und innovative Stackig Supports. So k\u00f6nnen die einfach gesteckt werden und ist das kompact im Lager. Preis pro St\u00fcck: \u20ac 49,50 ohne MwSt. (Stickerd) \u20ac 40,- ohne MwSt. (Stickers mit geliefert)VPKLK-S\u00a0Kleine Buchstabespalt auf Kegel.\u00a0Mit Aufkleber an 4 Seiten. Die Kegel [&hellip;]\" \/>\n<meta property=\"og:url\" content=\"https:\/\/heritage-products.nl\/de\/dressur\/zubehoer-dressur.html\" \/>\n<meta property=\"og:site_name\" content=\"Heritage Products\" \/>\n<meta property=\"article:modified_time\" content=\"2023-05-02T09:28:00+00:00\" \/>\n<meta name=\"twitter:card\" content=\"summary_large_image\" \/>\n<meta name=\"twitter:label1\" content=\"Est. reading time\" \/>\n\t<meta name=\"twitter:data1\" content=\"2 Minuten\" \/>\n<script type=\"application\/ld+json\" class=\"yoast-schema-graph\">{\"@context\":\"https:\/\/schema.org\",\"@graph\":[{\"@type\":\"WebPage\",\"@id\":\"https:\/\/heritage-products.nl\/de\/dressur\/zubehoer-dressur.html\",\"url\":\"https:\/\/heritage-products.nl\/de\/dressur\/zubehoer-dressur.html\",\"name\":\"Buchstabe Satzen - Zubeh\u00f6r - Heritage Products\",\"isPartOf\":{\"@id\":\"https:\/\/heritage-products.nl\/#website\"},\"datePublished\":\"2015-10-28T12:18:05+00:00\",\"dateModified\":\"2023-05-02T09:28:00+00:00\",\"breadcrumb\":{\"@id\":\"https:\/\/heritage-products.nl\/de\/dressur\/zubehoer-dressur.html#breadcrumb\"},\"inLanguage\":\"de-DE\",\"potentialAction\":[{\"@type\":\"ReadAction\",\"target\":[\"https:\/\/heritage-products.nl\/de\/dressur\/zubehoer-dressur.html\"]}]},{\"@type\":\"BreadcrumbList\",\"@id\":\"https:\/\/heritage-products.nl\/de\/dressur\/zubehoer-dressur.html#breadcrumb\",\"itemListElement\":[{\"@type\":\"ListItem\",\"position\":1,\"name\":\"Home\",\"item\":\"https:\/\/heritage-products.nl\/de\"},{\"@type\":\"ListItem\",\"position\":2,\"name\":\"Dressur\",\"item\":\"https:\/\/heritage-products.nl\/de\/dressur.html\"},{\"@type\":\"ListItem\",\"position\":3,\"name\":\"Buchstabe Satzen &#8211; Zubeh\u00f6r\"}]},{\"@type\":\"WebSite\",\"@id\":\"https:\/\/heritage-products.nl\/#website\",\"url\":\"https:\/\/heritage-products.nl\/\",\"name\":\"Heritage Products\",\"description\":\"\",\"potentialAction\":[{\"@type\":\"SearchAction\",\"target\":{\"@type\":\"EntryPoint\",\"urlTemplate\":\"https:\/\/heritage-products.nl\/?s={search_term_string}\"},\"query-input\":{\"@type\":\"PropertyValueSpecification\",\"valueRequired\":true,\"valueName\":\"search_term_string\"}}],\"inLanguage\":\"de-DE\"}]}<\/script>\n<!-- \/ Yoast SEO plugin. -->","yoast_head_json":{"title":"Buchstabe Satzen - Zubeh\u00f6r - Heritage Products","robots":{"index":"index","follow":"follow","max-snippet":"max-snippet:-1","max-image-preview":"max-image-preview:large","max-video-preview":"max-video-preview:-1"},"canonical":"https:\/\/heritage-products.nl\/de\/dressur\/zubehoer-dressur.html","og_locale":"de_DE","og_type":"article","og_title":"Buchstabe Satzen - Zubeh\u00f6r - Heritage Products","og_description":"Gro\u00dfe Kegel mit 4 Aufkleber,\u00a0H\u00f6he 63cm. Mit runde \u00f6fnung an obenseite. Die Kegel haben speziele und innovative Stackig Supports. So k\u00f6nnen die einfach gesteckt werden und ist das kompact im Lager. Preis pro St\u00fcck: \u20ac 49,50 ohne MwSt. (Stickerd) \u20ac 40,- ohne MwSt. (Stickers mit geliefert)VPKLK-S\u00a0Kleine Buchstabespalt auf Kegel.\u00a0Mit Aufkleber an 4 Seiten. Die Kegel [&hellip;]","og_url":"https:\/\/heritage-products.nl\/de\/dressur\/zubehoer-dressur.html","og_site_name":"Heritage Products","article_modified_time":"2023-05-02T09:28:00+00:00","twitter_card":"summary_large_image","twitter_misc":{"Est. reading time":"2 Minuten"},"schema":{"@context":"https:\/\/schema.org","@graph":[{"@type":"WebPage","@id":"https:\/\/heritage-products.nl\/de\/dressur\/zubehoer-dressur.html","url":"https:\/\/heritage-products.nl\/de\/dressur\/zubehoer-dressur.html","name":"Buchstabe Satzen - Zubeh\u00f6r - Heritage Products","isPartOf":{"@id":"https:\/\/heritage-products.nl\/#website"},"datePublished":"2015-10-28T12:18:05+00:00","dateModified":"2023-05-02T09:28:00+00:00","breadcrumb":{"@id":"https:\/\/heritage-products.nl\/de\/dressur\/zubehoer-dressur.html#breadcrumb"},"inLanguage":"de-DE","potentialAction":[{"@type":"ReadAction","target":["https:\/\/heritage-products.nl\/de\/dressur\/zubehoer-dressur.html"]}]},{"@type":"BreadcrumbList","@id":"https:\/\/heritage-products.nl\/de\/dressur\/zubehoer-dressur.html#breadcrumb","itemListElement":[{"@type":"ListItem","position":1,"name":"Home","item":"https:\/\/heritage-products.nl\/de"},{"@type":"ListItem","position":2,"name":"Dressur","item":"https:\/\/heritage-products.nl\/de\/dressur.html"},{"@type":"ListItem","position":3,"name":"Buchstabe Satzen &#8211; Zubeh\u00f6r"}]},{"@type":"WebSite","@id":"https:\/\/heritage-products.nl\/#website","url":"https:\/\/heritage-products.nl\/","name":"Heritage Products","description":"","potentialAction":[{"@type":"SearchAction","target":{"@type":"EntryPoint","urlTemplate":"https:\/\/heritage-products.nl\/?s={search_term_string}"},"query-input":{"@type":"PropertyValueSpecification","valueRequired":true,"valueName":"search_term_string"}}],"inLanguage":"de-DE"}]}},"_links":{"self":[{"href":"https:\/\/heritage-products.nl\/de\/wp-json\/wp\/v2\/pages\/894","targetHints":{"allow":["GET"]}}],"collection":[{"href":"https:\/\/heritage-products.nl\/de\/wp-json\/wp\/v2\/pages"}],"about":[{"href":"https:\/\/heritage-products.nl\/de\/wp-json\/wp\/v2\/types\/page"}],"author":[{"embeddable":true,"href":"https:\/\/heritage-products.nl\/de\/wp-json\/wp\/v2\/users\/2"}],"replies":[{"embeddable":true,"href":"https:\/\/heritage-products.nl\/de\/wp-json\/wp\/v2\/comments?post=894"}],"version-history":[{"count":7,"href":"https:\/\/heritage-products.nl\/de\/wp-json\/wp\/v2\/pages\/894\/revisions"}],"predecessor-version":[{"id":4978,"href":"https:\/\/heritage-products.nl\/de\/wp-json\/wp\/v2\/pages\/894\/revisions\/4978"}],"up":[{"embeddable":true,"href":"https:\/\/heritage-products.nl\/de\/wp-json\/wp\/v2\/pages\/886"}],"wp:attachment":[{"href":"https:\/\/heritage-products.nl\/de\/wp-json\/wp\/v2\/media?parent=894"}],"curies":[{"name":"wp","href":"https:\/\/api.w.org\/{rel}","templated":true}]}}