{"id":912,"date":"2015-10-30T09:01:34","date_gmt":"2015-10-30T09:01:34","guid":{"rendered":"https:\/\/heritage-products.nl\/hindernissen\/complete-hindernissen\/?lang=de"},"modified":"2023-05-05T13:56:30","modified_gmt":"2023-05-05T13:56:30","slug":"komplette-hindernisse","status":"publish","type":"page","link":"https:\/\/heritage-products.nl\/de\/hindernissen\/komplette-hindernisse.html","title":{"rendered":"Komplette Hindernisse"},"content":{"rendered":"<p>[et_pb_section fb_built=&#8220;1&#8243; admin_label=&#8220;section&#8220; _builder_version=&#8220;4.15&#8243; global_colors_info=&#8220;{}&#8220;][et_pb_row _builder_version=&#8220;4.15&#8243; _module_preset=&#8220;default&#8220; global_colors_info=&#8220;{}&#8220;][et_pb_column type=&#8220;4_4&#8243; _builder_version=&#8220;4.15&#8243; _module_preset=&#8220;default&#8220; global_colors_info=&#8220;{}&#8220;][et_pb_text _builder_version=&#8220;4.15&#8243; _module_preset=&#8220;default&#8220; global_colors_info=&#8220;{}&#8220;]<\/p>\n<h3>Komplette Hindernisse<\/h3>\n<p>Wir bieten Ihnen die M\u00f6glichkeit, aus einer Reihe von vorgefertigten kompletten Hindernisse auszuw\u00e4hlen.<\/p>\n<p>Alle Hindernisse sind in den Farben wei\u00df \u2013 schwarz \u2013 rot \u2013 blau \u2013 gelb \u2013 gr\u00fcn erh\u00e4ltlich. Standardm\u00e4\u00dfig haben die Hindernisstangen und Planke eib weite von 3 Meter. Die verschiedenen Optionen erm\u00f6glichen es, einen kompletten und abwechslungsreichen Kurs zusammenzustellen. Wir k\u00f6nnen Ihnen dabei helfen, wenn Sie es w\u00fcnschen.<\/p>\n<p>Hast du eine andere Idee oder m\u00f6chtest du dir lieber deine eigenen Hindernisse zusammenstellen? Dies ist auch eine M\u00f6glichkeit!<br \/>Kontaktieren Sie uns gerne unter Tel. +31 (0)485-575920 oder per E-Mail an info@heritage-products.nl.<\/p>\n<p>Wir denken gerne mit!<\/p>\n<p>[\/et_pb_text][\/et_pb_column][\/et_pb_row][et_pb_row column_structure=&#8220;1_3,1_3,1_3&#8243; admin_label=&#8220;Row&#8220; _builder_version=&#8220;4.15&#8243; background_size=&#8220;initial&#8220; background_position=&#8220;top_left&#8220; background_repeat=&#8220;repeat&#8220; global_colors_info=&#8220;{}&#8220;][et_pb_column type=&#8220;1_3&#8243; _builder_version=&#8220;4.15&#8243; custom_padding=&#8220;|||&#8220; global_colors_info=&#8220;{}&#8220; custom_padding__hover=&#8220;|||&#8220;][et_pb_blurb title=&#8220;Steilsprung mit 3 oder 4 Stangen&#8220; image=&#8220;https:\/\/heritage-products.nl\/wp-content\/uploads\/2022\/03\/Naamloos5.png&#8220; image_icon_width=&#8220;none&#8220; admin_label=&#8220;Blurb&#8220; _builder_version=&#8220;4.15.0&#8243; background_size=&#8220;initial&#8220; background_position=&#8220;top_left&#8220; background_repeat=&#8220;repeat&#8220; use_border_color=&#8220;off&#8220; border_color=&#8220;#ffffff&#8220; border_style=&#8220;solid&#8220; image_max_width=&#8220;none&#8220; global_colors_info=&#8220;{}&#8220;]<\/p>\n<p class=\"et_pb_module_header\">Steilsprung mit 2 Viereckige St\u00e4nder 150 cm hoch und 3 oder 4 Stangen von 3 Meter. Sie k\u00f6nnen selbst die Farben w\u00e4hlen aus: Weiss \u2013 Schwarz \u2013 Rot \u2013 Blau \u2013 Gelb \u2013 Gr\u00fcn<\/p>\n<div class=\"et_pb_blurb_description\">\n<p>&nbsp;<\/p>\n<p><strong>3 stangen:\u00a0\u20ac 324,31 ohne MwSt.<br \/>4 stangen: \u20ac375,76 ohne MwSt.\u00a0<\/strong><\/p>\n<\/div>\n<p>[\/et_pb_blurb][\/et_pb_column][et_pb_column type=&#8220;1_3&#8243; _builder_version=&#8220;4.15&#8243; custom_padding=&#8220;|||&#8220; global_colors_info=&#8220;{}&#8220; custom_padding__hover=&#8220;|||&#8220;][et_pb_blurb title=&#8220;Steilsprung mit 4 Stangen&#8220; image=&#8220;https:\/\/heritage-products.nl\/wp-content\/uploads\/2022\/01\/MG_9294-2017.gif&#8220; image_icon_width=&#8220;none&#8220; admin_label=&#8220;Blurb&#8220; _builder_version=&#8220;4.15.0&#8243; background_size=&#8220;initial&#8220; background_position=&#8220;top_left&#8220; background_repeat=&#8220;repeat&#8220; hover_enabled=&#8220;0&#8243; use_border_color=&#8220;off&#8220; border_color=&#8220;#ffffff&#8220; border_style=&#8220;solid&#8220; image_max_width=&#8220;none&#8220; global_colors_info=&#8220;{}&#8220; sticky_enabled=&#8220;0&#8243;]<\/p>\n<p class=\"et_pb_module_header\">Steilsprung mit 2 Viereckige St\u00e4nder 150 cm hoch und 4 Stangen von 3 Meter. Sie k\u00f6nnen selbst die Farben w\u00e4hlen aus: Weiss \u2013 Schwarz \u2013 Rot \u2013 Blau \u2013 Gelb \u2013 Gr\u00fcn<\/p>\n<div class=\"et_pb_blurb_description\">\n<p><strong>\u20ac 495,80 ohne MwSt.<\/strong><\/p>\n<\/div>\n<p>[\/et_pb_blurb][\/et_pb_column][et_pb_column type=&#8220;1_3&#8243; _builder_version=&#8220;4.15&#8243; custom_padding=&#8220;|||&#8220; global_colors_info=&#8220;{}&#8220; custom_padding__hover=&#8220;|||&#8220;][et_pb_blurb title=&#8220;Steilsprung mit kleine Fangst\u00e4nder und ein Planke&#8220; image=&#8220;https:\/\/heritage-products.nl\/wp-content\/uploads\/2022\/01\/Witte-plank.jpg&#8220; image_icon_width=&#8220;none&#8220; admin_label=&#8220;Blurb&#8220; _builder_version=&#8220;4.15&#8243; background_size=&#8220;initial&#8220; background_position=&#8220;top_left&#8220; background_repeat=&#8220;repeat&#8220; use_border_color=&#8220;off&#8220; border_color=&#8220;#ffffff&#8220; border_style=&#8220;solid&#8220; image_max_width=&#8220;none&#8220; global_colors_info=&#8220;{}&#8220;]<\/p>\n<p class=\"et_pb_module_header\">Steilsprung mit 2 Fangst\u00e4nder 50cm breitte und 150 cm hoch. Darbei 3 Stangen von 3 Meter und eine Planke. Sie k\u00f6nnen selbst die Farben w\u00e4hlen aus: Weiss \u2013 Schwarz \u2013 Rot \u2013 Blau \u2013 Gelb \u2013 Gr\u00fcn \u2013 Magenta<\/p>\n<div class=\"et_pb_blurb_description\">\n<p><strong>\u20ac 543,23 ohne MwSt.<\/strong><\/p>\n<\/div>\n<p>[\/et_pb_blurb][\/et_pb_column][\/et_pb_row][et_pb_row column_structure=&#8220;1_3,1_3,1_3&#8243; admin_label=&#8220;Row&#8220; _builder_version=&#8220;4.15&#8243; background_size=&#8220;initial&#8220; background_position=&#8220;top_left&#8220; background_repeat=&#8220;repeat&#8220; global_colors_info=&#8220;{}&#8220;][et_pb_column type=&#8220;1_3&#8243; _builder_version=&#8220;4.15&#8243; custom_padding=&#8220;|||&#8220; global_colors_info=&#8220;{}&#8220; custom_padding__hover=&#8220;|||&#8220;][et_pb_blurb title=&#8220;Steilsprung mit Untersteller&#8220; image=&#8220;https:\/\/heritage-products.nl\/wp-content\/uploads\/2022\/01\/onder-hek144cm-4-balken.jpg&#8220; image_icon_width=&#8220;none&#8220; admin_label=&#8220;Blurb&#8220; _builder_version=&#8220;4.15.0&#8243; background_size=&#8220;initial&#8220; background_position=&#8220;top_left&#8220; background_repeat=&#8220;repeat&#8220; use_border_color=&#8220;off&#8220; border_color=&#8220;#ffffff&#8220; border_style=&#8220;solid&#8220; image_max_width=&#8220;none&#8220; global_colors_info=&#8220;{}&#8220;]<\/p>\n<p class=\"et_pb_module_header\">Steilsprung mit 2 Fangst\u00e4nder 50cm breitte und 150 cm hoch. Darbei 3 Stangen von 3 Meter und 2 Untersteller von 144cm breitte. Sie k\u00f6nnen selbst die Farben w\u00e4hlen aus: Weiss \u2013 Schwarz \u2013 Rot \u2013 Blau \u2013 Gelb \u2013 Gr\u00fcn \u2013 Magenta<\/p>\n<div class=\"et_pb_blurb_description\">\n<p><span style=\"color: #000000;\"><strong>\u20ac 695,52 ohne MwSt.<\/strong><\/span><\/p>\n<\/div>\n<p>[\/et_pb_blurb][\/et_pb_column][et_pb_column type=&#8220;1_3&#8243; _builder_version=&#8220;4.15&#8243; custom_padding=&#8220;|||&#8220; global_colors_info=&#8220;{}&#8220; custom_padding__hover=&#8220;|||&#8220;][et_pb_blurb title=&#8220;Steilsprung mit kleine Untersteller&#8220; image=&#8220;https:\/\/heritage-products.nl\/wp-content\/uploads\/2021\/11\/DSC1169-scaled.jpg&#8220; image_icon_width=&#8220;none&#8220; admin_label=&#8220;Blurb&#8220; _builder_version=&#8220;4.15.0&#8243; background_size=&#8220;initial&#8220; background_position=&#8220;top_left&#8220; background_repeat=&#8220;repeat&#8220; use_border_color=&#8220;off&#8220; border_color=&#8220;#ffffff&#8220; border_style=&#8220;solid&#8220; image_max_width=&#8220;none&#8220; global_colors_info=&#8220;{}&#8220;]<\/p>\n<p>Steilsprung Premium mit 2 kleine Fangst\u00e4nder von 150cm hoch und 50cm weit. Dabei 3 dreifarbige stangen und 2 kleine Untersteller von 95cm weit.<\/p>\n<p><span style=\"color: #333333;\"><strong> \u20ac 670,89 ohne MwSt.\u00a0<\/strong><\/span><\/p>\n<p>[\/et_pb_blurb][\/et_pb_column][et_pb_column type=&#8220;1_3&#8243; _builder_version=&#8220;4.15&#8243; custom_padding=&#8220;|||&#8220; global_colors_info=&#8220;{}&#8220; custom_padding__hover=&#8220;|||&#8220;][et_pb_blurb title=&#8220;Oxer mit Premium fangst\u00e4nder&#8220; image=&#8220;https:\/\/heritage-products.nl\/wp-content\/uploads\/2021\/11\/DSC1167-scaled.jpg&#8220; image_icon_width=&#8220;none&#8220; admin_label=&#8220;Blurb&#8220; _builder_version=&#8220;4.15&#8243; background_size=&#8220;initial&#8220; background_position=&#8220;top_left&#8220; background_repeat=&#8220;repeat&#8220; use_border_color=&#8220;off&#8220; border_color=&#8220;#ffffff&#8220; border_style=&#8220;solid&#8220; image_max_width=&#8220;none&#8220; global_colors_info=&#8220;{}&#8220;]<\/p>\n<p>Oxer mit 4 premium fangst\u00e4nder von 150cm hoch und 50cm weit. Dabei 5 zweifarbige stangen.\u00a0<\/p>\n<p><span style=\"color: #333333;\"><strong>\u20ac 975,67 ohne MwSt.\u00a0<\/strong><\/span><\/p>\n<p>&nbsp;<\/p>\n<p>[\/et_pb_blurb][\/et_pb_column][\/et_pb_row][et_pb_row column_structure=&#8220;1_3,1_3,1_3&#8243; admin_label=&#8220;Row&#8220; _builder_version=&#8220;4.15&#8243; background_size=&#8220;initial&#8220; background_position=&#8220;top_left&#8220; background_repeat=&#8220;repeat&#8220; global_colors_info=&#8220;{}&#8220;][et_pb_column type=&#8220;1_3&#8243; _builder_version=&#8220;4.15&#8243; custom_padding=&#8220;|||&#8220; global_colors_info=&#8220;{}&#8220; custom_padding__hover=&#8220;|||&#8220;][et_pb_blurb title=&#8220;Steilsprung Hundepfote&#8220; image=&#8220;https:\/\/heritage-products.nl\/wp-content\/uploads\/2021\/11\/DSC1182-scaled.jpg&#8220; image_icon_width=&#8220;none&#8220; admin_label=&#8220;Blurb&#8220; _builder_version=&#8220;4.15.0&#8243; background_size=&#8220;initial&#8220; background_position=&#8220;top_left&#8220; background_repeat=&#8220;repeat&#8220; use_border_color=&#8220;off&#8220; border_color=&#8220;#ffffff&#8220; border_style=&#8220;solid&#8220; image_max_width=&#8220;none&#8220; global_colors_info=&#8220;{}&#8220;]<\/p>\n<p>Steilsprung mit 2 Hundepfoten fangst\u00e4nder von 180cm hoch und 60cm weit. Dabei 5 dreifarbige stangen von 3 Meter<\/p>\n<p><span style=\"color: #333333;\"><strong>\u20ac 707,25 ohne MwSt.\u00a0\u00a0<\/strong><\/span><\/p>\n<pre class=\"tw-data-text tw-text-large tw-ta\" data-placeholder=\"Vertaling\" id=\"tw-target-text\" dir=\"ltr\"><span class=\"Y2IQFc\" lang=\"de\"><\/span><\/pre>\n<p>&nbsp;<\/p>\n<p>[\/et_pb_blurb][\/et_pb_column][et_pb_column type=&#8220;1_3&#8243; _builder_version=&#8220;4.15&#8243; custom_padding=&#8220;|||&#8220; global_colors_info=&#8220;{}&#8220; custom_padding__hover=&#8220;|||&#8220;][et_pb_blurb title=&#8220;Steilsprung Sail &#8220; image=&#8220;https:\/\/heritage-products.nl\/wp-content\/uploads\/2021\/11\/DSC1195-scaled.jpg&#8220; image_icon_width=&#8220;none&#8220; admin_label=&#8220;Blurb&#8220; _builder_version=&#8220;4.15&#8243; background_size=&#8220;initial&#8220; background_position=&#8220;top_left&#8220; background_repeat=&#8220;repeat&#8220; use_border_color=&#8220;off&#8220; border_color=&#8220;#ffffff&#8220; border_style=&#8220;solid&#8220; image_max_width=&#8220;none&#8220; global_colors_info=&#8220;{}&#8220;]<\/p>\n<p>Steilsprung mit 2 Sail fangst\u00e4nder von 180cm hoch und 60cm weit. Dabei 4 zweifarbige stangen von 3 Meter.<\/p>\n<p><span style=\"color: #333333;\"><strong>\u20ac 648,04 ohne MwSt.\u00a0<\/strong><\/span><\/p>\n<p>[\/et_pb_blurb][\/et_pb_column][et_pb_column type=&#8220;1_3&#8243; _builder_version=&#8220;4.15&#8243; custom_padding=&#8220;|||&#8220; global_colors_info=&#8220;{}&#8220; custom_padding__hover=&#8220;|||&#8220;][et_pb_blurb title=&#8220;Steilsprung Swirl&#8220; image=&#8220;https:\/\/heritage-products.nl\/wp-content\/uploads\/2021\/11\/DSC1174-scaled.jpg&#8220; image_icon_width=&#8220;none&#8220; admin_label=&#8220;Blurb&#8220; _builder_version=&#8220;4.15&#8243; background_size=&#8220;initial&#8220; background_position=&#8220;top_left&#8220; background_repeat=&#8220;repeat&#8220; use_border_color=&#8220;off&#8220; border_color=&#8220;#ffffff&#8220; border_style=&#8220;solid&#8220; image_max_width=&#8220;none&#8220; global_colors_info=&#8220;{}&#8220;]<\/p>\n<p>Steilsprung mit 2 Swirl fangst\u00e4nder von 180cm hoch und 60cm weit. Dabei 4 zweifarbige stangen von 3 Meter<\/p>\n<p><span style=\"color: #333333;\"><strong>\u20ac 707,25 ohne MwSt.\u00a0<\/strong><\/span><\/p>\n<p>&nbsp;<\/p>\n<p>[\/et_pb_blurb][\/et_pb_column][\/et_pb_row][et_pb_row column_structure=&#8220;1_3,1_3,1_3&#8243; admin_label=&#8220;Row&#8220; _builder_version=&#8220;4.15&#8243; background_size=&#8220;initial&#8220; background_position=&#8220;top_left&#8220; background_repeat=&#8220;repeat&#8220; global_colors_info=&#8220;{}&#8220;][et_pb_column type=&#8220;1_3&#8243; _builder_version=&#8220;4.15&#8243; custom_padding=&#8220;|||&#8220; global_colors_info=&#8220;{}&#8220; custom_padding__hover=&#8220;|||&#8220;][et_pb_blurb title=&#8220;Steilsprung Dre mit planke&#8220; image=&#8220;https:\/\/heritage-products.nl\/wp-content\/uploads\/2021\/11\/DSC1165-scaled.jpg&#8220; image_icon_width=&#8220;none&#8220; admin_label=&#8220;Blurb&#8220; _builder_version=&#8220;4.15&#8243; background_size=&#8220;initial&#8220; background_position=&#8220;top_left&#8220; background_repeat=&#8220;repeat&#8220; use_border_color=&#8220;off&#8220; border_color=&#8220;#ffffff&#8220; border_style=&#8220;solid&#8220; image_max_width=&#8220;none&#8220; global_colors_info=&#8220;{}&#8220;]<\/p>\n<p>Steilsprung mit 2 Dre Fangst\u00e4nder von 18ocm hoch und 60 weit. Dabei 4 zweifarbige stangen und ein Kunststoff Planke von 20cm hoch.\u00a0\u00a0<\/p>\n<p><span style=\"color: #333333;\"><strong>\u20ac 754,68 ohne MwSt.\u00a0<\/strong><\/span><\/p>\n<p>&nbsp;<\/p>\n<p>[\/et_pb_blurb][\/et_pb_column][et_pb_column type=&#8220;1_3&#8243; _builder_version=&#8220;4.15&#8243; custom_padding=&#8220;|||&#8220; global_colors_info=&#8220;{}&#8220; custom_padding__hover=&#8220;|||&#8220;][et_pb_blurb title=&#8220;Steilsprung Schmetterling&#8220; image=&#8220;https:\/\/heritage-products.nl\/wp-content\/uploads\/2021\/11\/DSC1178-scaled.jpg&#8220; image_icon_width=&#8220;none&#8220; admin_label=&#8220;Blurb&#8220; _builder_version=&#8220;4.15&#8243; background_size=&#8220;initial&#8220; background_position=&#8220;top_left&#8220; background_repeat=&#8220;repeat&#8220; use_border_color=&#8220;off&#8220; border_color=&#8220;#ffffff&#8220; border_style=&#8220;solid&#8220; image_max_width=&#8220;none&#8220; global_colors_info=&#8220;{}&#8220;]<\/p>\n<p>Steilsprung mit 2 Schmetterling Fangst\u00e4nder von 180cm hoch und 60cm weit. Dabei 4 dreifarbige stangen von 3 Meter.<\/p>\n<p><span style=\"color: #333333;\"><strong>\u20ac 655,80 ohne MwSt.\u00a0<\/strong><\/span><\/p>\n<p>&nbsp;<\/p>\n<p>[\/et_pb_blurb][\/et_pb_column][et_pb_column type=&#8220;1_3&#8243; _builder_version=&#8220;4.15&#8243; custom_padding=&#8220;|||&#8220; global_colors_info=&#8220;{}&#8220; custom_padding__hover=&#8220;|||&#8220;][et_pb_blurb title=&#8220;Oxer Geometric mit gatter&#8220; image=&#8220;https:\/\/heritage-products.nl\/wp-content\/uploads\/2021\/11\/DSC1176-scaled.jpg&#8220; image_icon_width=&#8220;none&#8220; admin_label=&#8220;Blurb&#8220; _builder_version=&#8220;4.15&#8243; background_size=&#8220;initial&#8220; background_position=&#8220;top_left&#8220; background_repeat=&#8220;repeat&#8220; use_border_color=&#8220;off&#8220; border_color=&#8220;#ffffff&#8220; border_style=&#8220;solid&#8220; image_max_width=&#8220;none&#8220; global_colors_info=&#8220;{}&#8220;]<\/p>\n<p>Oxer mit 4 Geometric Fangst\u00e4nder von 180cm hoch und 60 cm weit. Dabei 4 zweifarbige stangen und ein gatter.\u00a0<\/p>\n<p><span style=\"color: #333333;\"><strong>\u20ac 1.265,67 ohne MwSt.\u00a0<\/strong><\/span><\/p>\n<p>&nbsp;<\/p>\n<p>[\/et_pb_blurb][\/et_pb_column][\/et_pb_row][et_pb_row column_structure=&#8220;1_3,1_3,1_3&#8243; admin_label=&#8220;Row&#8220; _builder_version=&#8220;4.15&#8243; background_size=&#8220;initial&#8220; background_position=&#8220;top_left&#8220; background_repeat=&#8220;repeat&#8220; global_colors_info=&#8220;{}&#8220;][et_pb_column type=&#8220;1_3&#8243; _builder_version=&#8220;4.15&#8243; custom_padding=&#8220;|||&#8220; global_colors_info=&#8220;{}&#8220; custom_padding__hover=&#8220;|||&#8220;][et_pb_blurb title=&#8220;Oxer S-curve mit kleine Untersteller&#8220; image=&#8220;https:\/\/heritage-products.nl\/wp-content\/uploads\/2021\/11\/DSC1161-1-scaled.jpg&#8220; image_icon_width=&#8220;none&#8220; admin_label=&#8220;Blurb&#8220; _builder_version=&#8220;4.15&#8243; background_size=&#8220;initial&#8220; background_position=&#8220;top_left&#8220; background_repeat=&#8220;repeat&#8220; use_border_color=&#8220;off&#8220; border_color=&#8220;#ffffff&#8220; border_style=&#8220;solid&#8220; image_max_width=&#8220;none&#8220; global_colors_info=&#8220;{}&#8220;]<\/p>\n<p>Oxer mit 4 S-curve fangst\u00e4nder von 180cm hoch und 60cm weit. Dabei 4 zweifarbige stangen und 2 kleine Unstersteller von 70cm weit.\u00a0<\/p>\n<p><span style=\"color: #333333;\"><strong>\u20ac 1.315,67 ohne MwSt.\u00a0<\/strong><\/span><\/p>\n<p>&nbsp;<\/p>\n<p>[\/et_pb_blurb][\/et_pb_column][et_pb_column type=&#8220;1_3&#8243; _builder_version=&#8220;4.15&#8243; custom_padding=&#8220;|||&#8220; global_colors_info=&#8220;{}&#8220; custom_padding__hover=&#8220;|||&#8220;][et_pb_blurb title=&#8220;Steilsprung Swirl klein&#8220; image=&#8220;https:\/\/heritage-products.nl\/wp-content\/uploads\/2022\/03\/Outlet-hindernis-141-1.jpg&#8220; image_icon_width=&#8220;none&#8220; admin_label=&#8220;Blurb&#8220; _builder_version=&#8220;4.15.0&#8243; background_size=&#8220;initial&#8220; background_position=&#8220;top_left&#8220; background_repeat=&#8220;repeat&#8220; use_border_color=&#8220;off&#8220; border_color=&#8220;#ffffff&#8220; border_style=&#8220;solid&#8220; image_max_width=&#8220;none&#8220; global_colors_info=&#8220;{}&#8220;]<\/p>\n<p>Steilsprung mit 2 kleine Swirl fangst\u00e4nder von 150cm hoch und 50cm weit. Dabei 5 dreifarbige stangen von 3 Meter.<\/p>\n<p><span><strong>\u20ac 507,25 ohne MwSt.<\/strong><\/span><\/p>\n<p>&nbsp;<\/p>\n<p>[\/et_pb_blurb][\/et_pb_column][et_pb_column type=&#8220;1_3&#8243; _builder_version=&#8220;4.15&#8243; custom_padding=&#8220;|||&#8220; global_colors_info=&#8220;{}&#8220; custom_padding__hover=&#8220;|||&#8220;][\/et_pb_column][\/et_pb_row][\/et_pb_section]<\/p>\n","protected":false},"excerpt":{"rendered":"<p>Komplette Hindernisse Wir bieten Ihnen die M\u00f6glichkeit, aus einer Reihe von vorgefertigten kompletten Hindernisse auszuw\u00e4hlen. Alle Hindernisse sind in den Farben wei\u00df \u2013 schwarz \u2013 rot \u2013 blau \u2013 gelb \u2013 gr\u00fcn erh\u00e4ltlich. Standardm\u00e4\u00dfig haben die Hindernisstangen und Planke eib weite von 3 Meter. Die verschiedenen Optionen erm\u00f6glichen es, einen kompletten und abwechslungsreichen Kurs zusammenzustellen. [&hellip;]<\/p>\n","protected":false},"author":2,"featured_media":0,"parent":904,"menu_order":0,"comment_status":"closed","ping_status":"closed","template":"","meta":{"_acf_changed":false,"_et_pb_use_builder":"on","_et_pb_old_content":"","_et_gb_content_width":"","footnotes":""},"class_list":["post-912","page","type-page","status-publish","hentry"],"acf":[],"yoast_head":"<!-- This site is optimized with the Yoast SEO plugin v26.4 - https:\/\/yoast.com\/wordpress\/plugins\/seo\/ -->\n<title>Komplette Hindernisse - Heritage Products<\/title>\n<meta name=\"robots\" content=\"index, follow, max-snippet:-1, max-image-preview:large, max-video-preview:-1\" \/>\n<link rel=\"canonical\" href=\"https:\/\/heritage-products.nl\/de\/hindernissen\/komplette-hindernisse.html\" \/>\n<meta property=\"og:locale\" content=\"de_DE\" \/>\n<meta property=\"og:type\" content=\"article\" \/>\n<meta property=\"og:title\" content=\"Komplette Hindernisse - Heritage Products\" \/>\n<meta property=\"og:description\" content=\"Komplette Hindernisse Wir bieten Ihnen die M\u00f6glichkeit, aus einer Reihe von vorgefertigten kompletten Hindernisse auszuw\u00e4hlen. Alle Hindernisse sind in den Farben wei\u00df \u2013 schwarz \u2013 rot \u2013 blau \u2013 gelb \u2013 gr\u00fcn erh\u00e4ltlich. Standardm\u00e4\u00dfig haben die Hindernisstangen und Planke eib weite von 3 Meter. Die verschiedenen Optionen erm\u00f6glichen es, einen kompletten und abwechslungsreichen Kurs zusammenzustellen. [&hellip;]\" \/>\n<meta property=\"og:url\" content=\"https:\/\/heritage-products.nl\/de\/hindernissen\/komplette-hindernisse.html\" \/>\n<meta property=\"og:site_name\" content=\"Heritage Products\" \/>\n<meta property=\"article:modified_time\" content=\"2023-05-05T13:56:30+00:00\" \/>\n<meta name=\"twitter:card\" content=\"summary_large_image\" \/>\n<meta name=\"twitter:label1\" content=\"Est. reading time\" \/>\n\t<meta name=\"twitter:data1\" content=\"5 Minuten\" \/>\n<script type=\"application\/ld+json\" class=\"yoast-schema-graph\">{\"@context\":\"https:\/\/schema.org\",\"@graph\":[{\"@type\":\"WebPage\",\"@id\":\"https:\/\/heritage-products.nl\/de\/hindernissen\/komplette-hindernisse.html\",\"url\":\"https:\/\/heritage-products.nl\/de\/hindernissen\/komplette-hindernisse.html\",\"name\":\"Komplette Hindernisse - Heritage Products\",\"isPartOf\":{\"@id\":\"https:\/\/heritage-products.nl\/#website\"},\"datePublished\":\"2015-10-30T09:01:34+00:00\",\"dateModified\":\"2023-05-05T13:56:30+00:00\",\"breadcrumb\":{\"@id\":\"https:\/\/heritage-products.nl\/de\/hindernissen\/komplette-hindernisse.html#breadcrumb\"},\"inLanguage\":\"de-DE\",\"potentialAction\":[{\"@type\":\"ReadAction\",\"target\":[\"https:\/\/heritage-products.nl\/de\/hindernissen\/komplette-hindernisse.html\"]}]},{\"@type\":\"BreadcrumbList\",\"@id\":\"https:\/\/heritage-products.nl\/de\/hindernissen\/komplette-hindernisse.html#breadcrumb\",\"itemListElement\":[{\"@type\":\"ListItem\",\"position\":1,\"name\":\"Home\",\"item\":\"https:\/\/heritage-products.nl\/de\"},{\"@type\":\"ListItem\",\"position\":2,\"name\":\"Hindernisse\",\"item\":\"https:\/\/heritage-products.nl\/de\/hindernissen.html\"},{\"@type\":\"ListItem\",\"position\":3,\"name\":\"Komplette Hindernisse\"}]},{\"@type\":\"WebSite\",\"@id\":\"https:\/\/heritage-products.nl\/#website\",\"url\":\"https:\/\/heritage-products.nl\/\",\"name\":\"Heritage Products\",\"description\":\"\",\"potentialAction\":[{\"@type\":\"SearchAction\",\"target\":{\"@type\":\"EntryPoint\",\"urlTemplate\":\"https:\/\/heritage-products.nl\/?s={search_term_string}\"},\"query-input\":{\"@type\":\"PropertyValueSpecification\",\"valueRequired\":true,\"valueName\":\"search_term_string\"}}],\"inLanguage\":\"de-DE\"}]}<\/script>\n<!-- \/ Yoast SEO plugin. -->","yoast_head_json":{"title":"Komplette Hindernisse - Heritage Products","robots":{"index":"index","follow":"follow","max-snippet":"max-snippet:-1","max-image-preview":"max-image-preview:large","max-video-preview":"max-video-preview:-1"},"canonical":"https:\/\/heritage-products.nl\/de\/hindernissen\/komplette-hindernisse.html","og_locale":"de_DE","og_type":"article","og_title":"Komplette Hindernisse - Heritage Products","og_description":"Komplette Hindernisse Wir bieten Ihnen die M\u00f6glichkeit, aus einer Reihe von vorgefertigten kompletten Hindernisse auszuw\u00e4hlen. Alle Hindernisse sind in den Farben wei\u00df \u2013 schwarz \u2013 rot \u2013 blau \u2013 gelb \u2013 gr\u00fcn erh\u00e4ltlich. Standardm\u00e4\u00dfig haben die Hindernisstangen und Planke eib weite von 3 Meter. Die verschiedenen Optionen erm\u00f6glichen es, einen kompletten und abwechslungsreichen Kurs zusammenzustellen. [&hellip;]","og_url":"https:\/\/heritage-products.nl\/de\/hindernissen\/komplette-hindernisse.html","og_site_name":"Heritage Products","article_modified_time":"2023-05-05T13:56:30+00:00","twitter_card":"summary_large_image","twitter_misc":{"Est. reading time":"5 Minuten"},"schema":{"@context":"https:\/\/schema.org","@graph":[{"@type":"WebPage","@id":"https:\/\/heritage-products.nl\/de\/hindernissen\/komplette-hindernisse.html","url":"https:\/\/heritage-products.nl\/de\/hindernissen\/komplette-hindernisse.html","name":"Komplette Hindernisse - Heritage Products","isPartOf":{"@id":"https:\/\/heritage-products.nl\/#website"},"datePublished":"2015-10-30T09:01:34+00:00","dateModified":"2023-05-05T13:56:30+00:00","breadcrumb":{"@id":"https:\/\/heritage-products.nl\/de\/hindernissen\/komplette-hindernisse.html#breadcrumb"},"inLanguage":"de-DE","potentialAction":[{"@type":"ReadAction","target":["https:\/\/heritage-products.nl\/de\/hindernissen\/komplette-hindernisse.html"]}]},{"@type":"BreadcrumbList","@id":"https:\/\/heritage-products.nl\/de\/hindernissen\/komplette-hindernisse.html#breadcrumb","itemListElement":[{"@type":"ListItem","position":1,"name":"Home","item":"https:\/\/heritage-products.nl\/de"},{"@type":"ListItem","position":2,"name":"Hindernisse","item":"https:\/\/heritage-products.nl\/de\/hindernissen.html"},{"@type":"ListItem","position":3,"name":"Komplette Hindernisse"}]},{"@type":"WebSite","@id":"https:\/\/heritage-products.nl\/#website","url":"https:\/\/heritage-products.nl\/","name":"Heritage Products","description":"","potentialAction":[{"@type":"SearchAction","target":{"@type":"EntryPoint","urlTemplate":"https:\/\/heritage-products.nl\/?s={search_term_string}"},"query-input":{"@type":"PropertyValueSpecification","valueRequired":true,"valueName":"search_term_string"}}],"inLanguage":"de-DE"}]}},"_links":{"self":[{"href":"https:\/\/heritage-products.nl\/de\/wp-json\/wp\/v2\/pages\/912","targetHints":{"allow":["GET"]}}],"collection":[{"href":"https:\/\/heritage-products.nl\/de\/wp-json\/wp\/v2\/pages"}],"about":[{"href":"https:\/\/heritage-products.nl\/de\/wp-json\/wp\/v2\/types\/page"}],"author":[{"embeddable":true,"href":"https:\/\/heritage-products.nl\/de\/wp-json\/wp\/v2\/users\/2"}],"replies":[{"embeddable":true,"href":"https:\/\/heritage-products.nl\/de\/wp-json\/wp\/v2\/comments?post=912"}],"version-history":[{"count":20,"href":"https:\/\/heritage-products.nl\/de\/wp-json\/wp\/v2\/pages\/912\/revisions"}],"predecessor-version":[{"id":4994,"href":"https:\/\/heritage-products.nl\/de\/wp-json\/wp\/v2\/pages\/912\/revisions\/4994"}],"up":[{"embeddable":true,"href":"https:\/\/heritage-products.nl\/de\/wp-json\/wp\/v2\/pages\/904"}],"wp:attachment":[{"href":"https:\/\/heritage-products.nl\/de\/wp-json\/wp\/v2\/media?parent=912"}],"curies":[{"name":"wp","href":"https:\/\/api.w.org\/{rel}","templated":true}]}}