{"id":924,"date":"2015-09-22T08:53:46","date_gmt":"2015-09-22T08:53:46","guid":{"rendered":"https:\/\/heritage-products.nl\/hindernissen\/staanders-en-aanleunhekken\/?lang=de"},"modified":"2026-01-06T08:57:40","modified_gmt":"2026-01-06T08:57:40","slug":"stander","status":"publish","type":"page","link":"https:\/\/heritage-products.nl\/de\/hindernissen\/stander.html","title":{"rendered":"St\u00e4nder"},"content":{"rendered":"<p>[et_pb_section fb_built=&#8220;1&#8243; admin_label=&#8220;section&#8220; _builder_version=&#8220;4.16&#8243; custom_padding=&#8220;|||0px||&#8220; global_colors_info=&#8220;{}&#8220;][et_pb_row _builder_version=&#8220;4.16&#8243; _module_preset=&#8220;default&#8220; global_colors_info=&#8220;{}&#8220;][et_pb_column type=&#8220;4_4&#8243; _builder_version=&#8220;4.16&#8243; _module_preset=&#8220;default&#8220; global_colors_info=&#8220;{}&#8220;][et_pb_text _builder_version=&#8220;4.16&#8243; _module_preset=&#8220;default&#8220; global_colors_info=&#8220;{}&#8220;]<\/p>\n<h3>St\u00e4nder<\/h3>\n<p>Wenn Sie einen abwechslungsreichen Parcours zusammenstellen m\u00f6chten, sind verschiedene Hindernisst\u00e4nder un filler unverzichtbar.<\/p>\n<p>Deshalb bieten wir Ihnen verschiedene M\u00f6glichkeiten, Ihr Hindernis zu vervollst\u00e4ndigen.<\/p>\n<p>Die Hindernispfosten und Fangst\u00e4nder sind in den Farben: Wei\u00df \u2013 Rot \u2013 Gelb \u2013 Blau \u2013 Gr\u00fcn \u2013 Schwarz erh\u00e4ltlich.<\/p>\n<p>Alle unsere St\u00e4nder sind mit flachen Kunststofff\u00fc\u00dfen ausgestattet. Diese sorgen daf\u00fcr, dass die Gel\u00e4nder sehr stabil und sicher sind. F\u00fcr den kompakten Transport oder die Lagerung lassen sich die Kunststofff\u00fc\u00dfe einfach demontieren.<\/p>\n<p>[\/et_pb_text][\/et_pb_column][\/et_pb_row][et_pb_row column_structure=&#8220;1_3,1_3,1_3&#8243; admin_label=&#8220;row&#8220; _builder_version=&#8220;4.16&#8243; background_size=&#8220;initial&#8220; background_position=&#8220;top_left&#8220; background_repeat=&#8220;repeat&#8220; global_colors_info=&#8220;{}&#8220;][et_pb_column type=&#8220;1_3&#8243; _builder_version=&#8220;4.16&#8243; custom_padding=&#8220;|||&#8220; global_colors_info=&#8220;{}&#8220; custom_padding__hover=&#8220;|||&#8220;][et_pb_blurb title=&#8220;1,5m h\u00f6he St\u00e4nder&#8220; image=&#8220;https:\/\/heritage-products.nl\/wp-content\/uploads\/2022\/04\/Crop-1383-1.jpg&#8220; image_icon_width=&#8220;none&#8220; admin_label=&#8220;Blurb&#8220; _builder_version=&#8220;4.27.0&#8243; background_size=&#8220;initial&#8220; background_position=&#8220;top_left&#8220; background_repeat=&#8220;repeat&#8220; hover_enabled=&#8220;0&#8243; use_border_color=&#8220;off&#8220; border_color=&#8220;#ffffff&#8220; border_style=&#8220;solid&#8220; image_max_width=&#8220;none&#8220; global_colors_info=&#8220;{}&#8220; sticky_enabled=&#8220;0&#8243;]<\/p>\n<p>Lieferbar in Weiss \u2013 Schwarz \u2013 Rot \u2013 Blau \u2013 Gelb \u2013 Gr\u00fcn. Die St\u00e4nder haben die orginale Heritage Products Kunststoff Kreuzfussen. Diese sind Sehr stark und Sicher.\u00a0 Die St\u00e4nder haben eine standard Lochprofiel.<\/p>\n<p><strong>\u20ac 95,00 ohne MwSt.<\/strong><\/p>\n<p>[\/et_pb_blurb][\/et_pb_column][et_pb_column type=&#8220;1_3&#8243; _builder_version=&#8220;4.16&#8243; custom_padding=&#8220;|||&#8220; global_colors_info=&#8220;{}&#8220; custom_padding__hover=&#8220;|||&#8220;][et_pb_blurb title=&#8220;St\u00e4nder Premium&#8220; image=&#8220;https:\/\/heritage-products.nl\/wp-content\/uploads\/2022\/04\/Crop-1381.jpg&#8220; image_icon_width=&#8220;none&#8220; admin_label=&#8220;Blurb&#8220; _builder_version=&#8220;4.27.0&#8243; background_size=&#8220;initial&#8220; background_position=&#8220;top_left&#8220; background_repeat=&#8220;repeat&#8220; hover_enabled=&#8220;0&#8243; use_border_color=&#8220;off&#8220; border_color=&#8220;#ffffff&#8220; border_style=&#8220;solid&#8220; image_max_width=&#8220;none&#8220; global_colors_info=&#8220;{}&#8220; sticky_enabled=&#8220;0&#8243;]<\/p>\n<p>Die St\u00e4nder haben die orginale Heritage Products Kunststoff Kreuzfussen.<\/p>\n<p>Unsere St\u00e4nder bestehen aus PCV-Rahmen mit vollfarbigen HDPE-Kunststoffplatten.<\/p>\n<p><strong>\u20ac 135,- Ohne MwSt.<\/strong><\/p>\n<p>[\/et_pb_blurb][\/et_pb_column][et_pb_column type=&#8220;1_3&#8243; _builder_version=&#8220;4.16&#8243; custom_padding=&#8220;|||&#8220; global_colors_info=&#8220;{}&#8220; custom_padding__hover=&#8220;|||&#8220;][et_pb_blurb title=&#8220;Fangst\u00e4nder&#8220; image=&#8220;https:\/\/heritage-products.nl\/wp-content\/uploads\/2022\/04\/Crop-1371.jpg&#8220; image_icon_width=&#8220;none&#8220; admin_label=&#8220;Blurb&#8220; _builder_version=&#8220;4.27.0&#8243; background_size=&#8220;initial&#8220; background_position=&#8220;top_left&#8220; background_repeat=&#8220;repeat&#8220; hover_enabled=&#8220;0&#8243; use_border_color=&#8220;off&#8220; border_color=&#8220;#ffffff&#8220; border_style=&#8220;solid&#8220; image_max_width=&#8220;none&#8220; global_colors_info=&#8220;{}&#8220; sticky_enabled=&#8220;0&#8243;]<\/p>\n<p>Die Fangst\u00e4nder haben die orginale Heritage Products Kunststoff Fussen. Diese sind Sehr stark und Sicher. Die Fangst\u00e4nder haben eine standard Lochprofiel und die 50cm Breite Fangst\u00e4nder hatt 2 verticale Latten.<\/p>\n<p><strong>\u20ac 170,- Ohne MwSt.<\/strong><\/p>\n<p>[\/et_pb_blurb][\/et_pb_column][\/et_pb_row][et_pb_row column_structure=&#8220;1_3,1_3,1_3&#8243; admin_label=&#8220;row&#8220; _builder_version=&#8220;4.16&#8243; background_size=&#8220;initial&#8220; background_position=&#8220;top_left&#8220; background_repeat=&#8220;repeat&#8220; global_colors_info=&#8220;{}&#8220;][et_pb_column type=&#8220;1_3&#8243; _builder_version=&#8220;4.16&#8243; custom_padding=&#8220;|||&#8220; global_colors_info=&#8220;{}&#8220; custom_padding__hover=&#8220;|||&#8220;][et_pb_blurb title=&#8220;Premium Fangst\u00e4nder mit Platten und Latten&#8220; image=&#8220;https:\/\/heritage-products.nl\/wp-content\/uploads\/2022\/04\/Crop-1373.jpg&#8220; image_icon_width=&#8220;none&#8220; admin_label=&#8220;Blurb&#8220; _builder_version=&#8220;4.27.0&#8243; background_size=&#8220;initial&#8220; background_position=&#8220;top_left&#8220; background_repeat=&#8220;repeat&#8220; hover_enabled=&#8220;0&#8243; use_border_color=&#8220;off&#8220; border_color=&#8220;#ffffff&#8220; border_style=&#8220;solid&#8220; image_max_width=&#8220;none&#8220; global_colors_info=&#8220;{}&#8220; sticky_enabled=&#8220;0&#8243;]<\/p>\n<p>Die Fangst\u00e4nder haben die orginale Heritage Products Kunststoff Fussen. Diese sind Sehr stark und Sicher. Die Fangst\u00e4nder haben eine standard Lochprofiel und ist 50cm Breit und 155 cm Hoch.<\/p>\n<p><strong>\u20ac 190,- ohne MwSt.<\/strong><\/p>\n<p>[\/et_pb_blurb][\/et_pb_column][et_pb_column type=&#8220;1_3&#8243; _builder_version=&#8220;4.16&#8243; custom_padding=&#8220;|||&#8220; global_colors_info=&#8220;{}&#8220; custom_padding__hover=&#8220;|||&#8220;][et_pb_blurb title=&#8220;Turnier Fangst\u00e4nder 150cm&#8220; image=&#8220;https:\/\/heritage-products.nl\/wp-content\/uploads\/2022\/04\/Crop-1369.jpg&#8220; image_icon_width=&#8220;none&#8220; admin_label=&#8220;Blurb&#8220; _builder_version=&#8220;4.27.0&#8243; background_size=&#8220;initial&#8220; background_position=&#8220;top_left&#8220; background_repeat=&#8220;repeat&#8220; hover_enabled=&#8220;0&#8243; use_border_color=&#8220;off&#8220; border_color=&#8220;#ffffff&#8220; border_style=&#8220;solid&#8220; image_max_width=&#8220;none&#8220; global_colors_info=&#8220;{}&#8220; sticky_enabled=&#8220;0&#8243;]<\/p>\n<p>L-f\u00f6rmigen PCV-Rahmen mit vollfarbigen HDPE-Kunststoffplatten. Die Farbe der Platten kann separat vom Rahmen gew\u00e4hlt werden. 50cm Breit.<\/p>\n<p><strong>\u20ac 190,- ohne MwSt.\u00a0<\/strong><\/p>\n<p>&nbsp;<\/p>\n<p>[\/et_pb_blurb][\/et_pb_column][et_pb_column type=&#8220;1_3&#8243; _builder_version=&#8220;4.16&#8243; custom_padding=&#8220;|||&#8220; global_colors_info=&#8220;{}&#8220; custom_padding__hover=&#8220;|||&#8220;][et_pb_blurb title=&#8220;Turnier Fangst\u00e4nder 180cm&#8220; image=&#8220;https:\/\/heritage-products.nl\/wp-content\/uploads\/2022\/04\/Crop-1378.jpg&#8220; image_icon_width=&#8220;none&#8220; admin_label=&#8220;Blurb&#8220; _builder_version=&#8220;4.27.0&#8243; background_size=&#8220;initial&#8220; background_position=&#8220;top_left&#8220; background_repeat=&#8220;repeat&#8220; hover_enabled=&#8220;0&#8243; use_border_color=&#8220;off&#8220; border_color=&#8220;#ffffff&#8220; border_style=&#8220;solid&#8220; image_max_width=&#8220;none&#8220; global_colors_info=&#8220;{}&#8220; sticky_enabled=&#8220;0&#8243;]<\/p>\n<p>L-f\u00f6rmigen PCV-Rahmen mit vollfarbigen HDPE-Kunststoffplatten. Die Farbe der Platten kann separat vom Rahmen gew\u00e4hlt werden. 50cm Breit.<\/p>\n<p><strong>\u20ac 230,- ohne MwSt.\u00a0<\/strong><\/p>\n<p>[\/et_pb_blurb][\/et_pb_column][\/et_pb_row][et_pb_row _builder_version=&#8220;4.16&#8243; _module_preset=&#8220;default&#8220; custom_padding=&#8220;0px||0px||false|false&#8220; global_colors_info=&#8220;{}&#8220;][et_pb_column type=&#8220;4_4&#8243; _builder_version=&#8220;4.16&#8243; _module_preset=&#8220;default&#8220; global_colors_info=&#8220;{}&#8220;][et_pb_image src=&#8220;https:\/\/heritage-products.nl\/wp-content\/uploads\/2021\/11\/Overzicht-designs.jpg&#8220; title_text=&#8220;Overzicht designs&#8220; _builder_version=&#8220;4.16&#8243; _module_preset=&#8220;default&#8220; global_colors_info=&#8220;{}&#8220;][\/et_pb_image][\/et_pb_column][\/et_pb_row][et_pb_row _builder_version=&#8220;4.16&#8243; _module_preset=&#8220;default&#8220; min_height=&#8220;243.8px&#8220; global_colors_info=&#8220;{}&#8220;][et_pb_column type=&#8220;4_4&#8243; _builder_version=&#8220;4.16&#8243; _module_preset=&#8220;default&#8220; global_colors_info=&#8220;{}&#8220;][et_pb_text _builder_version=&#8220;4.27.0&#8243; _module_preset=&#8220;default&#8220; hover_enabled=&#8220;0&#8243; global_colors_info=&#8220;{}&#8220; sticky_enabled=&#8220;0&#8243;]<\/p>\n<h4>Turnier Fangst\u00e4nder<\/h4>\n<p>Unsere neuesten Fangst\u00e4nder bestehen aus einem L-f\u00f6rmigen PCV-Rahmen mit vollfarbigen HDPE-Kunststoffplatten.<\/p>\n<p>Designs von links nach rechts: Sail \u2013 S-curve \u2013 Hundepfote \u2013 Geometrisch \u2013 Swirl \u2013 B-Design \u2013 Schmetterling \u2013 Design Dre<\/p>\n<p>Die Fangst\u00e4nder sind erh\u00e4ltlich in zwei verschiedenen Gr\u00f6\u00dfen:<\/p>\n<p>&#8211; 150 cm hoch\u00a0 und 50 cm breit: <strong>\u20ac 190,- ohne MwSt. pro St\u00fcck<br \/><\/strong>&#8211; 180 cm hoch und 60 cm breit: <strong>\u20ac <\/strong><strong>230,-\u00a0 ohne MwSt. pro St\u00fcck<\/strong><\/p>\n<p>Die Farbe der Platten kann separat vom Rahmen gew\u00e4hlt werden.<\/p>\n<p>Die L-Rahmen sind in den Farben erh\u00e4ltlich:<br \/>Rot &#8211; Wei\u00df &#8211; Schwarz &#8211; Gelb &#8211; Blau &#8211; Gr\u00fcn &#8211; Lila<\/p>\n<p>Die Kunststoffplatten sind in folgenden Farben erh\u00e4ltlich:<br \/>Rot &#8211; Schwarz &#8211; Gelb &#8211; Blau &#8211; Gr\u00fcn<\/p>\n<p>[\/et_pb_text][\/et_pb_column][\/et_pb_row][\/et_pb_section]<\/p>\n","protected":false},"excerpt":{"rendered":"<p>St\u00e4nder Wenn Sie einen abwechslungsreichen Parcours zusammenstellen m\u00f6chten, sind verschiedene Hindernisst\u00e4nder un filler unverzichtbar. Deshalb bieten wir Ihnen verschiedene M\u00f6glichkeiten, Ihr Hindernis zu vervollst\u00e4ndigen. Die Hindernispfosten und Fangst\u00e4nder sind in den Farben: Wei\u00df \u2013 Rot \u2013 Gelb \u2013 Blau \u2013 Gr\u00fcn \u2013 Schwarz erh\u00e4ltlich. Alle unsere St\u00e4nder sind mit flachen Kunststofff\u00fc\u00dfen ausgestattet. Diese sorgen daf\u00fcr, [&hellip;]<\/p>\n","protected":false},"author":1,"featured_media":0,"parent":904,"menu_order":0,"comment_status":"closed","ping_status":"closed","template":"","meta":{"_acf_changed":false,"_et_pb_use_builder":"on","_et_pb_old_content":"","_et_gb_content_width":"","footnotes":""},"class_list":["post-924","page","type-page","status-publish","hentry"],"acf":[],"yoast_head":"<!-- This site is optimized with the Yoast SEO plugin v26.4 - https:\/\/yoast.com\/wordpress\/plugins\/seo\/ -->\n<title>St\u00e4nder - Heritage Products<\/title>\n<meta name=\"robots\" content=\"index, follow, max-snippet:-1, max-image-preview:large, max-video-preview:-1\" \/>\n<link rel=\"canonical\" href=\"https:\/\/heritage-products.nl\/de\/hindernissen\/stander.html\" \/>\n<meta property=\"og:locale\" content=\"de_DE\" \/>\n<meta property=\"og:type\" content=\"article\" \/>\n<meta property=\"og:title\" content=\"St\u00e4nder - Heritage Products\" \/>\n<meta property=\"og:description\" content=\"St\u00e4nder Wenn Sie einen abwechslungsreichen Parcours zusammenstellen m\u00f6chten, sind verschiedene Hindernisst\u00e4nder un filler unverzichtbar. Deshalb bieten wir Ihnen verschiedene M\u00f6glichkeiten, Ihr Hindernis zu vervollst\u00e4ndigen. Die Hindernispfosten und Fangst\u00e4nder sind in den Farben: Wei\u00df \u2013 Rot \u2013 Gelb \u2013 Blau \u2013 Gr\u00fcn \u2013 Schwarz erh\u00e4ltlich. Alle unsere St\u00e4nder sind mit flachen Kunststofff\u00fc\u00dfen ausgestattet. Diese sorgen daf\u00fcr, [&hellip;]\" \/>\n<meta property=\"og:url\" content=\"https:\/\/heritage-products.nl\/de\/hindernissen\/stander.html\" \/>\n<meta property=\"og:site_name\" content=\"Heritage Products\" \/>\n<meta property=\"article:modified_time\" content=\"2026-01-06T08:57:40+00:00\" \/>\n<meta name=\"twitter:card\" content=\"summary_large_image\" \/>\n<meta name=\"twitter:label1\" content=\"Est. reading time\" \/>\n\t<meta name=\"twitter:data1\" content=\"3 Minuten\" \/>\n<script type=\"application\/ld+json\" class=\"yoast-schema-graph\">{\"@context\":\"https:\/\/schema.org\",\"@graph\":[{\"@type\":\"WebPage\",\"@id\":\"https:\/\/heritage-products.nl\/de\/hindernissen\/stander.html\",\"url\":\"https:\/\/heritage-products.nl\/de\/hindernissen\/stander.html\",\"name\":\"St\u00e4nder - Heritage Products\",\"isPartOf\":{\"@id\":\"https:\/\/heritage-products.nl\/#website\"},\"datePublished\":\"2015-09-22T08:53:46+00:00\",\"dateModified\":\"2026-01-06T08:57:40+00:00\",\"breadcrumb\":{\"@id\":\"https:\/\/heritage-products.nl\/de\/hindernissen\/stander.html#breadcrumb\"},\"inLanguage\":\"de-DE\",\"potentialAction\":[{\"@type\":\"ReadAction\",\"target\":[\"https:\/\/heritage-products.nl\/de\/hindernissen\/stander.html\"]}]},{\"@type\":\"BreadcrumbList\",\"@id\":\"https:\/\/heritage-products.nl\/de\/hindernissen\/stander.html#breadcrumb\",\"itemListElement\":[{\"@type\":\"ListItem\",\"position\":1,\"name\":\"Home\",\"item\":\"https:\/\/heritage-products.nl\/de\"},{\"@type\":\"ListItem\",\"position\":2,\"name\":\"Hindernisse\",\"item\":\"https:\/\/heritage-products.nl\/de\/hindernissen.html\"},{\"@type\":\"ListItem\",\"position\":3,\"name\":\"St\u00e4nder\"}]},{\"@type\":\"WebSite\",\"@id\":\"https:\/\/heritage-products.nl\/#website\",\"url\":\"https:\/\/heritage-products.nl\/\",\"name\":\"Heritage Products\",\"description\":\"\",\"potentialAction\":[{\"@type\":\"SearchAction\",\"target\":{\"@type\":\"EntryPoint\",\"urlTemplate\":\"https:\/\/heritage-products.nl\/?s={search_term_string}\"},\"query-input\":{\"@type\":\"PropertyValueSpecification\",\"valueRequired\":true,\"valueName\":\"search_term_string\"}}],\"inLanguage\":\"de-DE\"}]}<\/script>\n<!-- \/ Yoast SEO plugin. -->","yoast_head_json":{"title":"St\u00e4nder - Heritage Products","robots":{"index":"index","follow":"follow","max-snippet":"max-snippet:-1","max-image-preview":"max-image-preview:large","max-video-preview":"max-video-preview:-1"},"canonical":"https:\/\/heritage-products.nl\/de\/hindernissen\/stander.html","og_locale":"de_DE","og_type":"article","og_title":"St\u00e4nder - Heritage Products","og_description":"St\u00e4nder Wenn Sie einen abwechslungsreichen Parcours zusammenstellen m\u00f6chten, sind verschiedene Hindernisst\u00e4nder un filler unverzichtbar. Deshalb bieten wir Ihnen verschiedene M\u00f6glichkeiten, Ihr Hindernis zu vervollst\u00e4ndigen. Die Hindernispfosten und Fangst\u00e4nder sind in den Farben: Wei\u00df \u2013 Rot \u2013 Gelb \u2013 Blau \u2013 Gr\u00fcn \u2013 Schwarz erh\u00e4ltlich. Alle unsere St\u00e4nder sind mit flachen Kunststofff\u00fc\u00dfen ausgestattet. Diese sorgen daf\u00fcr, [&hellip;]","og_url":"https:\/\/heritage-products.nl\/de\/hindernissen\/stander.html","og_site_name":"Heritage Products","article_modified_time":"2026-01-06T08:57:40+00:00","twitter_card":"summary_large_image","twitter_misc":{"Est. reading time":"3 Minuten"},"schema":{"@context":"https:\/\/schema.org","@graph":[{"@type":"WebPage","@id":"https:\/\/heritage-products.nl\/de\/hindernissen\/stander.html","url":"https:\/\/heritage-products.nl\/de\/hindernissen\/stander.html","name":"St\u00e4nder - Heritage Products","isPartOf":{"@id":"https:\/\/heritage-products.nl\/#website"},"datePublished":"2015-09-22T08:53:46+00:00","dateModified":"2026-01-06T08:57:40+00:00","breadcrumb":{"@id":"https:\/\/heritage-products.nl\/de\/hindernissen\/stander.html#breadcrumb"},"inLanguage":"de-DE","potentialAction":[{"@type":"ReadAction","target":["https:\/\/heritage-products.nl\/de\/hindernissen\/stander.html"]}]},{"@type":"BreadcrumbList","@id":"https:\/\/heritage-products.nl\/de\/hindernissen\/stander.html#breadcrumb","itemListElement":[{"@type":"ListItem","position":1,"name":"Home","item":"https:\/\/heritage-products.nl\/de"},{"@type":"ListItem","position":2,"name":"Hindernisse","item":"https:\/\/heritage-products.nl\/de\/hindernissen.html"},{"@type":"ListItem","position":3,"name":"St\u00e4nder"}]},{"@type":"WebSite","@id":"https:\/\/heritage-products.nl\/#website","url":"https:\/\/heritage-products.nl\/","name":"Heritage Products","description":"","potentialAction":[{"@type":"SearchAction","target":{"@type":"EntryPoint","urlTemplate":"https:\/\/heritage-products.nl\/?s={search_term_string}"},"query-input":{"@type":"PropertyValueSpecification","valueRequired":true,"valueName":"search_term_string"}}],"inLanguage":"de-DE"}]}},"_links":{"self":[{"href":"https:\/\/heritage-products.nl\/de\/wp-json\/wp\/v2\/pages\/924","targetHints":{"allow":["GET"]}}],"collection":[{"href":"https:\/\/heritage-products.nl\/de\/wp-json\/wp\/v2\/pages"}],"about":[{"href":"https:\/\/heritage-products.nl\/de\/wp-json\/wp\/v2\/types\/page"}],"author":[{"embeddable":true,"href":"https:\/\/heritage-products.nl\/de\/wp-json\/wp\/v2\/users\/1"}],"replies":[{"embeddable":true,"href":"https:\/\/heritage-products.nl\/de\/wp-json\/wp\/v2\/comments?post=924"}],"version-history":[{"count":25,"href":"https:\/\/heritage-products.nl\/de\/wp-json\/wp\/v2\/pages\/924\/revisions"}],"predecessor-version":[{"id":5890,"href":"https:\/\/heritage-products.nl\/de\/wp-json\/wp\/v2\/pages\/924\/revisions\/5890"}],"up":[{"embeddable":true,"href":"https:\/\/heritage-products.nl\/de\/wp-json\/wp\/v2\/pages\/904"}],"wp:attachment":[{"href":"https:\/\/heritage-products.nl\/de\/wp-json\/wp\/v2\/media?parent=924"}],"curies":[{"name":"wp","href":"https:\/\/api.w.org\/{rel}","templated":true}]}}